{"id":336,"date":"2019-04-26T02:44:54","date_gmt":"2019-04-25T23:44:54","guid":{"rendered":"http:\/\/structure.thememove.com\/?page_id=336"},"modified":"2023-05-20T01:46:59","modified_gmt":"2023-05-19T22:46:59","slug":"celik-konstruksiyon-imalat","status":"publish","type":"page","link":"https:\/\/www.rangsteel.com\/de\/stahlbau-herstellung\/","title":{"rendered":"Stahlbau Herstellung"},"content":{"rendered":"<p>[vc_row css=&#8220;.vc_custom_1433557672994{margin-top: 0px !important;margin-bottom: 40px !important;}&#8220;][vc_column][vc_custom_heading text=&#8220;Stahlbau Herstellung&#8220; font_container=&#8220;tag:h1|font_size:20|text_align:left&#8220; use_theme_fonts=&#8220;yes&#8220; el_class=&#8220;heading-title-3&#8243;][vc_column_text]Stahl ist das genaueste Baumaterial f\u00fcr jede Boden- und Erdbebenzone mit seiner Leichtigkeit, hohen Festigkeit und Haltbarkeit, seiner elastischeren Struktur und seinen Duktilit\u00e4tseigenschaften im Vergleich zu Alternativen.<\/p>\n<p>Es minimiert die Bau, Projekt und costing kosten da die herstellung und montagezeiten von stahlbauteilen viel k\u00fcrzer sind. Es hat die M\u00f6glichkeit, in Industriegeb\u00e4uden ohne Tr\u00e4gersystem weite \u00d6ffnungen zu passieren. Dies spart erheblich wirtschaftlichen Gewinn und Zeit.<\/p>\n<p>Die richtigen Vorbereitungen in der Projektphase der Stahlkonstruktion und die f\u00fcr die Stahlkonstruktion verwendeten Rohstoffe gem\u00e4\u00df den Spezifikationen und Normen bieten Vorteile. Die Qualit\u00e4tskontrolle wird in jeder Phase der Herstellung durchgef\u00fchrt.<\/p>\n<p>Alle Elemente und Tr\u00e4gersysteme aus denen die Stahlkonstruktion besteht, werden mit Schrauben hergestellt. Dank der diese Funktion wird der Materialverlust beim Zerlegen, Bewegen, \u00c4ndern, Vergr\u00f6\u00dfern oder Schrumpfen der Stahlkonstruktion minimiert.<\/p>\n<p><strong>F\u00fcr den Bau werden drei Stahlsorten verwendet:<\/strong><\/p>\n<ol>\n<li>Baustahlkonstruktion (schwerer Stahl)<\/li>\n<li>Leichtstahlkonstruktion<\/li>\n<li>Kastenprofilst\u00e4hle<\/li>\n<\/ol>\n<p>[\/vc_column_text][\/vc_column][\/vc_row][vc_row css=&#8220;.vc_custom_1433128678982{margin-bottom: 50px !important;}&#8220;][vc_column width=&#8220;1\/2&#8243;][vc_custom_heading text=&#8220;STAHLBAU PRODUKTION SSTUFEN&#8220; font_container=&#8220;tag:h2|font_size:20|text_align:left&#8220; use_theme_fonts=&#8220;yes&#8220; el_class=&#8220;heading-title-3&#8243;][vc_column_text]<strong>Arbeitsvorbereitung;<\/strong> Die f\u00fcr das Projekt zu produzierenden Produktionen werden dadurch bestimmt, welche Posen auf welchen Stahlbaumaschinen produziert werden.<\/p>\n<p><strong>Blechschnitt;<\/strong> Gem\u00e4\u00df den vorbereiteten Pl\u00e4nen werden die f\u00fcr die Produktion zu verwendenden Platten in einer CNC-Plasmamaschine geschnitten und die Produktion erfolgt pr\u00e4zise und verlustfrei.<\/p>\n<p><strong>Profilverarbeitung;<\/strong> Die Stahlprofile, die f\u00fcr die Herstellung verwendet werden sollen, werden in verschiedenen Maschinen in unserem gro\u00dfen Maschinenpark durch Schneiden und Bohren verarbeitet.<\/p>\n<p><strong>Markierung und Schwei\u00dfen;<\/strong> Stahlstrukturprojekt Detailbilder in den angegebenen geschnittenen und bearbeiteten Teilen der Nummer werden durch R\u00fcckverfolgbarkeit bereitgestellt. Die von der Qualit\u00e4tskontrolle zugelassenen Teile sind mit der technischen Zeichnung verschwei\u00dft.<\/p>\n<p>Vor dem Schwei\u00dfen werden alle zu schwei\u00dfenden Oberfl\u00e4chen durch Drahtb\u00fcrsten, Strahlen von Rost und anderen Fremdk\u00f6rpern befreit. In \u00dcbereinstimmung mit den in der Spezifikation angegebenen Normen und Spezifikationen \u00f6ffnet sich die Schwei\u00dfm\u00fcndung mit einer geeigneten Form.<\/p>\n<p><strong>Sandstrahlen und Malen;<\/strong> Oberfl\u00e4chen, \u00d6l, Schmutz und Rost, die durch Reinigung oder mechanische Reinigung gereinigt werden sollen, werden zum Lackieren vorbereitet. Die Materialien werden auf der Grundlage der gew\u00fcnschten Dickenwerte mit den in der Spezifikation angegebenen Eigenschaften und Farben lackiert.<\/p>\n<p><strong>Korrosionsschutz;<\/strong> Da die Baust\u00e4hle zur Oxidation geeignet sind, m\u00fcssen sie mit speziellen Werkstoffen gesch\u00fctzt werden. Daher wird die Stahloberfl\u00e4che gem\u00e4\u00df den Anforderungen und Standards gereinigt, dann werden Sandstrahl-, chemische Reinigungs-, Lackier- und Verzinkungsmethoden angewendet.[\/vc_column_text][\/vc_column][vc_column width=&#8220;1\/2&#8243;][vc_custom_heading text=&#8220;STAHLBAU HERSTELLUNGS BEREICHE&#8220; font_container=&#8220;tag:h2|font_size:20|text_align:left&#8220; use_theme_fonts=&#8220;yes&#8220; el_class=&#8220;heading-title-3&#8243;][vc_column_text]<\/p>\n<ul>\n<li>Stahlkonstruktion Dach produktionen<\/li>\n<li>Herstellung von Stahlbaulagern<\/li>\n<li>Stahlkonstruktion<\/li>\n<li>Stahlbau villen<\/li>\n<li>Stahlbau fabrik<\/li>\n<li>Verschraubte Stahl produktionen<\/li>\n<li>Stahlbau Hangar Herstellung<\/li>\n<li>Herstellung von Stahlgeb\u00e4uden mit gro\u00dfer Spannweite<\/li>\n<li>Gew\u00f6lbesystem Stahl dach herstellung<\/li>\n<li>Stahlwerk<\/li>\n<li>Industrieanlagen<\/li>\n<li>F\u00f6rderbr\u00fccken<\/li>\n<li>Aufzugst\u00fcrme, Bunker, Zyklon<\/li>\n<li>Getreidespeichersysteme, Silos<\/li>\n<li>Br\u00fccken, Plattformen, Stahlschnittstellen<\/li>\n<li>Tank, Kesselw\u00e4rmetauscher, Staubsammelfilter<\/li>\n<li>CNC-Plasma-Laserschneiden<\/li>\n<li>CNC-Blechschneiddrehung<\/li>\n<\/ul>\n<p>[\/vc_column_text][vc_empty_space height=&#8220;20px&#8220;][vc_images_carousel images=&#8220;75353,75354,75355,75356,75357&#8243; img_size=&#8220;415&#215;277&#8243; onclick=&#8220;link_no&#8220; speed=&#8220;3000&#8243; autoplay=&#8220;yes&#8220; hide_prev_next_buttons=&#8220;yes&#8220; el_class=&#8220;images-carousel-2&#8243;][\/vc_column][\/vc_row][vc_row el_class=&#8220;big-quote-2&#8243; css=&#8220;.vc_custom_1433557680188{margin-bottom: 30px !important;}&#8220;][vc_column][vc_column_text]Detaillierte Informationen zum Stahlkonstruktionsprojekt erhalten Sie in unserem Istanbuler Projektb\u00fcro. Sie k\u00f6nnen um ein Angebot bitten.[\/vc_column_text][\/vc_column][\/vc_row][vc_row background_color=&#8220;#fdc502&#8243; el_class=&#8220;intro5&#8243; css=&#8220;.vc_custom_1460184014227{background-color: #f7b200 !important;}&#8220;][vc_column width=&#8220;3\/4&#8243; css=&#8220;.vc_custom_1460184027524{padding-top: 0px !important;padding-bottom: 0px !important;background-color: #fdc502 !important;}&#8220;][vc_custom_heading text=&#8220;Bitte kontaktieren Sie uns, um weitere Informationen zu erhalten.&#8220; font_container=&#8220;tag:h2|font_size:20|text_align:left|color:%23ffffff&#8220; use_theme_fonts=&#8220;yes&#8220;][\/vc_column][vc_column width=&#8220;1\/4&#8243;][vc_btn title=&#8220;Informationen Anfordern&#8220; style=&#8220;custom&#8220; custom_text=&#8220;#ffffff&#8220; link=&#8220;url:https%3A%2F%2Fwww.rangsteel.com%2Fde%2Fkommunikation%2F|||&#8220;][\/vc_column][\/vc_row]<\/p>","protected":false},"excerpt":{"rendered":"<p>[vc_row css=&#8220;.vc_custom_1433557672994{margin-top: 0px !important;margin-bottom: 40px !important;}&#8220;][vc_column][vc_custom_heading text=&#8220;Stahlbau Herstellung&#8220; font_container=&#8220;tag:h1|font_size:20|text_align:left&#8220; use_theme_fonts=&#8220;yes&#8220; el_class=&#8220;heading-title-3&#8243;][vc_column_text]Stahl ist das genaueste Baumaterial f\u00fcr jede Boden- und Erdbebenzone mit seiner Leichtigkeit, hohen Festigkeit und Haltbarkeit, seiner elastischeren Struktur und seinen Duktilit\u00e4tseigenschaften im Vergleich zu Alternativen. Es minimiert die Bau, Projekt und costing kosten da die herstellung und montagezeiten von stahlbauteilen viel k\u00fcrzer sind. [&hellip;]<\/p>\n","protected":false},"author":3,"featured_media":0,"parent":0,"menu_order":0,"comment_status":"closed","ping_status":"closed","template":"","meta":{"footnotes":""},"class_list":["post-336","page","type-page","status-publish","hentry"],"yoast_head":"<!-- This site is optimized with the Yoast SEO plugin v26.5 - https:\/\/yoast.com\/wordpress\/plugins\/seo\/ -->\n<title>Stahlbau Herstellung - Rang Steel<\/title>\n<meta name=\"robots\" content=\"index, follow, max-snippet:-1, max-image-preview:large, max-video-preview:-1\" \/>\n<link rel=\"canonical\" href=\"https:\/\/www.rangsteel.com\/tr\/celik-konstruksiyon-imalat\/\" \/>\n<meta property=\"og:locale\" content=\"de_DE\" \/>\n<meta property=\"og:type\" content=\"article\" \/>\n<meta property=\"og:title\" content=\"Stahlbau Herstellung - Rang Steel\" \/>\n<meta property=\"og:description\" content=\"[vc_row css=&#8220;.vc_custom_1433557672994{margin-top: 0px !important;margin-bottom: 40px !important;}&#8220;][vc_column][vc_custom_heading text=&#8220;Stahlbau Herstellung&#8220; font_container=&#8220;tag:h1|font_size:20|text_align:left&#8220; use_theme_fonts=&#8220;yes&#8220; el_class=&#8220;heading-title-3&#8243;][vc_column_text]Stahl ist das genaueste Baumaterial f\u00fcr jede Boden- und Erdbebenzone mit seiner Leichtigkeit, hohen Festigkeit und Haltbarkeit, seiner elastischeren Struktur und seinen Duktilit\u00e4tseigenschaften im Vergleich zu Alternativen. Es minimiert die Bau, Projekt und costing kosten da die herstellung und montagezeiten von stahlbauteilen viel k\u00fcrzer sind. [&hellip;]\" \/>\n<meta property=\"og:url\" content=\"https:\/\/www.rangsteel.com\/tr\/celik-konstruksiyon-imalat\/\" \/>\n<meta property=\"og:site_name\" content=\"Rang Steel\" \/>\n<meta property=\"article:modified_time\" content=\"2023-05-19T22:46:59+00:00\" \/>\n<meta name=\"twitter:card\" content=\"summary_large_image\" \/>\n<meta name=\"twitter:label1\" content=\"Gesch\u00e4tzte Lesezeit\" \/>\n\t<meta name=\"twitter:data1\" content=\"4\u00a0Minuten\" \/>\n<script type=\"application\/ld+json\" class=\"yoast-schema-graph\">{\"@context\":\"https:\/\/schema.org\",\"@graph\":[{\"@type\":\"WebPage\",\"@id\":\"https:\/\/www.rangsteel.com\/tr\/celik-konstruksiyon-imalat\/\",\"url\":\"https:\/\/www.rangsteel.com\/tr\/celik-konstruksiyon-imalat\/\",\"name\":\"Stahlbau Herstellung - Rang Steel\",\"isPartOf\":{\"@id\":\"https:\/\/www.rangsteel.com\/tr\/#website\"},\"datePublished\":\"2019-04-25T23:44:54+00:00\",\"dateModified\":\"2023-05-19T22:46:59+00:00\",\"breadcrumb\":{\"@id\":\"https:\/\/www.rangsteel.com\/tr\/celik-konstruksiyon-imalat\/#breadcrumb\"},\"inLanguage\":\"de\",\"potentialAction\":[{\"@type\":\"ReadAction\",\"target\":[\"https:\/\/www.rangsteel.com\/tr\/celik-konstruksiyon-imalat\/\"]}]},{\"@type\":\"BreadcrumbList\",\"@id\":\"https:\/\/www.rangsteel.com\/tr\/celik-konstruksiyon-imalat\/#breadcrumb\",\"itemListElement\":[{\"@type\":\"ListItem\",\"position\":1,\"name\":\"Ana sayfa\",\"item\":\"https:\/\/www.rangsteel.com\/tr\/\"},{\"@type\":\"ListItem\",\"position\":2,\"name\":\"\u00c7elik Konstr\u00fcksiyon \u0130malat\"}]},{\"@type\":\"WebSite\",\"@id\":\"https:\/\/www.rangsteel.com\/tr\/#website\",\"url\":\"https:\/\/www.rangsteel.com\/tr\/\",\"name\":\"Rang Steel\",\"description\":\"(Turkish) \u00c7elik Yap\u0131lar \u0130n\u015fa Eder\",\"publisher\":{\"@id\":\"https:\/\/www.rangsteel.com\/tr\/#organization\"},\"potentialAction\":[{\"@type\":\"SearchAction\",\"target\":{\"@type\":\"EntryPoint\",\"urlTemplate\":\"https:\/\/www.rangsteel.com\/tr\/?s={search_term_string}\"},\"query-input\":{\"@type\":\"PropertyValueSpecification\",\"valueRequired\":true,\"valueName\":\"search_term_string\"}}],\"inLanguage\":\"de\"},{\"@type\":\"Organization\",\"@id\":\"https:\/\/www.rangsteel.com\/tr\/#organization\",\"name\":\"Rang Steel\",\"url\":\"https:\/\/www.rangsteel.com\/tr\/\",\"logo\":{\"@type\":\"ImageObject\",\"inLanguage\":\"de\",\"@id\":\"https:\/\/www.rangsteel.com\/tr\/#\/schema\/logo\/image\/\",\"url\":\"\",\"contentUrl\":\"\",\"caption\":\"Rang Steel\"},\"image\":{\"@id\":\"https:\/\/www.rangsteel.com\/tr\/#\/schema\/logo\/image\/\"}}]}<\/script>\n<!-- \/ Yoast SEO plugin. -->","yoast_head_json":{"title":"Stahlbau Herstellung - Rang Steel","robots":{"index":"index","follow":"follow","max-snippet":"max-snippet:-1","max-image-preview":"max-image-preview:large","max-video-preview":"max-video-preview:-1"},"canonical":"https:\/\/www.rangsteel.com\/tr\/celik-konstruksiyon-imalat\/","og_locale":"de_DE","og_type":"article","og_title":"Stahlbau Herstellung - Rang Steel","og_description":"[vc_row css=&#8220;.vc_custom_1433557672994{margin-top: 0px !important;margin-bottom: 40px !important;}&#8220;][vc_column][vc_custom_heading text=&#8220;Stahlbau Herstellung&#8220; font_container=&#8220;tag:h1|font_size:20|text_align:left&#8220; use_theme_fonts=&#8220;yes&#8220; el_class=&#8220;heading-title-3&#8243;][vc_column_text]Stahl ist das genaueste Baumaterial f\u00fcr jede Boden- und Erdbebenzone mit seiner Leichtigkeit, hohen Festigkeit und Haltbarkeit, seiner elastischeren Struktur und seinen Duktilit\u00e4tseigenschaften im Vergleich zu Alternativen. Es minimiert die Bau, Projekt und costing kosten da die herstellung und montagezeiten von stahlbauteilen viel k\u00fcrzer sind. [&hellip;]","og_url":"https:\/\/www.rangsteel.com\/tr\/celik-konstruksiyon-imalat\/","og_site_name":"Rang Steel","article_modified_time":"2023-05-19T22:46:59+00:00","twitter_card":"summary_large_image","twitter_misc":{"Gesch\u00e4tzte Lesezeit":"4\u00a0Minuten"},"schema":{"@context":"https:\/\/schema.org","@graph":[{"@type":"WebPage","@id":"https:\/\/www.rangsteel.com\/tr\/celik-konstruksiyon-imalat\/","url":"https:\/\/www.rangsteel.com\/tr\/celik-konstruksiyon-imalat\/","name":"Stahlbau Herstellung - Rang Steel","isPartOf":{"@id":"https:\/\/www.rangsteel.com\/tr\/#website"},"datePublished":"2019-04-25T23:44:54+00:00","dateModified":"2023-05-19T22:46:59+00:00","breadcrumb":{"@id":"https:\/\/www.rangsteel.com\/tr\/celik-konstruksiyon-imalat\/#breadcrumb"},"inLanguage":"de","potentialAction":[{"@type":"ReadAction","target":["https:\/\/www.rangsteel.com\/tr\/celik-konstruksiyon-imalat\/"]}]},{"@type":"BreadcrumbList","@id":"https:\/\/www.rangsteel.com\/tr\/celik-konstruksiyon-imalat\/#breadcrumb","itemListElement":[{"@type":"ListItem","position":1,"name":"Ana sayfa","item":"https:\/\/www.rangsteel.com\/tr\/"},{"@type":"ListItem","position":2,"name":"\u00c7elik Konstr\u00fcksiyon \u0130malat"}]},{"@type":"WebSite","@id":"https:\/\/www.rangsteel.com\/tr\/#website","url":"https:\/\/www.rangsteel.com\/tr\/","name":"Rang Steel","description":"(Turkish) \u00c7elik Yap\u0131lar \u0130n\u015fa Eder","publisher":{"@id":"https:\/\/www.rangsteel.com\/tr\/#organization"},"potentialAction":[{"@type":"SearchAction","target":{"@type":"EntryPoint","urlTemplate":"https:\/\/www.rangsteel.com\/tr\/?s={search_term_string}"},"query-input":{"@type":"PropertyValueSpecification","valueRequired":true,"valueName":"search_term_string"}}],"inLanguage":"de"},{"@type":"Organization","@id":"https:\/\/www.rangsteel.com\/tr\/#organization","name":"Rang Steel","url":"https:\/\/www.rangsteel.com\/tr\/","logo":{"@type":"ImageObject","inLanguage":"de","@id":"https:\/\/www.rangsteel.com\/tr\/#\/schema\/logo\/image\/","url":"","contentUrl":"","caption":"Rang Steel"},"image":{"@id":"https:\/\/www.rangsteel.com\/tr\/#\/schema\/logo\/image\/"}}]}},"_links":{"self":[{"href":"https:\/\/www.rangsteel.com\/de\/wp-json\/wp\/v2\/pages\/336","targetHints":{"allow":["GET"]}}],"collection":[{"href":"https:\/\/www.rangsteel.com\/de\/wp-json\/wp\/v2\/pages"}],"about":[{"href":"https:\/\/www.rangsteel.com\/de\/wp-json\/wp\/v2\/types\/page"}],"author":[{"embeddable":true,"href":"https:\/\/www.rangsteel.com\/de\/wp-json\/wp\/v2\/users\/3"}],"replies":[{"embeddable":true,"href":"https:\/\/www.rangsteel.com\/de\/wp-json\/wp\/v2\/comments?post=336"}],"version-history":[{"count":2,"href":"https:\/\/www.rangsteel.com\/de\/wp-json\/wp\/v2\/pages\/336\/revisions"}],"predecessor-version":[{"id":75722,"href":"https:\/\/www.rangsteel.com\/de\/wp-json\/wp\/v2\/pages\/336\/revisions\/75722"}],"wp:attachment":[{"href":"https:\/\/www.rangsteel.com\/de\/wp-json\/wp\/v2\/media?parent=336"}],"curies":[{"name":"wp","href":"https:\/\/api.w.org\/{rel}","templated":true}]}}