{"id":338,"date":"2019-04-25T02:45:13","date_gmt":"2019-04-24T23:45:13","guid":{"rendered":"http:\/\/structure.thememove.com\/?page_id=338"},"modified":"2023-05-20T02:06:29","modified_gmt":"2023-05-19T23:06:29","slug":"celik-konstruksiyon-proje","status":"publish","type":"page","link":"https:\/\/www.rangsteel.com\/de\/stahlbau-projekt\/","title":{"rendered":"Stahlbau Projekt"},"content":{"rendered":"<p>[vc_row css=&#8220;.vc_custom_1433128525365{margin-top: 0px !important;margin-bottom: 40px !important;}&#8220;][vc_column][vc_custom_heading text=&#8220;Stahlbau Projekt&#8220; font_container=&#8220;tag:h1|font_size:20|text_align:left&#8220; use_theme_fonts=&#8220;yes&#8220; el_class=&#8220;heading-title-3&#8243;][vc_column_text]Unsere firma, die stahlbau projekte produziert, liefert statische berechnungen, architektonische und statische projekte, zeichnung und beratungsdienstleistungen f\u00fcr alle arten von bauarbeiten.<\/p>\n<p>Wir bieten schl\u00fcsselfertige stahlkonstruktion dienstleistungen f\u00fcr ihre bau investitionen in den folgenden bereichen.<\/p>\n<ul>\n<li>Industrieanlagen<\/li>\n<li>Logistikanlagen<\/li>\n<li>Verwaltungsgeb\u00e4ude<\/li>\n<li>R &amp; D und Laborgeb\u00e4ude<\/li>\n<li>Schulungseinrichtungen<\/li>\n<li>Einkaufszentren<\/li>\n<li>Gesundheitseinrichtungen<\/li>\n<li>Parkh\u00e4user<\/li>\n<li>Flugzeughangars<\/li>\n<li>Terminalgeb\u00e4ude<\/li>\n<li>Mehrst\u00f6ckige Wohngeb\u00e4ude und Geb\u00e4ude<\/li>\n<li>Moschee, Flughafen, Stadien<\/li>\n<li>Br\u00fccken und anderen Bauwerken<\/li>\n<\/ul>\n<p>Das statische projekt kann als die berechnung aller strukturelemente an dem geb\u00e4ude festgelegt werden. In \u00fcbereinstimmung mit dem architekturprojekt erstellte das statische projekt nach der skala gr\u00f6\u00dfe ist die wichtigste phase in der gestaltung des geb\u00e4udes.<\/p>\n<p>Ein f\u00fcr das architekturprojekt des geb\u00e4udes geeignetes tr\u00e4gersystem wird festgelegt. Als ergebnis der statischen berechnungen wird das am besten geeignete system durch pr\u00fcfung der alternativen entschieden.<\/p>\n<p>Sobald das Tr\u00e4gersystem bestimmt ist, wird eine Strukturanalyse durchgef\u00fchrt. Spezielle Lasten, die sich auf die in der Spezifikation angegebenen Struktur- und Betriebslasten auswirken, werden ebenfalls ber\u00fccksichtigt. Statische Berechnungen werden auch unter Ber\u00fccksichtigung zus\u00e4tzlicher Lasten wie Erdbeben, Schneelasten und Wind durchgef\u00fchrt. Stahlprofile, die am Ende der statischen Berechnung verwendet werden sollen, werden bestimmt. Es wird auch berechnet, wie Bauelemente, Schwei\u00dfen, Bolzen, Schrauben und Nieten kombiniert werden. Statische Zeichnungen sind in Layouts verarbeitet. Allgemeine Ansicht, Plan und Teile der Struktur, die typisch und Detailzeichnungen der gemeinsamen Punkte gezogen. Projektzeichnungen sind bereit f\u00fcr Stahlkonstruktionen. F\u00fcr die Stahlbauproduktion k\u00f6nnen Zeichnungen erstellt werden.[\/vc_column_text][\/vc_column][\/vc_row][vc_row css=&#8220;.vc_custom_1433128537128{margin-bottom: 50px !important;}&#8220;][vc_column width=&#8220;1\/2&#8243;][vc_custom_heading text=&#8220;STAHLPROJEKT&#8220; font_container=&#8220;tag:h2|font_size:20|text_align:left&#8220; use_theme_fonts=&#8220;yes&#8220; el_class=&#8220;heading-title-3&#8243;][vc_column_text]Statische Berechnungen von Stahlprojekten, statische Kontenberichte und Erdbebenberichte werden mit den in den Spezifikationen beschriebenen Berechnungsmethoden und in \u00dcbereinstimmung mit der Eurocode Design Region, den russischen Spezifikationen und den amerikanischen Spezifikationen erstellt.<\/p>\n<p>Unsere Ingenieure und Architekten mit hunderttausenden Quadratmetern Erfahrung in der statischen Berechnung bereiten \u00e4sthetische Projekte vor, indem sie statische und dynamische Analysen von Stahlkonstruktionen durchf\u00fchren.[\/vc_column_text][vc_empty_space height=&#8220;20&#8243;][vc_images_carousel images=&#8220;75258,75263,75261&#8243; img_size=&#8220;415&#215;277&#8243; onclick=&#8220;link_no&#8220; speed=&#8220;3000&#8243; autoplay=&#8220;yes&#8220; hide_prev_next_buttons=&#8220;yes&#8220; el_class=&#8220;images-carousel-2&#8243;][\/vc_column][vc_column width=&#8220;1\/2&#8243;][vc_custom_heading text=&#8220;STAHLSTRUKTUR PROJEKT&#8220; font_container=&#8220;tag:h2|font_size:20|text_align:left&#8220; use_theme_fonts=&#8220;yes&#8220; el_class=&#8220;heading-title-3&#8243;][vc_column_text]Unser Unternehmen, das statische Stahlberechnungen und Stahlprojektzeichnungen erstellt, kann die Projekte der folgenden Strukturen vorbereiten.[\/vc_column_text][vc_empty_space height=&#8220;20&#8243;][vc_column_text]<\/p>\n<ul>\n<li>Stahlbau Projekte Zeichnung<\/li>\n<li>Stahlbau Scheunen projekte<\/li>\n<li>Stahlkonstruktion Projekt zeichnung<\/li>\n<li>Stahlbau dach projekte<\/li>\n<li>Stahlbau haus projekte<\/li>\n<li>Stahlbau Fabrik projekte<\/li>\n<li>Berechnungen des Stahlkonstruktions projekts<\/li>\n<li>Stahlbau produktions projekte<\/li>\n<li>Architektur konstruktionen f\u00fcr Stahlkonstruktionen<\/li>\n<li>Stahlbau Schul projekte<\/li>\n<li>Stahlbau statisches Projekt<\/li>\n<li>Stahlkonstruktion statisches Projekt<\/li>\n<li>Stahlbau Villa Projekte<\/li>\n<li>Stahlbau Kunstrasen Stadion projekt<\/li>\n<li>Stahlbau lager projekte<\/li>\n<li>Stahlbau Hangar Projekte<\/li>\n<\/ul>\n<p>[\/vc_column_text][\/vc_column][\/vc_row][vc_row el_class=&#8220;big-quote-2&#8243;][vc_column][vc_column_text]Detaillierte Informationen zum Stahlkonstruktionsprojekt erhalten Sie in unserem Istanbuler Projektb\u00fcro. Sie k\u00f6nnen um ein Angebot bitten.[\/vc_column_text][vc_empty_space height=&#8220;20&#8243;][\/vc_column][\/vc_row][vc_row background_color=&#8220;#fdc502&#8243; el_class=&#8220;intro5&#8243; css=&#8220;.vc_custom_1460184082268{background-color: #f7b200 !important;}&#8220;][vc_column width=&#8220;3\/4&#8243; css=&#8220;.vc_custom_1460184097377{padding-top: 0px !important;padding-bottom: 0px !important;background-color: #fdc502 !important;}&#8220;][vc_custom_heading text=&#8220;Bitte kontaktieren Sie uns, um weitere Informationen zu erhalten.&#8220; font_container=&#8220;tag:h2|font_size:20|text_align:left|color:%23ffffff&#8220;][\/vc_column][vc_column width=&#8220;1\/4&#8243;][vc_btn title=&#8220;Informationen Anfordern&#8220; style=&#8220;custom&#8220; custom_text=&#8220;#ffffff&#8220; link=&#8220;url:https%3A%2F%2Fwww.rangsteel.com%2Fde%2Fkommunikation%2F|||&#8220;][\/vc_column][\/vc_row]<\/p>","protected":false},"excerpt":{"rendered":"<p>[vc_row css=&#8220;.vc_custom_1433128525365{margin-top: 0px !important;margin-bottom: 40px !important;}&#8220;][vc_column][vc_custom_heading text=&#8220;Stahlbau Projekt&#8220; font_container=&#8220;tag:h1|font_size:20|text_align:left&#8220; use_theme_fonts=&#8220;yes&#8220; el_class=&#8220;heading-title-3&#8243;][vc_column_text]Unsere firma, die stahlbau projekte produziert, liefert statische berechnungen, architektonische und statische projekte, zeichnung und beratungsdienstleistungen f\u00fcr alle arten von bauarbeiten. Wir bieten schl\u00fcsselfertige stahlkonstruktion dienstleistungen f\u00fcr ihre bau investitionen in den folgenden bereichen. Industrieanlagen Logistikanlagen Verwaltungsgeb\u00e4ude R &amp; D und Laborgeb\u00e4ude Schulungseinrichtungen Einkaufszentren Gesundheitseinrichtungen [&hellip;]<\/p>\n","protected":false},"author":3,"featured_media":0,"parent":0,"menu_order":0,"comment_status":"closed","ping_status":"closed","template":"","meta":{"footnotes":""},"class_list":["post-338","page","type-page","status-publish","hentry"],"yoast_head":"<!-- This site is optimized with the Yoast SEO plugin v26.5 - https:\/\/yoast.com\/wordpress\/plugins\/seo\/ -->\n<title>Stahlbau Projekt - Rang Steel<\/title>\n<meta name=\"robots\" content=\"index, follow, max-snippet:-1, max-image-preview:large, max-video-preview:-1\" \/>\n<link rel=\"canonical\" href=\"https:\/\/www.rangsteel.com\/tr\/celik-konstruksiyon-proje\/\" \/>\n<meta property=\"og:locale\" content=\"de_DE\" \/>\n<meta property=\"og:type\" content=\"article\" \/>\n<meta property=\"og:title\" content=\"Stahlbau Projekt - Rang Steel\" \/>\n<meta property=\"og:description\" content=\"[vc_row css=&#8220;.vc_custom_1433128525365{margin-top: 0px !important;margin-bottom: 40px !important;}&#8220;][vc_column][vc_custom_heading text=&#8220;Stahlbau Projekt&#8220; font_container=&#8220;tag:h1|font_size:20|text_align:left&#8220; use_theme_fonts=&#8220;yes&#8220; el_class=&#8220;heading-title-3&#8243;][vc_column_text]Unsere firma, die stahlbau projekte produziert, liefert statische berechnungen, architektonische und statische projekte, zeichnung und beratungsdienstleistungen f\u00fcr alle arten von bauarbeiten. Wir bieten schl\u00fcsselfertige stahlkonstruktion dienstleistungen f\u00fcr ihre bau investitionen in den folgenden bereichen. Industrieanlagen Logistikanlagen Verwaltungsgeb\u00e4ude R &amp; D und Laborgeb\u00e4ude Schulungseinrichtungen Einkaufszentren Gesundheitseinrichtungen [&hellip;]\" \/>\n<meta property=\"og:url\" content=\"https:\/\/www.rangsteel.com\/tr\/celik-konstruksiyon-proje\/\" \/>\n<meta property=\"og:site_name\" content=\"Rang Steel\" \/>\n<meta property=\"article:modified_time\" content=\"2023-05-19T23:06:29+00:00\" \/>\n<meta name=\"twitter:card\" content=\"summary_large_image\" \/>\n<meta name=\"twitter:label1\" content=\"Gesch\u00e4tzte Lesezeit\" \/>\n\t<meta name=\"twitter:data1\" content=\"4\u00a0Minuten\" \/>\n<script type=\"application\/ld+json\" class=\"yoast-schema-graph\">{\"@context\":\"https:\/\/schema.org\",\"@graph\":[{\"@type\":\"WebPage\",\"@id\":\"https:\/\/www.rangsteel.com\/tr\/celik-konstruksiyon-proje\/\",\"url\":\"https:\/\/www.rangsteel.com\/tr\/celik-konstruksiyon-proje\/\",\"name\":\"Stahlbau Projekt - Rang Steel\",\"isPartOf\":{\"@id\":\"https:\/\/www.rangsteel.com\/tr\/#website\"},\"datePublished\":\"2019-04-24T23:45:13+00:00\",\"dateModified\":\"2023-05-19T23:06:29+00:00\",\"breadcrumb\":{\"@id\":\"https:\/\/www.rangsteel.com\/tr\/celik-konstruksiyon-proje\/#breadcrumb\"},\"inLanguage\":\"de\",\"potentialAction\":[{\"@type\":\"ReadAction\",\"target\":[\"https:\/\/www.rangsteel.com\/tr\/celik-konstruksiyon-proje\/\"]}]},{\"@type\":\"BreadcrumbList\",\"@id\":\"https:\/\/www.rangsteel.com\/tr\/celik-konstruksiyon-proje\/#breadcrumb\",\"itemListElement\":[{\"@type\":\"ListItem\",\"position\":1,\"name\":\"Ana sayfa\",\"item\":\"https:\/\/www.rangsteel.com\/tr\/\"},{\"@type\":\"ListItem\",\"position\":2,\"name\":\"\u00c7elik Konstr\u00fcksiyon Proje\"}]},{\"@type\":\"WebSite\",\"@id\":\"https:\/\/www.rangsteel.com\/tr\/#website\",\"url\":\"https:\/\/www.rangsteel.com\/tr\/\",\"name\":\"Rang Steel\",\"description\":\"(Turkish) \u00c7elik Yap\u0131lar \u0130n\u015fa Eder\",\"publisher\":{\"@id\":\"https:\/\/www.rangsteel.com\/tr\/#organization\"},\"potentialAction\":[{\"@type\":\"SearchAction\",\"target\":{\"@type\":\"EntryPoint\",\"urlTemplate\":\"https:\/\/www.rangsteel.com\/tr\/?s={search_term_string}\"},\"query-input\":{\"@type\":\"PropertyValueSpecification\",\"valueRequired\":true,\"valueName\":\"search_term_string\"}}],\"inLanguage\":\"de\"},{\"@type\":\"Organization\",\"@id\":\"https:\/\/www.rangsteel.com\/tr\/#organization\",\"name\":\"Rang Steel\",\"url\":\"https:\/\/www.rangsteel.com\/tr\/\",\"logo\":{\"@type\":\"ImageObject\",\"inLanguage\":\"de\",\"@id\":\"https:\/\/www.rangsteel.com\/tr\/#\/schema\/logo\/image\/\",\"url\":\"\",\"contentUrl\":\"\",\"caption\":\"Rang Steel\"},\"image\":{\"@id\":\"https:\/\/www.rangsteel.com\/tr\/#\/schema\/logo\/image\/\"}}]}<\/script>\n<!-- \/ Yoast SEO plugin. -->","yoast_head_json":{"title":"Stahlbau Projekt - Rang Steel","robots":{"index":"index","follow":"follow","max-snippet":"max-snippet:-1","max-image-preview":"max-image-preview:large","max-video-preview":"max-video-preview:-1"},"canonical":"https:\/\/www.rangsteel.com\/tr\/celik-konstruksiyon-proje\/","og_locale":"de_DE","og_type":"article","og_title":"Stahlbau Projekt - Rang Steel","og_description":"[vc_row css=&#8220;.vc_custom_1433128525365{margin-top: 0px !important;margin-bottom: 40px !important;}&#8220;][vc_column][vc_custom_heading text=&#8220;Stahlbau Projekt&#8220; font_container=&#8220;tag:h1|font_size:20|text_align:left&#8220; use_theme_fonts=&#8220;yes&#8220; el_class=&#8220;heading-title-3&#8243;][vc_column_text]Unsere firma, die stahlbau projekte produziert, liefert statische berechnungen, architektonische und statische projekte, zeichnung und beratungsdienstleistungen f\u00fcr alle arten von bauarbeiten. Wir bieten schl\u00fcsselfertige stahlkonstruktion dienstleistungen f\u00fcr ihre bau investitionen in den folgenden bereichen. Industrieanlagen Logistikanlagen Verwaltungsgeb\u00e4ude R &amp; D und Laborgeb\u00e4ude Schulungseinrichtungen Einkaufszentren Gesundheitseinrichtungen [&hellip;]","og_url":"https:\/\/www.rangsteel.com\/tr\/celik-konstruksiyon-proje\/","og_site_name":"Rang Steel","article_modified_time":"2023-05-19T23:06:29+00:00","twitter_card":"summary_large_image","twitter_misc":{"Gesch\u00e4tzte Lesezeit":"4\u00a0Minuten"},"schema":{"@context":"https:\/\/schema.org","@graph":[{"@type":"WebPage","@id":"https:\/\/www.rangsteel.com\/tr\/celik-konstruksiyon-proje\/","url":"https:\/\/www.rangsteel.com\/tr\/celik-konstruksiyon-proje\/","name":"Stahlbau Projekt - Rang Steel","isPartOf":{"@id":"https:\/\/www.rangsteel.com\/tr\/#website"},"datePublished":"2019-04-24T23:45:13+00:00","dateModified":"2023-05-19T23:06:29+00:00","breadcrumb":{"@id":"https:\/\/www.rangsteel.com\/tr\/celik-konstruksiyon-proje\/#breadcrumb"},"inLanguage":"de","potentialAction":[{"@type":"ReadAction","target":["https:\/\/www.rangsteel.com\/tr\/celik-konstruksiyon-proje\/"]}]},{"@type":"BreadcrumbList","@id":"https:\/\/www.rangsteel.com\/tr\/celik-konstruksiyon-proje\/#breadcrumb","itemListElement":[{"@type":"ListItem","position":1,"name":"Ana sayfa","item":"https:\/\/www.rangsteel.com\/tr\/"},{"@type":"ListItem","position":2,"name":"\u00c7elik Konstr\u00fcksiyon Proje"}]},{"@type":"WebSite","@id":"https:\/\/www.rangsteel.com\/tr\/#website","url":"https:\/\/www.rangsteel.com\/tr\/","name":"Rang Steel","description":"(Turkish) \u00c7elik Yap\u0131lar \u0130n\u015fa Eder","publisher":{"@id":"https:\/\/www.rangsteel.com\/tr\/#organization"},"potentialAction":[{"@type":"SearchAction","target":{"@type":"EntryPoint","urlTemplate":"https:\/\/www.rangsteel.com\/tr\/?s={search_term_string}"},"query-input":{"@type":"PropertyValueSpecification","valueRequired":true,"valueName":"search_term_string"}}],"inLanguage":"de"},{"@type":"Organization","@id":"https:\/\/www.rangsteel.com\/tr\/#organization","name":"Rang Steel","url":"https:\/\/www.rangsteel.com\/tr\/","logo":{"@type":"ImageObject","inLanguage":"de","@id":"https:\/\/www.rangsteel.com\/tr\/#\/schema\/logo\/image\/","url":"","contentUrl":"","caption":"Rang Steel"},"image":{"@id":"https:\/\/www.rangsteel.com\/tr\/#\/schema\/logo\/image\/"}}]}},"_links":{"self":[{"href":"https:\/\/www.rangsteel.com\/de\/wp-json\/wp\/v2\/pages\/338","targetHints":{"allow":["GET"]}}],"collection":[{"href":"https:\/\/www.rangsteel.com\/de\/wp-json\/wp\/v2\/pages"}],"about":[{"href":"https:\/\/www.rangsteel.com\/de\/wp-json\/wp\/v2\/types\/page"}],"author":[{"embeddable":true,"href":"https:\/\/www.rangsteel.com\/de\/wp-json\/wp\/v2\/users\/3"}],"replies":[{"embeddable":true,"href":"https:\/\/www.rangsteel.com\/de\/wp-json\/wp\/v2\/comments?post=338"}],"version-history":[{"count":3,"href":"https:\/\/www.rangsteel.com\/de\/wp-json\/wp\/v2\/pages\/338\/revisions"}],"predecessor-version":[{"id":75725,"href":"https:\/\/www.rangsteel.com\/de\/wp-json\/wp\/v2\/pages\/338\/revisions\/75725"}],"wp:attachment":[{"href":"https:\/\/www.rangsteel.com\/de\/wp-json\/wp\/v2\/media?parent=338"}],"curies":[{"name":"wp","href":"https:\/\/api.w.org\/{rel}","templated":true}]}}