{"id":61,"date":"2019-04-25T04:38:49","date_gmt":"2019-04-25T01:38:49","guid":{"rendered":"http:\/\/structure.thememove.com\/?page_id=61"},"modified":"2023-06-12T12:03:35","modified_gmt":"2023-06-12T09:03:35","slug":"kurumsal","status":"publish","type":"page","link":"https:\/\/www.rangsteel.com\/de\/uber-uns\/","title":{"rendered":"\u00dcber Uns"},"content":{"rendered":"<p>[vc_row css=&#8220;.vc_custom_1433564201242{margin-top: 20px !important;margin-bottom: 70px !important;}&#8220;][vc_column][vc_row_inner css=&#8220;.vc_custom_1433561568541{margin-bottom: 50px !important;}&#8220;][vc_column_inner][vc_single_image image=&#8220;75216&#8243; img_size=&#8220;full&#8220;][\/vc_column_inner][\/vc_row_inner][vc_custom_heading text=&#8220;RANG STEEL COMPANY&#8220; font_container=&#8220;tag:h2|font_size:20|text_align:left|color:%23111111&#8243; use_theme_fonts=&#8220;yes&#8220; el_class=&#8220;heading-title-3&#8243;][vc_column_text]RANG STEEL arbeitet in der Stahlbauindustrie f\u00fcr Stahlbauprojekte, Fertigungs- und Montagearbeiten. Wir haben unsere Arbeit in diesem Bereich im Jahr 2005 begonnen. In den folgenden Jahren; Wir haben unseren Maschinenpark, das technische Personal und die Belegschaft aufgestockt. Auch 2015 haben wir unsere neue Fabrik gegr\u00fcndet.<\/p>\n<p>Wir machen mittelgro\u00dfe, Boutique- und schwierige Projekte in der Stahlindustrie. Nach der statischen Analyse der Projekte unserer Kunden beginnen wir mit der Herstellung und Montage. F\u00fcr uns steht das Engineering im Vordergrund. \u201eDie Arbeit endet am Projekttabelle\u201c bewegt sich nach unserem prinzip. Innerhalb des Arbeitsjahres verarbeiten wir 150 Tonnen Qualit\u00e4ts- und qualifizierten Baustahl pro Monat.<\/p>\n<p>Die Rang Steel Company setzt ihre Gesch\u00e4ftst\u00e4tigkeit in Besiktas Hauptsitz und \u00c7atalca 1000 m2 Werk fort. Wir arbeiten leistungsf\u00e4hig mit erfahrenen Ingenieuren und Architekten in Fabriken und auf Baustellen zusammen.[\/vc_column_text][vc_custom_heading text=&#8220;Unsere Vision&#8220; font_container=&#8220;tag:h2|font_size:20|text_align:left|color:%23111111&#8243; use_theme_fonts=&#8220;yes&#8220; el_class=&#8220;heading-title-3&#8243; css=&#8220;.vc_custom_1582091957116{margin-top: 30px !important;}&#8220;][vc_row_inner el_class=&#8220;align-center .certifications-block&#8220;][vc_column_inner width=&#8220;1\/3&#8243;][vc_column_text]<img loading=\"lazy\" decoding=\"async\" class=\"alignnone size-full wp-image-75245\" src=\"https:\/\/www.rangsteel.com\/wp-content\/uploads\/2017\/09\/about03.jpg\" alt=\"QUALIT\u00c4T\" width=\"270\" height=\"180\" \/><\/p>\n<h4>QUALIT\u00c4T<\/h4>\n<p>Bereitstellung eines Qualit\u00e4ts produkts, p\u00fcnktliche Lieferung und erstklassigen Kundenservice[\/vc_column_text][\/vc_column_inner][vc_column_inner width=&#8220;1\/3&#8243;][vc_column_text]<img loading=\"lazy\" decoding=\"async\" class=\"alignnone size-full wp-image-75246\" src=\"https:\/\/www.rangsteel.com\/wp-content\/uploads\/2017\/09\/about04.jpg\" alt=\"TECHNOLOGIE\" width=\"270\" height=\"180\" \/><\/p>\n<h4>TECHNOLOGIE<\/h4>\n<p>Um den technologischen, wirtschaftlichen und umweltfreundlichen Geb\u00e4udeanforderungen der Welt gerecht zu werden[\/vc_column_text][\/vc_column_inner][vc_column_inner width=&#8220;1\/3&#8243;][vc_column_text]<img loading=\"lazy\" decoding=\"async\" class=\"alignnone size-full wp-image-75244\" src=\"https:\/\/www.rangsteel.com\/wp-content\/uploads\/2017\/09\/about05.jpg\" alt=\"BEFRIEDIGUNG\" width=\"270\" height=\"180\" \/><\/p>\n<h4>BEFRIEDIGUNG<\/h4>\n<p>Um die Zufriedenheit unserer Mitarbeiter und Firmenkunden zu gew\u00e4hrleisten.[\/vc_column_text][\/vc_column_inner][\/vc_row_inner][\/vc_column][\/vc_row][vc_row el_class=&#8220;intro4 align-center min-box&#8220; full_width=&#8220;stretch_row_content&#8220; css=&#8220;.vc_custom_1433564144185{margin-bottom: 0px !important;background-color: #fdc502 !important;}&#8220;][vc_column width=&#8220;2\/3&#8243;][vc_custom_heading text=&#8220;Bitte kontaktieren Sie uns, um weitere Informationen zu erhalten.&#8220; font_container=&#8220;tag:h3|font_size:22|text_align:center|color:%23ffffff&#8220; use_theme_fonts=&#8220;yes&#8220;][\/vc_column][vc_column width=&#8220;1\/3&#8243;][vc_btn title=&#8220;Informationen Anfordern&#8220; style=&#8220;outline&#8220; shape=&#8220;square&#8220; color=&#8220;white&#8220; link=&#8220;url:https%3A%2F%2Fwww.rangsteel.com%2Fde%2Fkommunikation%2F|||&#8220;][\/vc_column][\/vc_row]<\/p>","protected":false},"excerpt":{"rendered":"<p>[vc_row css=&#8220;.vc_custom_1433564201242{margin-top: 20px !important;margin-bottom: 70px !important;}&#8220;][vc_column][vc_row_inner css=&#8220;.vc_custom_1433561568541{margin-bottom: 50px !important;}&#8220;][vc_column_inner][vc_single_image image=&#8220;75216&#8243; img_size=&#8220;full&#8220;][\/vc_column_inner][\/vc_row_inner][vc_custom_heading text=&#8220;RANG STEEL COMPANY&#8220; font_container=&#8220;tag:h2|font_size:20|text_align:left|color:%23111111&#8243; use_theme_fonts=&#8220;yes&#8220; el_class=&#8220;heading-title-3&#8243;][vc_column_text]RANG STEEL arbeitet in der Stahlbauindustrie f\u00fcr Stahlbauprojekte, Fertigungs- und Montagearbeiten. Wir haben unsere Arbeit in diesem Bereich im Jahr 2005 begonnen. In den folgenden Jahren; Wir haben unseren Maschinenpark, das technische Personal und die Belegschaft aufgestockt. Auch 2015 [&hellip;]<\/p>\n","protected":false},"author":3,"featured_media":0,"parent":0,"menu_order":2,"comment_status":"closed","ping_status":"closed","template":"","meta":{"footnotes":""},"class_list":["post-61","page","type-page","status-publish","hentry"],"yoast_head":"<!-- This site is optimized with the Yoast SEO plugin v26.5 - https:\/\/yoast.com\/wordpress\/plugins\/seo\/ -->\n<title>\u00dcber Uns - Rang Steel<\/title>\n<meta name=\"robots\" content=\"index, follow, max-snippet:-1, max-image-preview:large, max-video-preview:-1\" \/>\n<link rel=\"canonical\" href=\"https:\/\/www.rangsteel.com\/tr\/kurumsal\/\" \/>\n<meta property=\"og:locale\" content=\"de_DE\" \/>\n<meta property=\"og:type\" content=\"article\" \/>\n<meta property=\"og:title\" content=\"\u00dcber Uns - Rang Steel\" \/>\n<meta property=\"og:description\" content=\"[vc_row css=&#8220;.vc_custom_1433564201242{margin-top: 20px !important;margin-bottom: 70px !important;}&#8220;][vc_column][vc_row_inner css=&#8220;.vc_custom_1433561568541{margin-bottom: 50px !important;}&#8220;][vc_column_inner][vc_single_image image=&#8220;75216&#8243; img_size=&#8220;full&#8220;][\/vc_column_inner][\/vc_row_inner][vc_custom_heading text=&#8220;RANG STEEL COMPANY&#8220; font_container=&#8220;tag:h2|font_size:20|text_align:left|color:%23111111&#8243; use_theme_fonts=&#8220;yes&#8220; el_class=&#8220;heading-title-3&#8243;][vc_column_text]RANG STEEL arbeitet in der Stahlbauindustrie f\u00fcr Stahlbauprojekte, Fertigungs- und Montagearbeiten. Wir haben unsere Arbeit in diesem Bereich im Jahr 2005 begonnen. In den folgenden Jahren; Wir haben unseren Maschinenpark, das technische Personal und die Belegschaft aufgestockt. Auch 2015 [&hellip;]\" \/>\n<meta property=\"og:url\" content=\"https:\/\/www.rangsteel.com\/tr\/kurumsal\/\" \/>\n<meta property=\"og:site_name\" content=\"Rang Steel\" \/>\n<meta property=\"article:modified_time\" content=\"2023-06-12T09:03:35+00:00\" \/>\n<meta property=\"og:image\" content=\"https:\/\/www.rangsteel.com\/wp-content\/uploads\/2017\/09\/about03.jpg\" \/>\n<meta name=\"twitter:card\" content=\"summary_large_image\" \/>\n<meta name=\"twitter:label1\" content=\"Gesch\u00e4tzte Lesezeit\" \/>\n\t<meta name=\"twitter:data1\" content=\"2\u00a0Minuten\" \/>\n<script type=\"application\/ld+json\" class=\"yoast-schema-graph\">{\"@context\":\"https:\/\/schema.org\",\"@graph\":[{\"@type\":\"WebPage\",\"@id\":\"https:\/\/www.rangsteel.com\/tr\/kurumsal\/\",\"url\":\"https:\/\/www.rangsteel.com\/tr\/kurumsal\/\",\"name\":\"\u00dcber Uns - Rang Steel\",\"isPartOf\":{\"@id\":\"https:\/\/www.rangsteel.com\/tr\/#website\"},\"primaryImageOfPage\":{\"@id\":\"https:\/\/www.rangsteel.com\/tr\/kurumsal\/#primaryimage\"},\"image\":{\"@id\":\"https:\/\/www.rangsteel.com\/tr\/kurumsal\/#primaryimage\"},\"thumbnailUrl\":\"https:\/\/www.rangsteel.com\/wp-content\/uploads\/2017\/09\/about03.jpg\",\"datePublished\":\"2019-04-25T01:38:49+00:00\",\"dateModified\":\"2023-06-12T09:03:35+00:00\",\"breadcrumb\":{\"@id\":\"https:\/\/www.rangsteel.com\/tr\/kurumsal\/#breadcrumb\"},\"inLanguage\":\"de\",\"potentialAction\":[{\"@type\":\"ReadAction\",\"target\":[\"https:\/\/www.rangsteel.com\/tr\/kurumsal\/\"]}]},{\"@type\":\"ImageObject\",\"inLanguage\":\"de\",\"@id\":\"https:\/\/www.rangsteel.com\/tr\/kurumsal\/#primaryimage\",\"url\":\"https:\/\/www.rangsteel.com\/wp-content\/uploads\/2017\/09\/about03.jpg\",\"contentUrl\":\"https:\/\/www.rangsteel.com\/wp-content\/uploads\/2017\/09\/about03.jpg\"},{\"@type\":\"BreadcrumbList\",\"@id\":\"https:\/\/www.rangsteel.com\/tr\/kurumsal\/#breadcrumb\",\"itemListElement\":[{\"@type\":\"ListItem\",\"position\":1,\"name\":\"Ana sayfa\",\"item\":\"https:\/\/www.rangsteel.com\/tr\/\"},{\"@type\":\"ListItem\",\"position\":2,\"name\":\"Kurumsal\"}]},{\"@type\":\"WebSite\",\"@id\":\"https:\/\/www.rangsteel.com\/tr\/#website\",\"url\":\"https:\/\/www.rangsteel.com\/tr\/\",\"name\":\"Rang Steel\",\"description\":\"(Turkish) \u00c7elik Yap\u0131lar \u0130n\u015fa Eder\",\"publisher\":{\"@id\":\"https:\/\/www.rangsteel.com\/tr\/#organization\"},\"potentialAction\":[{\"@type\":\"SearchAction\",\"target\":{\"@type\":\"EntryPoint\",\"urlTemplate\":\"https:\/\/www.rangsteel.com\/tr\/?s={search_term_string}\"},\"query-input\":{\"@type\":\"PropertyValueSpecification\",\"valueRequired\":true,\"valueName\":\"search_term_string\"}}],\"inLanguage\":\"de\"},{\"@type\":\"Organization\",\"@id\":\"https:\/\/www.rangsteel.com\/tr\/#organization\",\"name\":\"Rang Steel\",\"url\":\"https:\/\/www.rangsteel.com\/tr\/\",\"logo\":{\"@type\":\"ImageObject\",\"inLanguage\":\"de\",\"@id\":\"https:\/\/www.rangsteel.com\/tr\/#\/schema\/logo\/image\/\",\"url\":\"\",\"contentUrl\":\"\",\"caption\":\"Rang Steel\"},\"image\":{\"@id\":\"https:\/\/www.rangsteel.com\/tr\/#\/schema\/logo\/image\/\"}}]}<\/script>\n<!-- \/ Yoast SEO plugin. -->","yoast_head_json":{"title":"\u00dcber Uns - Rang Steel","robots":{"index":"index","follow":"follow","max-snippet":"max-snippet:-1","max-image-preview":"max-image-preview:large","max-video-preview":"max-video-preview:-1"},"canonical":"https:\/\/www.rangsteel.com\/tr\/kurumsal\/","og_locale":"de_DE","og_type":"article","og_title":"\u00dcber Uns - Rang Steel","og_description":"[vc_row css=&#8220;.vc_custom_1433564201242{margin-top: 20px !important;margin-bottom: 70px !important;}&#8220;][vc_column][vc_row_inner css=&#8220;.vc_custom_1433561568541{margin-bottom: 50px !important;}&#8220;][vc_column_inner][vc_single_image image=&#8220;75216&#8243; img_size=&#8220;full&#8220;][\/vc_column_inner][\/vc_row_inner][vc_custom_heading text=&#8220;RANG STEEL COMPANY&#8220; font_container=&#8220;tag:h2|font_size:20|text_align:left|color:%23111111&#8243; use_theme_fonts=&#8220;yes&#8220; el_class=&#8220;heading-title-3&#8243;][vc_column_text]RANG STEEL arbeitet in der Stahlbauindustrie f\u00fcr Stahlbauprojekte, Fertigungs- und Montagearbeiten. Wir haben unsere Arbeit in diesem Bereich im Jahr 2005 begonnen. In den folgenden Jahren; Wir haben unseren Maschinenpark, das technische Personal und die Belegschaft aufgestockt. Auch 2015 [&hellip;]","og_url":"https:\/\/www.rangsteel.com\/tr\/kurumsal\/","og_site_name":"Rang Steel","article_modified_time":"2023-06-12T09:03:35+00:00","og_image":[{"url":"https:\/\/www.rangsteel.com\/wp-content\/uploads\/2017\/09\/about03.jpg","type":"","width":"","height":""}],"twitter_card":"summary_large_image","twitter_misc":{"Gesch\u00e4tzte Lesezeit":"2\u00a0Minuten"},"schema":{"@context":"https:\/\/schema.org","@graph":[{"@type":"WebPage","@id":"https:\/\/www.rangsteel.com\/tr\/kurumsal\/","url":"https:\/\/www.rangsteel.com\/tr\/kurumsal\/","name":"\u00dcber Uns - Rang Steel","isPartOf":{"@id":"https:\/\/www.rangsteel.com\/tr\/#website"},"primaryImageOfPage":{"@id":"https:\/\/www.rangsteel.com\/tr\/kurumsal\/#primaryimage"},"image":{"@id":"https:\/\/www.rangsteel.com\/tr\/kurumsal\/#primaryimage"},"thumbnailUrl":"https:\/\/www.rangsteel.com\/wp-content\/uploads\/2017\/09\/about03.jpg","datePublished":"2019-04-25T01:38:49+00:00","dateModified":"2023-06-12T09:03:35+00:00","breadcrumb":{"@id":"https:\/\/www.rangsteel.com\/tr\/kurumsal\/#breadcrumb"},"inLanguage":"de","potentialAction":[{"@type":"ReadAction","target":["https:\/\/www.rangsteel.com\/tr\/kurumsal\/"]}]},{"@type":"ImageObject","inLanguage":"de","@id":"https:\/\/www.rangsteel.com\/tr\/kurumsal\/#primaryimage","url":"https:\/\/www.rangsteel.com\/wp-content\/uploads\/2017\/09\/about03.jpg","contentUrl":"https:\/\/www.rangsteel.com\/wp-content\/uploads\/2017\/09\/about03.jpg"},{"@type":"BreadcrumbList","@id":"https:\/\/www.rangsteel.com\/tr\/kurumsal\/#breadcrumb","itemListElement":[{"@type":"ListItem","position":1,"name":"Ana sayfa","item":"https:\/\/www.rangsteel.com\/tr\/"},{"@type":"ListItem","position":2,"name":"Kurumsal"}]},{"@type":"WebSite","@id":"https:\/\/www.rangsteel.com\/tr\/#website","url":"https:\/\/www.rangsteel.com\/tr\/","name":"Rang Steel","description":"(Turkish) \u00c7elik Yap\u0131lar \u0130n\u015fa Eder","publisher":{"@id":"https:\/\/www.rangsteel.com\/tr\/#organization"},"potentialAction":[{"@type":"SearchAction","target":{"@type":"EntryPoint","urlTemplate":"https:\/\/www.rangsteel.com\/tr\/?s={search_term_string}"},"query-input":{"@type":"PropertyValueSpecification","valueRequired":true,"valueName":"search_term_string"}}],"inLanguage":"de"},{"@type":"Organization","@id":"https:\/\/www.rangsteel.com\/tr\/#organization","name":"Rang Steel","url":"https:\/\/www.rangsteel.com\/tr\/","logo":{"@type":"ImageObject","inLanguage":"de","@id":"https:\/\/www.rangsteel.com\/tr\/#\/schema\/logo\/image\/","url":"","contentUrl":"","caption":"Rang Steel"},"image":{"@id":"https:\/\/www.rangsteel.com\/tr\/#\/schema\/logo\/image\/"}}]}},"_links":{"self":[{"href":"https:\/\/www.rangsteel.com\/de\/wp-json\/wp\/v2\/pages\/61","targetHints":{"allow":["GET"]}}],"collection":[{"href":"https:\/\/www.rangsteel.com\/de\/wp-json\/wp\/v2\/pages"}],"about":[{"href":"https:\/\/www.rangsteel.com\/de\/wp-json\/wp\/v2\/types\/page"}],"author":[{"embeddable":true,"href":"https:\/\/www.rangsteel.com\/de\/wp-json\/wp\/v2\/users\/3"}],"replies":[{"embeddable":true,"href":"https:\/\/www.rangsteel.com\/de\/wp-json\/wp\/v2\/comments?post=61"}],"version-history":[{"count":5,"href":"https:\/\/www.rangsteel.com\/de\/wp-json\/wp\/v2\/pages\/61\/revisions"}],"predecessor-version":[{"id":75728,"href":"https:\/\/www.rangsteel.com\/de\/wp-json\/wp\/v2\/pages\/61\/revisions\/75728"}],"wp:attachment":[{"href":"https:\/\/www.rangsteel.com\/de\/wp-json\/wp\/v2\/media?parent=61"}],"curies":[{"name":"wp","href":"https:\/\/api.w.org\/{rel}","templated":true}]}}