{"id":74007,"date":"2019-04-26T16:19:20","date_gmt":"2019-04-26T13:19:20","guid":{"rendered":"http:\/\/structure.thememove.com\/?page_id=74007"},"modified":"2023-05-20T01:37:52","modified_gmt":"2023-05-19T22:37:52","slug":"referanslarimiz","status":"publish","type":"page","link":"https:\/\/www.rangsteel.com\/de\/referenzen\/","title":{"rendered":"Referenzen"},"content":{"rendered":"<p>[vc_row css=&#8220;.vc_custom_1433565178214{margin-top: 20px !important;margin-bottom: 70px !important;}&#8220;][vc_column][vc_custom_heading text=&#8220;UNSERE KUNDEN BEVORZUGEN UNS&#8220; font_container=&#8220;tag:h2|text_align:left|color:%23111111&#8243; use_theme_fonts=&#8220;yes&#8220; el_class=&#8220;heading-title-3&#8243;][vc_column_text css=&#8220;.vc_custom_1582092508656{margin-bottom: 30px !important;}&#8220;]Wir arbeiten mit anderen f\u00fchrenden Unternehmen zusammen, um Arbeitspl\u00e4tze von h\u00f6chster Qualit\u00e4t zu liefern, die den Erwartungen unserer Kunden entsprechen<br \/>\n[\/vc_column_text][vc_row_inner el_class=&#8220;our-partners&#8220; css=&#8220;.vc_custom_1432804885057{margin-bottom: 30px !important;}&#8220;][vc_column_inner width=&#8220;1\/4&#8243;][vc_column_text]<img loading=\"lazy\" decoding=\"async\" class=\"alignnone wp-image-75224 size-medium\" src=\"https:\/\/www.rangsteel.com\/wp-content\/uploads\/2017\/09\/ibb-kultur-300x224.jpg\" alt=\"\" width=\"300\" height=\"224\" srcset=\"https:\/\/www.rangsteel.com\/wp-content\/uploads\/2017\/09\/ibb-kultur-300x224.jpg 300w, https:\/\/www.rangsteel.com\/wp-content\/uploads\/2017\/09\/ibb-kultur.jpg 317w\" sizes=\"auto, (max-width: 300px) 100vw, 300px\" \/>[\/vc_column_text][\/vc_column_inner][vc_column_inner width=&#8220;3\/4&#8243;][vc_column_text]<\/p>\n<h4>\u0130BB K\u00fclt\u00fcr A.\u015e.<\/h4>\n<p>Herstellung und Montage von Formel-1-Au\u00dfenwerbetafeln im Jahr 2005[\/vc_column_text][\/vc_column_inner][\/vc_row_inner][vc_row_inner el_class=&#8220;our-partners&#8220; css=&#8220;.vc_custom_1432804885057{margin-bottom: 30px !important;}&#8220;][vc_column_inner width=&#8220;1\/4&#8243;][vc_column_text]<img loading=\"lazy\" decoding=\"async\" class=\"alignnone wp-image-75230 size-full\" src=\"https:\/\/www.rangsteel.com\/wp-content\/uploads\/2017\/09\/brock-usa.png\" alt=\"\" width=\"200\" height=\"200\" srcset=\"https:\/\/www.rangsteel.com\/wp-content\/uploads\/2017\/09\/brock-usa.png 200w, https:\/\/www.rangsteel.com\/wp-content\/uploads\/2017\/09\/brock-usa-100x100.png 100w, https:\/\/www.rangsteel.com\/wp-content\/uploads\/2017\/09\/brock-usa-150x150.png 150w\" sizes=\"auto, (max-width: 200px) 100vw, 200px\" \/>[\/vc_column_text][\/vc_column_inner][vc_column_inner width=&#8220;3\/4&#8243;][vc_column_text]<\/p>\n<h4>Brock USA<\/h4>\n<p>Kontinuierliche Produktion von Getreide, Silos, F\u00f6rderb\u00e4ndern und T\u00fcrmen im Jahr 2008[\/vc_column_text][\/vc_column_inner][\/vc_row_inner][vc_row_inner el_class=&#8220;our-partners&#8220; css=&#8220;.vc_custom_1432804885057{margin-bottom: 30px !important;}&#8220;][vc_column_inner width=&#8220;1\/4&#8243;][vc_column_text]<img loading=\"lazy\" decoding=\"async\" class=\"alignnone size-medium wp-image-75232\" src=\"https:\/\/www.rangsteel.com\/wp-content\/uploads\/2017\/09\/alapala-300x229.jpg\" alt=\"\" width=\"300\" height=\"229\" srcset=\"https:\/\/www.rangsteel.com\/wp-content\/uploads\/2017\/09\/alapala-300x229.jpg 300w, https:\/\/www.rangsteel.com\/wp-content\/uploads\/2017\/09\/alapala.jpg 380w\" sizes=\"auto, (max-width: 300px) 100vw, 300px\" \/>[\/vc_column_text][\/vc_column_inner][vc_column_inner width=&#8220;3\/4&#8243;][vc_column_text]<\/p>\n<h4>Alapala A.\u015e.<\/h4>\n<p>Kontinuierliche Produktion von F\u00f6rderb\u00e4ndern und T\u00fcrmen in den Vereinigten Arabischen Emiraten, Ghana, Usbekistan im Jahr 2009[\/vc_column_text][\/vc_column_inner][\/vc_row_inner][vc_row_inner el_class=&#8220;our-partners&#8220; css=&#8220;.vc_custom_1432804885057{margin-bottom: 30px !important;}&#8220;][vc_column_inner width=&#8220;1\/4&#8243;][vc_column_text]<img loading=\"lazy\" decoding=\"async\" class=\"alignnone size-full wp-image-75234\" src=\"https:\/\/www.rangsteel.com\/wp-content\/uploads\/2017\/09\/btpack.jpg\" alt=\"\" width=\"200\" height=\"200\" srcset=\"https:\/\/www.rangsteel.com\/wp-content\/uploads\/2017\/09\/btpack.jpg 200w, https:\/\/www.rangsteel.com\/wp-content\/uploads\/2017\/09\/btpack-100x100.jpg 100w, https:\/\/www.rangsteel.com\/wp-content\/uploads\/2017\/09\/btpack-150x150.jpg 150w\" sizes=\"auto, (max-width: 200px) 100vw, 200px\" \/>[\/vc_column_text][\/vc_column_inner][vc_column_inner width=&#8220;3\/4&#8243;][vc_column_text]<\/p>\n<h4>BT Pack Fransa<\/h4>\n<p>Kontinuierliche Herstellung von Beh\u00e4lterdeckeln im Jahr 2009[\/vc_column_text][\/vc_column_inner][\/vc_row_inner][vc_row_inner el_class=&#8220;our-partners&#8220; css=&#8220;.vc_custom_1432804885057{margin-bottom: 30px !important;}&#8220;][vc_column_inner width=&#8220;1\/4&#8243;][vc_column_text]<img loading=\"lazy\" decoding=\"async\" class=\"alignnone size-full wp-image-75235\" src=\"https:\/\/www.rangsteel.com\/wp-content\/uploads\/2017\/09\/trump-tower.gif\" alt=\"\" width=\"250\" height=\"250\" \/>[\/vc_column_text][\/vc_column_inner][vc_column_inner width=&#8220;3\/4&#8243;][vc_column_text]<\/p>\n<h4>Trump Towers<\/h4>\n<p>Im Jahr 2011 Turm Towers Turmkonstruktion Stahltreppe, Kinob\u00f6den Stahlkonstruktion[\/vc_column_text][\/vc_column_inner][\/vc_row_inner][vc_row_inner el_class=&#8220;our-partners&#8220; css=&#8220;.vc_custom_1432804885057{margin-bottom: 30px !important;}&#8220;][vc_column_inner width=&#8220;1\/4&#8243;][vc_column_text]<img loading=\"lazy\" decoding=\"async\" class=\"alignnone size-medium wp-image-75236\" src=\"https:\/\/www.rangsteel.com\/wp-content\/uploads\/2017\/09\/cnr-yesilkoy-300x81.jpg\" alt=\"\" width=\"300\" height=\"81\" srcset=\"https:\/\/www.rangsteel.com\/wp-content\/uploads\/2017\/09\/cnr-yesilkoy-300x81.jpg 300w, https:\/\/www.rangsteel.com\/wp-content\/uploads\/2017\/09\/cnr-yesilkoy-600x162.jpg 600w, https:\/\/www.rangsteel.com\/wp-content\/uploads\/2017\/09\/cnr-yesilkoy.jpg 750w\" sizes=\"auto, (max-width: 300px) 100vw, 300px\" \/>[\/vc_column_text][\/vc_column_inner][vc_column_inner width=&#8220;3\/4&#8243;][vc_column_text]<\/p>\n<h4>CNR Fuarc\u0131l\u0131k<\/h4>\n<p>CNR Fuarc\u0131l\u0131k Ye\u015filk\u00f6y Messezentrum Crossing Bridge Projekt und Anwendung[\/vc_column_text][\/vc_column_inner][\/vc_row_inner][vc_row_inner el_class=&#8220;our-partners&#8220; css=&#8220;.vc_custom_1432804885057{margin-bottom: 30px !important;}&#8220;][vc_column_inner width=&#8220;1\/4&#8243;][vc_column_text]<img loading=\"lazy\" decoding=\"async\" class=\"alignnone size-medium wp-image-75237\" src=\"https:\/\/www.rangsteel.com\/wp-content\/uploads\/2017\/09\/boyner-300x300.jpg\" alt=\"\" width=\"300\" height=\"300\" srcset=\"https:\/\/www.rangsteel.com\/wp-content\/uploads\/2017\/09\/boyner-300x300.jpg 300w, https:\/\/www.rangsteel.com\/wp-content\/uploads\/2017\/09\/boyner-100x100.jpg 100w, https:\/\/www.rangsteel.com\/wp-content\/uploads\/2017\/09\/boyner.jpg 600w, https:\/\/www.rangsteel.com\/wp-content\/uploads\/2017\/09\/boyner-150x150.jpg 150w\" sizes=\"auto, (max-width: 300px) 100vw, 300px\" \/>[\/vc_column_text][\/vc_column_inner][vc_column_inner width=&#8220;3\/4&#8243;][vc_column_text]<\/p>\n<h4>Boyner Ma\u011fazac\u0131l\u0131k A.\u015e.<\/h4>\n<p>Projekt und Anwendung des Stahlwerks \u015ea\u015fk\u0131nbakkal[\/vc_column_text][\/vc_column_inner][\/vc_row_inner][vc_row_inner el_class=&#8220;our-partners&#8220; css=&#8220;.vc_custom_1432804885057{margin-bottom: 30px !important;}&#8220;][vc_column_inner width=&#8220;1\/4&#8243;][vc_column_text]<img loading=\"lazy\" decoding=\"async\" class=\"alignnone size-medium wp-image-75238\" src=\"https:\/\/www.rangsteel.com\/wp-content\/uploads\/2017\/09\/hurriyet-300x130.jpg\" alt=\"\" width=\"300\" height=\"130\" srcset=\"https:\/\/www.rangsteel.com\/wp-content\/uploads\/2017\/09\/hurriyet-300x130.jpg 300w, https:\/\/www.rangsteel.com\/wp-content\/uploads\/2017\/09\/hurriyet-600x260.jpg 600w, https:\/\/www.rangsteel.com\/wp-content\/uploads\/2017\/09\/hurriyet.jpg 692w\" sizes=\"auto, (max-width: 300px) 100vw, 300px\" \/>[\/vc_column_text][\/vc_column_inner][vc_column_inner width=&#8220;3\/4&#8243;][vc_column_text]<\/p>\n<h4>H\u00fcrriyet Gazetecilik A.\u015e.<\/h4>\n<p>Istanbul Hochbau, Stahl- und Fassadenanwendung[\/vc_column_text][\/vc_column_inner][\/vc_row_inner][vc_row_inner el_class=&#8220;our-partners&#8220; css=&#8220;.vc_custom_1432804885057{margin-bottom: 30px !important;}&#8220;][vc_column_inner width=&#8220;1\/4&#8243;][vc_column_text]<img loading=\"lazy\" decoding=\"async\" class=\"alignnone size-medium wp-image-75239\" src=\"https:\/\/www.rangsteel.com\/wp-content\/uploads\/2017\/09\/bahar-country-300x149.png\" alt=\"\" width=\"300\" height=\"149\" srcset=\"https:\/\/www.rangsteel.com\/wp-content\/uploads\/2017\/09\/bahar-country-300x149.png 300w, https:\/\/www.rangsteel.com\/wp-content\/uploads\/2017\/09\/bahar-country.png 322w\" sizes=\"auto, (max-width: 300px) 100vw, 300px\" \/>[\/vc_column_text][\/vc_column_inner][vc_column_inner width=&#8220;3\/4&#8243;][vc_column_text]<\/p>\n<h4>Bahar Country Restauran<\/h4>\n<p>Bahar Country Restaurant Projektbau komplette Anwendung.[\/vc_column_text][\/vc_column_inner][\/vc_row_inner][vc_row_inner el_class=&#8220;our-partners&#8220; css=&#8220;.vc_custom_1432804885057{margin-bottom: 30px !important;}&#8220;][vc_column_inner width=&#8220;1\/4&#8243;][vc_column_text]<img loading=\"lazy\" decoding=\"async\" class=\"alignnone size-medium wp-image-75240\" src=\"https:\/\/www.rangsteel.com\/wp-content\/uploads\/2017\/09\/lider-iplik-300x85.jpg\" alt=\"\" width=\"300\" height=\"85\" srcset=\"https:\/\/www.rangsteel.com\/wp-content\/uploads\/2017\/09\/lider-iplik-300x85.jpg 300w, https:\/\/www.rangsteel.com\/wp-content\/uploads\/2017\/09\/lider-iplik.jpg 459w\" sizes=\"auto, (max-width: 300px) 100vw, 300px\" \/>[\/vc_column_text][\/vc_column_inner][vc_column_inner width=&#8220;3\/4&#8243;][vc_column_text]<\/p>\n<h4>Lider \u0130plik A.\u015e.<\/h4>\n<p>Lider \u0130plik Tekirda\u011f Poy Werksbau komplette Stahlherstellung[\/vc_column_text][\/vc_column_inner][\/vc_row_inner][vc_row_inner el_class=&#8220;our-partners&#8220; css=&#8220;.vc_custom_1432804885057{margin-bottom: 30px !important;}&#8220;][vc_column_inner width=&#8220;1\/4&#8243;][vc_column_text]<img loading=\"lazy\" decoding=\"async\" class=\"alignnone size-medium wp-image-75241\" src=\"https:\/\/www.rangsteel.com\/wp-content\/uploads\/2017\/09\/pulver-kimya-300x225.jpg\" alt=\"\" width=\"300\" height=\"225\" \/>[\/vc_column_text][\/vc_column_inner][vc_column_inner width=&#8220;3\/4&#8243;][vc_column_text]<\/p>\n<h4>Pulver Kimya Boya A.\u015e.<\/h4>\n<p>Gebze Werkslager Stahlfertigung Montagearbeiten[\/vc_column_text][\/vc_column_inner][\/vc_row_inner][vc_column_text]<\/p>\n<ul>\n<li>\u00c7engelk\u00f6y Wassersportzentrum Stahl- und Dachprojektanwendung<\/li>\n<li>Stahlprojekt und Anwendung der Gebze C\u0130B Nuri \u00c7olako\u011flu Industrial Vocational High School<\/li>\n<li>Group Mining \u00c7erkezk\u00f6y Fabrik Bauprojekt Herstellung und Montage<\/li>\n<li>Group Mining \u00c7erkezk\u00f6y Sandtrocknung Projekt und Bau einer Industrieanlage<\/li>\n<li>Im Jahr 2000 Silivri Mehmet G\u00f6khan House Stahlprojekt Herstellung und Errichtung<\/li>\n<\/ul>\n<p>[\/vc_column_text][\/vc_column][\/vc_row][vc_row el_class=&#8220;intro4 align-center min-box&#8220; full_width=&#8220;stretch_row_content&#8220; css=&#8220;.vc_custom_1506165412509{background-color: #fdc502 !important;}&#8220;][vc_column width=&#8220;2\/3&#8243;][vc_custom_heading text=&#8220;Bitte kontaktieren Sie uns, um weitere Informationen zu erhalten.&#8220; font_container=&#8220;tag:h3|font_size:22|text_align:center|color:%23ffffff&#8220;][\/vc_column][vc_column width=&#8220;1\/3&#8243;][vc_btn title=&#8220;Informationen Anfordern&#8220; style=&#8220;outline&#8220; shape=&#8220;square&#8220; color=&#8220;white&#8220; link=&#8220;url:https%3A%2F%2Fwww.rangsteel.com%2Fde%2Fkommunikation%2F|||&#8220;][\/vc_column][\/vc_row]<\/p>","protected":false},"excerpt":{"rendered":"<p>[vc_row css=&#8220;.vc_custom_1433565178214{margin-top: 20px !important;margin-bottom: 70px !important;}&#8220;][vc_column][vc_custom_heading text=&#8220;UNSERE KUNDEN BEVORZUGEN UNS&#8220; font_container=&#8220;tag:h2|text_align:left|color:%23111111&#8243; use_theme_fonts=&#8220;yes&#8220; el_class=&#8220;heading-title-3&#8243;][vc_column_text css=&#8220;.vc_custom_1582092508656{margin-bottom: 30px !important;}&#8220;]Wir arbeiten mit anderen f\u00fchrenden Unternehmen zusammen, um Arbeitspl\u00e4tze von h\u00f6chster Qualit\u00e4t zu liefern, die den Erwartungen unserer Kunden entsprechen [\/vc_column_text][vc_row_inner el_class=&#8220;our-partners&#8220; css=&#8220;.vc_custom_1432804885057{margin-bottom: 30px !important;}&#8220;][vc_column_inner width=&#8220;1\/4&#8243;][vc_column_text][\/vc_column_text][\/vc_column_inner][vc_column_inner width=&#8220;3\/4&#8243;][vc_column_text] \u0130BB K\u00fclt\u00fcr A.\u015e. Herstellung und Montage von Formel-1-Au\u00dfenwerbetafeln im Jahr 2005[\/vc_column_text][\/vc_column_inner][\/vc_row_inner][vc_row_inner el_class=&#8220;our-partners&#8220; css=&#8220;.vc_custom_1432804885057{margin-bottom: [&hellip;]<\/p>\n","protected":false},"author":3,"featured_media":0,"parent":0,"menu_order":0,"comment_status":"closed","ping_status":"closed","template":"","meta":{"footnotes":""},"class_list":["post-74007","page","type-page","status-publish","hentry"],"yoast_head":"<!-- This site is optimized with the Yoast SEO plugin v26.5 - https:\/\/yoast.com\/wordpress\/plugins\/seo\/ -->\n<title>Referenzen - Rang Steel<\/title>\n<meta name=\"robots\" content=\"index, follow, max-snippet:-1, max-image-preview:large, max-video-preview:-1\" \/>\n<link rel=\"canonical\" href=\"https:\/\/www.rangsteel.com\/tr\/referanslarimiz\/\" \/>\n<meta property=\"og:locale\" content=\"de_DE\" \/>\n<meta property=\"og:type\" content=\"article\" \/>\n<meta property=\"og:title\" content=\"Referenzen - Rang Steel\" \/>\n<meta property=\"og:description\" content=\"[vc_row css=&#8220;.vc_custom_1433565178214{margin-top: 20px !important;margin-bottom: 70px !important;}&#8220;][vc_column][vc_custom_heading text=&#8220;UNSERE KUNDEN BEVORZUGEN UNS&#8220; font_container=&#8220;tag:h2|text_align:left|color:%23111111&#8243; use_theme_fonts=&#8220;yes&#8220; el_class=&#8220;heading-title-3&#8243;][vc_column_text css=&#8220;.vc_custom_1582092508656{margin-bottom: 30px !important;}&#8220;]Wir arbeiten mit anderen f\u00fchrenden Unternehmen zusammen, um Arbeitspl\u00e4tze von h\u00f6chster Qualit\u00e4t zu liefern, die den Erwartungen unserer Kunden entsprechen [\/vc_column_text][vc_row_inner el_class=&#8220;our-partners&#8220; css=&#8220;.vc_custom_1432804885057{margin-bottom: 30px !important;}&#8220;][vc_column_inner width=&#8220;1\/4&#8243;][vc_column_text][\/vc_column_text][\/vc_column_inner][vc_column_inner width=&#8220;3\/4&#8243;][vc_column_text] \u0130BB K\u00fclt\u00fcr A.\u015e. Herstellung und Montage von Formel-1-Au\u00dfenwerbetafeln im Jahr 2005[\/vc_column_text][\/vc_column_inner][\/vc_row_inner][vc_row_inner el_class=&#8220;our-partners&#8220; css=&#8220;.vc_custom_1432804885057{margin-bottom: [&hellip;]\" \/>\n<meta property=\"og:url\" content=\"https:\/\/www.rangsteel.com\/tr\/referanslarimiz\/\" \/>\n<meta property=\"og:site_name\" content=\"Rang Steel\" \/>\n<meta property=\"article:modified_time\" content=\"2023-05-19T22:37:52+00:00\" \/>\n<meta property=\"og:image\" content=\"https:\/\/www.rangsteel.com\/wp-content\/uploads\/2017\/09\/ibb-kultur-300x224.jpg\" \/>\n<meta name=\"twitter:card\" content=\"summary_large_image\" \/>\n<meta name=\"twitter:label1\" content=\"Gesch\u00e4tzte Lesezeit\" \/>\n\t<meta name=\"twitter:data1\" content=\"5\u00a0Minuten\" \/>\n<script type=\"application\/ld+json\" class=\"yoast-schema-graph\">{\"@context\":\"https:\/\/schema.org\",\"@graph\":[{\"@type\":\"WebPage\",\"@id\":\"https:\/\/www.rangsteel.com\/tr\/referanslarimiz\/\",\"url\":\"https:\/\/www.rangsteel.com\/tr\/referanslarimiz\/\",\"name\":\"Referenzen - Rang Steel\",\"isPartOf\":{\"@id\":\"https:\/\/www.rangsteel.com\/tr\/#website\"},\"primaryImageOfPage\":{\"@id\":\"https:\/\/www.rangsteel.com\/tr\/referanslarimiz\/#primaryimage\"},\"image\":{\"@id\":\"https:\/\/www.rangsteel.com\/tr\/referanslarimiz\/#primaryimage\"},\"thumbnailUrl\":\"https:\/\/www.rangsteel.com\/wp-content\/uploads\/2017\/09\/ibb-kultur-300x224.jpg\",\"datePublished\":\"2019-04-26T13:19:20+00:00\",\"dateModified\":\"2023-05-19T22:37:52+00:00\",\"breadcrumb\":{\"@id\":\"https:\/\/www.rangsteel.com\/tr\/referanslarimiz\/#breadcrumb\"},\"inLanguage\":\"de\",\"potentialAction\":[{\"@type\":\"ReadAction\",\"target\":[\"https:\/\/www.rangsteel.com\/tr\/referanslarimiz\/\"]}]},{\"@type\":\"ImageObject\",\"inLanguage\":\"de\",\"@id\":\"https:\/\/www.rangsteel.com\/tr\/referanslarimiz\/#primaryimage\",\"url\":\"https:\/\/www.rangsteel.com\/wp-content\/uploads\/2017\/09\/ibb-kultur-300x224.jpg\",\"contentUrl\":\"https:\/\/www.rangsteel.com\/wp-content\/uploads\/2017\/09\/ibb-kultur-300x224.jpg\"},{\"@type\":\"BreadcrumbList\",\"@id\":\"https:\/\/www.rangsteel.com\/tr\/referanslarimiz\/#breadcrumb\",\"itemListElement\":[{\"@type\":\"ListItem\",\"position\":1,\"name\":\"Ana sayfa\",\"item\":\"https:\/\/www.rangsteel.com\/tr\/\"},{\"@type\":\"ListItem\",\"position\":2,\"name\":\"Referanslar\u0131m\u0131z\"}]},{\"@type\":\"WebSite\",\"@id\":\"https:\/\/www.rangsteel.com\/tr\/#website\",\"url\":\"https:\/\/www.rangsteel.com\/tr\/\",\"name\":\"Rang Steel\",\"description\":\"(Turkish) \u00c7elik Yap\u0131lar \u0130n\u015fa Eder\",\"publisher\":{\"@id\":\"https:\/\/www.rangsteel.com\/tr\/#organization\"},\"potentialAction\":[{\"@type\":\"SearchAction\",\"target\":{\"@type\":\"EntryPoint\",\"urlTemplate\":\"https:\/\/www.rangsteel.com\/tr\/?s={search_term_string}\"},\"query-input\":{\"@type\":\"PropertyValueSpecification\",\"valueRequired\":true,\"valueName\":\"search_term_string\"}}],\"inLanguage\":\"de\"},{\"@type\":\"Organization\",\"@id\":\"https:\/\/www.rangsteel.com\/tr\/#organization\",\"name\":\"Rang Steel\",\"url\":\"https:\/\/www.rangsteel.com\/tr\/\",\"logo\":{\"@type\":\"ImageObject\",\"inLanguage\":\"de\",\"@id\":\"https:\/\/www.rangsteel.com\/tr\/#\/schema\/logo\/image\/\",\"url\":\"\",\"contentUrl\":\"\",\"caption\":\"Rang Steel\"},\"image\":{\"@id\":\"https:\/\/www.rangsteel.com\/tr\/#\/schema\/logo\/image\/\"}}]}<\/script>\n<!-- \/ Yoast SEO plugin. -->","yoast_head_json":{"title":"Referenzen - Rang Steel","robots":{"index":"index","follow":"follow","max-snippet":"max-snippet:-1","max-image-preview":"max-image-preview:large","max-video-preview":"max-video-preview:-1"},"canonical":"https:\/\/www.rangsteel.com\/tr\/referanslarimiz\/","og_locale":"de_DE","og_type":"article","og_title":"Referenzen - Rang Steel","og_description":"[vc_row css=&#8220;.vc_custom_1433565178214{margin-top: 20px !important;margin-bottom: 70px !important;}&#8220;][vc_column][vc_custom_heading text=&#8220;UNSERE KUNDEN BEVORZUGEN UNS&#8220; font_container=&#8220;tag:h2|text_align:left|color:%23111111&#8243; use_theme_fonts=&#8220;yes&#8220; el_class=&#8220;heading-title-3&#8243;][vc_column_text css=&#8220;.vc_custom_1582092508656{margin-bottom: 30px !important;}&#8220;]Wir arbeiten mit anderen f\u00fchrenden Unternehmen zusammen, um Arbeitspl\u00e4tze von h\u00f6chster Qualit\u00e4t zu liefern, die den Erwartungen unserer Kunden entsprechen [\/vc_column_text][vc_row_inner el_class=&#8220;our-partners&#8220; css=&#8220;.vc_custom_1432804885057{margin-bottom: 30px !important;}&#8220;][vc_column_inner width=&#8220;1\/4&#8243;][vc_column_text][\/vc_column_text][\/vc_column_inner][vc_column_inner width=&#8220;3\/4&#8243;][vc_column_text] \u0130BB K\u00fclt\u00fcr A.\u015e. Herstellung und Montage von Formel-1-Au\u00dfenwerbetafeln im Jahr 2005[\/vc_column_text][\/vc_column_inner][\/vc_row_inner][vc_row_inner el_class=&#8220;our-partners&#8220; css=&#8220;.vc_custom_1432804885057{margin-bottom: [&hellip;]","og_url":"https:\/\/www.rangsteel.com\/tr\/referanslarimiz\/","og_site_name":"Rang Steel","article_modified_time":"2023-05-19T22:37:52+00:00","og_image":[{"url":"https:\/\/www.rangsteel.com\/wp-content\/uploads\/2017\/09\/ibb-kultur-300x224.jpg","type":"","width":"","height":""}],"twitter_card":"summary_large_image","twitter_misc":{"Gesch\u00e4tzte Lesezeit":"5\u00a0Minuten"},"schema":{"@context":"https:\/\/schema.org","@graph":[{"@type":"WebPage","@id":"https:\/\/www.rangsteel.com\/tr\/referanslarimiz\/","url":"https:\/\/www.rangsteel.com\/tr\/referanslarimiz\/","name":"Referenzen - Rang Steel","isPartOf":{"@id":"https:\/\/www.rangsteel.com\/tr\/#website"},"primaryImageOfPage":{"@id":"https:\/\/www.rangsteel.com\/tr\/referanslarimiz\/#primaryimage"},"image":{"@id":"https:\/\/www.rangsteel.com\/tr\/referanslarimiz\/#primaryimage"},"thumbnailUrl":"https:\/\/www.rangsteel.com\/wp-content\/uploads\/2017\/09\/ibb-kultur-300x224.jpg","datePublished":"2019-04-26T13:19:20+00:00","dateModified":"2023-05-19T22:37:52+00:00","breadcrumb":{"@id":"https:\/\/www.rangsteel.com\/tr\/referanslarimiz\/#breadcrumb"},"inLanguage":"de","potentialAction":[{"@type":"ReadAction","target":["https:\/\/www.rangsteel.com\/tr\/referanslarimiz\/"]}]},{"@type":"ImageObject","inLanguage":"de","@id":"https:\/\/www.rangsteel.com\/tr\/referanslarimiz\/#primaryimage","url":"https:\/\/www.rangsteel.com\/wp-content\/uploads\/2017\/09\/ibb-kultur-300x224.jpg","contentUrl":"https:\/\/www.rangsteel.com\/wp-content\/uploads\/2017\/09\/ibb-kultur-300x224.jpg"},{"@type":"BreadcrumbList","@id":"https:\/\/www.rangsteel.com\/tr\/referanslarimiz\/#breadcrumb","itemListElement":[{"@type":"ListItem","position":1,"name":"Ana sayfa","item":"https:\/\/www.rangsteel.com\/tr\/"},{"@type":"ListItem","position":2,"name":"Referanslar\u0131m\u0131z"}]},{"@type":"WebSite","@id":"https:\/\/www.rangsteel.com\/tr\/#website","url":"https:\/\/www.rangsteel.com\/tr\/","name":"Rang Steel","description":"(Turkish) \u00c7elik Yap\u0131lar \u0130n\u015fa Eder","publisher":{"@id":"https:\/\/www.rangsteel.com\/tr\/#organization"},"potentialAction":[{"@type":"SearchAction","target":{"@type":"EntryPoint","urlTemplate":"https:\/\/www.rangsteel.com\/tr\/?s={search_term_string}"},"query-input":{"@type":"PropertyValueSpecification","valueRequired":true,"valueName":"search_term_string"}}],"inLanguage":"de"},{"@type":"Organization","@id":"https:\/\/www.rangsteel.com\/tr\/#organization","name":"Rang Steel","url":"https:\/\/www.rangsteel.com\/tr\/","logo":{"@type":"ImageObject","inLanguage":"de","@id":"https:\/\/www.rangsteel.com\/tr\/#\/schema\/logo\/image\/","url":"","contentUrl":"","caption":"Rang Steel"},"image":{"@id":"https:\/\/www.rangsteel.com\/tr\/#\/schema\/logo\/image\/"}}]}},"_links":{"self":[{"href":"https:\/\/www.rangsteel.com\/de\/wp-json\/wp\/v2\/pages\/74007","targetHints":{"allow":["GET"]}}],"collection":[{"href":"https:\/\/www.rangsteel.com\/de\/wp-json\/wp\/v2\/pages"}],"about":[{"href":"https:\/\/www.rangsteel.com\/de\/wp-json\/wp\/v2\/types\/page"}],"author":[{"embeddable":true,"href":"https:\/\/www.rangsteel.com\/de\/wp-json\/wp\/v2\/users\/3"}],"replies":[{"embeddable":true,"href":"https:\/\/www.rangsteel.com\/de\/wp-json\/wp\/v2\/comments?post=74007"}],"version-history":[{"count":5,"href":"https:\/\/www.rangsteel.com\/de\/wp-json\/wp\/v2\/pages\/74007\/revisions"}],"predecessor-version":[{"id":75721,"href":"https:\/\/www.rangsteel.com\/de\/wp-json\/wp\/v2\/pages\/74007\/revisions\/75721"}],"wp:attachment":[{"href":"https:\/\/www.rangsteel.com\/de\/wp-json\/wp\/v2\/media?parent=74007"}],"curies":[{"name":"wp","href":"https:\/\/api.w.org\/{rel}","templated":true}]}}