{"id":74807,"date":"2019-04-25T10:52:12","date_gmt":"2019-04-25T07:52:12","guid":{"rendered":"http:\/\/structure.thememove.com\/?page_id=74807"},"modified":"2023-06-12T11:58:51","modified_gmt":"2023-06-12T08:58:51","slug":"stahlbau-projekt-herstellung-und-montage-rang-steel","status":"publish","type":"page","link":"https:\/\/www.rangsteel.com\/de\/","title":{"rendered":"Startseite"},"content":{"rendered":"<p>[vc_row type=&#8220;full_width&#8220;][vc_column][rev_slider_vc alias=&#8220;homepage-german&#8220;][\/vc_column][\/vc_row][vc_row type=&#8220;full_width&#8220; equal_height=&#8220;yes&#8220;][vc_column width=&#8220;1\/2&#8243; css=&#8220;.vc_custom_1582306280334{padding-top: 100px !important;padding-bottom: 100px !important;padding-left: 20% !important;background-image: url(https:\/\/www.rangsteel.com\/wp-content\/uploads\/2017\/09\/home2017_019.jpg?id=75366) !important;background-position: center !important;background-repeat: no-repeat !important;background-size: cover !important;}&#8220;][vc_custom_heading text=&#8220;<em>Die arbeit<\/em> endet am projekttabelle&#8220; font_container=&#8220;tag:h2|font_size:32|text_align:left|color:%23ffffff&#8220; use_theme_fonts=&#8220;yes&#8220; el_class=&#8220;special&#8220;][vc_column_text el_class=&#8220;leading&#8220; css=&#8220;.vc_custom_1582090079221{padding-bottom: 30px !important;}&#8220;]<\/p>\n<ul style=\"color: #ffffff;\">\n<li>Boutique und schwierige projekte<\/li>\n<li>High Engineering<\/li>\n<li>Qualit\u00e4ts baustahl<\/li>\n<li>Geni\u015f makine park\u0131<\/li>\n<\/ul>\n<p>[\/vc_column_text][vc_btn title=&#8220;Referenzen&#8220; style=&#8220;outline&#8220; shape=&#8220;square&#8220; link=&#8220;url:https%3A%2F%2Fwww.rangsteel.com%2Fde%2Freferenzen%2F|||&#8220;][\/vc_column][vc_column width=&#8220;1\/2&#8243;][vc_row_inner css=&#8220;.vc_custom_1582306752138{padding-top: 140px !important;padding-right: 10% !important;padding-bottom: 140px !important;padding-left: 10% !important;}&#8220;][vc_column_inner width=&#8220;1\/3&#8243;][vc_single_image image=&#8220;75367&#8243; img_size=&#8220;full&#8220; css=&#8220;.vc_custom_1506514850399{margin-bottom: 30px !important;}&#8220;][vc_custom_heading text=&#8220;30.600&#8243; font_container=&#8220;tag:h2|font_size:36|text_align:left|color:%23131e32|line_height:1&#8243; use_theme_fonts=&#8220;yes&#8220; el_class=&#8220;counter&#8220;][vc_custom_heading text=&#8220;Tonne Stahl&#8220; font_container=&#8220;tag:h4|font_size:16|text_align:left|color:%23999999|line_height:1&#8243; use_theme_fonts=&#8220;yes&#8220; el_class=&#8220;fw400&#8243;][\/vc_column_inner][vc_column_inner width=&#8220;1\/3&#8243;][vc_single_image image=&#8220;75368&#8243; img_size=&#8220;full&#8220; css=&#8220;.vc_custom_1506514866703{margin-bottom: 30px !important;}&#8220;][vc_custom_heading text=&#8220;76&#8243; font_container=&#8220;tag:h2|font_size:36|text_align:left|color:%23131e32|line_height:1&#8243; use_theme_fonts=&#8220;yes&#8220; el_class=&#8220;counter&#8220;][vc_custom_heading text=&#8220;Projekt&#8220; font_container=&#8220;tag:h4|font_size:16|text_align:left|color:%23999999|line_height:1&#8243; use_theme_fonts=&#8220;yes&#8220; el_class=&#8220;fw400&#8243;][\/vc_column_inner][vc_column_inner width=&#8220;1\/3&#8243;][vc_single_image image=&#8220;75369&#8243; img_size=&#8220;full&#8220; css=&#8220;.vc_custom_1506514878721{margin-bottom: 30px !important;}&#8220;][vc_custom_heading text=&#8220;36&#8243; font_container=&#8220;tag:h2|font_size:36|text_align:left|color:%23131e32|line_height:1&#8243; use_theme_fonts=&#8220;yes&#8220; el_class=&#8220;counter&#8220;][vc_custom_heading text=&#8220;Personal&#8220; font_container=&#8220;tag:h4|font_size:16|text_align:left|color:%23999999|line_height:1&#8243; use_theme_fonts=&#8220;yes&#8220; el_class=&#8220;fw400&#8243;][\/vc_column_inner][\/vc_row_inner][\/vc_column][\/vc_row][vc_row css=&#8220;.vc_custom_1506515069767{padding-top: 100px !important;padding-bottom: 340px !important;background-image: url(https:\/\/www.rangsteel.com\/wp-content\/uploads\/2017\/09\/home2017_007.jpg?id=75372) !important;background-position: center !important;background-repeat: no-repeat !important;background-size: cover !important;}&#8220; el_class=&#8220;align-center&#8220;][vc_column][vc_custom_heading text=&#8220;RANG STEEL&#8220; font_container=&#8220;tag:h2|font_size:16|text_align:center|color:%23ffc500&#8243; use_theme_fonts=&#8220;yes&#8220;][vc_custom_heading text=&#8220;Unsere Professionellen L\u00f6sungen&#8220; font_container=&#8220;tag:h2|font_size:48|text_align:center|color:%23121e32&#8243; use_theme_fonts=&#8220;yes&#8220; css=&#8220;.vc_custom_1582090151262{padding-bottom: 10px !important;}&#8220;][vc_custom_heading text=&#8220;Die Rang Steel Company setzt ihre Aktivit\u00e4ten in der Zentrale von Be\u015fikta\u015f und in der 1000 m2 gro\u00dfen Fabrik von \u00c7atalca fort. In den Fabriken und auf den Baustellen arbeiten die Ingenieure und Architekten mit hoher Leistung.&#8220; font_container=&#8220;tag:p|text_align:center|color:%23999999&#8243; use_theme_fonts=&#8220;yes&#8220; css=&#8220;.vc_custom_1686560298887{padding-bottom: 50px !important;}&#8220; el_class=&#8220;mw600&#8243;][vc_row_inner][vc_column_inner width=&#8220;1\/3&#8243;][vc_icon icon_fontawesome=&#8220;fa fa-bars&#8220; color=&#8220;white&#8220; background_style=&#8220;boxed&#8220; background_color=&#8220;orange&#8220; size=&#8220;lg&#8220; align=&#8220;center&#8220;][vc_custom_heading text=&#8220;Stahlbau projekt&#8220; font_container=&#8220;tag:h3|text_align:center&#8220; use_theme_fonts=&#8220;yes&#8220; css=&#8220;.vc_custom_1582090171868{padding-bottom: 15px !important;}&#8220;][vc_custom_heading text=&#8220;Unser Unternehmen, das Stahlbauprojekte produziert, bietet statische Berechnungen, architektonische und statische Projekte sowie Zeichnungs- und Beratungsdienstleistungen f\u00fcr alle Arten von Bauarbeiten an.&#8220; font_container=&#8220;tag:p|text_align:center&#8220; use_theme_fonts=&#8220;yes&#8220; css=&#8220;.vc_custom_1582090183499{padding-bottom: 15px !important;}&#8220;][vc_btn title=&#8220;Detaillierte Informationen&#8220; style=&#8220;outline-custom&#8220; outline_custom_color=&#8220;#111111&#8243; outline_custom_hover_background=&#8220;#006899&#8243; outline_custom_hover_text=&#8220;#ffffff&#8220; shape=&#8220;square&#8220; link=&#8220;url:https%3A%2F%2Fwww.rangsteel.com%2Fde%2Fstahlbau-projekt%2F|||&#8220;][\/vc_column_inner][vc_column_inner width=&#8220;1\/3&#8243;][vc_icon icon_fontawesome=&#8220;fa fa-industry&#8220; color=&#8220;white&#8220; background_style=&#8220;boxed&#8220; background_color=&#8220;orange&#8220; size=&#8220;lg&#8220; align=&#8220;center&#8220;][vc_custom_heading text=&#8220;Stahlbau Herstellung&#8220; font_container=&#8220;tag:h3|text_align:center&#8220; use_theme_fonts=&#8220;yes&#8220; css=&#8220;.vc_custom_1582090191325{padding-bottom: 15px !important;}&#8220;][vc_custom_heading text=&#8220;Die richtigen Vorbereitungen, die w\u00e4hrend der Projektphase der Stahlkonstruktion getroffen wurden, und die Rohstoffe, die bei der Herstellung des Stahlbaus gem\u00e4\u00df den Spezifikationen und Normen verwendet werden, bieten Vorteile.&#8220; font_container=&#8220;tag:p|text_align:center&#8220; use_theme_fonts=&#8220;yes&#8220; css=&#8220;.vc_custom_1582090197681{padding-bottom: 15px !important;}&#8220;][vc_btn title=&#8220;Detaillierte Informationen&#8220; style=&#8220;outline-custom&#8220; outline_custom_color=&#8220;#111111&#8243; outline_custom_hover_background=&#8220;#006899&#8243; outline_custom_hover_text=&#8220;#ffffff&#8220; shape=&#8220;square&#8220; link=&#8220;url:https%3A%2F%2Fwww.rangsteel.com%2Fde%2Fstahlbau-herstellung%2F|||&#8220;][\/vc_column_inner][vc_column_inner width=&#8220;1\/3&#8243;][vc_icon icon_fontawesome=&#8220;fa fa-wrench&#8220; color=&#8220;white&#8220; background_style=&#8220;boxed&#8220; background_color=&#8220;orange&#8220; size=&#8220;lg&#8220; align=&#8220;center&#8220;][vc_custom_heading text=&#8220;Stahlbau Anwendung&#8220; font_container=&#8220;tag:h3|text_align:center&#8220; use_theme_fonts=&#8220;yes&#8220; css=&#8220;.vc_custom_1582090207546{padding-bottom: 15px !important;}&#8220;][vc_custom_heading text=&#8220;Rang Steel liefert schl\u00fcsselfertige Bauarbeiten als Hauptauftragnehmer f\u00fcr alle Konstruktions-, Konstruktions-, Fertigungs- und Montageprozesse von Stahlbauprojekten.&#8220; font_container=&#8220;tag:p|text_align:center&#8220; use_theme_fonts=&#8220;yes&#8220; css=&#8220;.vc_custom_1582090214435{padding-bottom: 15px !important;}&#8220;][vc_btn title=&#8220;Detaillierte Informationen&#8220; style=&#8220;outline-custom&#8220; outline_custom_color=&#8220;#111111&#8243; outline_custom_hover_background=&#8220;#006899&#8243; outline_custom_hover_text=&#8220;#ffffff&#8220; shape=&#8220;square&#8220; link=&#8220;url:https%3A%2F%2Fwww.rangsteel.com%2Fde%2Fstahlbau-montage%2F|||&#8220;][\/vc_column_inner][\/vc_row_inner][\/vc_column][\/vc_row]<\/p>","protected":false},"excerpt":{"rendered":"<p>[vc_row type=&#8220;full_width&#8220;][vc_column][rev_slider_vc alias=&#8220;homepage-german&#8220;][\/vc_column][\/vc_row][vc_row type=&#8220;full_width&#8220; equal_height=&#8220;yes&#8220;][vc_column width=&#8220;1\/2&#8243; css=&#8220;.vc_custom_1582306280334{padding-top: 100px !important;padding-bottom: 100px !important;padding-left: 20% !important;background-image: url(https:\/\/www.rangsteel.com\/wp-content\/uploads\/2017\/09\/home2017_019.jpg?id=75366) !important;background-position: center !important;background-repeat: no-repeat !important;background-size: cover !important;}&#8220;][vc_custom_heading text=&#8220;Die arbeit endet am projekttabelle&#8220; font_container=&#8220;tag:h2|font_size:32|text_align:left|color:%23ffffff&#8220; use_theme_fonts=&#8220;yes&#8220; el_class=&#8220;special&#8220;][vc_column_text el_class=&#8220;leading&#8220; css=&#8220;.vc_custom_1582090079221{padding-bottom: 30px !important;}&#8220;] Boutique und schwierige projekte High Engineering Qualit\u00e4ts baustahl Geni\u015f makine park\u0131 [\/vc_column_text][vc_btn title=&#8220;Referenzen&#8220; style=&#8220;outline&#8220; shape=&#8220;square&#8220; link=&#8220;url:https%3A%2F%2Fwww.rangsteel.com%2Fde%2Freferenzen%2F|||&#8220;][\/vc_column][vc_column width=&#8220;1\/2&#8243;][vc_row_inner css=&#8220;.vc_custom_1582306752138{padding-top: 140px !important;padding-right: 10% !important;padding-bottom: [&hellip;]<\/p>\n","protected":false},"author":3,"featured_media":0,"parent":0,"menu_order":0,"comment_status":"closed","ping_status":"closed","template":"","meta":{"footnotes":""},"class_list":["post-74807","page","type-page","status-publish","hentry"],"yoast_head":"<!-- This site is optimized with the Yoast SEO plugin v26.5 - https:\/\/yoast.com\/wordpress\/plugins\/seo\/ -->\n<title>Stahlbaukonstruktion - Stahlbauunternehmen | Rang Steel<\/title>\n<meta name=\"description\" content=\"RANG STEEL f\u00fchrt Stahlkonstruktion sprojekte, Fertigungs und Anwendungsarbeiten im Stahlbau durch.\" \/>\n<meta name=\"robots\" content=\"index, follow, max-snippet:-1, max-image-preview:large, max-video-preview:-1\" \/>\n<link rel=\"canonical\" href=\"https:\/\/www.rangsteel.com\/tr\/\" \/>\n<meta property=\"og:locale\" content=\"de_DE\" \/>\n<meta property=\"og:type\" content=\"article\" \/>\n<meta property=\"og:title\" content=\"[:tr]\u00c7elik Konstr\u00fcksiyon Proje, \u0130malat ve Montaj | Rang Steel[:en]Steel Construction - Steel Construction Company | Rang Steel[:de]Stahlbaukonstruktion - Stahlbauunternehmen | Rang Steel[:ro]Construc\u021bie de o\u021bel - Companie de Construc\u021bii O\u021bel | Rang Steel[:]\" \/>\n<meta property=\"og:description\" content=\"{:tr}RANG STEEL \u00e7elik konstr\u00fcksiyon sekt\u00f6r\u00fcnde \u00e7elik yap\u0131 proje, imalat ve uygulama i\u015fleri yapmaktad\u0131r.{:en}RANG STEEL carries out steel structure project, manufacturing and assembly works in the steel construction industry.{:de}RANG STEEL f\u00fchrt Stahlkonstruktion sprojekte, Fertigungs und Anwendungsarbeiten im Stahlbau durch.{:ro}RANG STEEL desfasoara proiecte de structuri metalice, lucrari de fabricatie si asamblare in industria constructiilor din otel.{:}\" \/>\n<meta property=\"og:url\" content=\"https:\/\/www.rangsteel.com\/tr\/\" \/>\n<meta property=\"og:site_name\" content=\"Rang Steel\" \/>\n<meta property=\"article:modified_time\" content=\"2023-06-12T08:58:51+00:00\" \/>\n<meta name=\"twitter:card\" content=\"summary_large_image\" \/>\n<meta name=\"twitter:label1\" content=\"Gesch\u00e4tzte Lesezeit\" \/>\n\t<meta name=\"twitter:data1\" content=\"3\u00a0Minuten\" \/>\n<script type=\"application\/ld+json\" class=\"yoast-schema-graph\">{\"@context\":\"https:\/\/schema.org\",\"@graph\":[{\"@type\":\"WebPage\",\"@id\":\"https:\/\/www.rangsteel.com\/tr\/\",\"url\":\"https:\/\/www.rangsteel.com\/tr\/\",\"name\":\"[:tr]\u00c7elik Konstr\u00fcksiyon Proje, \u0130malat ve Montaj | Rang Steel[:en]Steel Construction - Steel Construction Company | Rang Steel[:de]Stahlbaukonstruktion - Stahlbauunternehmen | Rang Steel[:ro]Construc\u021bie de o\u021bel - Companie de Construc\u021bii O\u021bel | Rang Steel[:]\",\"isPartOf\":{\"@id\":\"https:\/\/www.rangsteel.com\/tr\/#website\"},\"datePublished\":\"2019-04-25T07:52:12+00:00\",\"dateModified\":\"2023-06-12T08:58:51+00:00\",\"description\":\"{:tr}RANG STEEL \u00e7elik konstr\u00fcksiyon sekt\u00f6r\u00fcnde \u00e7elik yap\u0131 proje, imalat ve uygulama i\u015fleri yapmaktad\u0131r.{:en}RANG STEEL carries out steel structure project, manufacturing and assembly works in the steel construction industry.{:de}RANG STEEL f\u00fchrt Stahlkonstruktion sprojekte, Fertigungs und Anwendungsarbeiten im Stahlbau durch.{:ro}RANG STEEL desfasoara proiecte de structuri metalice, lucrari de fabricatie si asamblare in industria constructiilor din otel.{:}\",\"breadcrumb\":{\"@id\":\"https:\/\/www.rangsteel.com\/tr\/#breadcrumb\"},\"inLanguage\":\"de\",\"potentialAction\":[{\"@type\":\"ReadAction\",\"target\":[\"https:\/\/www.rangsteel.com\/tr\/\"]}]},{\"@type\":\"BreadcrumbList\",\"@id\":\"https:\/\/www.rangsteel.com\/tr\/#breadcrumb\",\"itemListElement\":[{\"@type\":\"ListItem\",\"position\":1,\"name\":\"Ana sayfa\",\"item\":\"https:\/\/www.rangsteel.com\/tr\/\"},{\"@type\":\"ListItem\",\"position\":2,\"name\":\"Anasayfa\"}]},{\"@type\":\"WebSite\",\"@id\":\"https:\/\/www.rangsteel.com\/tr\/#website\",\"url\":\"https:\/\/www.rangsteel.com\/tr\/\",\"name\":\"Rang Steel\",\"description\":\"(Turkish) \u00c7elik Yap\u0131lar \u0130n\u015fa Eder\",\"publisher\":{\"@id\":\"https:\/\/www.rangsteel.com\/tr\/#organization\"},\"potentialAction\":[{\"@type\":\"SearchAction\",\"target\":{\"@type\":\"EntryPoint\",\"urlTemplate\":\"https:\/\/www.rangsteel.com\/tr\/?s={search_term_string}\"},\"query-input\":{\"@type\":\"PropertyValueSpecification\",\"valueRequired\":true,\"valueName\":\"search_term_string\"}}],\"inLanguage\":\"de\"},{\"@type\":\"Organization\",\"@id\":\"https:\/\/www.rangsteel.com\/tr\/#organization\",\"name\":\"Rang Steel\",\"url\":\"https:\/\/www.rangsteel.com\/tr\/\",\"logo\":{\"@type\":\"ImageObject\",\"inLanguage\":\"de\",\"@id\":\"https:\/\/www.rangsteel.com\/tr\/#\/schema\/logo\/image\/\",\"url\":\"\",\"contentUrl\":\"\",\"caption\":\"Rang Steel\"},\"image\":{\"@id\":\"https:\/\/www.rangsteel.com\/tr\/#\/schema\/logo\/image\/\"}}]}<\/script>\n<!-- \/ Yoast SEO plugin. -->","yoast_head_json":{"title":"Stahlbaukonstruktion - Stahlbauunternehmen | Rang Steel","description":"RANG STEEL f\u00fchrt Stahlkonstruktion sprojekte, Fertigungs und Anwendungsarbeiten im Stahlbau durch.","robots":{"index":"index","follow":"follow","max-snippet":"max-snippet:-1","max-image-preview":"max-image-preview:large","max-video-preview":"max-video-preview:-1"},"canonical":"https:\/\/www.rangsteel.com\/tr\/","og_locale":"de_DE","og_type":"article","og_title":"[:tr]\u00c7elik Konstr\u00fcksiyon Proje, \u0130malat ve Montaj | Rang Steel[:en]Steel Construction - Steel Construction Company | Rang Steel[:de]Stahlbaukonstruktion - Stahlbauunternehmen | Rang Steel[:ro]Construc\u021bie de o\u021bel - Companie de Construc\u021bii O\u021bel | Rang Steel[:]","og_description":"{:tr}RANG STEEL \u00e7elik konstr\u00fcksiyon sekt\u00f6r\u00fcnde \u00e7elik yap\u0131 proje, imalat ve uygulama i\u015fleri yapmaktad\u0131r.{:en}RANG STEEL carries out steel structure project, manufacturing and assembly works in the steel construction industry.{:de}RANG STEEL f\u00fchrt Stahlkonstruktion sprojekte, Fertigungs und Anwendungsarbeiten im Stahlbau durch.{:ro}RANG STEEL desfasoara proiecte de structuri metalice, lucrari de fabricatie si asamblare in industria constructiilor din otel.{:}","og_url":"https:\/\/www.rangsteel.com\/tr\/","og_site_name":"Rang Steel","article_modified_time":"2023-06-12T08:58:51+00:00","twitter_card":"summary_large_image","twitter_misc":{"Gesch\u00e4tzte Lesezeit":"3\u00a0Minuten"},"schema":{"@context":"https:\/\/schema.org","@graph":[{"@type":"WebPage","@id":"https:\/\/www.rangsteel.com\/tr\/","url":"https:\/\/www.rangsteel.com\/tr\/","name":"[:tr]\u00c7elik Konstr\u00fcksiyon Proje, \u0130malat ve Montaj | Rang Steel[:en]Steel Construction - Steel Construction Company | Rang Steel[:de]Stahlbaukonstruktion - Stahlbauunternehmen | Rang Steel[:ro]Construc\u021bie de o\u021bel - Companie de Construc\u021bii O\u021bel | Rang Steel[:]","isPartOf":{"@id":"https:\/\/www.rangsteel.com\/tr\/#website"},"datePublished":"2019-04-25T07:52:12+00:00","dateModified":"2023-06-12T08:58:51+00:00","description":"{:tr}RANG STEEL \u00e7elik konstr\u00fcksiyon sekt\u00f6r\u00fcnde \u00e7elik yap\u0131 proje, imalat ve uygulama i\u015fleri yapmaktad\u0131r.{:en}RANG STEEL carries out steel structure project, manufacturing and assembly works in the steel construction industry.{:de}RANG STEEL f\u00fchrt Stahlkonstruktion sprojekte, Fertigungs und Anwendungsarbeiten im Stahlbau durch.{:ro}RANG STEEL desfasoara proiecte de structuri metalice, lucrari de fabricatie si asamblare in industria constructiilor din otel.{:}","breadcrumb":{"@id":"https:\/\/www.rangsteel.com\/tr\/#breadcrumb"},"inLanguage":"de","potentialAction":[{"@type":"ReadAction","target":["https:\/\/www.rangsteel.com\/tr\/"]}]},{"@type":"BreadcrumbList","@id":"https:\/\/www.rangsteel.com\/tr\/#breadcrumb","itemListElement":[{"@type":"ListItem","position":1,"name":"Ana sayfa","item":"https:\/\/www.rangsteel.com\/tr\/"},{"@type":"ListItem","position":2,"name":"Anasayfa"}]},{"@type":"WebSite","@id":"https:\/\/www.rangsteel.com\/tr\/#website","url":"https:\/\/www.rangsteel.com\/tr\/","name":"Rang Steel","description":"(Turkish) \u00c7elik Yap\u0131lar \u0130n\u015fa Eder","publisher":{"@id":"https:\/\/www.rangsteel.com\/tr\/#organization"},"potentialAction":[{"@type":"SearchAction","target":{"@type":"EntryPoint","urlTemplate":"https:\/\/www.rangsteel.com\/tr\/?s={search_term_string}"},"query-input":{"@type":"PropertyValueSpecification","valueRequired":true,"valueName":"search_term_string"}}],"inLanguage":"de"},{"@type":"Organization","@id":"https:\/\/www.rangsteel.com\/tr\/#organization","name":"Rang Steel","url":"https:\/\/www.rangsteel.com\/tr\/","logo":{"@type":"ImageObject","inLanguage":"de","@id":"https:\/\/www.rangsteel.com\/tr\/#\/schema\/logo\/image\/","url":"","contentUrl":"","caption":"Rang Steel"},"image":{"@id":"https:\/\/www.rangsteel.com\/tr\/#\/schema\/logo\/image\/"}}]}},"_links":{"self":[{"href":"https:\/\/www.rangsteel.com\/de\/wp-json\/wp\/v2\/pages\/74807","targetHints":{"allow":["GET"]}}],"collection":[{"href":"https:\/\/www.rangsteel.com\/de\/wp-json\/wp\/v2\/pages"}],"about":[{"href":"https:\/\/www.rangsteel.com\/de\/wp-json\/wp\/v2\/types\/page"}],"author":[{"embeddable":true,"href":"https:\/\/www.rangsteel.com\/de\/wp-json\/wp\/v2\/users\/3"}],"replies":[{"embeddable":true,"href":"https:\/\/www.rangsteel.com\/de\/wp-json\/wp\/v2\/comments?post=74807"}],"version-history":[{"count":4,"href":"https:\/\/www.rangsteel.com\/de\/wp-json\/wp\/v2\/pages\/74807\/revisions"}],"predecessor-version":[{"id":75726,"href":"https:\/\/www.rangsteel.com\/de\/wp-json\/wp\/v2\/pages\/74807\/revisions\/75726"}],"wp:attachment":[{"href":"https:\/\/www.rangsteel.com\/de\/wp-json\/wp\/v2\/media?parent=74807"}],"curies":[{"name":"wp","href":"https:\/\/api.w.org\/{rel}","templated":true}]}}