{"id":75667,"date":"2021-03-07T13:56:41","date_gmt":"2021-03-07T10:56:41","guid":{"rendered":"https:\/\/www.rangsteel.com\/tr\/?page_id=75667"},"modified":"2021-03-07T14:26:23","modified_gmt":"2021-03-07T11:26:23","slug":"english-landwirtschaftliche-hallen","status":"publish","type":"page","link":"https:\/\/www.rangsteel.com\/de\/landwirtschaftliche-hallen\/","title":{"rendered":"Landwirtschaftliche Hallen"},"content":{"rendered":"<p>[vc_row css=&#8220;.vc_custom_1433128547929{margin-bottom: 50px !important;}&#8220;][vc_column][vc_custom_heading text=&#8220;Stahlbau Landwirtschaftliche Hallen&#8220; font_container=&#8220;tag:h1|font_size:20|text_align:left&#8220; use_theme_fonts=&#8220;yes&#8220; el_class=&#8220;heading-title-3&#8243;][vc_column_text]<\/p>\n<h3><strong>Ihre ma\u00dfgeschneiderte Schl\u00fcsselfertige Stahlhallen Landwirtschaft<\/strong><\/h3>\n<p>Wir bauen \u00f6konomische <strong>stahlhallen f\u00fcr die landwirtschaft. <\/strong><\/p>\n<p>F\u00fcr den Bau von <strong>landwirtschaftliche Hallen<\/strong> verwenden wir Stahl- und Ausbau-Komponenten, die Ihren spezifischen Anforderungen voll entsprechen. Es bietet zu jeder Jahreszeit die besten Bedingungen f\u00fcr den Komfort und die Produktivit\u00e4t der Tiere. Wir Bauen energieeffiziente und langlebige landwirtschaftliche hallen.[\/vc_column_text][vc_empty_space][vc_single_image image=&#8220;75673&#8243; img_size=&#8220;full&#8220;][\/vc_column][\/vc_row][vc_row css=&#8220;.vc_custom_1433128547929{margin-bottom: 50px !important;}&#8220;][vc_column][vc_empty_space][vc_custom_heading text=&#8220;Stahlhallen f\u00fcr Landwirtschaft&#8220; font_container=&#8220;tag:h2|font_size:20|text_align:left&#8220; use_theme_fonts=&#8220;yes&#8220; el_class=&#8220;heading-title-3&#8243;][vc_column_text]Stahlhallen f\u00fcr die Landwirtschaft k\u00f6nnen zu unterschiedlichen Zwecken eingesetzt werden. Wir eine breite Palette an Zubeh\u00f6r an landwirtschaftlichen Sektor Anwendung findet.<strong> Stahlhallen Landwirtschaft:<\/strong><\/p>\n<ul>\n<li>Maschinenhallen<\/li>\n<li>Reithallen<\/li>\n<li>Stallungen<\/li>\n<li>Lagerhallen<\/li>\n<li>Unterstellhalle<\/li>\n<li>Fahrzeughallen<\/li>\n<li>Getreidehallen<\/li>\n<li>Kartoffelhallen<\/li>\n<li>Pultdachhallen<\/li>\n<li>Satteldachhallen<\/li>\n<li>Sch\u00fcttguthalle<\/li>\n<li>Wolf Hallen<\/li>\n<\/ul>\n<p>Auch \u00fcbernehmen wir gesamte Projektleitung im landwirtschaft Hallenbau. Von der Planung, Design, Fertigung- und Statikleistungen, <span style=\"color: #d4285a;\"><a style=\"color: #d4285a;\" href=\"https:\/\/www.rangsteel.com\/de\/stahlbau-montage\/\"><strong>Stahlbau Montage<\/strong><\/a><\/span> produzieren wir Ihre Stahlhalle nach Ihren individuellen Vorgaben und W\u00fcnschen.<\/p>\n<p>Planen Sie f\u00fcr Ihre Zwecke eine neue landwirtschaftliche Halle ein, nehmen Sie bitte mit uns <a href=\"https:\/\/www.rangsteel.com\/de\/kommunikation\/\"><span style=\"color: #d4285a;\"><strong><u>Kontakt<\/u> <\/strong><\/span><\/a>auf. Wir werden Ihnen innerhalb k\u00fcrzester Zeit ein kostenfreies Angebot mit g\u00fcnstigsten Preisen zusenden.[\/vc_column_text][\/vc_column][\/vc_row][vc_row background_color=&#8220;#fdc502&#8243; el_class=&#8220;intro5&#8243; css=&#8220;.vc_custom_1585340078862{margin-top: 50px !important;background-color: #f7b200 !important;}&#8220;][vc_column width=&#8220;3\/4&#8243; css=&#8220;.vc_custom_1585340229771{padding-top: 0px !important;padding-bottom: 0px !important;background-color: #fdc502 !important;}&#8220;][vc_custom_heading text=&#8220;Bitte kontaktieren Sie uns, um weitere Informationen zu erhalten.&#8220; font_container=&#8220;tag:h2|font_size:20|text_align:left|color:%23ffffff&#8220; use_theme_fonts=&#8220;yes&#8220;][\/vc_column][vc_column width=&#8220;1\/4&#8243;][vc_btn title=&#8220;Informationen Anfordern&#8220; style=&#8220;custom&#8220; custom_text=&#8220;#ffffff&#8220; link=&#8220;url:https%3A%2F%2Fwww.rangsteel.com%2Fde%2Fkommunikation%2F|||&#8220;][\/vc_column][\/vc_row]<\/p>","protected":false},"excerpt":{"rendered":"<p>[vc_row css=&#8220;.vc_custom_1433128547929{margin-bottom: 50px !important;}&#8220;][vc_column][vc_custom_heading text=&#8220;Stahlbau Landwirtschaftliche Hallen&#8220; font_container=&#8220;tag:h1|font_size:20|text_align:left&#8220; use_theme_fonts=&#8220;yes&#8220; el_class=&#8220;heading-title-3&#8243;][vc_column_text] Ihre ma\u00dfgeschneiderte Schl\u00fcsselfertige Stahlhallen Landwirtschaft Wir bauen \u00f6konomische stahlhallen f\u00fcr die landwirtschaft. F\u00fcr den Bau von landwirtschaftliche Hallen verwenden wir Stahl- und Ausbau-Komponenten, die Ihren spezifischen Anforderungen voll entsprechen. Es bietet zu jeder Jahreszeit die besten Bedingungen f\u00fcr den Komfort und die Produktivit\u00e4t der Tiere. [&hellip;]<\/p>\n","protected":false},"author":3,"featured_media":0,"parent":0,"menu_order":0,"comment_status":"closed","ping_status":"closed","template":"","meta":{"footnotes":""},"class_list":["post-75667","page","type-page","status-publish","hentry"],"yoast_head":"<!-- This site is optimized with the Yoast SEO plugin v26.5 - https:\/\/yoast.com\/wordpress\/plugins\/seo\/ -->\n<title>Stahlbau Landwirtschaftliche Hallen - Stahlhallen f\u00fcr Landwirtschaft | RANGSTEEL<\/title>\n<meta name=\"description\" content=\"Wir Bauen energieeffiziente und langlebige Landwirtschaftliche Hallen. Wir bauen \u00f6konomische Stahlhallen f\u00fcr die Landwirtschaft.\" \/>\n<meta name=\"robots\" content=\"index, follow, max-snippet:-1, max-image-preview:large, max-video-preview:-1\" \/>\n<link rel=\"canonical\" href=\"https:\/\/www.rangsteel.com\/de\/landwirtschaftliche-hallen\/\" \/>\n<meta property=\"og:locale\" content=\"de_DE\" \/>\n<meta property=\"og:type\" content=\"article\" \/>\n<meta property=\"og:title\" content=\"Stahlbau Landwirtschaftliche Hallen - Stahlhallen f\u00fcr Landwirtschaft | RANGSTEEL\" \/>\n<meta property=\"og:description\" content=\"Wir Bauen energieeffiziente und langlebige Landwirtschaftliche Hallen. Wir bauen \u00f6konomische Stahlhallen f\u00fcr die Landwirtschaft.\" \/>\n<meta property=\"og:url\" content=\"https:\/\/www.rangsteel.com\/de\/landwirtschaftliche-hallen\/\" \/>\n<meta property=\"og:site_name\" content=\"Rang Steel\" \/>\n<meta property=\"article:modified_time\" content=\"2021-03-07T11:26:23+00:00\" \/>\n<meta name=\"twitter:card\" content=\"summary_large_image\" \/>\n<meta name=\"twitter:label1\" content=\"Gesch\u00e4tzte Lesezeit\" \/>\n\t<meta name=\"twitter:data1\" content=\"1\u00a0Minute\" \/>\n<script type=\"application\/ld+json\" class=\"yoast-schema-graph\">{\"@context\":\"https:\/\/schema.org\",\"@graph\":[{\"@type\":\"WebPage\",\"@id\":\"https:\/\/www.rangsteel.com\/de\/landwirtschaftliche-hallen\/\",\"url\":\"https:\/\/www.rangsteel.com\/de\/landwirtschaftliche-hallen\/\",\"name\":\"Stahlbau Landwirtschaftliche Hallen - Stahlhallen f\u00fcr Landwirtschaft | RANGSTEEL\",\"isPartOf\":{\"@id\":\"https:\/\/www.rangsteel.com\/tr\/#website\"},\"datePublished\":\"2021-03-07T10:56:41+00:00\",\"dateModified\":\"2021-03-07T11:26:23+00:00\",\"description\":\"Wir Bauen energieeffiziente und langlebige Landwirtschaftliche Hallen. Wir bauen \u00f6konomische Stahlhallen f\u00fcr die Landwirtschaft.\",\"breadcrumb\":{\"@id\":\"https:\/\/www.rangsteel.com\/de\/landwirtschaftliche-hallen\/#breadcrumb\"},\"inLanguage\":\"de\",\"potentialAction\":[{\"@type\":\"ReadAction\",\"target\":[\"https:\/\/www.rangsteel.com\/de\/landwirtschaftliche-hallen\/\"]}]},{\"@type\":\"BreadcrumbList\",\"@id\":\"https:\/\/www.rangsteel.com\/de\/landwirtschaftliche-hallen\/#breadcrumb\",\"itemListElement\":[{\"@type\":\"ListItem\",\"position\":1,\"name\":\"Ana sayfa\",\"item\":\"https:\/\/www.rangsteel.com\/tr\/\"},{\"@type\":\"ListItem\",\"position\":2,\"name\":\"Landwirtschaftliche Hallen\"}]},{\"@type\":\"WebSite\",\"@id\":\"https:\/\/www.rangsteel.com\/tr\/#website\",\"url\":\"https:\/\/www.rangsteel.com\/tr\/\",\"name\":\"Rang Steel\",\"description\":\"(Turkish) \u00c7elik Yap\u0131lar \u0130n\u015fa Eder\",\"publisher\":{\"@id\":\"https:\/\/www.rangsteel.com\/tr\/#organization\"},\"potentialAction\":[{\"@type\":\"SearchAction\",\"target\":{\"@type\":\"EntryPoint\",\"urlTemplate\":\"https:\/\/www.rangsteel.com\/tr\/?s={search_term_string}\"},\"query-input\":{\"@type\":\"PropertyValueSpecification\",\"valueRequired\":true,\"valueName\":\"search_term_string\"}}],\"inLanguage\":\"de\"},{\"@type\":\"Organization\",\"@id\":\"https:\/\/www.rangsteel.com\/tr\/#organization\",\"name\":\"Rang Steel\",\"url\":\"https:\/\/www.rangsteel.com\/tr\/\",\"logo\":{\"@type\":\"ImageObject\",\"inLanguage\":\"de\",\"@id\":\"https:\/\/www.rangsteel.com\/tr\/#\/schema\/logo\/image\/\",\"url\":\"\",\"contentUrl\":\"\",\"caption\":\"Rang Steel\"},\"image\":{\"@id\":\"https:\/\/www.rangsteel.com\/tr\/#\/schema\/logo\/image\/\"}}]}<\/script>\n<!-- \/ Yoast SEO plugin. -->","yoast_head_json":{"title":"Stahlbau Landwirtschaftliche Hallen - Stahlhallen f\u00fcr Landwirtschaft | RANGSTEEL","description":"Wir Bauen energieeffiziente und langlebige Landwirtschaftliche Hallen. Wir bauen \u00f6konomische Stahlhallen f\u00fcr die Landwirtschaft.","robots":{"index":"index","follow":"follow","max-snippet":"max-snippet:-1","max-image-preview":"max-image-preview:large","max-video-preview":"max-video-preview:-1"},"canonical":"https:\/\/www.rangsteel.com\/de\/landwirtschaftliche-hallen\/","og_locale":"de_DE","og_type":"article","og_title":"Stahlbau Landwirtschaftliche Hallen - Stahlhallen f\u00fcr Landwirtschaft | RANGSTEEL","og_description":"Wir Bauen energieeffiziente und langlebige Landwirtschaftliche Hallen. Wir bauen \u00f6konomische Stahlhallen f\u00fcr die Landwirtschaft.","og_url":"https:\/\/www.rangsteel.com\/de\/landwirtschaftliche-hallen\/","og_site_name":"Rang Steel","article_modified_time":"2021-03-07T11:26:23+00:00","twitter_card":"summary_large_image","twitter_misc":{"Gesch\u00e4tzte Lesezeit":"1\u00a0Minute"},"schema":{"@context":"https:\/\/schema.org","@graph":[{"@type":"WebPage","@id":"https:\/\/www.rangsteel.com\/de\/landwirtschaftliche-hallen\/","url":"https:\/\/www.rangsteel.com\/de\/landwirtschaftliche-hallen\/","name":"Stahlbau Landwirtschaftliche Hallen - Stahlhallen f\u00fcr Landwirtschaft | RANGSTEEL","isPartOf":{"@id":"https:\/\/www.rangsteel.com\/tr\/#website"},"datePublished":"2021-03-07T10:56:41+00:00","dateModified":"2021-03-07T11:26:23+00:00","description":"Wir Bauen energieeffiziente und langlebige Landwirtschaftliche Hallen. Wir bauen \u00f6konomische Stahlhallen f\u00fcr die Landwirtschaft.","breadcrumb":{"@id":"https:\/\/www.rangsteel.com\/de\/landwirtschaftliche-hallen\/#breadcrumb"},"inLanguage":"de","potentialAction":[{"@type":"ReadAction","target":["https:\/\/www.rangsteel.com\/de\/landwirtschaftliche-hallen\/"]}]},{"@type":"BreadcrumbList","@id":"https:\/\/www.rangsteel.com\/de\/landwirtschaftliche-hallen\/#breadcrumb","itemListElement":[{"@type":"ListItem","position":1,"name":"Ana sayfa","item":"https:\/\/www.rangsteel.com\/tr\/"},{"@type":"ListItem","position":2,"name":"Landwirtschaftliche Hallen"}]},{"@type":"WebSite","@id":"https:\/\/www.rangsteel.com\/tr\/#website","url":"https:\/\/www.rangsteel.com\/tr\/","name":"Rang Steel","description":"(Turkish) \u00c7elik Yap\u0131lar \u0130n\u015fa Eder","publisher":{"@id":"https:\/\/www.rangsteel.com\/tr\/#organization"},"potentialAction":[{"@type":"SearchAction","target":{"@type":"EntryPoint","urlTemplate":"https:\/\/www.rangsteel.com\/tr\/?s={search_term_string}"},"query-input":{"@type":"PropertyValueSpecification","valueRequired":true,"valueName":"search_term_string"}}],"inLanguage":"de"},{"@type":"Organization","@id":"https:\/\/www.rangsteel.com\/tr\/#organization","name":"Rang Steel","url":"https:\/\/www.rangsteel.com\/tr\/","logo":{"@type":"ImageObject","inLanguage":"de","@id":"https:\/\/www.rangsteel.com\/tr\/#\/schema\/logo\/image\/","url":"","contentUrl":"","caption":"Rang Steel"},"image":{"@id":"https:\/\/www.rangsteel.com\/tr\/#\/schema\/logo\/image\/"}}]}},"_links":{"self":[{"href":"https:\/\/www.rangsteel.com\/de\/wp-json\/wp\/v2\/pages\/75667","targetHints":{"allow":["GET"]}}],"collection":[{"href":"https:\/\/www.rangsteel.com\/de\/wp-json\/wp\/v2\/pages"}],"about":[{"href":"https:\/\/www.rangsteel.com\/de\/wp-json\/wp\/v2\/types\/page"}],"author":[{"embeddable":true,"href":"https:\/\/www.rangsteel.com\/de\/wp-json\/wp\/v2\/users\/3"}],"replies":[{"embeddable":true,"href":"https:\/\/www.rangsteel.com\/de\/wp-json\/wp\/v2\/comments?post=75667"}],"version-history":[{"count":8,"href":"https:\/\/www.rangsteel.com\/de\/wp-json\/wp\/v2\/pages\/75667\/revisions"}],"predecessor-version":[{"id":75680,"href":"https:\/\/www.rangsteel.com\/de\/wp-json\/wp\/v2\/pages\/75667\/revisions\/75680"}],"wp:attachment":[{"href":"https:\/\/www.rangsteel.com\/de\/wp-json\/wp\/v2\/media?parent=75667"}],"curies":[{"name":"wp","href":"https:\/\/api.w.org\/{rel}","templated":true}]}}