{"id":75682,"date":"2021-03-10T19:23:38","date_gmt":"2021-03-10T16:23:38","guid":{"rendered":"https:\/\/www.rangsteel.com\/tr\/?page_id=75682"},"modified":"2021-03-10T19:24:48","modified_gmt":"2021-03-10T16:24:48","slug":"deutsch-stahlhallen","status":"publish","type":"page","link":"https:\/\/www.rangsteel.com\/de\/stahlhallen\/","title":{"rendered":"Stahlhallen"},"content":{"rendered":"<p>[vc_row css=&#8220;.vc_custom_1433128547929{margin-bottom: 50px !important;}&#8220;][vc_column][vc_custom_heading text=&#8220;Stahlhallen&#8220; font_container=&#8220;tag:h1|font_size:20|text_align:left&#8220; use_theme_fonts=&#8220;yes&#8220; el_class=&#8220;heading-title-3&#8243;][vc_column_text]<strong>Ob individuelle Spezialhalle oder kostengu\u0308nstige Systemhalle, Wir produzieren Stahlhallen an Ihre W\u00fcnsche angepasst.<\/strong><\/p>\n<p>Die <strong>RANGSTEEL<\/strong> ist Ihr Partner, wenn es um Stahlhallenbau geht. Stahl l\u00e4sst sich hervorragend verarbeiten, ver\u00e4ndert seine Eigenschaften durch Legierungen. Stahl absolut nachhaltig ist, da es unbegrenzt recyclebar ist.<\/p>\n<p>Stahl bietet f\u00fcr die Verwendung im Bau diverse M\u00f6glichkeiten in der Konstruktion sowie der Gestaltung.<\/p>\n<p>Also, dass Stahl im Bauwesen dauerhaft gefragt ist!<\/p>\n<p><strong>Vorteile von Stahlhallen<\/strong>:<\/p>\n<ul>\n<li>Kosteneffizient<\/li>\n<li>Maximum an Flexibilit\u00e4t<\/li>\n<li>Innovative und Modernes Design<\/li>\n<li>Fr\u00fche Nutzung durch kurze Bauzeit<\/li>\n<li>Recyclebar<\/li>\n<li>Individuelle Anpassung an pers\u00f6nliche Bed\u00fcrfnisse<\/li>\n<li>Industrielle Qualit\u00e4tssicherung<\/li>\n<li>Geeignet f\u00fcr alle Arten von Hallen<\/li>\n<\/ul>\n<p>Die Einsatzbereiche f\u00fcr Stahlhallen sind unbegrenzt.<\/p>\n<p>Ob als logistikhalle, gewerbehalle, Lagerhalle, Produktionshalle oder landwirtschaftliche halle: Wir realisieren Ihre Stahlhallenbau individuell nach Ihren W\u00fcnschen.<\/p>\n<p>Aufgrund ihrer Robustheit sind stahlhallenbauer <strong>RANGSTEEL<\/strong> Stahlhallen ideal.<\/p>\n<p>Ist das Ger\u00fcst der Stahlhallen komplett aus Stahl. \u00a0Die Dachform Ihrer Stahlhalle richtet sich nach Ihren Anforderungen. Sie haben die Wahl zwischen einem Satteldach, Flachd\u00e4cher oder Pultdach. Die Lieferzeit der Stahlhalle betr\u00e4gt ca. 8 bis 12 Wochen.[\/vc_column_text][vc_empty_space][vc_single_image image=&#8220;75683&#8243; img_size=&#8220;full&#8220;][\/vc_column][\/vc_row][vc_row css=&#8220;.vc_custom_1433128547929{margin-bottom: 50px !important;}&#8220;][vc_column][vc_empty_space][vc_custom_heading text=&#8220;Sie ben\u00f6tigen eine Halle?&#8220; font_container=&#8220;tag:h2|font_size:20|text_align:left&#8220; use_theme_fonts=&#8220;yes&#8220; el_class=&#8220;heading-title-3&#8243;][vc_column_text]Vertrauen Sie in unsere Kompetenz. Wir widmen uns schon mehr als 16 Jahre der Herstellung Stahlkonstruktionen.<\/p>\n<p>Unser Team ist bereits seit vielen Jahren im Stahlbau t\u00e4tig und Unser gro\u00dfes Netzwerk an Lieferanten, Montageteams, Architekten, Planern und Partnern erm\u00f6glicht uns die Realisierung von Hallen jeglicher Gr\u00f6\u00dfe und Ausf\u00fchrung.<\/p>\n<p>Unsere ma\u00dfgeschneiderten Stahlhallen sind f\u00fcr nahezu jeden Einsatzzweck geeignet.<\/p>\n<p>Stahlhallen \u00fcberall einsetzbar.<strong> Wir implementieren Projekte wie:<\/strong><\/p>\n<ul>\n<li>Lagerhalle<\/li>\n<li>Verkaufshallen<\/li>\n<li>Autosalons und Services<\/li>\n<li>Sporthallen<\/li>\n<li>Produktionshallen<\/li>\n<li>Verwaltungshallen<\/li>\n<li>Reithallen<\/li>\n<li>Pferdest\u00e4lle<\/li>\n<li>Reitanlagen<\/li>\n<li>B\u00fcrogeb\u00e4ude<\/li>\n<li>Werfthallen<\/li>\n<li>Flugzeughangars<\/li>\n<li>Werkstatthallen<\/li>\n<li>Ausstellungshallen<\/li>\n<li>B\u00fchnenbau<\/li>\n<li>Gewerbehallen<\/li>\n<li>Kleine gewerbehalle<\/li>\n<li>Gewerbehalle mit b\u00fcro<\/li>\n<li>Stahl lagerhallen<\/li>\n<li>Gro\u00dfe lagerhalle<\/li>\n<li>Kleine lagerhalle<\/li>\n<li>Industriehallen<\/li>\n<li>Logistikhalle<\/li>\n<li><a href=\"https:\/\/www.rangsteel.com\/de\/landwirtschaftliche-hallen\/\"><span style=\"color: #d4285a;\">Landwirtschaftshallen<\/span><\/a><\/li>\n<li>Seilbahnstationen<\/li>\n<\/ul>\n<p>Wir entwerfen, produzieren und montieren Stahlkonstruktionen f\u00fcr ein breites Spektrum von Anwendungen.<\/p>\n<p>Wir unterst\u00fctzen Sie mit unseren Ideen, das Raumangebot Ihrer Stahl Hallenbau effektiver zu nutzen. Alles wird speziell auf Ihren Bedarf abgestimmt.[\/vc_column_text][vc_empty_space][vc_custom_heading text=&#8220;Stahlhallenbau Kosten&#8220; font_container=&#8220;tag:h3|font_size:20|text_align:left&#8220; use_theme_fonts=&#8220;yes&#8220; el_class=&#8220;heading-title-3&#8243;][vc_column_text]Der Stahlhallenbau erm\u00f6glicht es, innerhalb kurzer Zeit Geb\u00e4ude mit langer Lebensdauer zu g\u00fcnstigen Kosten zu erreichen.<\/p>\n<p>Stahlhallen deutlich g\u00fcnstiger und verf\u00fcgen \u00fcber eine wesentlich geringer Bauzeit als solche aus Beton.<\/p>\n<p>Wir sind Ihr partner f\u00fcr ihren modernen Stahlhallenbau sowie Bauplanung zum Festpreis.<\/p>\n<p>&nbsp;<\/p>\n<p>Wenn du irgendwelche Fragen hast, nehmen Sie bitte mit uns <a href=\"https:\/\/www.rangsteel.com\/de\/kommunikation\/\"><span style=\"color: #d4285a;\"><u>Kontakt<\/u><\/span><\/a> auf. Wir werden Ihnen innerhalb k\u00fcrzester Zeit ein kostenfreies Angebot mit g\u00fcnstigsten Preisen zusenden. Wir freuen uns auf die Zusammenarbeit mit Ihnen![\/vc_column_text][\/vc_column][\/vc_row][vc_row background_color=&#8220;#fdc502&#8243; el_class=&#8220;intro5&#8243; css=&#8220;.vc_custom_1585340078862{margin-top: 50px !important;background-color: #f7b200 !important;}&#8220;][vc_column width=&#8220;3\/4&#8243; css=&#8220;.vc_custom_1585340229771{padding-top: 0px !important;padding-bottom: 0px !important;background-color: #fdc502 !important;}&#8220;][vc_custom_heading text=&#8220;Bitte kontaktieren Sie uns, um weitere Informationen zu erhalten.&#8220; font_container=&#8220;tag:h2|font_size:20|text_align:left|color:%23ffffff&#8220; use_theme_fonts=&#8220;yes&#8220;][\/vc_column][vc_column width=&#8220;1\/4&#8243;][vc_btn title=&#8220;Informationen Anfordern&#8220; style=&#8220;custom&#8220; custom_text=&#8220;#ffffff&#8220; link=&#8220;url:https%3A%2F%2Fwww.rangsteel.com%2Fde%2Fkommunikation%2F|||&#8220;][\/vc_column][\/vc_row]<\/p>","protected":false},"excerpt":{"rendered":"<p>[vc_row css=&#8220;.vc_custom_1433128547929{margin-bottom: 50px !important;}&#8220;][vc_column][vc_custom_heading text=&#8220;Stahlhallen&#8220; font_container=&#8220;tag:h1|font_size:20|text_align:left&#8220; use_theme_fonts=&#8220;yes&#8220; el_class=&#8220;heading-title-3&#8243;][vc_column_text]Ob individuelle Spezialhalle oder kostengu\u0308nstige Systemhalle, Wir produzieren Stahlhallen an Ihre W\u00fcnsche angepasst. Die RANGSTEEL ist Ihr Partner, wenn es um Stahlhallenbau geht. Stahl l\u00e4sst sich hervorragend verarbeiten, ver\u00e4ndert seine Eigenschaften durch Legierungen. Stahl absolut nachhaltig ist, da es unbegrenzt recyclebar ist. Stahl bietet f\u00fcr die Verwendung im [&hellip;]<\/p>\n","protected":false},"author":3,"featured_media":0,"parent":0,"menu_order":0,"comment_status":"closed","ping_status":"closed","template":"","meta":{"footnotes":""},"class_list":["post-75682","page","type-page","status-publish","hentry"],"yoast_head":"<!-- This site is optimized with the Yoast SEO plugin v26.5 - https:\/\/yoast.com\/wordpress\/plugins\/seo\/ -->\n<title>Stahlhallen - Stahlhallenbauer | Rang Steel<\/title>\n<meta name=\"description\" content=\"Ob individuelle Spezialhalle oder kostengu\u0308nstige Systemhalle, Wir produzieren Stahlhallen an Ihre W\u00fcnsche angepasst.\" \/>\n<meta name=\"robots\" content=\"index, follow, max-snippet:-1, max-image-preview:large, max-video-preview:-1\" \/>\n<link rel=\"canonical\" href=\"https:\/\/www.rangsteel.com\/de\/stahlhallen\/\" \/>\n<meta property=\"og:locale\" content=\"de_DE\" \/>\n<meta property=\"og:type\" content=\"article\" \/>\n<meta property=\"og:title\" content=\"Stahlhallen - Stahlhallenbauer | Rang Steel\" \/>\n<meta property=\"og:description\" content=\"Ob individuelle Spezialhalle oder kostengu\u0308nstige Systemhalle, Wir produzieren Stahlhallen an Ihre W\u00fcnsche angepasst.\" \/>\n<meta property=\"og:url\" content=\"https:\/\/www.rangsteel.com\/de\/stahlhallen\/\" \/>\n<meta property=\"og:site_name\" content=\"Rang Steel\" \/>\n<meta property=\"article:modified_time\" content=\"2021-03-10T16:24:48+00:00\" \/>\n<meta name=\"twitter:card\" content=\"summary_large_image\" \/>\n<meta name=\"twitter:label1\" content=\"Gesch\u00e4tzte Lesezeit\" \/>\n\t<meta name=\"twitter:data1\" content=\"2\u00a0Minuten\" \/>\n<script type=\"application\/ld+json\" class=\"yoast-schema-graph\">{\"@context\":\"https:\/\/schema.org\",\"@graph\":[{\"@type\":\"WebPage\",\"@id\":\"https:\/\/www.rangsteel.com\/de\/stahlhallen\/\",\"url\":\"https:\/\/www.rangsteel.com\/de\/stahlhallen\/\",\"name\":\"Stahlhallen - Stahlhallenbauer | Rang Steel\",\"isPartOf\":{\"@id\":\"https:\/\/www.rangsteel.com\/tr\/#website\"},\"datePublished\":\"2021-03-10T16:23:38+00:00\",\"dateModified\":\"2021-03-10T16:24:48+00:00\",\"description\":\"Ob individuelle Spezialhalle oder kostengu\u0308nstige Systemhalle, Wir produzieren Stahlhallen an Ihre W\u00fcnsche angepasst.\",\"breadcrumb\":{\"@id\":\"https:\/\/www.rangsteel.com\/de\/stahlhallen\/#breadcrumb\"},\"inLanguage\":\"de\",\"potentialAction\":[{\"@type\":\"ReadAction\",\"target\":[\"https:\/\/www.rangsteel.com\/de\/stahlhallen\/\"]}]},{\"@type\":\"BreadcrumbList\",\"@id\":\"https:\/\/www.rangsteel.com\/de\/stahlhallen\/#breadcrumb\",\"itemListElement\":[{\"@type\":\"ListItem\",\"position\":1,\"name\":\"Ana sayfa\",\"item\":\"https:\/\/www.rangsteel.com\/tr\/\"},{\"@type\":\"ListItem\",\"position\":2,\"name\":\"Stahlhallen\"}]},{\"@type\":\"WebSite\",\"@id\":\"https:\/\/www.rangsteel.com\/tr\/#website\",\"url\":\"https:\/\/www.rangsteel.com\/tr\/\",\"name\":\"Rang Steel\",\"description\":\"(Turkish) \u00c7elik Yap\u0131lar \u0130n\u015fa Eder\",\"publisher\":{\"@id\":\"https:\/\/www.rangsteel.com\/tr\/#organization\"},\"potentialAction\":[{\"@type\":\"SearchAction\",\"target\":{\"@type\":\"EntryPoint\",\"urlTemplate\":\"https:\/\/www.rangsteel.com\/tr\/?s={search_term_string}\"},\"query-input\":{\"@type\":\"PropertyValueSpecification\",\"valueRequired\":true,\"valueName\":\"search_term_string\"}}],\"inLanguage\":\"de\"},{\"@type\":\"Organization\",\"@id\":\"https:\/\/www.rangsteel.com\/tr\/#organization\",\"name\":\"Rang Steel\",\"url\":\"https:\/\/www.rangsteel.com\/tr\/\",\"logo\":{\"@type\":\"ImageObject\",\"inLanguage\":\"de\",\"@id\":\"https:\/\/www.rangsteel.com\/tr\/#\/schema\/logo\/image\/\",\"url\":\"\",\"contentUrl\":\"\",\"caption\":\"Rang Steel\"},\"image\":{\"@id\":\"https:\/\/www.rangsteel.com\/tr\/#\/schema\/logo\/image\/\"}}]}<\/script>\n<!-- \/ Yoast SEO plugin. -->","yoast_head_json":{"title":"Stahlhallen - Stahlhallenbauer | Rang Steel","description":"Ob individuelle Spezialhalle oder kostengu\u0308nstige Systemhalle, Wir produzieren Stahlhallen an Ihre W\u00fcnsche angepasst.","robots":{"index":"index","follow":"follow","max-snippet":"max-snippet:-1","max-image-preview":"max-image-preview:large","max-video-preview":"max-video-preview:-1"},"canonical":"https:\/\/www.rangsteel.com\/de\/stahlhallen\/","og_locale":"de_DE","og_type":"article","og_title":"Stahlhallen - Stahlhallenbauer | Rang Steel","og_description":"Ob individuelle Spezialhalle oder kostengu\u0308nstige Systemhalle, Wir produzieren Stahlhallen an Ihre W\u00fcnsche angepasst.","og_url":"https:\/\/www.rangsteel.com\/de\/stahlhallen\/","og_site_name":"Rang Steel","article_modified_time":"2021-03-10T16:24:48+00:00","twitter_card":"summary_large_image","twitter_misc":{"Gesch\u00e4tzte Lesezeit":"2\u00a0Minuten"},"schema":{"@context":"https:\/\/schema.org","@graph":[{"@type":"WebPage","@id":"https:\/\/www.rangsteel.com\/de\/stahlhallen\/","url":"https:\/\/www.rangsteel.com\/de\/stahlhallen\/","name":"Stahlhallen - Stahlhallenbauer | Rang Steel","isPartOf":{"@id":"https:\/\/www.rangsteel.com\/tr\/#website"},"datePublished":"2021-03-10T16:23:38+00:00","dateModified":"2021-03-10T16:24:48+00:00","description":"Ob individuelle Spezialhalle oder kostengu\u0308nstige Systemhalle, Wir produzieren Stahlhallen an Ihre W\u00fcnsche angepasst.","breadcrumb":{"@id":"https:\/\/www.rangsteel.com\/de\/stahlhallen\/#breadcrumb"},"inLanguage":"de","potentialAction":[{"@type":"ReadAction","target":["https:\/\/www.rangsteel.com\/de\/stahlhallen\/"]}]},{"@type":"BreadcrumbList","@id":"https:\/\/www.rangsteel.com\/de\/stahlhallen\/#breadcrumb","itemListElement":[{"@type":"ListItem","position":1,"name":"Ana sayfa","item":"https:\/\/www.rangsteel.com\/tr\/"},{"@type":"ListItem","position":2,"name":"Stahlhallen"}]},{"@type":"WebSite","@id":"https:\/\/www.rangsteel.com\/tr\/#website","url":"https:\/\/www.rangsteel.com\/tr\/","name":"Rang Steel","description":"(Turkish) \u00c7elik Yap\u0131lar \u0130n\u015fa Eder","publisher":{"@id":"https:\/\/www.rangsteel.com\/tr\/#organization"},"potentialAction":[{"@type":"SearchAction","target":{"@type":"EntryPoint","urlTemplate":"https:\/\/www.rangsteel.com\/tr\/?s={search_term_string}"},"query-input":{"@type":"PropertyValueSpecification","valueRequired":true,"valueName":"search_term_string"}}],"inLanguage":"de"},{"@type":"Organization","@id":"https:\/\/www.rangsteel.com\/tr\/#organization","name":"Rang Steel","url":"https:\/\/www.rangsteel.com\/tr\/","logo":{"@type":"ImageObject","inLanguage":"de","@id":"https:\/\/www.rangsteel.com\/tr\/#\/schema\/logo\/image\/","url":"","contentUrl":"","caption":"Rang Steel"},"image":{"@id":"https:\/\/www.rangsteel.com\/tr\/#\/schema\/logo\/image\/"}}]}},"_links":{"self":[{"href":"https:\/\/www.rangsteel.com\/de\/wp-json\/wp\/v2\/pages\/75682","targetHints":{"allow":["GET"]}}],"collection":[{"href":"https:\/\/www.rangsteel.com\/de\/wp-json\/wp\/v2\/pages"}],"about":[{"href":"https:\/\/www.rangsteel.com\/de\/wp-json\/wp\/v2\/types\/page"}],"author":[{"embeddable":true,"href":"https:\/\/www.rangsteel.com\/de\/wp-json\/wp\/v2\/users\/3"}],"replies":[{"embeddable":true,"href":"https:\/\/www.rangsteel.com\/de\/wp-json\/wp\/v2\/comments?post=75682"}],"version-history":[{"count":2,"href":"https:\/\/www.rangsteel.com\/de\/wp-json\/wp\/v2\/pages\/75682\/revisions"}],"predecessor-version":[{"id":75685,"href":"https:\/\/www.rangsteel.com\/de\/wp-json\/wp\/v2\/pages\/75682\/revisions\/75685"}],"wp:attachment":[{"href":"https:\/\/www.rangsteel.com\/de\/wp-json\/wp\/v2\/media?parent=75682"}],"curies":[{"name":"wp","href":"https:\/\/api.w.org\/{rel}","templated":true}]}}