{"id":336,"date":"2019-04-26T02:44:54","date_gmt":"2019-04-25T23:44:54","guid":{"rendered":"http:\/\/structure.thememove.com\/?page_id=336"},"modified":"2023-05-20T01:46:59","modified_gmt":"2023-05-19T22:46:59","slug":"celik-konstruksiyon-imalat","status":"publish","type":"page","link":"https:\/\/www.rangsteel.com\/en\/steel-construction-manufacturing\/","title":{"rendered":"Steel Construction Manufacturing"},"content":{"rendered":"<p>[vc_row css=&#8221;.vc_custom_1433557672994{margin-top: 0px !important;margin-bottom: 40px !important;}&#8221;][vc_column][vc_custom_heading text=&#8221;Steel Construction Manufacturing&#8221; font_container=&#8221;tag:h1|font_size:20|text_align:left&#8221; use_theme_fonts=&#8221;yes&#8221; el_class=&#8221;heading-title-3&#8243;][vc_column_text]Steel is the most accurate construction material for every floor and earthquake zones with its lightness, high strength and durability power, more elastic structure and ductility characteristics compared to alternatives.<\/p>\n<p>As the manufacturing and installation times of steel construction elements are much shorter, construction, project and costing costs are minimized. Steel construction structures have wide openings in industrial buildings without tie-bar and are able to pass without tools. This greatly saves economic gain and time.<\/p>\n<p>In steel construction project stage, the right preparations and steel construction are provided with the raw materials used according to the specifications and standards. Quality control is performed at every stage of production.<\/p>\n<p>All elements forming the steel structure and carrier system can be produced as bolted. This disassembly feature prevents the loss of material with minimum loss in dismantling, moving, changing, enlarging or reducing the steel construction structure.<\/p>\n<p><strong>Three types of steel are used for construction:<\/strong><br \/>\n1. Structural steel construction (heavy steel)<br \/>\n2. Light steel construction<br \/>\n3. Box profile steels[\/vc_column_text][\/vc_column][\/vc_row][vc_row css=&#8221;.vc_custom_1433128678982{margin-bottom: 50px !important;}&#8221;][vc_column width=&#8221;1\/2&#8243;][vc_custom_heading text=&#8221;Stages of Steel Construction&#8221; font_container=&#8221;tag:h2|font_size:20|text_align:left&#8221; use_theme_fonts=&#8221;yes&#8221; el_class=&#8221;heading-title-3&#8243;][vc_column_text]<strong>Job Preparation;<\/strong> The productions to be made for the project are determined by which poses will be produced on which steel construction machines.<\/p>\n<p><strong>Sheet metal cut;<\/strong> According to the prepared plans, the plates to be used in the production are cut in CNC Plasma machine and the production is provided with precision and no loss.<\/p>\n<p><strong>Profile Processing;<\/strong> The steel profiles to be used in the manufacturing are processed in different machines in our wide machine park by cutting and drilling.<\/p>\n<p><strong>Marking and Roofing;<\/strong> steel structure project detail images in the specified cut and processed parts of the number (brand) is provided by traceability is provided. The parts approved by the quality control are welded to the technical drawing.<\/p>\n<p>Before welding, all surfaces to be welded are cleaned from rust and other foreign materials by wire brush, blasting or blasting. In accordance with the standards and specifications specified in the specification, the welding mouth opens with a proper form.<\/p>\n<p><strong>Sandblasting and Paint;<\/strong> surfaces, oil, dirt and rust to be cleaned by cleaning or mechanical cleaning is prepared to paint. The materials are painted on the basis of the desired thickness values \u200b\u200bwith the characteristics and colors specified in the specification.<\/p>\n<p><strong>Corrosion Protection;<\/strong> Because the structural steels are suitable for oxidation, they must be protected with special materials. Therefore, the steel surface is cleaned according to the demands and standards, then sandblasting, chemical cleaning, painting and galvanizing methods are applied.[\/vc_column_text][\/vc_column][vc_column width=&#8221;1\/2&#8243;][vc_custom_heading text=&#8221;Steel Construction Manufacturing Areas&#8221; font_container=&#8221;tag:h2|font_size:20|text_align:left&#8221; use_theme_fonts=&#8221;yes&#8221; el_class=&#8221;heading-title-3&#8243;][vc_column_text]<\/p>\n<ul>\n<li>Steel Construction Roof Construction<\/li>\n<li>Manufacture of steel construction warehouses<\/li>\n<li>Steel Construction<\/li>\n<li>Steel construction villas<\/li>\n<li>Steel construction factory<\/li>\n<li>Bolted steel productions<\/li>\n<li>Steel construction hangar manufacturing<\/li>\n<li>Large span steel building manufacturing<\/li>\n<li>Vault system steel roof manufacture<\/li>\n<li>Steel Plant<\/li>\n<li>Industrial plants<\/li>\n<li>Conveyor bridges<\/li>\n<li>Elevator towers, bunker, cyclone<\/li>\n<li>Grain storage systems, silos<\/li>\n<li>Bridges, Platforms, Steel Interfaces<\/li>\n<li>Tank, boiler heat exchanger, dust collector filters<\/li>\n<li>CNC plasma laser cutting<\/li>\n<li>CNC sheet metal cutting twist<\/li>\n<\/ul>\n<p>[\/vc_column_text][vc_empty_space height=&#8221;20px&#8221;][vc_images_carousel images=&#8221;75353,75354,75355,75356,75357&#8243; img_size=&#8221;415&#215;277&#8243; onclick=&#8221;link_no&#8221; speed=&#8221;3000&#8243; autoplay=&#8221;yes&#8221; hide_prev_next_buttons=&#8221;yes&#8221; el_class=&#8221;images-carousel-2&#8243;][\/vc_column][\/vc_row][vc_row el_class=&#8221;big-quote-2&#8243; css=&#8221;.vc_custom_1433557680188{margin-bottom: 30px !important;}&#8221;][vc_column][vc_column_text]You can get detailed information about the design of the steel structure from our project office located in Be\u015fikta\u015f district of Istanbul.[\/vc_column_text][\/vc_column][\/vc_row][vc_row background_color=&#8221;#fdc502&#8243; el_class=&#8221;intro5&#8243; css=&#8221;.vc_custom_1460184014227{background-color: #f7b200 !important;}&#8221;][vc_column width=&#8221;3\/4&#8243; css=&#8221;.vc_custom_1460184027524{padding-top: 0px !important;padding-bottom: 0px !important;background-color: #fdc502 !important;}&#8221;][vc_custom_heading text=&#8221;Please contact us for more information.&#8221; font_container=&#8221;tag:h2|font_size:20|text_align:left|color:%23ffffff&#8221; use_theme_fonts=&#8221;yes&#8221;][\/vc_column][vc_column width=&#8221;1\/4&#8243;][vc_btn title=&#8221;Request Information&#8221; style=&#8221;custom&#8221; custom_text=&#8221;#ffffff&#8221; link=&#8221;url:https%3A%2F%2Fwww.rangsteel.com%2Fen%2Fcontact-us%2F|||&#8221;][\/vc_column][\/vc_row]<\/p>","protected":false},"excerpt":{"rendered":"<p>[vc_row css=&#8221;.vc_custom_1433557672994{margin-top: 0px !important;margin-bottom: 40px !important;}&#8221;][vc_column][vc_custom_heading text=&#8221;Steel Construction Manufacturing&#8221; font_container=&#8221;tag:h1|font_size:20|text_align:left&#8221; use_theme_fonts=&#8221;yes&#8221; el_class=&#8221;heading-title-3&#8243;][vc_column_text]Steel is the most accurate construction material for every floor and earthquake zones with its lightness, high strength and durability power, more elastic structure and ductility characteristics compared to alternatives. As the manufacturing and installation times of steel construction elements are much shorter, construction, [&hellip;]<\/p>\n","protected":false},"author":3,"featured_media":0,"parent":0,"menu_order":0,"comment_status":"closed","ping_status":"closed","template":"","meta":{"footnotes":""},"class_list":["post-336","page","type-page","status-publish","hentry"],"yoast_head":"<!-- This site is optimized with the Yoast SEO plugin v26.5 - https:\/\/yoast.com\/wordpress\/plugins\/seo\/ -->\n<title>Steel Construction Manufacturing - Rang Steel<\/title>\n<meta name=\"robots\" content=\"index, follow, max-snippet:-1, max-image-preview:large, max-video-preview:-1\" \/>\n<link rel=\"canonical\" href=\"https:\/\/www.rangsteel.com\/tr\/celik-konstruksiyon-imalat\/\" \/>\n<meta property=\"og:locale\" content=\"en_US\" \/>\n<meta property=\"og:type\" content=\"article\" \/>\n<meta property=\"og:title\" content=\"Steel Construction Manufacturing - Rang Steel\" \/>\n<meta property=\"og:description\" content=\"[vc_row css=&#8221;.vc_custom_1433557672994{margin-top: 0px !important;margin-bottom: 40px !important;}&#8221;][vc_column][vc_custom_heading text=&#8221;Steel Construction Manufacturing&#8221; font_container=&#8221;tag:h1|font_size:20|text_align:left&#8221; use_theme_fonts=&#8221;yes&#8221; el_class=&#8221;heading-title-3&#8243;][vc_column_text]Steel is the most accurate construction material for every floor and earthquake zones with its lightness, high strength and durability power, more elastic structure and ductility characteristics compared to alternatives. As the manufacturing and installation times of steel construction elements are much shorter, construction, [&hellip;]\" \/>\n<meta property=\"og:url\" content=\"https:\/\/www.rangsteel.com\/tr\/celik-konstruksiyon-imalat\/\" \/>\n<meta property=\"og:site_name\" content=\"Rang Steel\" \/>\n<meta property=\"article:modified_time\" content=\"2023-05-19T22:46:59+00:00\" \/>\n<meta name=\"twitter:card\" content=\"summary_large_image\" \/>\n<meta name=\"twitter:label1\" content=\"Est. reading time\" \/>\n\t<meta name=\"twitter:data1\" content=\"4 minutes\" \/>\n<script type=\"application\/ld+json\" class=\"yoast-schema-graph\">{\"@context\":\"https:\/\/schema.org\",\"@graph\":[{\"@type\":\"WebPage\",\"@id\":\"https:\/\/www.rangsteel.com\/tr\/celik-konstruksiyon-imalat\/\",\"url\":\"https:\/\/www.rangsteel.com\/tr\/celik-konstruksiyon-imalat\/\",\"name\":\"Steel Construction Manufacturing - Rang Steel\",\"isPartOf\":{\"@id\":\"https:\/\/www.rangsteel.com\/tr\/#website\"},\"datePublished\":\"2019-04-25T23:44:54+00:00\",\"dateModified\":\"2023-05-19T22:46:59+00:00\",\"breadcrumb\":{\"@id\":\"https:\/\/www.rangsteel.com\/tr\/celik-konstruksiyon-imalat\/#breadcrumb\"},\"inLanguage\":\"en-US\",\"potentialAction\":[{\"@type\":\"ReadAction\",\"target\":[\"https:\/\/www.rangsteel.com\/tr\/celik-konstruksiyon-imalat\/\"]}]},{\"@type\":\"BreadcrumbList\",\"@id\":\"https:\/\/www.rangsteel.com\/tr\/celik-konstruksiyon-imalat\/#breadcrumb\",\"itemListElement\":[{\"@type\":\"ListItem\",\"position\":1,\"name\":\"Ana sayfa\",\"item\":\"https:\/\/www.rangsteel.com\/tr\/\"},{\"@type\":\"ListItem\",\"position\":2,\"name\":\"\u00c7elik Konstr\u00fcksiyon \u0130malat\"}]},{\"@type\":\"WebSite\",\"@id\":\"https:\/\/www.rangsteel.com\/tr\/#website\",\"url\":\"https:\/\/www.rangsteel.com\/tr\/\",\"name\":\"Rang Steel\",\"description\":\"Build Steel Structures\",\"publisher\":{\"@id\":\"https:\/\/www.rangsteel.com\/tr\/#organization\"},\"potentialAction\":[{\"@type\":\"SearchAction\",\"target\":{\"@type\":\"EntryPoint\",\"urlTemplate\":\"https:\/\/www.rangsteel.com\/tr\/?s={search_term_string}\"},\"query-input\":{\"@type\":\"PropertyValueSpecification\",\"valueRequired\":true,\"valueName\":\"search_term_string\"}}],\"inLanguage\":\"en-US\"},{\"@type\":\"Organization\",\"@id\":\"https:\/\/www.rangsteel.com\/tr\/#organization\",\"name\":\"Rang Steel\",\"url\":\"https:\/\/www.rangsteel.com\/tr\/\",\"logo\":{\"@type\":\"ImageObject\",\"inLanguage\":\"en-US\",\"@id\":\"https:\/\/www.rangsteel.com\/tr\/#\/schema\/logo\/image\/\",\"url\":\"\",\"contentUrl\":\"\",\"caption\":\"Rang Steel\"},\"image\":{\"@id\":\"https:\/\/www.rangsteel.com\/tr\/#\/schema\/logo\/image\/\"}}]}<\/script>\n<!-- \/ Yoast SEO plugin. -->","yoast_head_json":{"title":"Steel Construction Manufacturing - Rang Steel","robots":{"index":"index","follow":"follow","max-snippet":"max-snippet:-1","max-image-preview":"max-image-preview:large","max-video-preview":"max-video-preview:-1"},"canonical":"https:\/\/www.rangsteel.com\/tr\/celik-konstruksiyon-imalat\/","og_locale":"en_US","og_type":"article","og_title":"Steel Construction Manufacturing - Rang Steel","og_description":"[vc_row css=&#8221;.vc_custom_1433557672994{margin-top: 0px !important;margin-bottom: 40px !important;}&#8221;][vc_column][vc_custom_heading text=&#8221;Steel Construction Manufacturing&#8221; font_container=&#8221;tag:h1|font_size:20|text_align:left&#8221; use_theme_fonts=&#8221;yes&#8221; el_class=&#8221;heading-title-3&#8243;][vc_column_text]Steel is the most accurate construction material for every floor and earthquake zones with its lightness, high strength and durability power, more elastic structure and ductility characteristics compared to alternatives. As the manufacturing and installation times of steel construction elements are much shorter, construction, [&hellip;]","og_url":"https:\/\/www.rangsteel.com\/tr\/celik-konstruksiyon-imalat\/","og_site_name":"Rang Steel","article_modified_time":"2023-05-19T22:46:59+00:00","twitter_card":"summary_large_image","twitter_misc":{"Est. reading time":"4 minutes"},"schema":{"@context":"https:\/\/schema.org","@graph":[{"@type":"WebPage","@id":"https:\/\/www.rangsteel.com\/tr\/celik-konstruksiyon-imalat\/","url":"https:\/\/www.rangsteel.com\/tr\/celik-konstruksiyon-imalat\/","name":"Steel Construction Manufacturing - Rang Steel","isPartOf":{"@id":"https:\/\/www.rangsteel.com\/tr\/#website"},"datePublished":"2019-04-25T23:44:54+00:00","dateModified":"2023-05-19T22:46:59+00:00","breadcrumb":{"@id":"https:\/\/www.rangsteel.com\/tr\/celik-konstruksiyon-imalat\/#breadcrumb"},"inLanguage":"en-US","potentialAction":[{"@type":"ReadAction","target":["https:\/\/www.rangsteel.com\/tr\/celik-konstruksiyon-imalat\/"]}]},{"@type":"BreadcrumbList","@id":"https:\/\/www.rangsteel.com\/tr\/celik-konstruksiyon-imalat\/#breadcrumb","itemListElement":[{"@type":"ListItem","position":1,"name":"Ana sayfa","item":"https:\/\/www.rangsteel.com\/tr\/"},{"@type":"ListItem","position":2,"name":"\u00c7elik Konstr\u00fcksiyon \u0130malat"}]},{"@type":"WebSite","@id":"https:\/\/www.rangsteel.com\/tr\/#website","url":"https:\/\/www.rangsteel.com\/tr\/","name":"Rang Steel","description":"Build Steel Structures","publisher":{"@id":"https:\/\/www.rangsteel.com\/tr\/#organization"},"potentialAction":[{"@type":"SearchAction","target":{"@type":"EntryPoint","urlTemplate":"https:\/\/www.rangsteel.com\/tr\/?s={search_term_string}"},"query-input":{"@type":"PropertyValueSpecification","valueRequired":true,"valueName":"search_term_string"}}],"inLanguage":"en-US"},{"@type":"Organization","@id":"https:\/\/www.rangsteel.com\/tr\/#organization","name":"Rang Steel","url":"https:\/\/www.rangsteel.com\/tr\/","logo":{"@type":"ImageObject","inLanguage":"en-US","@id":"https:\/\/www.rangsteel.com\/tr\/#\/schema\/logo\/image\/","url":"","contentUrl":"","caption":"Rang Steel"},"image":{"@id":"https:\/\/www.rangsteel.com\/tr\/#\/schema\/logo\/image\/"}}]}},"_links":{"self":[{"href":"https:\/\/www.rangsteel.com\/en\/wp-json\/wp\/v2\/pages\/336","targetHints":{"allow":["GET"]}}],"collection":[{"href":"https:\/\/www.rangsteel.com\/en\/wp-json\/wp\/v2\/pages"}],"about":[{"href":"https:\/\/www.rangsteel.com\/en\/wp-json\/wp\/v2\/types\/page"}],"author":[{"embeddable":true,"href":"https:\/\/www.rangsteel.com\/en\/wp-json\/wp\/v2\/users\/3"}],"replies":[{"embeddable":true,"href":"https:\/\/www.rangsteel.com\/en\/wp-json\/wp\/v2\/comments?post=336"}],"version-history":[{"count":2,"href":"https:\/\/www.rangsteel.com\/en\/wp-json\/wp\/v2\/pages\/336\/revisions"}],"predecessor-version":[{"id":75722,"href":"https:\/\/www.rangsteel.com\/en\/wp-json\/wp\/v2\/pages\/336\/revisions\/75722"}],"wp:attachment":[{"href":"https:\/\/www.rangsteel.com\/en\/wp-json\/wp\/v2\/media?parent=336"}],"curies":[{"name":"wp","href":"https:\/\/api.w.org\/{rel}","templated":true}]}}