{"id":74807,"date":"2019-04-25T10:52:12","date_gmt":"2019-04-25T07:52:12","guid":{"rendered":"http:\/\/structure.thememove.com\/?page_id=74807"},"modified":"2023-06-12T11:58:51","modified_gmt":"2023-06-12T08:58:51","slug":"stahlbau-projekt-herstellung-und-montage-rang-steel","status":"publish","type":"page","link":"https:\/\/www.rangsteel.com\/en\/","title":{"rendered":"Homepage"},"content":{"rendered":"<p>[vc_row type=&#8221;full_width&#8221;][vc_column][rev_slider_vc alias=&#8221;homepage-english&#8221;][\/vc_column][\/vc_row][vc_row type=&#8221;full_width&#8221; equal_height=&#8221;yes&#8221;][vc_column width=&#8221;1\/2&#8243; css=&#8221;.vc_custom_1582306196801{padding-top: 100px !important;padding-bottom: 100px !important;padding-left: 25% !important;background-image: url(https:\/\/www.rangsteel.com\/wp-content\/uploads\/2017\/09\/home2017_019.jpg?id=75366) !important;background-position: center !important;background-repeat: no-repeat !important;background-size: cover !important;}&#8221;][vc_custom_heading text=&#8221;Business project ends on table.&#8221; font_container=&#8221;tag:h2|font_size:32|text_align:left|color:%23ffffff&#8221; use_theme_fonts=&#8221;yes&#8221; el_class=&#8221;special&#8221;][vc_column_text el_class=&#8221;leading&#8221; css=&#8221;.vc_custom_1556288572562{padding-bottom: 30px !important;}&#8221;]<\/p>\n<ul style=\"color: #ffffff;\">\n<li>Boutique and Difficult Projects<\/li>\n<li>High Engineering<\/li>\n<li>Quality Structural Steel<\/li>\n<li>Wide Machine Track<\/li>\n<\/ul>\n<p>[\/vc_column_text][vc_btn title=&#8221;REFERENCES&#8221; style=&#8221;outline&#8221; shape=&#8221;square&#8221; link=&#8221;url:https%3A%2F%2Fwww.rangsteel.com%2Fen%2Freferences%2F|||&#8221;][\/vc_column][vc_column width=&#8221;1\/2&#8243;][vc_row_inner css=&#8221;.vc_custom_1493029028066{padding-top: 140px !important;padding-right: 10% !important;padding-bottom: 140px !important;padding-left: 10% !important;}&#8221;][vc_column_inner width=&#8221;1\/3&#8243;][vc_single_image image=&#8221;75367&#8243; img_size=&#8221;full&#8221; css=&#8221;.vc_custom_1506514850399{margin-bottom: 30px !important;}&#8221;][vc_custom_heading text=&#8221;30.600&#8243; font_container=&#8221;tag:h2|font_size:36|text_align:left|color:%23131e32|line_height:1&#8243; use_theme_fonts=&#8221;yes&#8221; el_class=&#8221;counter&#8221;][vc_custom_heading text=&#8221;Ton Steel&#8221; font_container=&#8221;tag:h4|font_size:16|text_align:left|color:%23999999|line_height:1&#8243; use_theme_fonts=&#8221;yes&#8221; el_class=&#8221;fw400&#8243;][\/vc_column_inner][vc_column_inner width=&#8221;1\/3&#8243;][vc_single_image image=&#8221;75368&#8243; img_size=&#8221;full&#8221; css=&#8221;.vc_custom_1506514866703{margin-bottom: 30px !important;}&#8221;][vc_custom_heading text=&#8221;76&#8243; font_container=&#8221;tag:h2|font_size:36|text_align:left|color:%23131e32|line_height:1&#8243; use_theme_fonts=&#8221;yes&#8221; el_class=&#8221;counter&#8221;][vc_custom_heading text=&#8221;Project&#8221; font_container=&#8221;tag:h4|font_size:16|text_align:left|color:%23999999|line_height:1&#8243; use_theme_fonts=&#8221;yes&#8221; el_class=&#8221;fw400&#8243;][\/vc_column_inner][vc_column_inner width=&#8221;1\/3&#8243;][vc_single_image image=&#8221;75369&#8243; img_size=&#8221;full&#8221; css=&#8221;.vc_custom_1506514878721{margin-bottom: 30px !important;}&#8221;][vc_custom_heading text=&#8221;36&#8243; font_container=&#8221;tag:h2|font_size:36|text_align:left|color:%23131e32|line_height:1&#8243; use_theme_fonts=&#8221;yes&#8221; el_class=&#8221;counter&#8221;][vc_custom_heading text=&#8221;Staff&#8221; font_container=&#8221;tag:h4|font_size:16|text_align:left|color:%23999999|line_height:1&#8243; use_theme_fonts=&#8221;yes&#8221; el_class=&#8221;fw400&#8243;][\/vc_column_inner][\/vc_row_inner][\/vc_column][\/vc_row][vc_row css=&#8221;.vc_custom_1506515069767{padding-top: 100px !important;padding-bottom: 340px !important;background-image: url(https:\/\/www.rangsteel.com\/wp-content\/uploads\/2017\/09\/home2017_007.jpg?id=75372) !important;background-position: center !important;background-repeat: no-repeat !important;background-size: cover !important;}&#8221; el_class=&#8221;align-center&#8221;][vc_column][vc_custom_heading text=&#8221;RANG STEEL&#8221; font_container=&#8221;tag:h2|font_size:16|text_align:center|color:%23ffc500&#8243; use_theme_fonts=&#8221;yes&#8221;][vc_custom_heading text=&#8221;Our Professional Solutions&#8221; font_container=&#8221;tag:h2|font_size:48|text_align:center|color:%23121e32&#8243; use_theme_fonts=&#8221;yes&#8221; css=&#8221;.vc_custom_1556287164215{padding-bottom: 10px !important;}&#8221;][vc_custom_heading text=&#8221;Rang Steel Company continues its operations in Besiktas head office and \u00c7atalca 1000 m2 factory. We work in a performance manner with experienced engineers and architects in factories and construction sites.&#8221; font_container=&#8221;tag:p|text_align:center|color:%23999999&#8243; use_theme_fonts=&#8221;yes&#8221; css=&#8221;.vc_custom_1686560260556{padding-bottom: 50px !important;}&#8221; el_class=&#8221;mw600&#8243;][vc_row_inner][vc_column_inner width=&#8221;1\/3&#8243;][vc_icon icon_fontawesome=&#8221;fa fa-bars&#8221; color=&#8221;white&#8221; background_style=&#8221;boxed&#8221; background_color=&#8221;orange&#8221; size=&#8221;lg&#8221; align=&#8221;center&#8221;][vc_custom_heading text=&#8221;Steel Construction Project&#8221; font_container=&#8221;tag:h3|text_align:center&#8221; use_theme_fonts=&#8221;yes&#8221; css=&#8221;.vc_custom_1556287227710{padding-bottom: 15px !important;}&#8221;][vc_custom_heading text=&#8221;Our company, which produces Steel Construction Projects, provides static calculations, architectural and static projects, drawing and consultancy services for all types of construction works.&#8221; font_container=&#8221;tag:p|text_align:center&#8221; use_theme_fonts=&#8221;yes&#8221; css=&#8221;.vc_custom_1556287251087{padding-bottom: 15px !important;}&#8221;][vc_btn title=&#8221;MORE INFORMATION&#8221; style=&#8221;outline-custom&#8221; outline_custom_color=&#8221;#111111&#8243; outline_custom_hover_background=&#8221;#006899&#8243; outline_custom_hover_text=&#8221;#ffffff&#8221; shape=&#8221;square&#8221; link=&#8221;url:https%3A%2F%2Fwww.rangsteel.com%2Fen%2Fsteel-construction-project%2F|||&#8221;][\/vc_column_inner][vc_column_inner width=&#8221;1\/3&#8243;][vc_icon icon_fontawesome=&#8221;fa fa-industry&#8221; color=&#8221;white&#8221; background_style=&#8221;boxed&#8221; background_color=&#8221;orange&#8221; size=&#8221;lg&#8221; align=&#8221;center&#8221;][vc_custom_heading text=&#8221;Steel Construction Manufacturing&#8221; font_container=&#8221;tag:h3|text_align:center&#8221; use_theme_fonts=&#8221;yes&#8221; css=&#8221;.vc_custom_1556287369572{padding-bottom: 15px !important;}&#8221;][vc_custom_heading text=&#8221;In steel construction project stage, the right preparations and steel construction are provided with the raw materials used according to the specifications and standards.&#8221; font_container=&#8221;tag:p|text_align:center&#8221; use_theme_fonts=&#8221;yes&#8221; css=&#8221;.vc_custom_1556287383787{padding-bottom: 15px !important;}&#8221;][vc_btn title=&#8221;MORE INFORMATION&#8221; style=&#8221;outline-custom&#8221; outline_custom_color=&#8221;#111111&#8243; outline_custom_hover_background=&#8221;#006899&#8243; outline_custom_hover_text=&#8221;#ffffff&#8221; shape=&#8221;square&#8221; link=&#8221;url:https%3A%2F%2Fwww.rangsteel.com%2Fen%2Fsteel-construction-manufacturing%2F|||&#8221;][\/vc_column_inner][vc_column_inner width=&#8221;1\/3&#8243;][vc_icon icon_fontawesome=&#8221;fa fa-wrench&#8221; color=&#8221;white&#8221; background_style=&#8221;boxed&#8221; background_color=&#8221;orange&#8221; size=&#8221;lg&#8221; align=&#8221;center&#8221;][vc_custom_heading text=&#8221;Steel Construction Assembly&#8221; font_container=&#8221;tag:h3|text_align:center&#8221; use_theme_fonts=&#8221;yes&#8221; css=&#8221;.vc_custom_1581930238530{padding-bottom: 15px !important;}&#8221;][vc_custom_heading text=&#8221;Rang Steel provides turn-key construction works as the main contractor for all steel construction project design, design, manufacturing and assembly processes.&#8221; font_container=&#8221;tag:p|text_align:center&#8221; use_theme_fonts=&#8221;yes&#8221; css=&#8221;.vc_custom_1556287472849{padding-bottom: 15px !important;}&#8221;][vc_btn title=&#8221;MORE INFORMATION&#8221; style=&#8221;outline-custom&#8221; outline_custom_color=&#8221;#111111&#8243; outline_custom_hover_background=&#8221;#006899&#8243; outline_custom_hover_text=&#8221;#ffffff&#8221; shape=&#8221;square&#8221; link=&#8221;url:https%3A%2F%2Fwww.rangsteel.com%2Fen%2Fsteel-construction-assembly%2F|||&#8221;][\/vc_column_inner][\/vc_row_inner][\/vc_column][\/vc_row]<\/p>","protected":false},"excerpt":{"rendered":"<p>[vc_row type=&#8221;full_width&#8221;][vc_column][rev_slider_vc alias=&#8221;homepage-english&#8221;][\/vc_column][\/vc_row][vc_row type=&#8221;full_width&#8221; equal_height=&#8221;yes&#8221;][vc_column width=&#8221;1\/2&#8243; css=&#8221;.vc_custom_1582306196801{padding-top: 100px !important;padding-bottom: 100px !important;padding-left: 25% !important;background-image: url(https:\/\/www.rangsteel.com\/wp-content\/uploads\/2017\/09\/home2017_019.jpg?id=75366) !important;background-position: center !important;background-repeat: no-repeat !important;background-size: cover !important;}&#8221;][vc_custom_heading text=&#8221;Business project ends on table.&#8221; font_container=&#8221;tag:h2|font_size:32|text_align:left|color:%23ffffff&#8221; use_theme_fonts=&#8221;yes&#8221; el_class=&#8221;special&#8221;][vc_column_text el_class=&#8221;leading&#8221; css=&#8221;.vc_custom_1556288572562{padding-bottom: 30px !important;}&#8221;] Boutique and Difficult Projects High Engineering Quality Structural Steel Wide Machine Track [\/vc_column_text][vc_btn title=&#8221;REFERENCES&#8221; style=&#8221;outline&#8221; shape=&#8221;square&#8221; link=&#8221;url:https%3A%2F%2Fwww.rangsteel.com%2Fen%2Freferences%2F|||&#8221;][\/vc_column][vc_column width=&#8221;1\/2&#8243;][vc_row_inner css=&#8221;.vc_custom_1493029028066{padding-top: 140px !important;padding-right: 10% [&hellip;]<\/p>\n","protected":false},"author":3,"featured_media":0,"parent":0,"menu_order":0,"comment_status":"closed","ping_status":"closed","template":"","meta":{"footnotes":""},"class_list":["post-74807","page","type-page","status-publish","hentry"],"yoast_head":"<!-- This site is optimized with the Yoast SEO plugin v26.5 - https:\/\/yoast.com\/wordpress\/plugins\/seo\/ -->\n<title>Steel Construction - Steel Construction Company | Rang Steel<\/title>\n<meta name=\"description\" content=\"RANG STEEL carries out steel structure project, manufacturing and assembly works in the steel construction industry.\" \/>\n<meta name=\"robots\" content=\"index, follow, max-snippet:-1, max-image-preview:large, max-video-preview:-1\" \/>\n<link rel=\"canonical\" href=\"https:\/\/www.rangsteel.com\/tr\/\" \/>\n<meta property=\"og:locale\" content=\"en_US\" \/>\n<meta property=\"og:type\" content=\"article\" \/>\n<meta property=\"og:title\" content=\"[:tr]\u00c7elik Konstr\u00fcksiyon Proje, \u0130malat ve Montaj | Rang Steel[:en]Steel Construction - Steel Construction Company | Rang Steel[:de]Stahlbaukonstruktion - Stahlbauunternehmen | Rang Steel[:ro]Construc\u021bie de o\u021bel - Companie de Construc\u021bii O\u021bel | Rang Steel[:]\" \/>\n<meta property=\"og:description\" content=\"{:tr}RANG STEEL \u00e7elik konstr\u00fcksiyon sekt\u00f6r\u00fcnde \u00e7elik yap\u0131 proje, imalat ve uygulama i\u015fleri yapmaktad\u0131r.{:en}RANG STEEL carries out steel structure project, manufacturing and assembly works in the steel construction industry.{:de}RANG STEEL f\u00fchrt Stahlkonstruktion sprojekte, Fertigungs und Anwendungsarbeiten im Stahlbau durch.{:ro}RANG STEEL desfasoara proiecte de structuri metalice, lucrari de fabricatie si asamblare in industria constructiilor din otel.{:}\" \/>\n<meta property=\"og:url\" content=\"https:\/\/www.rangsteel.com\/tr\/\" \/>\n<meta property=\"og:site_name\" content=\"Rang Steel\" \/>\n<meta property=\"article:modified_time\" content=\"2023-06-12T08:58:51+00:00\" \/>\n<meta name=\"twitter:card\" content=\"summary_large_image\" \/>\n<meta name=\"twitter:label1\" content=\"Est. reading time\" \/>\n\t<meta name=\"twitter:data1\" content=\"3 minutes\" \/>\n<script type=\"application\/ld+json\" class=\"yoast-schema-graph\">{\"@context\":\"https:\/\/schema.org\",\"@graph\":[{\"@type\":\"WebPage\",\"@id\":\"https:\/\/www.rangsteel.com\/tr\/\",\"url\":\"https:\/\/www.rangsteel.com\/tr\/\",\"name\":\"[:tr]\u00c7elik Konstr\u00fcksiyon Proje, \u0130malat ve Montaj | Rang Steel[:en]Steel Construction - Steel Construction Company | Rang Steel[:de]Stahlbaukonstruktion - Stahlbauunternehmen | Rang Steel[:ro]Construc\u021bie de o\u021bel - Companie de Construc\u021bii O\u021bel | Rang Steel[:]\",\"isPartOf\":{\"@id\":\"https:\/\/www.rangsteel.com\/tr\/#website\"},\"datePublished\":\"2019-04-25T07:52:12+00:00\",\"dateModified\":\"2023-06-12T08:58:51+00:00\",\"description\":\"{:tr}RANG STEEL \u00e7elik konstr\u00fcksiyon sekt\u00f6r\u00fcnde \u00e7elik yap\u0131 proje, imalat ve uygulama i\u015fleri yapmaktad\u0131r.{:en}RANG STEEL carries out steel structure project, manufacturing and assembly works in the steel construction industry.{:de}RANG STEEL f\u00fchrt Stahlkonstruktion sprojekte, Fertigungs und Anwendungsarbeiten im Stahlbau durch.{:ro}RANG STEEL desfasoara proiecte de structuri metalice, lucrari de fabricatie si asamblare in industria constructiilor din otel.{:}\",\"breadcrumb\":{\"@id\":\"https:\/\/www.rangsteel.com\/tr\/#breadcrumb\"},\"inLanguage\":\"en-US\",\"potentialAction\":[{\"@type\":\"ReadAction\",\"target\":[\"https:\/\/www.rangsteel.com\/tr\/\"]}]},{\"@type\":\"BreadcrumbList\",\"@id\":\"https:\/\/www.rangsteel.com\/tr\/#breadcrumb\",\"itemListElement\":[{\"@type\":\"ListItem\",\"position\":1,\"name\":\"Ana sayfa\",\"item\":\"https:\/\/www.rangsteel.com\/tr\/\"},{\"@type\":\"ListItem\",\"position\":2,\"name\":\"Anasayfa\"}]},{\"@type\":\"WebSite\",\"@id\":\"https:\/\/www.rangsteel.com\/tr\/#website\",\"url\":\"https:\/\/www.rangsteel.com\/tr\/\",\"name\":\"Rang Steel\",\"description\":\"Build Steel Structures\",\"publisher\":{\"@id\":\"https:\/\/www.rangsteel.com\/tr\/#organization\"},\"potentialAction\":[{\"@type\":\"SearchAction\",\"target\":{\"@type\":\"EntryPoint\",\"urlTemplate\":\"https:\/\/www.rangsteel.com\/tr\/?s={search_term_string}\"},\"query-input\":{\"@type\":\"PropertyValueSpecification\",\"valueRequired\":true,\"valueName\":\"search_term_string\"}}],\"inLanguage\":\"en-US\"},{\"@type\":\"Organization\",\"@id\":\"https:\/\/www.rangsteel.com\/tr\/#organization\",\"name\":\"Rang Steel\",\"url\":\"https:\/\/www.rangsteel.com\/tr\/\",\"logo\":{\"@type\":\"ImageObject\",\"inLanguage\":\"en-US\",\"@id\":\"https:\/\/www.rangsteel.com\/tr\/#\/schema\/logo\/image\/\",\"url\":\"\",\"contentUrl\":\"\",\"caption\":\"Rang Steel\"},\"image\":{\"@id\":\"https:\/\/www.rangsteel.com\/tr\/#\/schema\/logo\/image\/\"}}]}<\/script>\n<!-- \/ Yoast SEO plugin. -->","yoast_head_json":{"title":"Steel Construction - Steel Construction Company | Rang Steel","description":"RANG STEEL carries out steel structure project, manufacturing and assembly works in the steel construction industry.","robots":{"index":"index","follow":"follow","max-snippet":"max-snippet:-1","max-image-preview":"max-image-preview:large","max-video-preview":"max-video-preview:-1"},"canonical":"https:\/\/www.rangsteel.com\/tr\/","og_locale":"en_US","og_type":"article","og_title":"[:tr]\u00c7elik Konstr\u00fcksiyon Proje, \u0130malat ve Montaj | Rang Steel[:en]Steel Construction - Steel Construction Company | Rang Steel[:de]Stahlbaukonstruktion - Stahlbauunternehmen | Rang Steel[:ro]Construc\u021bie de o\u021bel - Companie de Construc\u021bii O\u021bel | Rang Steel[:]","og_description":"{:tr}RANG STEEL \u00e7elik konstr\u00fcksiyon sekt\u00f6r\u00fcnde \u00e7elik yap\u0131 proje, imalat ve uygulama i\u015fleri yapmaktad\u0131r.{:en}RANG STEEL carries out steel structure project, manufacturing and assembly works in the steel construction industry.{:de}RANG STEEL f\u00fchrt Stahlkonstruktion sprojekte, Fertigungs und Anwendungsarbeiten im Stahlbau durch.{:ro}RANG STEEL desfasoara proiecte de structuri metalice, lucrari de fabricatie si asamblare in industria constructiilor din otel.{:}","og_url":"https:\/\/www.rangsteel.com\/tr\/","og_site_name":"Rang Steel","article_modified_time":"2023-06-12T08:58:51+00:00","twitter_card":"summary_large_image","twitter_misc":{"Est. reading time":"3 minutes"},"schema":{"@context":"https:\/\/schema.org","@graph":[{"@type":"WebPage","@id":"https:\/\/www.rangsteel.com\/tr\/","url":"https:\/\/www.rangsteel.com\/tr\/","name":"[:tr]\u00c7elik Konstr\u00fcksiyon Proje, \u0130malat ve Montaj | Rang Steel[:en]Steel Construction - Steel Construction Company | Rang Steel[:de]Stahlbaukonstruktion - Stahlbauunternehmen | Rang Steel[:ro]Construc\u021bie de o\u021bel - Companie de Construc\u021bii O\u021bel | Rang Steel[:]","isPartOf":{"@id":"https:\/\/www.rangsteel.com\/tr\/#website"},"datePublished":"2019-04-25T07:52:12+00:00","dateModified":"2023-06-12T08:58:51+00:00","description":"{:tr}RANG STEEL \u00e7elik konstr\u00fcksiyon sekt\u00f6r\u00fcnde \u00e7elik yap\u0131 proje, imalat ve uygulama i\u015fleri yapmaktad\u0131r.{:en}RANG STEEL carries out steel structure project, manufacturing and assembly works in the steel construction industry.{:de}RANG STEEL f\u00fchrt Stahlkonstruktion sprojekte, Fertigungs und Anwendungsarbeiten im Stahlbau durch.{:ro}RANG STEEL desfasoara proiecte de structuri metalice, lucrari de fabricatie si asamblare in industria constructiilor din otel.{:}","breadcrumb":{"@id":"https:\/\/www.rangsteel.com\/tr\/#breadcrumb"},"inLanguage":"en-US","potentialAction":[{"@type":"ReadAction","target":["https:\/\/www.rangsteel.com\/tr\/"]}]},{"@type":"BreadcrumbList","@id":"https:\/\/www.rangsteel.com\/tr\/#breadcrumb","itemListElement":[{"@type":"ListItem","position":1,"name":"Ana sayfa","item":"https:\/\/www.rangsteel.com\/tr\/"},{"@type":"ListItem","position":2,"name":"Anasayfa"}]},{"@type":"WebSite","@id":"https:\/\/www.rangsteel.com\/tr\/#website","url":"https:\/\/www.rangsteel.com\/tr\/","name":"Rang Steel","description":"Build Steel Structures","publisher":{"@id":"https:\/\/www.rangsteel.com\/tr\/#organization"},"potentialAction":[{"@type":"SearchAction","target":{"@type":"EntryPoint","urlTemplate":"https:\/\/www.rangsteel.com\/tr\/?s={search_term_string}"},"query-input":{"@type":"PropertyValueSpecification","valueRequired":true,"valueName":"search_term_string"}}],"inLanguage":"en-US"},{"@type":"Organization","@id":"https:\/\/www.rangsteel.com\/tr\/#organization","name":"Rang Steel","url":"https:\/\/www.rangsteel.com\/tr\/","logo":{"@type":"ImageObject","inLanguage":"en-US","@id":"https:\/\/www.rangsteel.com\/tr\/#\/schema\/logo\/image\/","url":"","contentUrl":"","caption":"Rang Steel"},"image":{"@id":"https:\/\/www.rangsteel.com\/tr\/#\/schema\/logo\/image\/"}}]}},"_links":{"self":[{"href":"https:\/\/www.rangsteel.com\/en\/wp-json\/wp\/v2\/pages\/74807","targetHints":{"allow":["GET"]}}],"collection":[{"href":"https:\/\/www.rangsteel.com\/en\/wp-json\/wp\/v2\/pages"}],"about":[{"href":"https:\/\/www.rangsteel.com\/en\/wp-json\/wp\/v2\/types\/page"}],"author":[{"embeddable":true,"href":"https:\/\/www.rangsteel.com\/en\/wp-json\/wp\/v2\/users\/3"}],"replies":[{"embeddable":true,"href":"https:\/\/www.rangsteel.com\/en\/wp-json\/wp\/v2\/comments?post=74807"}],"version-history":[{"count":4,"href":"https:\/\/www.rangsteel.com\/en\/wp-json\/wp\/v2\/pages\/74807\/revisions"}],"predecessor-version":[{"id":75726,"href":"https:\/\/www.rangsteel.com\/en\/wp-json\/wp\/v2\/pages\/74807\/revisions\/75726"}],"wp:attachment":[{"href":"https:\/\/www.rangsteel.com\/en\/wp-json\/wp\/v2\/media?parent=74807"}],"curies":[{"name":"wp","href":"https:\/\/api.w.org\/{rel}","templated":true}]}}