{"id":336,"date":"2019-04-26T02:44:54","date_gmt":"2019-04-25T23:44:54","guid":{"rendered":"http:\/\/structure.thememove.com\/?page_id=336"},"modified":"2023-05-20T01:46:59","modified_gmt":"2023-05-19T22:46:59","slug":"celik-konstruksiyon-imalat","status":"publish","type":"page","link":"https:\/\/www.rangsteel.com\/ro\/productie-de-constructii-din-otel\/","title":{"rendered":"Produc\u021bie de construc\u021bii din o\u021bel"},"content":{"rendered":"<p>[vc_row css=&#8221;.vc_custom_1433557672994{margin-top: 0px !important;margin-bottom: 40px !important;}&#8221;][vc_column][vc_custom_heading text=&#8221;Produc\u021bie de construc\u021bii din o\u021bel&#8221; font_container=&#8221;tag:h1|font_size:20|text_align:left&#8221; use_theme_fonts=&#8221;yes&#8221; el_class=&#8221;heading-title-3&#8243;][vc_column_text]O\u021belul este cel mai precis material de construc\u021bie pentru fiecare podea \u0219i zone de cutremur, cu u\u0219urin\u021b\u0103, rezisten\u021b\u0103 ridicat\u0103 \u0219i putere de durabilitate, structur\u0103 mai elastic\u0103 \u0219i caracteristici de ductilitate \u00een compara\u021bie cu alternativele.<\/p>\n<p>Deoarece timpul de fabrica\u021bie \u0219i instalare a elementelor de construc\u021bie din o\u021bel este mult mai scurt, costurile de construc\u021bie, proiect \u0219i costuri sunt minimizate. Structurile de construc\u021bie din o\u021bel au deschideri largi \u00een cl\u0103dirile industriale f\u0103r\u0103 bar\u0103 de leg\u0103tur\u0103 \u0219i pot trece f\u0103r\u0103 unelte. Acest lucru economise\u0219te mult timp \u0219i c\u00e2\u0219tig economic.<\/p>\n<p>\u00cen faza de proiect de construc\u021bie din o\u021bel, preg\u0103tirile \u0219i construc\u021bia din o\u021bel potrivite sunt asigurate cu materiile prime utilizate conform specifica\u021biilor \u0219i standardelor. Controlul calit\u0103\u021bii este efectuat \u00een fiecare etap\u0103 a produc\u021biei.<\/p>\n<p>Toate elementele care formeaz\u0103 structura de o\u021bel \u0219i sistemul de transport pot fi produse ca \u0219uruburi. Aceast\u0103 caracteristic\u0103 de dezasamblare previne pierderea materialului cu pierderi minime \u00een demontarea, mutarea, schimbarea, m\u0103rirea sau reducerea structurii de construc\u021bie din o\u021bel.<\/p>\n<p><strong>Pentru construc\u021bii se folosesc trei tipuri de o\u021bel:<\/strong><br \/>\n1. Construc\u021bie structural\u0103 din o\u021bel (o\u021bel greu)<br \/>\n2. Construc\u021bie u\u0219oar\u0103 din o\u021bel<br \/>\n3. O\u021beluri cu profil de cutie[\/vc_column_text][\/vc_column][\/vc_row][vc_row css=&#8221;.vc_custom_1433128678982{margin-bottom: 50px !important;}&#8221;][vc_column width=&#8221;1\/2&#8243;][vc_custom_heading text=&#8221;Etapele construc\u021biei din o\u021bel&#8221; font_container=&#8221;tag:h2|font_size:20|text_align:left&#8221; use_theme_fonts=&#8221;yes&#8221; el_class=&#8221;heading-title-3&#8243;][vc_column_text]<strong>Preg\u0103tirea locului de munc\u0103;<\/strong> Produc\u021biile care vor fi realizate pentru proiect sunt determinate de ce poze vor fi produse pe ce ma\u0219ini de construc\u021bie din o\u021bel.<\/p>\n<p><strong>Tabl\u0103 t\u0103iat\u0103;<\/strong> Conform planurilor \u00eentocmite, pl\u0103cile care vor fi utilizate \u00een produc\u021bie sunt t\u0103iate \u00een ma\u0219in\u0103 CNC Plasma \u0219i produc\u021bia este asigurat\u0103 cu precizie \u0219i f\u0103r\u0103 pierderi.<\/p>\n<p><strong>Prelucrarea profilului;<\/strong> Profilele de o\u021bel care urmeaz\u0103 s\u0103 fie utilizate \u00een fabrica\u021bie sunt prelucrate \u00een diferite ma\u0219ini din parcul nostru larg de ma\u0219ini prin t\u0103iere \u0219i g\u0103urire.<\/p>\n<p><strong>Marcare \u0219i acoperi\u0219;<\/strong> structur\u0103 din o\u021bel imagini de detaliu proiect \u00een p\u0103r\u021bile specificate t\u0103iate \u0219i prelucrate ale num\u0103rului (marca) este furnizat\u0103 de trasabilitate este furnizat\u0103. Piesele aprobate de controlul de calitate sunt sudate la desenul tehnic.<\/p>\n<p>\u00cenainte de sudare, toate suprafe\u021bele care urmeaz\u0103 a fi sudate sunt cur\u0103\u021bate de rugin\u0103 \u0219i alte materiale str\u0103ine prin perie de s\u00e2rm\u0103, sablare sau sablare. \u00cen conformitate cu standardele \u0219i specifica\u021biile specificate \u00een caietul de sarcini, gura de sudur\u0103 se deschide cu o form\u0103 adecvat\u0103.<\/p>\n<p><strong>sablare si vopsea;<\/strong> suprafe\u021bele, uleiul, murd\u0103ria \u0219i rugina care urmeaz\u0103 s\u0103 fie cur\u0103\u021bate prin cur\u0103\u021bare sau cur\u0103\u021bare mecanic\u0103 este preg\u0103tit\u0103 pentru vopsire. Materialele sunt vopsite pe baza valorilor de grosime dorite cu caracteristicile si culorile specificate in caietul de sarcini.<\/p>\n<p><strong>Protectie anticoroziva;<\/strong> Deoarece otelurile structurale sunt potrivite pentru oxidare, acestea trebuie protejate cu materiale speciale. Prin urmare, suprafa\u021ba de o\u021bel este cur\u0103\u021bat\u0103 conform cerin\u021belor \u0219i standardelor, apoi se aplic\u0103 metode de sablare, cur\u0103\u021bare chimic\u0103, vopsire \u0219i galvanizare.[\/vc_column_text][\/vc_column][vc_column width=&#8221;1\/2&#8243;][vc_custom_heading text=&#8221;Zonele de produc\u021bie de construc\u021bii din o\u021bel&#8221; font_container=&#8221;tag:h2|font_size:20|text_align:left&#8221; use_theme_fonts=&#8221;yes&#8221; el_class=&#8221;heading-title-3&#8243;][vc_column_text]<\/p>\n<ul>\n<li>Construc\u021bie din o\u021bel Construc\u021bie acoperi\u0219<\/li>\n<li>Fabricarea depozitelor de constructii din otel<\/li>\n<li>Construc\u021bie de o\u021bel<\/li>\n<li>Vile de constructii din otel<\/li>\n<li>Fabrica de constructii din otel<\/li>\n<li>Produc\u021bii de o\u021bel cu \u0219uruburi<\/li>\n<li>Fabricarea hangarului din o\u021bel<\/li>\n<li>Fabricarea cl\u0103dirilor din o\u021bel cu deschidere mare<\/li>\n<li>Fabricarea acoperi\u0219ului din o\u021bel cu sistem de bolt\u0103<\/li>\n<li>O\u021bel\u0103rie<\/li>\n<li>Plante industriale<\/li>\n<li>Poduri transportoare<\/li>\n<li>Turnuri de lift, bunc\u0103r, ciclon<\/li>\n<li>Sisteme de depozitare a cerealelor, silozuri<\/li>\n<li>Poduri, Platforme, Interfe\u021be din O\u021bel<\/li>\n<li>Rezervor, schimbator de caldura cazan, filtre colectoare de praf<\/li>\n<li>T\u0103iere CNC cu laser cu plasm\u0103<\/li>\n<li>R\u0103sucire de t\u0103iere a tablei CNC<\/li>\n<\/ul>\n<p>[\/vc_column_text][vc_empty_space height=&#8221;20px&#8221;][vc_images_carousel images=&#8221;75353,75354,75355,75356,75357&#8243; img_size=&#8221;415&#215;277&#8243; onclick=&#8221;link_no&#8221; speed=&#8221;3000&#8243; autoplay=&#8221;yes&#8221; hide_prev_next_buttons=&#8221;yes&#8221; el_class=&#8221;images-carousel-2&#8243;][\/vc_column][\/vc_row][vc_row el_class=&#8221;big-quote-2&#8243; css=&#8221;.vc_custom_1433557680188{margin-bottom: 30px !important;}&#8221;][vc_column][vc_column_text]You can get detailed information about steel structure design from our project office in Constanta, Romania.[\/vc_column_text][\/vc_column][\/vc_row][vc_row background_color=&#8221;#fdc502&#8243; el_class=&#8221;intro5&#8243; css=&#8221;.vc_custom_1460184014227{background-color: #f7b200 !important;}&#8221;][vc_column width=&#8221;3\/4&#8243; css=&#8221;.vc_custom_1460184027524{padding-top: 0px !important;padding-bottom: 0px !important;background-color: #fdc502 !important;}&#8221;][vc_custom_heading text=&#8221;V\u0103 rug\u0103m s\u0103 ne contacta\u021bi pentru mai multe informa\u021bii.&#8221; font_container=&#8221;tag:h2|font_size:20|text_align:left|color:%23ffffff&#8221; use_theme_fonts=&#8221;yes&#8221;][\/vc_column][vc_column width=&#8221;1\/4&#8243;][vc_btn title=&#8221;Cerere de informatii&#8221; style=&#8221;custom&#8221; custom_text=&#8221;#ffffff&#8221; link=&#8221;url:https%3A%2F%2Fwww.rangsteel.com%2Fro%2Fcontactati-ne%2F|title:Cerere%20de%20informatii||&#8221;][\/vc_column][\/vc_row]<\/p>","protected":false},"excerpt":{"rendered":"<p>[vc_row css=&#8221;.vc_custom_1433557672994{margin-top: 0px !important;margin-bottom: 40px !important;}&#8221;][vc_column][vc_custom_heading text=&#8221;Produc\u021bie de construc\u021bii din o\u021bel&#8221; font_container=&#8221;tag:h1|font_size:20|text_align:left&#8221; use_theme_fonts=&#8221;yes&#8221; el_class=&#8221;heading-title-3&#8243;][vc_column_text]O\u021belul este cel mai precis material de construc\u021bie pentru fiecare podea \u0219i zone de cutremur, cu u\u0219urin\u021b\u0103, rezisten\u021b\u0103 ridicat\u0103 \u0219i putere de durabilitate, structur\u0103 mai elastic\u0103 \u0219i caracteristici de ductilitate \u00een compara\u021bie cu alternativele. Deoarece timpul de fabrica\u021bie \u0219i instalare a elementelor [&hellip;]<\/p>\n","protected":false},"author":3,"featured_media":0,"parent":0,"menu_order":0,"comment_status":"closed","ping_status":"closed","template":"","meta":{"footnotes":""},"class_list":["post-336","page","type-page","status-publish","hentry"],"yoast_head":"<!-- This site is optimized with the Yoast SEO plugin v26.5 - https:\/\/yoast.com\/wordpress\/plugins\/seo\/ -->\n<title>Produc\u021bie de construc\u021bii din o\u021bel - Rang Steel<\/title>\n<meta name=\"robots\" content=\"index, follow, max-snippet:-1, max-image-preview:large, max-video-preview:-1\" \/>\n<link rel=\"canonical\" href=\"https:\/\/www.rangsteel.com\/tr\/celik-konstruksiyon-imalat\/\" \/>\n<meta property=\"og:locale\" content=\"ro_RO\" \/>\n<meta property=\"og:type\" content=\"article\" \/>\n<meta property=\"og:title\" content=\"Produc\u021bie de construc\u021bii din o\u021bel - Rang Steel\" \/>\n<meta property=\"og:description\" content=\"[vc_row css=&#8221;.vc_custom_1433557672994{margin-top: 0px !important;margin-bottom: 40px !important;}&#8221;][vc_column][vc_custom_heading text=&#8221;Produc\u021bie de construc\u021bii din o\u021bel&#8221; font_container=&#8221;tag:h1|font_size:20|text_align:left&#8221; use_theme_fonts=&#8221;yes&#8221; el_class=&#8221;heading-title-3&#8243;][vc_column_text]O\u021belul este cel mai precis material de construc\u021bie pentru fiecare podea \u0219i zone de cutremur, cu u\u0219urin\u021b\u0103, rezisten\u021b\u0103 ridicat\u0103 \u0219i putere de durabilitate, structur\u0103 mai elastic\u0103 \u0219i caracteristici de ductilitate \u00een compara\u021bie cu alternativele. Deoarece timpul de fabrica\u021bie \u0219i instalare a elementelor [&hellip;]\" \/>\n<meta property=\"og:url\" content=\"https:\/\/www.rangsteel.com\/tr\/celik-konstruksiyon-imalat\/\" \/>\n<meta property=\"og:site_name\" content=\"Rang Steel\" \/>\n<meta property=\"article:modified_time\" content=\"2023-05-19T22:46:59+00:00\" \/>\n<meta name=\"twitter:card\" content=\"summary_large_image\" \/>\n<meta name=\"twitter:label1\" content=\"Timp estimat pentru citire\" \/>\n\t<meta name=\"twitter:data1\" content=\"4 minute\" \/>\n<script type=\"application\/ld+json\" class=\"yoast-schema-graph\">{\"@context\":\"https:\/\/schema.org\",\"@graph\":[{\"@type\":\"WebPage\",\"@id\":\"https:\/\/www.rangsteel.com\/tr\/celik-konstruksiyon-imalat\/\",\"url\":\"https:\/\/www.rangsteel.com\/tr\/celik-konstruksiyon-imalat\/\",\"name\":\"Produc\u021bie de construc\u021bii din o\u021bel - Rang Steel\",\"isPartOf\":{\"@id\":\"https:\/\/www.rangsteel.com\/tr\/#website\"},\"datePublished\":\"2019-04-25T23:44:54+00:00\",\"dateModified\":\"2023-05-19T22:46:59+00:00\",\"breadcrumb\":{\"@id\":\"https:\/\/www.rangsteel.com\/tr\/celik-konstruksiyon-imalat\/#breadcrumb\"},\"inLanguage\":\"ro-RO\",\"potentialAction\":[{\"@type\":\"ReadAction\",\"target\":[\"https:\/\/www.rangsteel.com\/tr\/celik-konstruksiyon-imalat\/\"]}]},{\"@type\":\"BreadcrumbList\",\"@id\":\"https:\/\/www.rangsteel.com\/tr\/celik-konstruksiyon-imalat\/#breadcrumb\",\"itemListElement\":[{\"@type\":\"ListItem\",\"position\":1,\"name\":\"Ana sayfa\",\"item\":\"https:\/\/www.rangsteel.com\/tr\/\"},{\"@type\":\"ListItem\",\"position\":2,\"name\":\"\u00c7elik Konstr\u00fcksiyon \u0130malat\"}]},{\"@type\":\"WebSite\",\"@id\":\"https:\/\/www.rangsteel.com\/tr\/#website\",\"url\":\"https:\/\/www.rangsteel.com\/tr\/\",\"name\":\"Rang Steel\",\"description\":\"(Turkish) \u00c7elik Yap\u0131lar \u0130n\u015fa Eder\",\"publisher\":{\"@id\":\"https:\/\/www.rangsteel.com\/tr\/#organization\"},\"potentialAction\":[{\"@type\":\"SearchAction\",\"target\":{\"@type\":\"EntryPoint\",\"urlTemplate\":\"https:\/\/www.rangsteel.com\/tr\/?s={search_term_string}\"},\"query-input\":{\"@type\":\"PropertyValueSpecification\",\"valueRequired\":true,\"valueName\":\"search_term_string\"}}],\"inLanguage\":\"ro-RO\"},{\"@type\":\"Organization\",\"@id\":\"https:\/\/www.rangsteel.com\/tr\/#organization\",\"name\":\"Rang Steel\",\"url\":\"https:\/\/www.rangsteel.com\/tr\/\",\"logo\":{\"@type\":\"ImageObject\",\"inLanguage\":\"ro-RO\",\"@id\":\"https:\/\/www.rangsteel.com\/tr\/#\/schema\/logo\/image\/\",\"url\":\"\",\"contentUrl\":\"\",\"caption\":\"Rang Steel\"},\"image\":{\"@id\":\"https:\/\/www.rangsteel.com\/tr\/#\/schema\/logo\/image\/\"}}]}<\/script>\n<!-- \/ Yoast SEO plugin. -->","yoast_head_json":{"title":"Produc\u021bie de construc\u021bii din o\u021bel - Rang Steel","robots":{"index":"index","follow":"follow","max-snippet":"max-snippet:-1","max-image-preview":"max-image-preview:large","max-video-preview":"max-video-preview:-1"},"canonical":"https:\/\/www.rangsteel.com\/tr\/celik-konstruksiyon-imalat\/","og_locale":"ro_RO","og_type":"article","og_title":"Produc\u021bie de construc\u021bii din o\u021bel - Rang Steel","og_description":"[vc_row css=&#8221;.vc_custom_1433557672994{margin-top: 0px !important;margin-bottom: 40px !important;}&#8221;][vc_column][vc_custom_heading text=&#8221;Produc\u021bie de construc\u021bii din o\u021bel&#8221; font_container=&#8221;tag:h1|font_size:20|text_align:left&#8221; use_theme_fonts=&#8221;yes&#8221; el_class=&#8221;heading-title-3&#8243;][vc_column_text]O\u021belul este cel mai precis material de construc\u021bie pentru fiecare podea \u0219i zone de cutremur, cu u\u0219urin\u021b\u0103, rezisten\u021b\u0103 ridicat\u0103 \u0219i putere de durabilitate, structur\u0103 mai elastic\u0103 \u0219i caracteristici de ductilitate \u00een compara\u021bie cu alternativele. Deoarece timpul de fabrica\u021bie \u0219i instalare a elementelor [&hellip;]","og_url":"https:\/\/www.rangsteel.com\/tr\/celik-konstruksiyon-imalat\/","og_site_name":"Rang Steel","article_modified_time":"2023-05-19T22:46:59+00:00","twitter_card":"summary_large_image","twitter_misc":{"Timp estimat pentru citire":"4 minute"},"schema":{"@context":"https:\/\/schema.org","@graph":[{"@type":"WebPage","@id":"https:\/\/www.rangsteel.com\/tr\/celik-konstruksiyon-imalat\/","url":"https:\/\/www.rangsteel.com\/tr\/celik-konstruksiyon-imalat\/","name":"Produc\u021bie de construc\u021bii din o\u021bel - Rang Steel","isPartOf":{"@id":"https:\/\/www.rangsteel.com\/tr\/#website"},"datePublished":"2019-04-25T23:44:54+00:00","dateModified":"2023-05-19T22:46:59+00:00","breadcrumb":{"@id":"https:\/\/www.rangsteel.com\/tr\/celik-konstruksiyon-imalat\/#breadcrumb"},"inLanguage":"ro-RO","potentialAction":[{"@type":"ReadAction","target":["https:\/\/www.rangsteel.com\/tr\/celik-konstruksiyon-imalat\/"]}]},{"@type":"BreadcrumbList","@id":"https:\/\/www.rangsteel.com\/tr\/celik-konstruksiyon-imalat\/#breadcrumb","itemListElement":[{"@type":"ListItem","position":1,"name":"Ana sayfa","item":"https:\/\/www.rangsteel.com\/tr\/"},{"@type":"ListItem","position":2,"name":"\u00c7elik Konstr\u00fcksiyon \u0130malat"}]},{"@type":"WebSite","@id":"https:\/\/www.rangsteel.com\/tr\/#website","url":"https:\/\/www.rangsteel.com\/tr\/","name":"Rang Steel","description":"(Turkish) \u00c7elik Yap\u0131lar \u0130n\u015fa Eder","publisher":{"@id":"https:\/\/www.rangsteel.com\/tr\/#organization"},"potentialAction":[{"@type":"SearchAction","target":{"@type":"EntryPoint","urlTemplate":"https:\/\/www.rangsteel.com\/tr\/?s={search_term_string}"},"query-input":{"@type":"PropertyValueSpecification","valueRequired":true,"valueName":"search_term_string"}}],"inLanguage":"ro-RO"},{"@type":"Organization","@id":"https:\/\/www.rangsteel.com\/tr\/#organization","name":"Rang Steel","url":"https:\/\/www.rangsteel.com\/tr\/","logo":{"@type":"ImageObject","inLanguage":"ro-RO","@id":"https:\/\/www.rangsteel.com\/tr\/#\/schema\/logo\/image\/","url":"","contentUrl":"","caption":"Rang Steel"},"image":{"@id":"https:\/\/www.rangsteel.com\/tr\/#\/schema\/logo\/image\/"}}]}},"_links":{"self":[{"href":"https:\/\/www.rangsteel.com\/ro\/wp-json\/wp\/v2\/pages\/336","targetHints":{"allow":["GET"]}}],"collection":[{"href":"https:\/\/www.rangsteel.com\/ro\/wp-json\/wp\/v2\/pages"}],"about":[{"href":"https:\/\/www.rangsteel.com\/ro\/wp-json\/wp\/v2\/types\/page"}],"author":[{"embeddable":true,"href":"https:\/\/www.rangsteel.com\/ro\/wp-json\/wp\/v2\/users\/3"}],"replies":[{"embeddable":true,"href":"https:\/\/www.rangsteel.com\/ro\/wp-json\/wp\/v2\/comments?post=336"}],"version-history":[{"count":2,"href":"https:\/\/www.rangsteel.com\/ro\/wp-json\/wp\/v2\/pages\/336\/revisions"}],"predecessor-version":[{"id":75722,"href":"https:\/\/www.rangsteel.com\/ro\/wp-json\/wp\/v2\/pages\/336\/revisions\/75722"}],"wp:attachment":[{"href":"https:\/\/www.rangsteel.com\/ro\/wp-json\/wp\/v2\/media?parent=336"}],"curies":[{"name":"wp","href":"https:\/\/api.w.org\/{rel}","templated":true}]}}