{"id":338,"date":"2019-04-25T02:45:13","date_gmt":"2019-04-24T23:45:13","guid":{"rendered":"http:\/\/structure.thememove.com\/?page_id=338"},"modified":"2023-05-20T02:06:29","modified_gmt":"2023-05-19T23:06:29","slug":"celik-konstruksiyon-proje","status":"publish","type":"page","link":"https:\/\/www.rangsteel.com\/ro\/proiect-de-constructie-din-otel\/","title":{"rendered":"Proiect de construc\u021bie din o\u021bel"},"content":{"rendered":"<p>[vc_row css=&#8221;.vc_custom_1433128525365{margin-top: 0px !important;margin-bottom: 40px !important;}&#8221;][vc_column][vc_custom_heading text=&#8221;Proiect de construc\u021bie din o\u021bel&#8221; font_container=&#8221;tag:h1|font_size:20|text_align:left&#8221; use_theme_fonts=&#8221;yes&#8221; el_class=&#8221;heading-title-3&#8243;][vc_column_text]Firma noastra, care produce Proiecte de constructii metalice, furnizeaza calcule statice, proiecte arhitecturale si statice, servicii de desen si consultanta pentru toate tipurile de lucrari de constructii.<\/p>\n<p>Oferim servicii de constructii din otel la cheie pentru investitiile dumneavoastra in constructii in urmatoarele domenii.<\/p>\n<ul>\n<li>Plante industriale<\/li>\n<li>Facilit\u0103\u021bi logistice<\/li>\n<li>Cl\u0103diri administrative<\/li>\n<li>C&amp;D \u015fi cl\u0103diri de laborator<\/li>\n<li>Facilitati de antrenare<\/li>\n<li>Mall-uri<\/li>\n<li>Unit\u0103\u021bi sanitare<\/li>\n<li>Parc\u0103ri etajate<\/li>\n<li>Hangare pentru avioane<\/li>\n<li>Cl\u0103diri terminale<\/li>\n<li>Cl\u0103diri \u0219i cl\u0103diri reziden\u021biale cu mai multe etaje<\/li>\n<li>Moschee, Aeroport, Stadioane<\/li>\n<li>Poduri \u0219i alte structuri<\/li>\n<\/ul>\n<p><strong>Proiectul static<\/strong> poate fi definit ca calculul tuturor elementelor structurale de pe cl\u0103dire. \u00cen conformitate cu proiectul de arhitectur\u0103, proiectul static \u00eentocmit \u00een func\u021bie de dimensiunea sc\u0103rii este cea mai important\u0103 etap\u0103 \u00een proiectarea cl\u0103dirii.<\/p>\n<p>Se determin\u0103 un sistem structural potrivit pentru proiectul arhitectural al cl\u0103dirii.<\/p>\n<p>Dup\u0103 ce sistemul structural este determinat, se face analiza structurii. Sunt de asemenea luate \u00een considerare sarcinile speciale care afecteaz\u0103 structura \u0219i sarcinile de serviciu specificate \u00een caietul de sarcini. Calculele statice se fac \u021bin\u00e2nd cont de sarcinile suplimentare, cum ar fi cutremur, \u00eenc\u0103rc\u0103turi de z\u0103pad\u0103 \u0219i v\u00e2nt. Se determin\u0103 profilele de o\u021bel care vor fi utilizate cu calculul static. Cum s\u0103 combina\u021bi elementele de construc\u021bie, sunt realizate, de asemenea, suduri, \u0219uruburi \u0219i nituri. Desenele statice care arat\u0103 aceste calcule sunt procesate pe machete. Sunt desenate vedere general\u0103, plan \u0219i sec\u021biuni ale structurii, desene tipice \u0219i de detaliu ale punctelor de \u00eembinare. Desenele proiectului de construc\u021bie din o\u021bel pot fi preg\u0103tite dup\u0103 finalizarea desenelor proiectului de construc\u021bie din o\u021bel.[\/vc_column_text][\/vc_column][\/vc_row][vc_row css=&#8221;.vc_custom_1433128537128{margin-bottom: 50px !important;}&#8221;][vc_column width=&#8221;1\/2&#8243;][vc_custom_heading text=&#8221;Proiect de o\u021bel&#8221; font_container=&#8221;tag:h2|font_size:20|text_align:left&#8221; use_theme_fonts=&#8221;yes&#8221; el_class=&#8221;heading-title-3&#8243;][vc_column_text]Calculele statice ale proiectelor siderurgice, rapoartele de conturi statice \u0219i rapoartele de cutremur sunt realizate prin metodele de calcul descrise \u00een specifica\u021bii, dar sunt produse \u00een conformitate cu regiunea Eurocode Design, specifica\u021biile ruse\u0219ti \u0219i specifica\u021biile americane.<\/p>\n<p>Inginerii \u0219i arhitec\u021bii no\u0219tri, care au sute de mii de metri p\u0103tra\u021bi de experien\u021b\u0103 \u00een cont static, preg\u0103tesc proiecte estetice f\u0103c\u00e2nd analize statice \u0219i dinamice ale structurilor de construc\u021bii din o\u021bel.[\/vc_column_text][vc_empty_space height=&#8221;20&#8243;][vc_images_carousel images=&#8221;75258,75263,75261&#8243; img_size=&#8221;415&#215;277&#8243; onclick=&#8221;link_no&#8221; speed=&#8221;3000&#8243; autoplay=&#8221;yes&#8221; hide_prev_next_buttons=&#8221;yes&#8221; el_class=&#8221;images-carousel-2&#8243;][\/vc_column][vc_column width=&#8221;1\/2&#8243;][vc_custom_heading text=&#8221;Proiect Structur\u0103 O\u021bel&#8221; font_container=&#8221;tag:h2|font_size:20|text_align:left&#8221; use_theme_fonts=&#8221;yes&#8221; el_class=&#8221;heading-title-3&#8243;][vc_column_text]Proiect de structur\u0103 din o\u021bel \u00een domeniul calculatoarelor statice din o\u021bel, servicii de desenare a proiectelor din o\u021bel ale companiei noastre care furnizeaz\u0103 tot felul de structuri;[\/vc_column_text][vc_empty_space height=&#8221;20&#8243;][vc_column_text]<\/p>\n<ul>\n<li>desen proiect de construc\u021bie din o\u021bel<\/li>\n<li>proiecte de hambar de construc\u021bii din o\u021bel<\/li>\n<li>desen proiect structura otelului<\/li>\n<li>proiecte de acoperi\u0219uri din o\u021bel<\/li>\n<li>proiecte de case de constructii din otel<\/li>\n<li>proiecte de fabrici de construc\u021bii din o\u021bel<\/li>\n<li>conturile proiectului structurii metalice<\/li>\n<li>proiecte de fabricare a construc\u021biilor din o\u021bel<\/li>\n<li>desene arhitecturale constructii din otel<\/li>\n<li>proiecte \u0219colare de construc\u021bii din o\u021bel<\/li>\n<li>construc\u021bie de o\u021bel<\/li>\n<li>proiect static structura de otel<\/li>\n<li>proiecte de vile constructii metalice<\/li>\n<li>construc\u021bie de o\u021bel<\/li>\n<li>proiecte de depozite de construc\u021bii din o\u021bel<\/li>\n<li>preg\u0103ti proiecte de hangar de construc\u021bii din o\u021bel.<\/li>\n<\/ul>\n<p>[\/vc_column_text][\/vc_column][\/vc_row][vc_row el_class=&#8221;big-quote-2&#8243;][vc_column][vc_column_text]You can get detailed information about steel structure design from our project office in Constanta, Romania.[\/vc_column_text][vc_empty_space height=&#8221;20&#8243;][\/vc_column][\/vc_row][vc_row background_color=&#8221;#fdc502&#8243; el_class=&#8221;intro5&#8243; css=&#8221;.vc_custom_1460184082268{background-color: #f7b200 !important;}&#8221;][vc_column width=&#8221;3\/4&#8243; css=&#8221;.vc_custom_1460184097377{padding-top: 0px !important;padding-bottom: 0px !important;background-color: #fdc502 !important;}&#8221;][vc_custom_heading text=&#8221;V\u0103 rug\u0103m s\u0103 ne contacta\u021bi pentru mai multe informa\u021bii.&#8221; font_container=&#8221;tag:h2|font_size:20|text_align:left|color:%23ffffff&#8221;][\/vc_column][vc_column width=&#8221;1\/4&#8243;][vc_btn title=&#8221;Cerere de informatii&#8221; style=&#8221;custom&#8221; custom_text=&#8221;#ffffff&#8221; link=&#8221;url:https%3A%2F%2Fwww.rangsteel.com%2Fro%2Fcontactati-ne%2F|title:Cerere%20de%20informatii||&#8221;][\/vc_column][\/vc_row]<\/p>","protected":false},"excerpt":{"rendered":"<p>[vc_row css=&#8221;.vc_custom_1433128525365{margin-top: 0px !important;margin-bottom: 40px !important;}&#8221;][vc_column][vc_custom_heading text=&#8221;Proiect de construc\u021bie din o\u021bel&#8221; font_container=&#8221;tag:h1|font_size:20|text_align:left&#8221; use_theme_fonts=&#8221;yes&#8221; el_class=&#8221;heading-title-3&#8243;][vc_column_text]Firma noastra, care produce Proiecte de constructii metalice, furnizeaza calcule statice, proiecte arhitecturale si statice, servicii de desen si consultanta pentru toate tipurile de lucrari de constructii. Oferim servicii de constructii din otel la cheie pentru investitiile dumneavoastra in constructii in urmatoarele [&hellip;]<\/p>\n","protected":false},"author":3,"featured_media":0,"parent":0,"menu_order":0,"comment_status":"closed","ping_status":"closed","template":"","meta":{"footnotes":""},"class_list":["post-338","page","type-page","status-publish","hentry"],"yoast_head":"<!-- This site is optimized with the Yoast SEO plugin v26.5 - https:\/\/yoast.com\/wordpress\/plugins\/seo\/ -->\n<title>Proiect de construc\u021bie din o\u021bel - Rang Steel<\/title>\n<meta name=\"robots\" content=\"index, follow, max-snippet:-1, max-image-preview:large, max-video-preview:-1\" \/>\n<link rel=\"canonical\" href=\"https:\/\/www.rangsteel.com\/tr\/celik-konstruksiyon-proje\/\" \/>\n<meta property=\"og:locale\" content=\"ro_RO\" \/>\n<meta property=\"og:type\" content=\"article\" \/>\n<meta property=\"og:title\" content=\"Proiect de construc\u021bie din o\u021bel - Rang Steel\" \/>\n<meta property=\"og:description\" content=\"[vc_row css=&#8221;.vc_custom_1433128525365{margin-top: 0px !important;margin-bottom: 40px !important;}&#8221;][vc_column][vc_custom_heading text=&#8221;Proiect de construc\u021bie din o\u021bel&#8221; font_container=&#8221;tag:h1|font_size:20|text_align:left&#8221; use_theme_fonts=&#8221;yes&#8221; el_class=&#8221;heading-title-3&#8243;][vc_column_text]Firma noastra, care produce Proiecte de constructii metalice, furnizeaza calcule statice, proiecte arhitecturale si statice, servicii de desen si consultanta pentru toate tipurile de lucrari de constructii. Oferim servicii de constructii din otel la cheie pentru investitiile dumneavoastra in constructii in urmatoarele [&hellip;]\" \/>\n<meta property=\"og:url\" content=\"https:\/\/www.rangsteel.com\/tr\/celik-konstruksiyon-proje\/\" \/>\n<meta property=\"og:site_name\" content=\"Rang Steel\" \/>\n<meta property=\"article:modified_time\" content=\"2023-05-19T23:06:29+00:00\" \/>\n<meta name=\"twitter:card\" content=\"summary_large_image\" \/>\n<meta name=\"twitter:label1\" content=\"Timp estimat pentru citire\" \/>\n\t<meta name=\"twitter:data1\" content=\"4 minute\" \/>\n<script type=\"application\/ld+json\" class=\"yoast-schema-graph\">{\"@context\":\"https:\/\/schema.org\",\"@graph\":[{\"@type\":\"WebPage\",\"@id\":\"https:\/\/www.rangsteel.com\/tr\/celik-konstruksiyon-proje\/\",\"url\":\"https:\/\/www.rangsteel.com\/tr\/celik-konstruksiyon-proje\/\",\"name\":\"Proiect de construc\u021bie din o\u021bel - Rang Steel\",\"isPartOf\":{\"@id\":\"https:\/\/www.rangsteel.com\/tr\/#website\"},\"datePublished\":\"2019-04-24T23:45:13+00:00\",\"dateModified\":\"2023-05-19T23:06:29+00:00\",\"breadcrumb\":{\"@id\":\"https:\/\/www.rangsteel.com\/tr\/celik-konstruksiyon-proje\/#breadcrumb\"},\"inLanguage\":\"ro-RO\",\"potentialAction\":[{\"@type\":\"ReadAction\",\"target\":[\"https:\/\/www.rangsteel.com\/tr\/celik-konstruksiyon-proje\/\"]}]},{\"@type\":\"BreadcrumbList\",\"@id\":\"https:\/\/www.rangsteel.com\/tr\/celik-konstruksiyon-proje\/#breadcrumb\",\"itemListElement\":[{\"@type\":\"ListItem\",\"position\":1,\"name\":\"Ana sayfa\",\"item\":\"https:\/\/www.rangsteel.com\/tr\/\"},{\"@type\":\"ListItem\",\"position\":2,\"name\":\"\u00c7elik Konstr\u00fcksiyon Proje\"}]},{\"@type\":\"WebSite\",\"@id\":\"https:\/\/www.rangsteel.com\/tr\/#website\",\"url\":\"https:\/\/www.rangsteel.com\/tr\/\",\"name\":\"Rang Steel\",\"description\":\"(Turkish) \u00c7elik Yap\u0131lar \u0130n\u015fa Eder\",\"publisher\":{\"@id\":\"https:\/\/www.rangsteel.com\/tr\/#organization\"},\"potentialAction\":[{\"@type\":\"SearchAction\",\"target\":{\"@type\":\"EntryPoint\",\"urlTemplate\":\"https:\/\/www.rangsteel.com\/tr\/?s={search_term_string}\"},\"query-input\":{\"@type\":\"PropertyValueSpecification\",\"valueRequired\":true,\"valueName\":\"search_term_string\"}}],\"inLanguage\":\"ro-RO\"},{\"@type\":\"Organization\",\"@id\":\"https:\/\/www.rangsteel.com\/tr\/#organization\",\"name\":\"Rang Steel\",\"url\":\"https:\/\/www.rangsteel.com\/tr\/\",\"logo\":{\"@type\":\"ImageObject\",\"inLanguage\":\"ro-RO\",\"@id\":\"https:\/\/www.rangsteel.com\/tr\/#\/schema\/logo\/image\/\",\"url\":\"\",\"contentUrl\":\"\",\"caption\":\"Rang Steel\"},\"image\":{\"@id\":\"https:\/\/www.rangsteel.com\/tr\/#\/schema\/logo\/image\/\"}}]}<\/script>\n<!-- \/ Yoast SEO plugin. -->","yoast_head_json":{"title":"Proiect de construc\u021bie din o\u021bel - Rang Steel","robots":{"index":"index","follow":"follow","max-snippet":"max-snippet:-1","max-image-preview":"max-image-preview:large","max-video-preview":"max-video-preview:-1"},"canonical":"https:\/\/www.rangsteel.com\/tr\/celik-konstruksiyon-proje\/","og_locale":"ro_RO","og_type":"article","og_title":"Proiect de construc\u021bie din o\u021bel - Rang Steel","og_description":"[vc_row css=&#8221;.vc_custom_1433128525365{margin-top: 0px !important;margin-bottom: 40px !important;}&#8221;][vc_column][vc_custom_heading text=&#8221;Proiect de construc\u021bie din o\u021bel&#8221; font_container=&#8221;tag:h1|font_size:20|text_align:left&#8221; use_theme_fonts=&#8221;yes&#8221; el_class=&#8221;heading-title-3&#8243;][vc_column_text]Firma noastra, care produce Proiecte de constructii metalice, furnizeaza calcule statice, proiecte arhitecturale si statice, servicii de desen si consultanta pentru toate tipurile de lucrari de constructii. Oferim servicii de constructii din otel la cheie pentru investitiile dumneavoastra in constructii in urmatoarele [&hellip;]","og_url":"https:\/\/www.rangsteel.com\/tr\/celik-konstruksiyon-proje\/","og_site_name":"Rang Steel","article_modified_time":"2023-05-19T23:06:29+00:00","twitter_card":"summary_large_image","twitter_misc":{"Timp estimat pentru citire":"4 minute"},"schema":{"@context":"https:\/\/schema.org","@graph":[{"@type":"WebPage","@id":"https:\/\/www.rangsteel.com\/tr\/celik-konstruksiyon-proje\/","url":"https:\/\/www.rangsteel.com\/tr\/celik-konstruksiyon-proje\/","name":"Proiect de construc\u021bie din o\u021bel - Rang Steel","isPartOf":{"@id":"https:\/\/www.rangsteel.com\/tr\/#website"},"datePublished":"2019-04-24T23:45:13+00:00","dateModified":"2023-05-19T23:06:29+00:00","breadcrumb":{"@id":"https:\/\/www.rangsteel.com\/tr\/celik-konstruksiyon-proje\/#breadcrumb"},"inLanguage":"ro-RO","potentialAction":[{"@type":"ReadAction","target":["https:\/\/www.rangsteel.com\/tr\/celik-konstruksiyon-proje\/"]}]},{"@type":"BreadcrumbList","@id":"https:\/\/www.rangsteel.com\/tr\/celik-konstruksiyon-proje\/#breadcrumb","itemListElement":[{"@type":"ListItem","position":1,"name":"Ana sayfa","item":"https:\/\/www.rangsteel.com\/tr\/"},{"@type":"ListItem","position":2,"name":"\u00c7elik Konstr\u00fcksiyon Proje"}]},{"@type":"WebSite","@id":"https:\/\/www.rangsteel.com\/tr\/#website","url":"https:\/\/www.rangsteel.com\/tr\/","name":"Rang Steel","description":"(Turkish) \u00c7elik Yap\u0131lar \u0130n\u015fa Eder","publisher":{"@id":"https:\/\/www.rangsteel.com\/tr\/#organization"},"potentialAction":[{"@type":"SearchAction","target":{"@type":"EntryPoint","urlTemplate":"https:\/\/www.rangsteel.com\/tr\/?s={search_term_string}"},"query-input":{"@type":"PropertyValueSpecification","valueRequired":true,"valueName":"search_term_string"}}],"inLanguage":"ro-RO"},{"@type":"Organization","@id":"https:\/\/www.rangsteel.com\/tr\/#organization","name":"Rang Steel","url":"https:\/\/www.rangsteel.com\/tr\/","logo":{"@type":"ImageObject","inLanguage":"ro-RO","@id":"https:\/\/www.rangsteel.com\/tr\/#\/schema\/logo\/image\/","url":"","contentUrl":"","caption":"Rang Steel"},"image":{"@id":"https:\/\/www.rangsteel.com\/tr\/#\/schema\/logo\/image\/"}}]}},"_links":{"self":[{"href":"https:\/\/www.rangsteel.com\/ro\/wp-json\/wp\/v2\/pages\/338","targetHints":{"allow":["GET"]}}],"collection":[{"href":"https:\/\/www.rangsteel.com\/ro\/wp-json\/wp\/v2\/pages"}],"about":[{"href":"https:\/\/www.rangsteel.com\/ro\/wp-json\/wp\/v2\/types\/page"}],"author":[{"embeddable":true,"href":"https:\/\/www.rangsteel.com\/ro\/wp-json\/wp\/v2\/users\/3"}],"replies":[{"embeddable":true,"href":"https:\/\/www.rangsteel.com\/ro\/wp-json\/wp\/v2\/comments?post=338"}],"version-history":[{"count":3,"href":"https:\/\/www.rangsteel.com\/ro\/wp-json\/wp\/v2\/pages\/338\/revisions"}],"predecessor-version":[{"id":75725,"href":"https:\/\/www.rangsteel.com\/ro\/wp-json\/wp\/v2\/pages\/338\/revisions\/75725"}],"wp:attachment":[{"href":"https:\/\/www.rangsteel.com\/ro\/wp-json\/wp\/v2\/media?parent=338"}],"curies":[{"name":"wp","href":"https:\/\/api.w.org\/{rel}","templated":true}]}}