{"id":342,"date":"2019-04-26T02:45:48","date_gmt":"2019-04-25T23:45:48","guid":{"rendered":"http:\/\/structure.thememove.com\/?page_id=342"},"modified":"2023-05-20T02:02:42","modified_gmt":"2023-05-19T23:02:42","slug":"celik-konstruksiyon-montaj","status":"publish","type":"page","link":"https:\/\/www.rangsteel.com\/ro\/ansamblu-de-constructie-din-otel\/","title":{"rendered":"Ansamblu de construc\u021bie din o\u021bel"},"content":{"rendered":"<p>[vc_row css=&#8221;.vc_custom_1433128547929{margin-bottom: 50px !important;}&#8221;][vc_column width=&#8221;1\/2&#8243;][vc_custom_heading text=&#8221;Ansamblu de construc\u021bie din o\u021bel&#8221; font_container=&#8221;tag:h1|font_size:20|text_align:left&#8221; use_theme_fonts=&#8221;yes&#8221; el_class=&#8221;heading-title-3&#8243;][vc_column_text]Rang Steel ofer\u0103 lucr\u0103ri de construc\u021bii la cheie \u00een calitate de antreprenor principal pentru toate procesele de proiectare, proiectare, produc\u021bie \u0219i asamblare a proiectelor de construc\u021bie din o\u021bel. Ofer\u0103 solu\u021bii optime pentru investi\u021bii \u0219i costuri de exploatare prin furnizarea de servicii \u00een \u00eentregul proces, de la stadiul de fezabilitate p\u00e2n\u0103 la deschiderea fabricii \u00een proiecte de construc\u021bii.<\/p>\n<p>Cl\u0103dirile fabricilor, hangarele, facilit\u0103\u021bile sportive, instala\u021biile industriale, depozitele \u0219i atelierele sunt preferate \u00een domenii precum sistemele de construc\u021bie din o\u021bel au propriet\u0103\u021bi mecanice durabile \u0219i bogate. \u00cen acest sistem, toate suporturile sunt fabricate din o\u021bel.<\/p>\n<p>Compania noastr\u0103, care are experien\u021b\u0103 \u0219i profesioni\u0219ti \u00een asamblare, precum \u0219i \u00een produc\u021bia de construc\u021bii din o\u021bel, a finalizat cu succes multe proiecte interne \u0219i interna\u021bionale.<\/p>\n<p>\u00cen fabrica noastr\u0103, materialele de o\u021bel finite sunt transferate pe \u0219antier dup\u0103 preg\u0103tirea \u0219antierului. La locul de instalare al \u0219antierului se iau m\u0103surile de securitate necesare \u0219i se \u00eencepe instalarea. Pe m\u0103sur\u0103 ce structura de construc\u021bie din o\u021bel este instalat\u0103 pe \u0219antier, se asigur\u0103 prevenirea erorilor mari de marcare.[\/vc_column_text][\/vc_column][vc_column width=&#8221;1\/2&#8243;][vc_images_carousel images=&#8221;75262,75356,75260&#8243; img_size=&#8221;415&#215;277&#8243; onclick=&#8221;link_no&#8221; autoplay=&#8221;yes&#8221; hide_prev_next_buttons=&#8221;yes&#8221; el_class=&#8221;images-carousel-2&#8243;][\/vc_column][\/vc_row][vc_row el_class=&#8221;big-quote-2&#8243;][vc_column][vc_column_text]You can get detailed information about steel structure design from our project office in Constanta, Romania.[\/vc_column_text][\/vc_column][\/vc_row][vc_row background_color=&#8221;#fdc502&#8243; el_class=&#8221;intro5&#8243; css=&#8221;.vc_custom_1460184147214{background-color: #f7b200 !important;}&#8221;][vc_column width=&#8221;3\/4&#8243; css=&#8221;.vc_custom_1460184159016{padding-top: 0px !important;padding-bottom: 0px !important;background-color: #fdc502 !important;}&#8221;][vc_custom_heading text=&#8221;V\u0103 rug\u0103m s\u0103 ne contacta\u021bi pentru mai multe informa\u021bii.&#8221; font_container=&#8221;tag:h2|font_size:20|text_align:left|color:%23ffffff&#8221; use_theme_fonts=&#8221;yes&#8221;][\/vc_column][vc_column width=&#8221;1\/4&#8243;][vc_btn title=&#8221;Cerere de informatii&#8221; style=&#8221;custom&#8221; custom_text=&#8221;#ffffff&#8221; link=&#8221;url:https%3A%2F%2Fwww.rangsteel.com%2Fro%2Fcontactati-ne%2F|title:Cerere%20de%20informatii||&#8221;][\/vc_column][\/vc_row]<\/p>","protected":false},"excerpt":{"rendered":"<p>[vc_row css=&#8221;.vc_custom_1433128547929{margin-bottom: 50px !important;}&#8221;][vc_column width=&#8221;1\/2&#8243;][vc_custom_heading text=&#8221;Ansamblu de construc\u021bie din o\u021bel&#8221; font_container=&#8221;tag:h1|font_size:20|text_align:left&#8221; use_theme_fonts=&#8221;yes&#8221; el_class=&#8221;heading-title-3&#8243;][vc_column_text]Rang Steel ofer\u0103 lucr\u0103ri de construc\u021bii la cheie \u00een calitate de antreprenor principal pentru toate procesele de proiectare, proiectare, produc\u021bie \u0219i asamblare a proiectelor de construc\u021bie din o\u021bel. Ofer\u0103 solu\u021bii optime pentru investi\u021bii \u0219i costuri de exploatare prin furnizarea de servicii \u00een \u00eentregul [&hellip;]<\/p>\n","protected":false},"author":3,"featured_media":0,"parent":0,"menu_order":0,"comment_status":"closed","ping_status":"closed","template":"","meta":{"footnotes":""},"class_list":["post-342","page","type-page","status-publish","hentry"],"yoast_head":"<!-- This site is optimized with the Yoast SEO plugin v26.5 - https:\/\/yoast.com\/wordpress\/plugins\/seo\/ -->\n<title>Ansamblu de construc\u021bie din o\u021bel - Rang Steel<\/title>\n<meta name=\"robots\" content=\"index, follow, max-snippet:-1, max-image-preview:large, max-video-preview:-1\" \/>\n<link rel=\"canonical\" href=\"https:\/\/www.rangsteel.com\/tr\/celik-konstruksiyon-montaj\/\" \/>\n<meta property=\"og:locale\" content=\"ro_RO\" \/>\n<meta property=\"og:type\" content=\"article\" \/>\n<meta property=\"og:title\" content=\"Ansamblu de construc\u021bie din o\u021bel - Rang Steel\" \/>\n<meta property=\"og:description\" content=\"[vc_row css=&#8221;.vc_custom_1433128547929{margin-bottom: 50px !important;}&#8221;][vc_column width=&#8221;1\/2&#8243;][vc_custom_heading text=&#8221;Ansamblu de construc\u021bie din o\u021bel&#8221; font_container=&#8221;tag:h1|font_size:20|text_align:left&#8221; use_theme_fonts=&#8221;yes&#8221; el_class=&#8221;heading-title-3&#8243;][vc_column_text]Rang Steel ofer\u0103 lucr\u0103ri de construc\u021bii la cheie \u00een calitate de antreprenor principal pentru toate procesele de proiectare, proiectare, produc\u021bie \u0219i asamblare a proiectelor de construc\u021bie din o\u021bel. Ofer\u0103 solu\u021bii optime pentru investi\u021bii \u0219i costuri de exploatare prin furnizarea de servicii \u00een \u00eentregul [&hellip;]\" \/>\n<meta property=\"og:url\" content=\"https:\/\/www.rangsteel.com\/tr\/celik-konstruksiyon-montaj\/\" \/>\n<meta property=\"og:site_name\" content=\"Rang Steel\" \/>\n<meta property=\"article:modified_time\" content=\"2023-05-19T23:02:42+00:00\" \/>\n<meta name=\"twitter:card\" content=\"summary_large_image\" \/>\n<meta name=\"twitter:label1\" content=\"Timp estimat pentru citire\" \/>\n\t<meta name=\"twitter:data1\" content=\"2 minute\" \/>\n<script type=\"application\/ld+json\" class=\"yoast-schema-graph\">{\"@context\":\"https:\/\/schema.org\",\"@graph\":[{\"@type\":\"WebPage\",\"@id\":\"https:\/\/www.rangsteel.com\/tr\/celik-konstruksiyon-montaj\/\",\"url\":\"https:\/\/www.rangsteel.com\/tr\/celik-konstruksiyon-montaj\/\",\"name\":\"Ansamblu de construc\u021bie din o\u021bel - Rang Steel\",\"isPartOf\":{\"@id\":\"https:\/\/www.rangsteel.com\/tr\/#website\"},\"datePublished\":\"2019-04-25T23:45:48+00:00\",\"dateModified\":\"2023-05-19T23:02:42+00:00\",\"breadcrumb\":{\"@id\":\"https:\/\/www.rangsteel.com\/tr\/celik-konstruksiyon-montaj\/#breadcrumb\"},\"inLanguage\":\"ro-RO\",\"potentialAction\":[{\"@type\":\"ReadAction\",\"target\":[\"https:\/\/www.rangsteel.com\/tr\/celik-konstruksiyon-montaj\/\"]}]},{\"@type\":\"BreadcrumbList\",\"@id\":\"https:\/\/www.rangsteel.com\/tr\/celik-konstruksiyon-montaj\/#breadcrumb\",\"itemListElement\":[{\"@type\":\"ListItem\",\"position\":1,\"name\":\"Ana sayfa\",\"item\":\"https:\/\/www.rangsteel.com\/tr\/\"},{\"@type\":\"ListItem\",\"position\":2,\"name\":\"\u00c7elik Konstr\u00fcksiyon Montaj\"}]},{\"@type\":\"WebSite\",\"@id\":\"https:\/\/www.rangsteel.com\/tr\/#website\",\"url\":\"https:\/\/www.rangsteel.com\/tr\/\",\"name\":\"Rang Steel\",\"description\":\"(Turkish) \u00c7elik Yap\u0131lar \u0130n\u015fa Eder\",\"publisher\":{\"@id\":\"https:\/\/www.rangsteel.com\/tr\/#organization\"},\"potentialAction\":[{\"@type\":\"SearchAction\",\"target\":{\"@type\":\"EntryPoint\",\"urlTemplate\":\"https:\/\/www.rangsteel.com\/tr\/?s={search_term_string}\"},\"query-input\":{\"@type\":\"PropertyValueSpecification\",\"valueRequired\":true,\"valueName\":\"search_term_string\"}}],\"inLanguage\":\"ro-RO\"},{\"@type\":\"Organization\",\"@id\":\"https:\/\/www.rangsteel.com\/tr\/#organization\",\"name\":\"Rang Steel\",\"url\":\"https:\/\/www.rangsteel.com\/tr\/\",\"logo\":{\"@type\":\"ImageObject\",\"inLanguage\":\"ro-RO\",\"@id\":\"https:\/\/www.rangsteel.com\/tr\/#\/schema\/logo\/image\/\",\"url\":\"\",\"contentUrl\":\"\",\"caption\":\"Rang Steel\"},\"image\":{\"@id\":\"https:\/\/www.rangsteel.com\/tr\/#\/schema\/logo\/image\/\"}}]}<\/script>\n<!-- \/ Yoast SEO plugin. -->","yoast_head_json":{"title":"Ansamblu de construc\u021bie din o\u021bel - Rang Steel","robots":{"index":"index","follow":"follow","max-snippet":"max-snippet:-1","max-image-preview":"max-image-preview:large","max-video-preview":"max-video-preview:-1"},"canonical":"https:\/\/www.rangsteel.com\/tr\/celik-konstruksiyon-montaj\/","og_locale":"ro_RO","og_type":"article","og_title":"Ansamblu de construc\u021bie din o\u021bel - Rang Steel","og_description":"[vc_row css=&#8221;.vc_custom_1433128547929{margin-bottom: 50px !important;}&#8221;][vc_column width=&#8221;1\/2&#8243;][vc_custom_heading text=&#8221;Ansamblu de construc\u021bie din o\u021bel&#8221; font_container=&#8221;tag:h1|font_size:20|text_align:left&#8221; use_theme_fonts=&#8221;yes&#8221; el_class=&#8221;heading-title-3&#8243;][vc_column_text]Rang Steel ofer\u0103 lucr\u0103ri de construc\u021bii la cheie \u00een calitate de antreprenor principal pentru toate procesele de proiectare, proiectare, produc\u021bie \u0219i asamblare a proiectelor de construc\u021bie din o\u021bel. Ofer\u0103 solu\u021bii optime pentru investi\u021bii \u0219i costuri de exploatare prin furnizarea de servicii \u00een \u00eentregul [&hellip;]","og_url":"https:\/\/www.rangsteel.com\/tr\/celik-konstruksiyon-montaj\/","og_site_name":"Rang Steel","article_modified_time":"2023-05-19T23:02:42+00:00","twitter_card":"summary_large_image","twitter_misc":{"Timp estimat pentru citire":"2 minute"},"schema":{"@context":"https:\/\/schema.org","@graph":[{"@type":"WebPage","@id":"https:\/\/www.rangsteel.com\/tr\/celik-konstruksiyon-montaj\/","url":"https:\/\/www.rangsteel.com\/tr\/celik-konstruksiyon-montaj\/","name":"Ansamblu de construc\u021bie din o\u021bel - Rang Steel","isPartOf":{"@id":"https:\/\/www.rangsteel.com\/tr\/#website"},"datePublished":"2019-04-25T23:45:48+00:00","dateModified":"2023-05-19T23:02:42+00:00","breadcrumb":{"@id":"https:\/\/www.rangsteel.com\/tr\/celik-konstruksiyon-montaj\/#breadcrumb"},"inLanguage":"ro-RO","potentialAction":[{"@type":"ReadAction","target":["https:\/\/www.rangsteel.com\/tr\/celik-konstruksiyon-montaj\/"]}]},{"@type":"BreadcrumbList","@id":"https:\/\/www.rangsteel.com\/tr\/celik-konstruksiyon-montaj\/#breadcrumb","itemListElement":[{"@type":"ListItem","position":1,"name":"Ana sayfa","item":"https:\/\/www.rangsteel.com\/tr\/"},{"@type":"ListItem","position":2,"name":"\u00c7elik Konstr\u00fcksiyon Montaj"}]},{"@type":"WebSite","@id":"https:\/\/www.rangsteel.com\/tr\/#website","url":"https:\/\/www.rangsteel.com\/tr\/","name":"Rang Steel","description":"(Turkish) \u00c7elik Yap\u0131lar \u0130n\u015fa Eder","publisher":{"@id":"https:\/\/www.rangsteel.com\/tr\/#organization"},"potentialAction":[{"@type":"SearchAction","target":{"@type":"EntryPoint","urlTemplate":"https:\/\/www.rangsteel.com\/tr\/?s={search_term_string}"},"query-input":{"@type":"PropertyValueSpecification","valueRequired":true,"valueName":"search_term_string"}}],"inLanguage":"ro-RO"},{"@type":"Organization","@id":"https:\/\/www.rangsteel.com\/tr\/#organization","name":"Rang Steel","url":"https:\/\/www.rangsteel.com\/tr\/","logo":{"@type":"ImageObject","inLanguage":"ro-RO","@id":"https:\/\/www.rangsteel.com\/tr\/#\/schema\/logo\/image\/","url":"","contentUrl":"","caption":"Rang Steel"},"image":{"@id":"https:\/\/www.rangsteel.com\/tr\/#\/schema\/logo\/image\/"}}]}},"_links":{"self":[{"href":"https:\/\/www.rangsteel.com\/ro\/wp-json\/wp\/v2\/pages\/342","targetHints":{"allow":["GET"]}}],"collection":[{"href":"https:\/\/www.rangsteel.com\/ro\/wp-json\/wp\/v2\/pages"}],"about":[{"href":"https:\/\/www.rangsteel.com\/ro\/wp-json\/wp\/v2\/types\/page"}],"author":[{"embeddable":true,"href":"https:\/\/www.rangsteel.com\/ro\/wp-json\/wp\/v2\/users\/3"}],"replies":[{"embeddable":true,"href":"https:\/\/www.rangsteel.com\/ro\/wp-json\/wp\/v2\/comments?post=342"}],"version-history":[{"count":3,"href":"https:\/\/www.rangsteel.com\/ro\/wp-json\/wp\/v2\/pages\/342\/revisions"}],"predecessor-version":[{"id":75724,"href":"https:\/\/www.rangsteel.com\/ro\/wp-json\/wp\/v2\/pages\/342\/revisions\/75724"}],"wp:attachment":[{"href":"https:\/\/www.rangsteel.com\/ro\/wp-json\/wp\/v2\/media?parent=342"}],"curies":[{"name":"wp","href":"https:\/\/api.w.org\/{rel}","templated":true}]}}