{"id":61,"date":"2019-04-25T04:38:49","date_gmt":"2019-04-25T01:38:49","guid":{"rendered":"http:\/\/structure.thememove.com\/?page_id=61"},"modified":"2023-06-12T12:03:35","modified_gmt":"2023-06-12T09:03:35","slug":"kurumsal","status":"publish","type":"page","link":"https:\/\/www.rangsteel.com\/ro\/despre-noi\/","title":{"rendered":"Despre noi"},"content":{"rendered":"<p>[vc_row css=&#8221;.vc_custom_1433564201242{margin-top: 20px !important;margin-bottom: 70px !important;}&#8221;][vc_column][vc_row_inner css=&#8221;.vc_custom_1433561568541{margin-bottom: 50px !important;}&#8221;][vc_column_inner][vc_single_image image=&#8221;75216&#8243; img_size=&#8221;full&#8221;][\/vc_column_inner][\/vc_row_inner][vc_custom_heading text=&#8221;RANG STEEL COMPANIE&#8221; font_container=&#8221;tag:h2|font_size:20|text_align:left|color:%23111111&#8243; use_theme_fonts=&#8221;yes&#8221; el_class=&#8221;heading-title-3&#8243;][vc_column_text]<strong>RANG STEEL<\/strong> lucreaz\u0103 \u00een industria construc\u021biilor din o\u021bel pentru proiecte de construc\u021bii din o\u021bel, lucr\u0103ri de produc\u021bie \u0219i montaj. Ne-am \u00eenceput activitatea \u00een acest domeniu \u00een 2005. \u00cen urm\u0103torii ani; ne-am m\u0103rit parcul de utilaje, personalul tehnic \u0219i for\u021ba de munc\u0103. Am \u00eenfiin\u021bat noua noastr\u0103 fabric\u0103 \u0219i \u00een 2015.<\/p>\n<p>Suntem o companie de talie medie, de tip boutique \u0219i proiecte dificile \u00een industria siderurgic\u0103. Dup\u0103 analiza static\u0103 a proiectelor clien\u021bilor no\u0219tri, \u00eencepem produc\u021bia \u0219i asamblarea. Pentru noi, ingineria este \u00een prim plan. \u201eProiectul de afaceri se termin\u0103 la mas\u0103\u201d se mi\u0219c\u0103 cu principiul nostru. Prelucram 150 tone\/luna otel structural de calitate si calificat in cadrul Anului de Lucrare.<\/p>\n<p>Compania Rang Steel \u00ee\u0219i continu\u0103 opera\u021biunile \u00een sediul central din Besiktas \u0219i \u00een fabrica \u00c7atalca de 1000 m2. Lucr\u0103m \u00eentr-o manier\u0103 performant\u0103 cu ingineri \u0219i arhitec\u021bi experimenta\u021bi \u00een fabrici \u0219i \u0219antiere.[\/vc_column_text][vc_custom_heading text=&#8221;VIZIUNEA NOASTRA&#8221; font_container=&#8221;tag:h2|font_size:20|text_align:left|color:%23111111&#8243; use_theme_fonts=&#8221;yes&#8221; el_class=&#8221;heading-title-3&#8243; css=&#8221;.vc_custom_1684535032477{margin-top: 30px !important;}&#8221;][vc_row_inner el_class=&#8221;align-center .certifications-block&#8221;][vc_column_inner width=&#8221;1\/3&#8243;][vc_column_text]<img loading=\"lazy\" decoding=\"async\" class=\"alignnone size-full wp-image-75245\" src=\"https:\/\/www.rangsteel.com\/wp-content\/uploads\/2017\/09\/about03.jpg\" alt=\"quality\" width=\"270\" height=\"180\" \/><\/p>\n<h4>Calitate<\/h4>\n<p>Oferi\u021bi un produs de calitate, livrare la timp \u0219i servicii superioare pentru clien\u021bi[\/vc_column_text][\/vc_column_inner][vc_column_inner width=&#8221;1\/3&#8243;][vc_column_text]<img loading=\"lazy\" decoding=\"async\" class=\"alignnone size-full wp-image-75246\" src=\"https:\/\/www.rangsteel.com\/wp-content\/uploads\/2017\/09\/about04.jpg\" alt=\"TECHNOLOGY\" width=\"270\" height=\"180\" \/><\/p>\n<h4>TEHNOLOGIE<\/h4>\n<p>Pentru a putea r\u0103spunde cerin\u021belor tehnologice, economice \u0219i de construc\u021bii ecologice ale lumii \u00een curs de dezvoltare[\/vc_column_text][\/vc_column_inner][vc_column_inner width=&#8221;1\/3&#8243;][vc_column_text]<img loading=\"lazy\" decoding=\"async\" class=\"alignnone size-full wp-image-75244\" src=\"https:\/\/www.rangsteel.com\/wp-content\/uploads\/2017\/09\/about05.jpg\" alt=\"SATISFACTION\" width=\"270\" height=\"180\" \/><\/p>\n<h4>SATISFAC\u0162IE<\/h4>\n<p>Pentru a asigura satisfac\u021bia angaja\u021bilor no\u0219tri \u0219i a clien\u021bilor companiei.[\/vc_column_text][\/vc_column_inner][\/vc_row_inner][\/vc_column][\/vc_row][vc_row el_class=&#8221;intro4 align-center min-box&#8221; full_width=&#8221;stretch_row_content&#8221; css=&#8221;.vc_custom_1433564144185{margin-bottom: 0px !important;background-color: #fdc502 !important;}&#8221;][vc_column width=&#8221;2\/3&#8243;][vc_custom_heading text=&#8221;V\u0103 rug\u0103m s\u0103 ne contacta\u021bi pentru mai multe informa\u021bii.&#8221; font_container=&#8221;tag:h3|font_size:22|text_align:center|color:%23ffffff&#8221; use_theme_fonts=&#8221;yes&#8221;][\/vc_column][vc_column width=&#8221;1\/3&#8243;][vc_btn title=&#8221;OFERTA DE CUMPARA&#8221; style=&#8221;outline&#8221; shape=&#8221;square&#8221; color=&#8221;white&#8221; link=&#8221;url:https%3A%2F%2Fwww.rangsteel.com%2Fro%2Fcontactati-ne%2F|title:primi%20o%20ofert%C4%83||&#8221;][\/vc_column][\/vc_row]<\/p>","protected":false},"excerpt":{"rendered":"<p>[vc_row css=&#8221;.vc_custom_1433564201242{margin-top: 20px !important;margin-bottom: 70px !important;}&#8221;][vc_column][vc_row_inner css=&#8221;.vc_custom_1433561568541{margin-bottom: 50px !important;}&#8221;][vc_column_inner][vc_single_image image=&#8221;75216&#8243; img_size=&#8221;full&#8221;][\/vc_column_inner][\/vc_row_inner][vc_custom_heading text=&#8221;RANG STEEL COMPANIE&#8221; font_container=&#8221;tag:h2|font_size:20|text_align:left|color:%23111111&#8243; use_theme_fonts=&#8221;yes&#8221; el_class=&#8221;heading-title-3&#8243;][vc_column_text]RANG STEEL lucreaz\u0103 \u00een industria construc\u021biilor din o\u021bel pentru proiecte de construc\u021bii din o\u021bel, lucr\u0103ri de produc\u021bie \u0219i montaj. Ne-am \u00eenceput activitatea \u00een acest domeniu \u00een 2005. \u00cen urm\u0103torii ani; ne-am m\u0103rit parcul de utilaje, personalul tehnic \u0219i for\u021ba [&hellip;]<\/p>\n","protected":false},"author":3,"featured_media":0,"parent":0,"menu_order":2,"comment_status":"closed","ping_status":"closed","template":"","meta":{"footnotes":""},"class_list":["post-61","page","type-page","status-publish","hentry"],"yoast_head":"<!-- This site is optimized with the Yoast SEO plugin v26.5 - https:\/\/yoast.com\/wordpress\/plugins\/seo\/ -->\n<title>Despre noi - Rang Steel<\/title>\n<meta name=\"robots\" content=\"index, follow, max-snippet:-1, max-image-preview:large, max-video-preview:-1\" \/>\n<link rel=\"canonical\" href=\"https:\/\/www.rangsteel.com\/tr\/kurumsal\/\" \/>\n<meta property=\"og:locale\" content=\"ro_RO\" \/>\n<meta property=\"og:type\" content=\"article\" \/>\n<meta property=\"og:title\" content=\"Despre noi - Rang Steel\" \/>\n<meta property=\"og:description\" content=\"[vc_row css=&#8221;.vc_custom_1433564201242{margin-top: 20px !important;margin-bottom: 70px !important;}&#8221;][vc_column][vc_row_inner css=&#8221;.vc_custom_1433561568541{margin-bottom: 50px !important;}&#8221;][vc_column_inner][vc_single_image image=&#8221;75216&#8243; img_size=&#8221;full&#8221;][\/vc_column_inner][\/vc_row_inner][vc_custom_heading text=&#8221;RANG STEEL COMPANIE&#8221; font_container=&#8221;tag:h2|font_size:20|text_align:left|color:%23111111&#8243; use_theme_fonts=&#8221;yes&#8221; el_class=&#8221;heading-title-3&#8243;][vc_column_text]RANG STEEL lucreaz\u0103 \u00een industria construc\u021biilor din o\u021bel pentru proiecte de construc\u021bii din o\u021bel, lucr\u0103ri de produc\u021bie \u0219i montaj. Ne-am \u00eenceput activitatea \u00een acest domeniu \u00een 2005. \u00cen urm\u0103torii ani; ne-am m\u0103rit parcul de utilaje, personalul tehnic \u0219i for\u021ba [&hellip;]\" \/>\n<meta property=\"og:url\" content=\"https:\/\/www.rangsteel.com\/tr\/kurumsal\/\" \/>\n<meta property=\"og:site_name\" content=\"Rang Steel\" \/>\n<meta property=\"article:modified_time\" content=\"2023-06-12T09:03:35+00:00\" \/>\n<meta property=\"og:image\" content=\"https:\/\/www.rangsteel.com\/wp-content\/uploads\/2017\/09\/about03.jpg\" \/>\n<meta name=\"twitter:card\" content=\"summary_large_image\" \/>\n<meta name=\"twitter:label1\" content=\"Timp estimat pentru citire\" \/>\n\t<meta name=\"twitter:data1\" content=\"2 minute\" \/>\n<script type=\"application\/ld+json\" class=\"yoast-schema-graph\">{\"@context\":\"https:\/\/schema.org\",\"@graph\":[{\"@type\":\"WebPage\",\"@id\":\"https:\/\/www.rangsteel.com\/tr\/kurumsal\/\",\"url\":\"https:\/\/www.rangsteel.com\/tr\/kurumsal\/\",\"name\":\"Despre noi - Rang Steel\",\"isPartOf\":{\"@id\":\"https:\/\/www.rangsteel.com\/tr\/#website\"},\"primaryImageOfPage\":{\"@id\":\"https:\/\/www.rangsteel.com\/tr\/kurumsal\/#primaryimage\"},\"image\":{\"@id\":\"https:\/\/www.rangsteel.com\/tr\/kurumsal\/#primaryimage\"},\"thumbnailUrl\":\"https:\/\/www.rangsteel.com\/wp-content\/uploads\/2017\/09\/about03.jpg\",\"datePublished\":\"2019-04-25T01:38:49+00:00\",\"dateModified\":\"2023-06-12T09:03:35+00:00\",\"breadcrumb\":{\"@id\":\"https:\/\/www.rangsteel.com\/tr\/kurumsal\/#breadcrumb\"},\"inLanguage\":\"ro-RO\",\"potentialAction\":[{\"@type\":\"ReadAction\",\"target\":[\"https:\/\/www.rangsteel.com\/tr\/kurumsal\/\"]}]},{\"@type\":\"ImageObject\",\"inLanguage\":\"ro-RO\",\"@id\":\"https:\/\/www.rangsteel.com\/tr\/kurumsal\/#primaryimage\",\"url\":\"https:\/\/www.rangsteel.com\/wp-content\/uploads\/2017\/09\/about03.jpg\",\"contentUrl\":\"https:\/\/www.rangsteel.com\/wp-content\/uploads\/2017\/09\/about03.jpg\"},{\"@type\":\"BreadcrumbList\",\"@id\":\"https:\/\/www.rangsteel.com\/tr\/kurumsal\/#breadcrumb\",\"itemListElement\":[{\"@type\":\"ListItem\",\"position\":1,\"name\":\"Ana sayfa\",\"item\":\"https:\/\/www.rangsteel.com\/tr\/\"},{\"@type\":\"ListItem\",\"position\":2,\"name\":\"Kurumsal\"}]},{\"@type\":\"WebSite\",\"@id\":\"https:\/\/www.rangsteel.com\/tr\/#website\",\"url\":\"https:\/\/www.rangsteel.com\/tr\/\",\"name\":\"Rang Steel\",\"description\":\"(Turkish) \u00c7elik Yap\u0131lar \u0130n\u015fa Eder\",\"publisher\":{\"@id\":\"https:\/\/www.rangsteel.com\/tr\/#organization\"},\"potentialAction\":[{\"@type\":\"SearchAction\",\"target\":{\"@type\":\"EntryPoint\",\"urlTemplate\":\"https:\/\/www.rangsteel.com\/tr\/?s={search_term_string}\"},\"query-input\":{\"@type\":\"PropertyValueSpecification\",\"valueRequired\":true,\"valueName\":\"search_term_string\"}}],\"inLanguage\":\"ro-RO\"},{\"@type\":\"Organization\",\"@id\":\"https:\/\/www.rangsteel.com\/tr\/#organization\",\"name\":\"Rang Steel\",\"url\":\"https:\/\/www.rangsteel.com\/tr\/\",\"logo\":{\"@type\":\"ImageObject\",\"inLanguage\":\"ro-RO\",\"@id\":\"https:\/\/www.rangsteel.com\/tr\/#\/schema\/logo\/image\/\",\"url\":\"\",\"contentUrl\":\"\",\"caption\":\"Rang Steel\"},\"image\":{\"@id\":\"https:\/\/www.rangsteel.com\/tr\/#\/schema\/logo\/image\/\"}}]}<\/script>\n<!-- \/ Yoast SEO plugin. -->","yoast_head_json":{"title":"Despre noi - Rang Steel","robots":{"index":"index","follow":"follow","max-snippet":"max-snippet:-1","max-image-preview":"max-image-preview:large","max-video-preview":"max-video-preview:-1"},"canonical":"https:\/\/www.rangsteel.com\/tr\/kurumsal\/","og_locale":"ro_RO","og_type":"article","og_title":"Despre noi - Rang Steel","og_description":"[vc_row css=&#8221;.vc_custom_1433564201242{margin-top: 20px !important;margin-bottom: 70px !important;}&#8221;][vc_column][vc_row_inner css=&#8221;.vc_custom_1433561568541{margin-bottom: 50px !important;}&#8221;][vc_column_inner][vc_single_image image=&#8221;75216&#8243; img_size=&#8221;full&#8221;][\/vc_column_inner][\/vc_row_inner][vc_custom_heading text=&#8221;RANG STEEL COMPANIE&#8221; font_container=&#8221;tag:h2|font_size:20|text_align:left|color:%23111111&#8243; use_theme_fonts=&#8221;yes&#8221; el_class=&#8221;heading-title-3&#8243;][vc_column_text]RANG STEEL lucreaz\u0103 \u00een industria construc\u021biilor din o\u021bel pentru proiecte de construc\u021bii din o\u021bel, lucr\u0103ri de produc\u021bie \u0219i montaj. Ne-am \u00eenceput activitatea \u00een acest domeniu \u00een 2005. \u00cen urm\u0103torii ani; ne-am m\u0103rit parcul de utilaje, personalul tehnic \u0219i for\u021ba [&hellip;]","og_url":"https:\/\/www.rangsteel.com\/tr\/kurumsal\/","og_site_name":"Rang Steel","article_modified_time":"2023-06-12T09:03:35+00:00","og_image":[{"url":"https:\/\/www.rangsteel.com\/wp-content\/uploads\/2017\/09\/about03.jpg","type":"","width":"","height":""}],"twitter_card":"summary_large_image","twitter_misc":{"Timp estimat pentru citire":"2 minute"},"schema":{"@context":"https:\/\/schema.org","@graph":[{"@type":"WebPage","@id":"https:\/\/www.rangsteel.com\/tr\/kurumsal\/","url":"https:\/\/www.rangsteel.com\/tr\/kurumsal\/","name":"Despre noi - Rang Steel","isPartOf":{"@id":"https:\/\/www.rangsteel.com\/tr\/#website"},"primaryImageOfPage":{"@id":"https:\/\/www.rangsteel.com\/tr\/kurumsal\/#primaryimage"},"image":{"@id":"https:\/\/www.rangsteel.com\/tr\/kurumsal\/#primaryimage"},"thumbnailUrl":"https:\/\/www.rangsteel.com\/wp-content\/uploads\/2017\/09\/about03.jpg","datePublished":"2019-04-25T01:38:49+00:00","dateModified":"2023-06-12T09:03:35+00:00","breadcrumb":{"@id":"https:\/\/www.rangsteel.com\/tr\/kurumsal\/#breadcrumb"},"inLanguage":"ro-RO","potentialAction":[{"@type":"ReadAction","target":["https:\/\/www.rangsteel.com\/tr\/kurumsal\/"]}]},{"@type":"ImageObject","inLanguage":"ro-RO","@id":"https:\/\/www.rangsteel.com\/tr\/kurumsal\/#primaryimage","url":"https:\/\/www.rangsteel.com\/wp-content\/uploads\/2017\/09\/about03.jpg","contentUrl":"https:\/\/www.rangsteel.com\/wp-content\/uploads\/2017\/09\/about03.jpg"},{"@type":"BreadcrumbList","@id":"https:\/\/www.rangsteel.com\/tr\/kurumsal\/#breadcrumb","itemListElement":[{"@type":"ListItem","position":1,"name":"Ana sayfa","item":"https:\/\/www.rangsteel.com\/tr\/"},{"@type":"ListItem","position":2,"name":"Kurumsal"}]},{"@type":"WebSite","@id":"https:\/\/www.rangsteel.com\/tr\/#website","url":"https:\/\/www.rangsteel.com\/tr\/","name":"Rang Steel","description":"(Turkish) \u00c7elik Yap\u0131lar \u0130n\u015fa Eder","publisher":{"@id":"https:\/\/www.rangsteel.com\/tr\/#organization"},"potentialAction":[{"@type":"SearchAction","target":{"@type":"EntryPoint","urlTemplate":"https:\/\/www.rangsteel.com\/tr\/?s={search_term_string}"},"query-input":{"@type":"PropertyValueSpecification","valueRequired":true,"valueName":"search_term_string"}}],"inLanguage":"ro-RO"},{"@type":"Organization","@id":"https:\/\/www.rangsteel.com\/tr\/#organization","name":"Rang Steel","url":"https:\/\/www.rangsteel.com\/tr\/","logo":{"@type":"ImageObject","inLanguage":"ro-RO","@id":"https:\/\/www.rangsteel.com\/tr\/#\/schema\/logo\/image\/","url":"","contentUrl":"","caption":"Rang Steel"},"image":{"@id":"https:\/\/www.rangsteel.com\/tr\/#\/schema\/logo\/image\/"}}]}},"_links":{"self":[{"href":"https:\/\/www.rangsteel.com\/ro\/wp-json\/wp\/v2\/pages\/61","targetHints":{"allow":["GET"]}}],"collection":[{"href":"https:\/\/www.rangsteel.com\/ro\/wp-json\/wp\/v2\/pages"}],"about":[{"href":"https:\/\/www.rangsteel.com\/ro\/wp-json\/wp\/v2\/types\/page"}],"author":[{"embeddable":true,"href":"https:\/\/www.rangsteel.com\/ro\/wp-json\/wp\/v2\/users\/3"}],"replies":[{"embeddable":true,"href":"https:\/\/www.rangsteel.com\/ro\/wp-json\/wp\/v2\/comments?post=61"}],"version-history":[{"count":5,"href":"https:\/\/www.rangsteel.com\/ro\/wp-json\/wp\/v2\/pages\/61\/revisions"}],"predecessor-version":[{"id":75728,"href":"https:\/\/www.rangsteel.com\/ro\/wp-json\/wp\/v2\/pages\/61\/revisions\/75728"}],"wp:attachment":[{"href":"https:\/\/www.rangsteel.com\/ro\/wp-json\/wp\/v2\/media?parent=61"}],"curies":[{"name":"wp","href":"https:\/\/api.w.org\/{rel}","templated":true}]}}