{"id":74007,"date":"2019-04-26T16:19:20","date_gmt":"2019-04-26T13:19:20","guid":{"rendered":"http:\/\/structure.thememove.com\/?page_id=74007"},"modified":"2023-05-20T01:37:52","modified_gmt":"2023-05-19T22:37:52","slug":"referanslarimiz","status":"publish","type":"page","link":"https:\/\/www.rangsteel.com\/ro\/referinte\/","title":{"rendered":"Referin\u021be"},"content":{"rendered":"<p>[vc_row css=&#8221;.vc_custom_1433565178214{margin-top: 20px !important;margin-bottom: 70px !important;}&#8221;][vc_column][vc_custom_heading text=&#8221;Clien\u021bii no\u0219tri&#8221; font_container=&#8221;tag:h2|text_align:left|color:%23111111&#8243; use_theme_fonts=&#8221;yes&#8221; el_class=&#8221;heading-title-3&#8243;][vc_column_text css=&#8221;.vc_custom_1684535404477{margin-bottom: 30px !important;}&#8221;]Colabor\u0103m cu alte companii de top pentru a v\u0103 oferi lucr\u0103ri de cea mai \u00eenalt\u0103 calitate, care s\u0103 corespund\u0103 a\u0219tept\u0103rilor clien\u021bilor no\u0219tri.[\/vc_column_text][vc_row_inner el_class=&#8221;our-partners&#8221; css=&#8221;.vc_custom_1432804885057{margin-bottom: 30px !important;}&#8221;][vc_column_inner width=&#8221;1\/4&#8243;][vc_column_text]<img loading=\"lazy\" decoding=\"async\" class=\"alignnone wp-image-75224 size-medium\" src=\"https:\/\/www.rangsteel.com\/wp-content\/uploads\/2017\/09\/ibb-kultur-300x224.jpg\" alt=\"\" width=\"300\" height=\"224\" srcset=\"https:\/\/www.rangsteel.com\/wp-content\/uploads\/2017\/09\/ibb-kultur-300x224.jpg 300w, https:\/\/www.rangsteel.com\/wp-content\/uploads\/2017\/09\/ibb-kultur.jpg 317w\" sizes=\"auto, (max-width: 300px) 100vw, 300px\" \/>[\/vc_column_text][\/vc_column_inner][vc_column_inner width=&#8221;3\/4&#8243;][vc_column_text]<\/p>\n<h4>\u0130BB K\u00fclt\u00fcr A.\u015e.<\/h4>\n<p>Produc\u021bia \u0219i instalarea panourilor publicitare de exterior Formula 1 \u00een 2005[\/vc_column_text][\/vc_column_inner][\/vc_row_inner][vc_row_inner el_class=&#8221;our-partners&#8221; css=&#8221;.vc_custom_1432804885057{margin-bottom: 30px !important;}&#8221;][vc_column_inner width=&#8221;1\/4&#8243;][vc_column_text]<img loading=\"lazy\" decoding=\"async\" class=\"alignnone wp-image-75230 size-full\" src=\"https:\/\/www.rangsteel.com\/wp-content\/uploads\/2017\/09\/brock-usa.png\" alt=\"\" width=\"200\" height=\"200\" srcset=\"https:\/\/www.rangsteel.com\/wp-content\/uploads\/2017\/09\/brock-usa.png 200w, https:\/\/www.rangsteel.com\/wp-content\/uploads\/2017\/09\/brock-usa-100x100.png 100w, https:\/\/www.rangsteel.com\/wp-content\/uploads\/2017\/09\/brock-usa-150x150.png 150w\" sizes=\"auto, (max-width: 200px) 100vw, 200px\" \/>[\/vc_column_text][\/vc_column_inner][vc_column_inner width=&#8221;3\/4&#8243;][vc_column_text]<\/p>\n<h4>Brock USA<\/h4>\n<p>2008 produc\u021bie anual\u0103 de cereale, silozuri, transportoare \u0219i turnuri[\/vc_column_text][\/vc_column_inner][\/vc_row_inner][vc_row_inner el_class=&#8221;our-partners&#8221; css=&#8221;.vc_custom_1432804885057{margin-bottom: 30px !important;}&#8221;][vc_column_inner width=&#8221;1\/4&#8243;][vc_column_text]<img loading=\"lazy\" decoding=\"async\" class=\"alignnone size-medium wp-image-75232\" src=\"https:\/\/www.rangsteel.com\/wp-content\/uploads\/2017\/09\/alapala-300x229.jpg\" alt=\"\" width=\"300\" height=\"229\" srcset=\"https:\/\/www.rangsteel.com\/wp-content\/uploads\/2017\/09\/alapala-300x229.jpg 300w, https:\/\/www.rangsteel.com\/wp-content\/uploads\/2017\/09\/alapala.jpg 380w\" sizes=\"auto, (max-width: 300px) 100vw, 300px\" \/>[\/vc_column_text][\/vc_column_inner][vc_column_inner width=&#8221;3\/4&#8243;][vc_column_text]<\/p>\n<h4>Alapala A.\u015e.<\/h4>\n<p>Fabricare continu\u0103 de transportoare \u0219i turn \u00een Emiratele Arabe Unite, Ghana, Uzbekistan[\/vc_column_text][\/vc_column_inner][\/vc_row_inner][vc_row_inner el_class=&#8221;our-partners&#8221; css=&#8221;.vc_custom_1432804885057{margin-bottom: 30px !important;}&#8221;][vc_column_inner width=&#8221;1\/4&#8243;][vc_column_text]<img loading=\"lazy\" decoding=\"async\" class=\"alignnone size-full wp-image-75234\" src=\"https:\/\/www.rangsteel.com\/wp-content\/uploads\/2017\/09\/btpack.jpg\" alt=\"\" width=\"200\" height=\"200\" srcset=\"https:\/\/www.rangsteel.com\/wp-content\/uploads\/2017\/09\/btpack.jpg 200w, https:\/\/www.rangsteel.com\/wp-content\/uploads\/2017\/09\/btpack-100x100.jpg 100w, https:\/\/www.rangsteel.com\/wp-content\/uploads\/2017\/09\/btpack-150x150.jpg 150w\" sizes=\"auto, (max-width: 200px) 100vw, 200px\" \/>[\/vc_column_text][\/vc_column_inner][vc_column_inner width=&#8221;3\/4&#8243;][vc_column_text]<\/p>\n<h4>BT Pack Fransa<\/h4>\n<p>Fabricarea continu\u0103 a capacelor containerelor \u00een 2009[\/vc_column_text][\/vc_column_inner][\/vc_row_inner][vc_row_inner el_class=&#8221;our-partners&#8221; css=&#8221;.vc_custom_1432804885057{margin-bottom: 30px !important;}&#8221;][vc_column_inner width=&#8221;1\/4&#8243;][vc_column_text]<img loading=\"lazy\" decoding=\"async\" class=\"alignnone size-full wp-image-75235\" src=\"https:\/\/www.rangsteel.com\/wp-content\/uploads\/2017\/09\/trump-tower.gif\" alt=\"\" width=\"250\" height=\"250\" \/>[\/vc_column_text][\/vc_column_inner][vc_column_inner width=&#8221;3\/4&#8243;][vc_column_text]<\/p>\n<h4>Trump Towers<\/h4>\n<p>Sc\u0103ri din o\u021bel de construc\u021bie a turnului Trump Towers \u00een 2011[\/vc_column_text][\/vc_column_inner][\/vc_row_inner][vc_row_inner el_class=&#8221;our-partners&#8221; css=&#8221;.vc_custom_1432804885057{margin-bottom: 30px !important;}&#8221;][vc_column_inner width=&#8221;1\/4&#8243;][vc_column_text]<img loading=\"lazy\" decoding=\"async\" class=\"alignnone size-medium wp-image-75236\" src=\"https:\/\/www.rangsteel.com\/wp-content\/uploads\/2017\/09\/cnr-yesilkoy-300x81.jpg\" alt=\"\" width=\"300\" height=\"81\" srcset=\"https:\/\/www.rangsteel.com\/wp-content\/uploads\/2017\/09\/cnr-yesilkoy-300x81.jpg 300w, https:\/\/www.rangsteel.com\/wp-content\/uploads\/2017\/09\/cnr-yesilkoy-600x162.jpg 600w, https:\/\/www.rangsteel.com\/wp-content\/uploads\/2017\/09\/cnr-yesilkoy.jpg 750w\" sizes=\"auto, (max-width: 300px) 100vw, 300px\" \/>[\/vc_column_text][\/vc_column_inner][vc_column_inner width=&#8221;3\/4&#8243;][vc_column_text]<\/p>\n<h4>CNR Fuarc\u0131l\u0131k<\/h4>\n<p>CNR Fuarc\u0131l\u0131k Ye\u015filk\u00f6y proiect \u0219i aplicare a podului de trecere a t\u00e2rgurilor[\/vc_column_text][\/vc_column_inner][\/vc_row_inner][vc_row_inner el_class=&#8221;our-partners&#8221; css=&#8221;.vc_custom_1432804885057{margin-bottom: 30px !important;}&#8221;][vc_column_inner width=&#8221;1\/4&#8243;][vc_column_text]<img loading=\"lazy\" decoding=\"async\" class=\"alignnone size-medium wp-image-75237\" src=\"https:\/\/www.rangsteel.com\/wp-content\/uploads\/2017\/09\/boyner-300x300.jpg\" alt=\"\" width=\"300\" height=\"300\" srcset=\"https:\/\/www.rangsteel.com\/wp-content\/uploads\/2017\/09\/boyner-300x300.jpg 300w, https:\/\/www.rangsteel.com\/wp-content\/uploads\/2017\/09\/boyner-100x100.jpg 100w, https:\/\/www.rangsteel.com\/wp-content\/uploads\/2017\/09\/boyner.jpg 600w, https:\/\/www.rangsteel.com\/wp-content\/uploads\/2017\/09\/boyner-150x150.jpg 150w\" sizes=\"auto, (max-width: 300px) 100vw, 300px\" \/>[\/vc_column_text][\/vc_column_inner][vc_column_inner width=&#8221;3\/4&#8243;][vc_column_text]<\/p>\n<h4>Boyner Ma\u011fazac\u0131l\u0131k A.\u015e.<\/h4>\n<p>Proiectul \u0219i aplicarea lucr\u0103rilor siderurgice \u015ea\u015fk\u0131nbakkal[\/vc_column_text][\/vc_column_inner][\/vc_row_inner][vc_row_inner el_class=&#8221;our-partners&#8221; css=&#8221;.vc_custom_1432804885057{margin-bottom: 30px !important;}&#8221;][vc_column_inner width=&#8221;1\/4&#8243;][vc_column_text]<img loading=\"lazy\" decoding=\"async\" class=\"alignnone size-medium wp-image-75238\" src=\"https:\/\/www.rangsteel.com\/wp-content\/uploads\/2017\/09\/hurriyet-300x130.jpg\" alt=\"\" width=\"300\" height=\"130\" srcset=\"https:\/\/www.rangsteel.com\/wp-content\/uploads\/2017\/09\/hurriyet-300x130.jpg 300w, https:\/\/www.rangsteel.com\/wp-content\/uploads\/2017\/09\/hurriyet-600x260.jpg 600w, https:\/\/www.rangsteel.com\/wp-content\/uploads\/2017\/09\/hurriyet.jpg 692w\" sizes=\"auto, (max-width: 300px) 100vw, 300px\" \/>[\/vc_column_text][\/vc_column_inner][vc_column_inner width=&#8221;3\/4&#8243;][vc_column_text]<\/p>\n<h4>H\u00fcrriyet Gazetecilik A.\u015e.<\/h4>\n<p>Construc\u021bii de cl\u0103diri din Istanbul, aplica\u021bii din o\u021bel \u0219i fa\u021bade[\/vc_column_text][\/vc_column_inner][\/vc_row_inner][vc_row_inner el_class=&#8221;our-partners&#8221; css=&#8221;.vc_custom_1432804885057{margin-bottom: 30px !important;}&#8221;][vc_column_inner width=&#8221;1\/4&#8243;][vc_column_text]<img loading=\"lazy\" decoding=\"async\" class=\"alignnone size-medium wp-image-75239\" src=\"https:\/\/www.rangsteel.com\/wp-content\/uploads\/2017\/09\/bahar-country-300x149.png\" alt=\"\" width=\"300\" height=\"149\" srcset=\"https:\/\/www.rangsteel.com\/wp-content\/uploads\/2017\/09\/bahar-country-300x149.png 300w, https:\/\/www.rangsteel.com\/wp-content\/uploads\/2017\/09\/bahar-country.png 322w\" sizes=\"auto, (max-width: 300px) 100vw, 300px\" \/>[\/vc_column_text][\/vc_column_inner][vc_column_inner width=&#8221;3\/4&#8243;][vc_column_text]<\/p>\n<h4>Bahar Country Restauran<\/h4>\n<p>Cererea complet\u0103 a proiectului de construc\u021bie a proiectului Bahar Country Restaurant.[\/vc_column_text][\/vc_column_inner][\/vc_row_inner][vc_row_inner el_class=&#8221;our-partners&#8221; css=&#8221;.vc_custom_1432804885057{margin-bottom: 30px !important;}&#8221;][vc_column_inner width=&#8221;1\/4&#8243;][vc_column_text]<img loading=\"lazy\" decoding=\"async\" class=\"alignnone size-medium wp-image-75240\" src=\"https:\/\/www.rangsteel.com\/wp-content\/uploads\/2017\/09\/lider-iplik-300x85.jpg\" alt=\"\" width=\"300\" height=\"85\" srcset=\"https:\/\/www.rangsteel.com\/wp-content\/uploads\/2017\/09\/lider-iplik-300x85.jpg 300w, https:\/\/www.rangsteel.com\/wp-content\/uploads\/2017\/09\/lider-iplik.jpg 459w\" sizes=\"auto, (max-width: 300px) 100vw, 300px\" \/>[\/vc_column_text][\/vc_column_inner][vc_column_inner width=&#8221;3\/4&#8243;][vc_column_text]<\/p>\n<h4>Lider \u0130plik A.\u015e.<\/h4>\n<p>Lider \u0130plik Tekirdag Poy Instala\u021bie de construc\u021bie ansamblu complet de fabrica\u021bie din o\u021bel[\/vc_column_text][\/vc_column_inner][\/vc_row_inner][vc_row_inner el_class=&#8221;our-partners&#8221; css=&#8221;.vc_custom_1432804885057{margin-bottom: 30px !important;}&#8221;][vc_column_inner width=&#8221;1\/4&#8243;][vc_column_text]<img loading=\"lazy\" decoding=\"async\" class=\"alignnone size-medium wp-image-75241\" src=\"https:\/\/www.rangsteel.com\/wp-content\/uploads\/2017\/09\/pulver-kimya-300x225.jpg\" alt=\"\" width=\"300\" height=\"225\" \/>[\/vc_column_text][\/vc_column_inner][vc_column_inner width=&#8221;3\/4&#8243;][vc_column_text]<\/p>\n<h4>Pulver Kimya Boya A.\u015e.<\/h4>\n<p>Gebze fabric\u0103 depozit produc\u021bie o\u021bel lucr\u0103ri de montaj[\/vc_column_text][\/vc_column_inner][\/vc_row_inner][vc_column_text]<\/p>\n<ul>\n<li>Centrul de sporturi acvatice \u00c7engelk\u00f6y pentru proiectul din o\u021bel \u0219i acoperi\u0219<\/li>\n<li>Gebze C\u0130B Nuri \u00c7olako\u011flu Proiect \u0219i aplica\u021bie din o\u021bel al Liceului Profesional Industrial<\/li>\n<li>Grup Madencilik \u00c7erkezk\u00f6y Fabrica de proiect de constructie si montaj<\/li>\n<li>Grup Madencilik \u00c7erkezk\u00f6y Sand Drying Proiectare \u0219i construc\u021bie de instala\u021bii industriale<\/li>\n<li>\u00cen 2000, Silivri Mehmet Gokhan House a proiectat o\u021bel de fabrica\u021bie \u0219i asamblare<\/li>\n<\/ul>\n<p>[\/vc_column_text][\/vc_column][\/vc_row][vc_row el_class=&#8221;intro4 align-center min-box&#8221; full_width=&#8221;stretch_row_content&#8221; css=&#8221;.vc_custom_1506165412509{background-color: #fdc502 !important;}&#8221;][vc_column width=&#8221;2\/3&#8243;][vc_custom_heading text=&#8221;V\u0103 rug\u0103m s\u0103 ne contacta\u021bi pentru mai multe informa\u021bii.&#8221; font_container=&#8221;tag:h3|font_size:22|text_align:center|color:%23ffffff&#8221;][\/vc_column][vc_column width=&#8221;1\/3&#8243;][vc_btn title=&#8221;Ob\u021bine\u021bi oferta&#8221; style=&#8221;outline&#8221; shape=&#8221;square&#8221; color=&#8221;white&#8221; link=&#8221;url:https%3A%2F%2Fwww.rangsteel.com%2Fro%2Fcontactati-ne%2F|title:Ob%C8%9Bine%C8%9Bi%20oferta||&#8221;][\/vc_column][\/vc_row]<\/p>","protected":false},"excerpt":{"rendered":"<p>[vc_row css=&#8221;.vc_custom_1433565178214{margin-top: 20px !important;margin-bottom: 70px !important;}&#8221;][vc_column][vc_custom_heading text=&#8221;Clien\u021bii no\u0219tri&#8221; font_container=&#8221;tag:h2|text_align:left|color:%23111111&#8243; use_theme_fonts=&#8221;yes&#8221; el_class=&#8221;heading-title-3&#8243;][vc_column_text css=&#8221;.vc_custom_1684535404477{margin-bottom: 30px !important;}&#8221;]Colabor\u0103m cu alte companii de top pentru a v\u0103 oferi lucr\u0103ri de cea mai \u00eenalt\u0103 calitate, care s\u0103 corespund\u0103 a\u0219tept\u0103rilor clien\u021bilor no\u0219tri.[\/vc_column_text][vc_row_inner el_class=&#8221;our-partners&#8221; css=&#8221;.vc_custom_1432804885057{margin-bottom: 30px !important;}&#8221;][vc_column_inner width=&#8221;1\/4&#8243;][vc_column_text][\/vc_column_text][\/vc_column_inner][vc_column_inner width=&#8221;3\/4&#8243;][vc_column_text] \u0130BB K\u00fclt\u00fcr A.\u015e. Produc\u021bia \u0219i instalarea panourilor publicitare de exterior Formula 1 \u00een 2005[\/vc_column_text][\/vc_column_inner][\/vc_row_inner][vc_row_inner [&hellip;]<\/p>\n","protected":false},"author":3,"featured_media":0,"parent":0,"menu_order":0,"comment_status":"closed","ping_status":"closed","template":"","meta":{"footnotes":""},"class_list":["post-74007","page","type-page","status-publish","hentry"],"yoast_head":"<!-- This site is optimized with the Yoast SEO plugin v26.5 - https:\/\/yoast.com\/wordpress\/plugins\/seo\/ -->\n<title>Referin\u021be - Rang Steel<\/title>\n<meta name=\"robots\" content=\"index, follow, max-snippet:-1, max-image-preview:large, max-video-preview:-1\" \/>\n<link rel=\"canonical\" href=\"https:\/\/www.rangsteel.com\/tr\/referanslarimiz\/\" \/>\n<meta property=\"og:locale\" content=\"ro_RO\" \/>\n<meta property=\"og:type\" content=\"article\" \/>\n<meta property=\"og:title\" content=\"Referin\u021be - Rang Steel\" \/>\n<meta property=\"og:description\" content=\"[vc_row css=&#8221;.vc_custom_1433565178214{margin-top: 20px !important;margin-bottom: 70px !important;}&#8221;][vc_column][vc_custom_heading text=&#8221;Clien\u021bii no\u0219tri&#8221; font_container=&#8221;tag:h2|text_align:left|color:%23111111&#8243; use_theme_fonts=&#8221;yes&#8221; el_class=&#8221;heading-title-3&#8243;][vc_column_text css=&#8221;.vc_custom_1684535404477{margin-bottom: 30px !important;}&#8221;]Colabor\u0103m cu alte companii de top pentru a v\u0103 oferi lucr\u0103ri de cea mai \u00eenalt\u0103 calitate, care s\u0103 corespund\u0103 a\u0219tept\u0103rilor clien\u021bilor no\u0219tri.[\/vc_column_text][vc_row_inner el_class=&#8221;our-partners&#8221; css=&#8221;.vc_custom_1432804885057{margin-bottom: 30px !important;}&#8221;][vc_column_inner width=&#8221;1\/4&#8243;][vc_column_text][\/vc_column_text][\/vc_column_inner][vc_column_inner width=&#8221;3\/4&#8243;][vc_column_text] \u0130BB K\u00fclt\u00fcr A.\u015e. Produc\u021bia \u0219i instalarea panourilor publicitare de exterior Formula 1 \u00een 2005[\/vc_column_text][\/vc_column_inner][\/vc_row_inner][vc_row_inner [&hellip;]\" \/>\n<meta property=\"og:url\" content=\"https:\/\/www.rangsteel.com\/tr\/referanslarimiz\/\" \/>\n<meta property=\"og:site_name\" content=\"Rang Steel\" \/>\n<meta property=\"article:modified_time\" content=\"2023-05-19T22:37:52+00:00\" \/>\n<meta property=\"og:image\" content=\"https:\/\/www.rangsteel.com\/wp-content\/uploads\/2017\/09\/ibb-kultur-300x224.jpg\" \/>\n<meta name=\"twitter:card\" content=\"summary_large_image\" \/>\n<meta name=\"twitter:label1\" content=\"Timp estimat pentru citire\" \/>\n\t<meta name=\"twitter:data1\" content=\"5 minute\" \/>\n<script type=\"application\/ld+json\" class=\"yoast-schema-graph\">{\"@context\":\"https:\/\/schema.org\",\"@graph\":[{\"@type\":\"WebPage\",\"@id\":\"https:\/\/www.rangsteel.com\/tr\/referanslarimiz\/\",\"url\":\"https:\/\/www.rangsteel.com\/tr\/referanslarimiz\/\",\"name\":\"Referin\u021be - Rang Steel\",\"isPartOf\":{\"@id\":\"https:\/\/www.rangsteel.com\/tr\/#website\"},\"primaryImageOfPage\":{\"@id\":\"https:\/\/www.rangsteel.com\/tr\/referanslarimiz\/#primaryimage\"},\"image\":{\"@id\":\"https:\/\/www.rangsteel.com\/tr\/referanslarimiz\/#primaryimage\"},\"thumbnailUrl\":\"https:\/\/www.rangsteel.com\/wp-content\/uploads\/2017\/09\/ibb-kultur-300x224.jpg\",\"datePublished\":\"2019-04-26T13:19:20+00:00\",\"dateModified\":\"2023-05-19T22:37:52+00:00\",\"breadcrumb\":{\"@id\":\"https:\/\/www.rangsteel.com\/tr\/referanslarimiz\/#breadcrumb\"},\"inLanguage\":\"ro-RO\",\"potentialAction\":[{\"@type\":\"ReadAction\",\"target\":[\"https:\/\/www.rangsteel.com\/tr\/referanslarimiz\/\"]}]},{\"@type\":\"ImageObject\",\"inLanguage\":\"ro-RO\",\"@id\":\"https:\/\/www.rangsteel.com\/tr\/referanslarimiz\/#primaryimage\",\"url\":\"https:\/\/www.rangsteel.com\/wp-content\/uploads\/2017\/09\/ibb-kultur-300x224.jpg\",\"contentUrl\":\"https:\/\/www.rangsteel.com\/wp-content\/uploads\/2017\/09\/ibb-kultur-300x224.jpg\"},{\"@type\":\"BreadcrumbList\",\"@id\":\"https:\/\/www.rangsteel.com\/tr\/referanslarimiz\/#breadcrumb\",\"itemListElement\":[{\"@type\":\"ListItem\",\"position\":1,\"name\":\"Ana sayfa\",\"item\":\"https:\/\/www.rangsteel.com\/tr\/\"},{\"@type\":\"ListItem\",\"position\":2,\"name\":\"Referanslar\u0131m\u0131z\"}]},{\"@type\":\"WebSite\",\"@id\":\"https:\/\/www.rangsteel.com\/tr\/#website\",\"url\":\"https:\/\/www.rangsteel.com\/tr\/\",\"name\":\"Rang Steel\",\"description\":\"(Turkish) \u00c7elik Yap\u0131lar \u0130n\u015fa Eder\",\"publisher\":{\"@id\":\"https:\/\/www.rangsteel.com\/tr\/#organization\"},\"potentialAction\":[{\"@type\":\"SearchAction\",\"target\":{\"@type\":\"EntryPoint\",\"urlTemplate\":\"https:\/\/www.rangsteel.com\/tr\/?s={search_term_string}\"},\"query-input\":{\"@type\":\"PropertyValueSpecification\",\"valueRequired\":true,\"valueName\":\"search_term_string\"}}],\"inLanguage\":\"ro-RO\"},{\"@type\":\"Organization\",\"@id\":\"https:\/\/www.rangsteel.com\/tr\/#organization\",\"name\":\"Rang Steel\",\"url\":\"https:\/\/www.rangsteel.com\/tr\/\",\"logo\":{\"@type\":\"ImageObject\",\"inLanguage\":\"ro-RO\",\"@id\":\"https:\/\/www.rangsteel.com\/tr\/#\/schema\/logo\/image\/\",\"url\":\"\",\"contentUrl\":\"\",\"caption\":\"Rang Steel\"},\"image\":{\"@id\":\"https:\/\/www.rangsteel.com\/tr\/#\/schema\/logo\/image\/\"}}]}<\/script>\n<!-- \/ Yoast SEO plugin. -->","yoast_head_json":{"title":"Referin\u021be - Rang Steel","robots":{"index":"index","follow":"follow","max-snippet":"max-snippet:-1","max-image-preview":"max-image-preview:large","max-video-preview":"max-video-preview:-1"},"canonical":"https:\/\/www.rangsteel.com\/tr\/referanslarimiz\/","og_locale":"ro_RO","og_type":"article","og_title":"Referin\u021be - Rang Steel","og_description":"[vc_row css=&#8221;.vc_custom_1433565178214{margin-top: 20px !important;margin-bottom: 70px !important;}&#8221;][vc_column][vc_custom_heading text=&#8221;Clien\u021bii no\u0219tri&#8221; font_container=&#8221;tag:h2|text_align:left|color:%23111111&#8243; use_theme_fonts=&#8221;yes&#8221; el_class=&#8221;heading-title-3&#8243;][vc_column_text css=&#8221;.vc_custom_1684535404477{margin-bottom: 30px !important;}&#8221;]Colabor\u0103m cu alte companii de top pentru a v\u0103 oferi lucr\u0103ri de cea mai \u00eenalt\u0103 calitate, care s\u0103 corespund\u0103 a\u0219tept\u0103rilor clien\u021bilor no\u0219tri.[\/vc_column_text][vc_row_inner el_class=&#8221;our-partners&#8221; css=&#8221;.vc_custom_1432804885057{margin-bottom: 30px !important;}&#8221;][vc_column_inner width=&#8221;1\/4&#8243;][vc_column_text][\/vc_column_text][\/vc_column_inner][vc_column_inner width=&#8221;3\/4&#8243;][vc_column_text] \u0130BB K\u00fclt\u00fcr A.\u015e. Produc\u021bia \u0219i instalarea panourilor publicitare de exterior Formula 1 \u00een 2005[\/vc_column_text][\/vc_column_inner][\/vc_row_inner][vc_row_inner [&hellip;]","og_url":"https:\/\/www.rangsteel.com\/tr\/referanslarimiz\/","og_site_name":"Rang Steel","article_modified_time":"2023-05-19T22:37:52+00:00","og_image":[{"url":"https:\/\/www.rangsteel.com\/wp-content\/uploads\/2017\/09\/ibb-kultur-300x224.jpg","type":"","width":"","height":""}],"twitter_card":"summary_large_image","twitter_misc":{"Timp estimat pentru citire":"5 minute"},"schema":{"@context":"https:\/\/schema.org","@graph":[{"@type":"WebPage","@id":"https:\/\/www.rangsteel.com\/tr\/referanslarimiz\/","url":"https:\/\/www.rangsteel.com\/tr\/referanslarimiz\/","name":"Referin\u021be - Rang Steel","isPartOf":{"@id":"https:\/\/www.rangsteel.com\/tr\/#website"},"primaryImageOfPage":{"@id":"https:\/\/www.rangsteel.com\/tr\/referanslarimiz\/#primaryimage"},"image":{"@id":"https:\/\/www.rangsteel.com\/tr\/referanslarimiz\/#primaryimage"},"thumbnailUrl":"https:\/\/www.rangsteel.com\/wp-content\/uploads\/2017\/09\/ibb-kultur-300x224.jpg","datePublished":"2019-04-26T13:19:20+00:00","dateModified":"2023-05-19T22:37:52+00:00","breadcrumb":{"@id":"https:\/\/www.rangsteel.com\/tr\/referanslarimiz\/#breadcrumb"},"inLanguage":"ro-RO","potentialAction":[{"@type":"ReadAction","target":["https:\/\/www.rangsteel.com\/tr\/referanslarimiz\/"]}]},{"@type":"ImageObject","inLanguage":"ro-RO","@id":"https:\/\/www.rangsteel.com\/tr\/referanslarimiz\/#primaryimage","url":"https:\/\/www.rangsteel.com\/wp-content\/uploads\/2017\/09\/ibb-kultur-300x224.jpg","contentUrl":"https:\/\/www.rangsteel.com\/wp-content\/uploads\/2017\/09\/ibb-kultur-300x224.jpg"},{"@type":"BreadcrumbList","@id":"https:\/\/www.rangsteel.com\/tr\/referanslarimiz\/#breadcrumb","itemListElement":[{"@type":"ListItem","position":1,"name":"Ana sayfa","item":"https:\/\/www.rangsteel.com\/tr\/"},{"@type":"ListItem","position":2,"name":"Referanslar\u0131m\u0131z"}]},{"@type":"WebSite","@id":"https:\/\/www.rangsteel.com\/tr\/#website","url":"https:\/\/www.rangsteel.com\/tr\/","name":"Rang Steel","description":"(Turkish) \u00c7elik Yap\u0131lar \u0130n\u015fa Eder","publisher":{"@id":"https:\/\/www.rangsteel.com\/tr\/#organization"},"potentialAction":[{"@type":"SearchAction","target":{"@type":"EntryPoint","urlTemplate":"https:\/\/www.rangsteel.com\/tr\/?s={search_term_string}"},"query-input":{"@type":"PropertyValueSpecification","valueRequired":true,"valueName":"search_term_string"}}],"inLanguage":"ro-RO"},{"@type":"Organization","@id":"https:\/\/www.rangsteel.com\/tr\/#organization","name":"Rang Steel","url":"https:\/\/www.rangsteel.com\/tr\/","logo":{"@type":"ImageObject","inLanguage":"ro-RO","@id":"https:\/\/www.rangsteel.com\/tr\/#\/schema\/logo\/image\/","url":"","contentUrl":"","caption":"Rang Steel"},"image":{"@id":"https:\/\/www.rangsteel.com\/tr\/#\/schema\/logo\/image\/"}}]}},"_links":{"self":[{"href":"https:\/\/www.rangsteel.com\/ro\/wp-json\/wp\/v2\/pages\/74007","targetHints":{"allow":["GET"]}}],"collection":[{"href":"https:\/\/www.rangsteel.com\/ro\/wp-json\/wp\/v2\/pages"}],"about":[{"href":"https:\/\/www.rangsteel.com\/ro\/wp-json\/wp\/v2\/types\/page"}],"author":[{"embeddable":true,"href":"https:\/\/www.rangsteel.com\/ro\/wp-json\/wp\/v2\/users\/3"}],"replies":[{"embeddable":true,"href":"https:\/\/www.rangsteel.com\/ro\/wp-json\/wp\/v2\/comments?post=74007"}],"version-history":[{"count":5,"href":"https:\/\/www.rangsteel.com\/ro\/wp-json\/wp\/v2\/pages\/74007\/revisions"}],"predecessor-version":[{"id":75721,"href":"https:\/\/www.rangsteel.com\/ro\/wp-json\/wp\/v2\/pages\/74007\/revisions\/75721"}],"wp:attachment":[{"href":"https:\/\/www.rangsteel.com\/ro\/wp-json\/wp\/v2\/media?parent=74007"}],"curies":[{"name":"wp","href":"https:\/\/api.w.org\/{rel}","templated":true}]}}