{"id":75626,"date":"2020-04-12T16:30:17","date_gmt":"2020-04-12T13:30:17","guid":{"rendered":"https:\/\/www.rangsteel.com\/tr\/?page_id=75626"},"modified":"2021-03-12T08:18:14","modified_gmt":"2021-03-12T05:18:14","slug":"english-steel-residential-buildings","status":"publish","type":"page","link":"https:\/\/www.rangsteel.com\/ro\/english-steel-residential-buildings\/","title":{"rendered":"(English) Steel Residential Buildings"},"content":{"rendered":"<p class=\"qtranxs-available-languages-message qtranxs-available-languages-message-ro\">Din p\u0103cate acest articol este disponibil doar \u00een <a href=\"https:\/\/www.rangsteel.com\/en\/wp-json\/wp\/v2\/pages\/75626\" class=\"qtranxs-available-language-link qtranxs-available-language-link-en\" title=\"English\">English<\/a>.<\/p>","protected":false},"excerpt":{"rendered":"<p>Din p\u0103cate acest articol este disponibil doar \u00een English.<\/p>\n","protected":false},"author":3,"featured_media":0,"parent":0,"menu_order":0,"comment_status":"closed","ping_status":"closed","template":"","meta":{"footnotes":""},"class_list":["post-75626","page","type-page","status-publish","hentry"],"yoast_head":"<!-- This site is optimized with the Yoast SEO plugin v26.5 - https:\/\/yoast.com\/wordpress\/plugins\/seo\/ -->\n<title>Steel Residential Buildings - Residential Steel Homes - Rang Steel<\/title>\n<meta name=\"description\" content=\"We offer cost-effective solutions for steel residential buildings such as home offices, garages, workshops, studios, cottage, homes and storage units.\" \/>\n<meta name=\"robots\" content=\"index, follow, max-snippet:-1, max-image-preview:large, max-video-preview:-1\" \/>\n<link rel=\"canonical\" href=\"https:\/\/www.rangsteel.com\/en\/steel-residential-buildings\/\" \/>\n<meta property=\"og:locale\" content=\"ro_RO\" \/>\n<meta property=\"og:type\" content=\"article\" \/>\n<meta property=\"og:title\" content=\"Steel Residential Buildings - Residential Steel Homes - Rang Steel\" \/>\n<meta property=\"og:description\" content=\"We offer cost-effective solutions for steel residential buildings such as home offices, garages, workshops, studios, cottage, homes and storage units.\" \/>\n<meta property=\"og:url\" content=\"https:\/\/www.rangsteel.com\/en\/steel-residential-buildings\/\" \/>\n<meta property=\"og:site_name\" content=\"Rang Steel\" \/>\n<meta property=\"article:modified_time\" content=\"2021-03-12T05:18:14+00:00\" \/>\n<meta name=\"twitter:card\" content=\"summary_large_image\" \/>\n<meta name=\"twitter:label1\" content=\"Timp estimat pentru citire\" \/>\n\t<meta name=\"twitter:data1\" content=\"2 minute\" \/>\n<script type=\"application\/ld+json\" class=\"yoast-schema-graph\">{\"@context\":\"https:\/\/schema.org\",\"@graph\":[{\"@type\":\"WebPage\",\"@id\":\"https:\/\/www.rangsteel.com\/en\/steel-residential-buildings\/\",\"url\":\"https:\/\/www.rangsteel.com\/en\/steel-residential-buildings\/\",\"name\":\"Steel Residential Buildings - Residential Steel Homes - Rang Steel\",\"isPartOf\":{\"@id\":\"https:\/\/www.rangsteel.com\/tr\/#website\"},\"datePublished\":\"2020-04-12T13:30:17+00:00\",\"dateModified\":\"2021-03-12T05:18:14+00:00\",\"description\":\"We offer cost-effective solutions for steel residential buildings such as home offices, garages, workshops, studios, cottage, homes and storage units.\",\"breadcrumb\":{\"@id\":\"https:\/\/www.rangsteel.com\/en\/steel-residential-buildings\/#breadcrumb\"},\"inLanguage\":\"ro-RO\",\"potentialAction\":[{\"@type\":\"ReadAction\",\"target\":[\"https:\/\/www.rangsteel.com\/en\/steel-residential-buildings\/\"]}]},{\"@type\":\"BreadcrumbList\",\"@id\":\"https:\/\/www.rangsteel.com\/en\/steel-residential-buildings\/#breadcrumb\",\"itemListElement\":[{\"@type\":\"ListItem\",\"position\":1,\"name\":\"Ana sayfa\",\"item\":\"https:\/\/www.rangsteel.com\/tr\/\"},{\"@type\":\"ListItem\",\"position\":2,\"name\":\"Steel Residential Buildings\"}]},{\"@type\":\"WebSite\",\"@id\":\"https:\/\/www.rangsteel.com\/tr\/#website\",\"url\":\"https:\/\/www.rangsteel.com\/tr\/\",\"name\":\"Rang Steel\",\"description\":\"(Turkish) \u00c7elik Yap\u0131lar \u0130n\u015fa Eder\",\"publisher\":{\"@id\":\"https:\/\/www.rangsteel.com\/tr\/#organization\"},\"potentialAction\":[{\"@type\":\"SearchAction\",\"target\":{\"@type\":\"EntryPoint\",\"urlTemplate\":\"https:\/\/www.rangsteel.com\/tr\/?s={search_term_string}\"},\"query-input\":{\"@type\":\"PropertyValueSpecification\",\"valueRequired\":true,\"valueName\":\"search_term_string\"}}],\"inLanguage\":\"ro-RO\"},{\"@type\":\"Organization\",\"@id\":\"https:\/\/www.rangsteel.com\/tr\/#organization\",\"name\":\"Rang Steel\",\"url\":\"https:\/\/www.rangsteel.com\/tr\/\",\"logo\":{\"@type\":\"ImageObject\",\"inLanguage\":\"ro-RO\",\"@id\":\"https:\/\/www.rangsteel.com\/tr\/#\/schema\/logo\/image\/\",\"url\":\"\",\"contentUrl\":\"\",\"caption\":\"Rang Steel\"},\"image\":{\"@id\":\"https:\/\/www.rangsteel.com\/tr\/#\/schema\/logo\/image\/\"}}]}<\/script>\n<!-- \/ Yoast SEO plugin. -->","yoast_head_json":{"title":"Steel Residential Buildings - Residential Steel Homes - Rang Steel","description":"We offer cost-effective solutions for steel residential buildings such as home offices, garages, workshops, studios, cottage, homes and storage units.","robots":{"index":"index","follow":"follow","max-snippet":"max-snippet:-1","max-image-preview":"max-image-preview:large","max-video-preview":"max-video-preview:-1"},"canonical":"https:\/\/www.rangsteel.com\/en\/steel-residential-buildings\/","og_locale":"ro_RO","og_type":"article","og_title":"Steel Residential Buildings - Residential Steel Homes - Rang Steel","og_description":"We offer cost-effective solutions for steel residential buildings such as home offices, garages, workshops, studios, cottage, homes and storage units.","og_url":"https:\/\/www.rangsteel.com\/en\/steel-residential-buildings\/","og_site_name":"Rang Steel","article_modified_time":"2021-03-12T05:18:14+00:00","twitter_card":"summary_large_image","twitter_misc":{"Timp estimat pentru citire":"2 minute"},"schema":{"@context":"https:\/\/schema.org","@graph":[{"@type":"WebPage","@id":"https:\/\/www.rangsteel.com\/en\/steel-residential-buildings\/","url":"https:\/\/www.rangsteel.com\/en\/steel-residential-buildings\/","name":"Steel Residential Buildings - Residential Steel Homes - Rang Steel","isPartOf":{"@id":"https:\/\/www.rangsteel.com\/tr\/#website"},"datePublished":"2020-04-12T13:30:17+00:00","dateModified":"2021-03-12T05:18:14+00:00","description":"We offer cost-effective solutions for steel residential buildings such as home offices, garages, workshops, studios, cottage, homes and storage units.","breadcrumb":{"@id":"https:\/\/www.rangsteel.com\/en\/steel-residential-buildings\/#breadcrumb"},"inLanguage":"ro-RO","potentialAction":[{"@type":"ReadAction","target":["https:\/\/www.rangsteel.com\/en\/steel-residential-buildings\/"]}]},{"@type":"BreadcrumbList","@id":"https:\/\/www.rangsteel.com\/en\/steel-residential-buildings\/#breadcrumb","itemListElement":[{"@type":"ListItem","position":1,"name":"Ana sayfa","item":"https:\/\/www.rangsteel.com\/tr\/"},{"@type":"ListItem","position":2,"name":"Steel Residential Buildings"}]},{"@type":"WebSite","@id":"https:\/\/www.rangsteel.com\/tr\/#website","url":"https:\/\/www.rangsteel.com\/tr\/","name":"Rang Steel","description":"(Turkish) \u00c7elik Yap\u0131lar \u0130n\u015fa Eder","publisher":{"@id":"https:\/\/www.rangsteel.com\/tr\/#organization"},"potentialAction":[{"@type":"SearchAction","target":{"@type":"EntryPoint","urlTemplate":"https:\/\/www.rangsteel.com\/tr\/?s={search_term_string}"},"query-input":{"@type":"PropertyValueSpecification","valueRequired":true,"valueName":"search_term_string"}}],"inLanguage":"ro-RO"},{"@type":"Organization","@id":"https:\/\/www.rangsteel.com\/tr\/#organization","name":"Rang Steel","url":"https:\/\/www.rangsteel.com\/tr\/","logo":{"@type":"ImageObject","inLanguage":"ro-RO","@id":"https:\/\/www.rangsteel.com\/tr\/#\/schema\/logo\/image\/","url":"","contentUrl":"","caption":"Rang Steel"},"image":{"@id":"https:\/\/www.rangsteel.com\/tr\/#\/schema\/logo\/image\/"}}]}},"_links":{"self":[{"href":"https:\/\/www.rangsteel.com\/ro\/wp-json\/wp\/v2\/pages\/75626","targetHints":{"allow":["GET"]}}],"collection":[{"href":"https:\/\/www.rangsteel.com\/ro\/wp-json\/wp\/v2\/pages"}],"about":[{"href":"https:\/\/www.rangsteel.com\/ro\/wp-json\/wp\/v2\/types\/page"}],"author":[{"embeddable":true,"href":"https:\/\/www.rangsteel.com\/ro\/wp-json\/wp\/v2\/users\/3"}],"replies":[{"embeddable":true,"href":"https:\/\/www.rangsteel.com\/ro\/wp-json\/wp\/v2\/comments?post=75626"}],"version-history":[{"count":1,"href":"https:\/\/www.rangsteel.com\/ro\/wp-json\/wp\/v2\/pages\/75626\/revisions"}],"predecessor-version":[{"id":75627,"href":"https:\/\/www.rangsteel.com\/ro\/wp-json\/wp\/v2\/pages\/75626\/revisions\/75627"}],"wp:attachment":[{"href":"https:\/\/www.rangsteel.com\/ro\/wp-json\/wp\/v2\/media?parent=75626"}],"curies":[{"name":"wp","href":"https:\/\/api.w.org\/{rel}","templated":true}]}}