{"id":75667,"date":"2021-03-07T13:56:41","date_gmt":"2021-03-07T10:56:41","guid":{"rendered":"https:\/\/www.rangsteel.com\/tr\/?page_id=75667"},"modified":"2021-03-07T14:26:23","modified_gmt":"2021-03-07T11:26:23","slug":"english-landwirtschaftliche-hallen","status":"publish","type":"page","link":"https:\/\/www.rangsteel.com\/ro\/english-landwirtschaftliche-hallen\/","title":{"rendered":"(Deutsch) Landwirtschaftliche Hallen"},"content":{"rendered":"<p class=\"qtranxs-available-languages-message qtranxs-available-languages-message-ro\">Din p\u0103cate acest articol este disponibil doar \u00een <a href=\"https:\/\/www.rangsteel.com\/de\/wp-json\/wp\/v2\/pages\/75667\" class=\"qtranxs-available-language-link qtranxs-available-language-link-de\" title=\"Deutsch\">Deutsch<\/a>.<\/p>","protected":false},"excerpt":{"rendered":"<p>Din p\u0103cate acest articol este disponibil doar \u00een Deutsch.<\/p>\n","protected":false},"author":3,"featured_media":0,"parent":0,"menu_order":0,"comment_status":"closed","ping_status":"closed","template":"","meta":{"footnotes":""},"class_list":["post-75667","page","type-page","status-publish","hentry"],"yoast_head":"<!-- This site is optimized with the Yoast SEO plugin v26.5 - https:\/\/yoast.com\/wordpress\/plugins\/seo\/ -->\n<title>Stahlbau Landwirtschaftliche Hallen - Stahlhallen f\u00fcr Landwirtschaft | RANGSTEEL<\/title>\n<meta name=\"description\" content=\"Wir Bauen energieeffiziente und langlebige Landwirtschaftliche Hallen. Wir bauen \u00f6konomische Stahlhallen f\u00fcr die Landwirtschaft.\" \/>\n<meta name=\"robots\" content=\"index, follow, max-snippet:-1, max-image-preview:large, max-video-preview:-1\" \/>\n<link rel=\"canonical\" href=\"https:\/\/www.rangsteel.com\/de\/landwirtschaftliche-hallen\/\" \/>\n<meta property=\"og:locale\" content=\"ro_RO\" \/>\n<meta property=\"og:type\" content=\"article\" \/>\n<meta property=\"og:title\" content=\"Stahlbau Landwirtschaftliche Hallen - Stahlhallen f\u00fcr Landwirtschaft | RANGSTEEL\" \/>\n<meta property=\"og:description\" content=\"Wir Bauen energieeffiziente und langlebige Landwirtschaftliche Hallen. Wir bauen \u00f6konomische Stahlhallen f\u00fcr die Landwirtschaft.\" \/>\n<meta property=\"og:url\" content=\"https:\/\/www.rangsteel.com\/de\/landwirtschaftliche-hallen\/\" \/>\n<meta property=\"og:site_name\" content=\"Rang Steel\" \/>\n<meta property=\"article:modified_time\" content=\"2021-03-07T11:26:23+00:00\" \/>\n<meta name=\"twitter:card\" content=\"summary_large_image\" \/>\n<meta name=\"twitter:label1\" content=\"Timp estimat pentru citire\" \/>\n\t<meta name=\"twitter:data1\" content=\"1 minut\" \/>\n<script type=\"application\/ld+json\" class=\"yoast-schema-graph\">{\"@context\":\"https:\/\/schema.org\",\"@graph\":[{\"@type\":\"WebPage\",\"@id\":\"https:\/\/www.rangsteel.com\/de\/landwirtschaftliche-hallen\/\",\"url\":\"https:\/\/www.rangsteel.com\/de\/landwirtschaftliche-hallen\/\",\"name\":\"Stahlbau Landwirtschaftliche Hallen - Stahlhallen f\u00fcr Landwirtschaft | RANGSTEEL\",\"isPartOf\":{\"@id\":\"https:\/\/www.rangsteel.com\/tr\/#website\"},\"datePublished\":\"2021-03-07T10:56:41+00:00\",\"dateModified\":\"2021-03-07T11:26:23+00:00\",\"description\":\"Wir Bauen energieeffiziente und langlebige Landwirtschaftliche Hallen. Wir bauen \u00f6konomische Stahlhallen f\u00fcr die Landwirtschaft.\",\"breadcrumb\":{\"@id\":\"https:\/\/www.rangsteel.com\/de\/landwirtschaftliche-hallen\/#breadcrumb\"},\"inLanguage\":\"ro-RO\",\"potentialAction\":[{\"@type\":\"ReadAction\",\"target\":[\"https:\/\/www.rangsteel.com\/de\/landwirtschaftliche-hallen\/\"]}]},{\"@type\":\"BreadcrumbList\",\"@id\":\"https:\/\/www.rangsteel.com\/de\/landwirtschaftliche-hallen\/#breadcrumb\",\"itemListElement\":[{\"@type\":\"ListItem\",\"position\":1,\"name\":\"Ana sayfa\",\"item\":\"https:\/\/www.rangsteel.com\/tr\/\"},{\"@type\":\"ListItem\",\"position\":2,\"name\":\"Landwirtschaftliche Hallen\"}]},{\"@type\":\"WebSite\",\"@id\":\"https:\/\/www.rangsteel.com\/tr\/#website\",\"url\":\"https:\/\/www.rangsteel.com\/tr\/\",\"name\":\"Rang Steel\",\"description\":\"(Turkish) \u00c7elik Yap\u0131lar \u0130n\u015fa Eder\",\"publisher\":{\"@id\":\"https:\/\/www.rangsteel.com\/tr\/#organization\"},\"potentialAction\":[{\"@type\":\"SearchAction\",\"target\":{\"@type\":\"EntryPoint\",\"urlTemplate\":\"https:\/\/www.rangsteel.com\/tr\/?s={search_term_string}\"},\"query-input\":{\"@type\":\"PropertyValueSpecification\",\"valueRequired\":true,\"valueName\":\"search_term_string\"}}],\"inLanguage\":\"ro-RO\"},{\"@type\":\"Organization\",\"@id\":\"https:\/\/www.rangsteel.com\/tr\/#organization\",\"name\":\"Rang Steel\",\"url\":\"https:\/\/www.rangsteel.com\/tr\/\",\"logo\":{\"@type\":\"ImageObject\",\"inLanguage\":\"ro-RO\",\"@id\":\"https:\/\/www.rangsteel.com\/tr\/#\/schema\/logo\/image\/\",\"url\":\"\",\"contentUrl\":\"\",\"caption\":\"Rang Steel\"},\"image\":{\"@id\":\"https:\/\/www.rangsteel.com\/tr\/#\/schema\/logo\/image\/\"}}]}<\/script>\n<!-- \/ Yoast SEO plugin. -->","yoast_head_json":{"title":"Stahlbau Landwirtschaftliche Hallen - Stahlhallen f\u00fcr Landwirtschaft | RANGSTEEL","description":"Wir Bauen energieeffiziente und langlebige Landwirtschaftliche Hallen. Wir bauen \u00f6konomische Stahlhallen f\u00fcr die Landwirtschaft.","robots":{"index":"index","follow":"follow","max-snippet":"max-snippet:-1","max-image-preview":"max-image-preview:large","max-video-preview":"max-video-preview:-1"},"canonical":"https:\/\/www.rangsteel.com\/de\/landwirtschaftliche-hallen\/","og_locale":"ro_RO","og_type":"article","og_title":"Stahlbau Landwirtschaftliche Hallen - Stahlhallen f\u00fcr Landwirtschaft | RANGSTEEL","og_description":"Wir Bauen energieeffiziente und langlebige Landwirtschaftliche Hallen. Wir bauen \u00f6konomische Stahlhallen f\u00fcr die Landwirtschaft.","og_url":"https:\/\/www.rangsteel.com\/de\/landwirtschaftliche-hallen\/","og_site_name":"Rang Steel","article_modified_time":"2021-03-07T11:26:23+00:00","twitter_card":"summary_large_image","twitter_misc":{"Timp estimat pentru citire":"1 minut"},"schema":{"@context":"https:\/\/schema.org","@graph":[{"@type":"WebPage","@id":"https:\/\/www.rangsteel.com\/de\/landwirtschaftliche-hallen\/","url":"https:\/\/www.rangsteel.com\/de\/landwirtschaftliche-hallen\/","name":"Stahlbau Landwirtschaftliche Hallen - Stahlhallen f\u00fcr Landwirtschaft | RANGSTEEL","isPartOf":{"@id":"https:\/\/www.rangsteel.com\/tr\/#website"},"datePublished":"2021-03-07T10:56:41+00:00","dateModified":"2021-03-07T11:26:23+00:00","description":"Wir Bauen energieeffiziente und langlebige Landwirtschaftliche Hallen. Wir bauen \u00f6konomische Stahlhallen f\u00fcr die Landwirtschaft.","breadcrumb":{"@id":"https:\/\/www.rangsteel.com\/de\/landwirtschaftliche-hallen\/#breadcrumb"},"inLanguage":"ro-RO","potentialAction":[{"@type":"ReadAction","target":["https:\/\/www.rangsteel.com\/de\/landwirtschaftliche-hallen\/"]}]},{"@type":"BreadcrumbList","@id":"https:\/\/www.rangsteel.com\/de\/landwirtschaftliche-hallen\/#breadcrumb","itemListElement":[{"@type":"ListItem","position":1,"name":"Ana sayfa","item":"https:\/\/www.rangsteel.com\/tr\/"},{"@type":"ListItem","position":2,"name":"Landwirtschaftliche Hallen"}]},{"@type":"WebSite","@id":"https:\/\/www.rangsteel.com\/tr\/#website","url":"https:\/\/www.rangsteel.com\/tr\/","name":"Rang Steel","description":"(Turkish) \u00c7elik Yap\u0131lar \u0130n\u015fa Eder","publisher":{"@id":"https:\/\/www.rangsteel.com\/tr\/#organization"},"potentialAction":[{"@type":"SearchAction","target":{"@type":"EntryPoint","urlTemplate":"https:\/\/www.rangsteel.com\/tr\/?s={search_term_string}"},"query-input":{"@type":"PropertyValueSpecification","valueRequired":true,"valueName":"search_term_string"}}],"inLanguage":"ro-RO"},{"@type":"Organization","@id":"https:\/\/www.rangsteel.com\/tr\/#organization","name":"Rang Steel","url":"https:\/\/www.rangsteel.com\/tr\/","logo":{"@type":"ImageObject","inLanguage":"ro-RO","@id":"https:\/\/www.rangsteel.com\/tr\/#\/schema\/logo\/image\/","url":"","contentUrl":"","caption":"Rang Steel"},"image":{"@id":"https:\/\/www.rangsteel.com\/tr\/#\/schema\/logo\/image\/"}}]}},"_links":{"self":[{"href":"https:\/\/www.rangsteel.com\/ro\/wp-json\/wp\/v2\/pages\/75667","targetHints":{"allow":["GET"]}}],"collection":[{"href":"https:\/\/www.rangsteel.com\/ro\/wp-json\/wp\/v2\/pages"}],"about":[{"href":"https:\/\/www.rangsteel.com\/ro\/wp-json\/wp\/v2\/types\/page"}],"author":[{"embeddable":true,"href":"https:\/\/www.rangsteel.com\/ro\/wp-json\/wp\/v2\/users\/3"}],"replies":[{"embeddable":true,"href":"https:\/\/www.rangsteel.com\/ro\/wp-json\/wp\/v2\/comments?post=75667"}],"version-history":[{"count":8,"href":"https:\/\/www.rangsteel.com\/ro\/wp-json\/wp\/v2\/pages\/75667\/revisions"}],"predecessor-version":[{"id":75680,"href":"https:\/\/www.rangsteel.com\/ro\/wp-json\/wp\/v2\/pages\/75667\/revisions\/75680"}],"wp:attachment":[{"href":"https:\/\/www.rangsteel.com\/ro\/wp-json\/wp\/v2\/media?parent=75667"}],"curies":[{"name":"wp","href":"https:\/\/api.w.org\/{rel}","templated":true}]}}