{"id":75682,"date":"2021-03-10T19:23:38","date_gmt":"2021-03-10T16:23:38","guid":{"rendered":"https:\/\/www.rangsteel.com\/tr\/?page_id=75682"},"modified":"2021-03-10T19:24:48","modified_gmt":"2021-03-10T16:24:48","slug":"deutsch-stahlhallen","status":"publish","type":"page","link":"https:\/\/www.rangsteel.com\/ro\/deutsch-stahlhallen\/","title":{"rendered":"(Deutsch) Stahlhallen"},"content":{"rendered":"<p class=\"qtranxs-available-languages-message qtranxs-available-languages-message-ro\">Din p\u0103cate acest articol este disponibil doar \u00een <a href=\"https:\/\/www.rangsteel.com\/de\/wp-json\/wp\/v2\/pages\/75682\" class=\"qtranxs-available-language-link qtranxs-available-language-link-de\" title=\"Deutsch\">Deutsch<\/a>.<\/p>","protected":false},"excerpt":{"rendered":"<p>Din p\u0103cate acest articol este disponibil doar \u00een Deutsch.<\/p>\n","protected":false},"author":3,"featured_media":0,"parent":0,"menu_order":0,"comment_status":"closed","ping_status":"closed","template":"","meta":{"footnotes":""},"class_list":["post-75682","page","type-page","status-publish","hentry"],"yoast_head":"<!-- This site is optimized with the Yoast SEO plugin v26.5 - https:\/\/yoast.com\/wordpress\/plugins\/seo\/ -->\n<title>(Deutsch) Stahlhallen - Stahlhallenbauer | Rang Steel<\/title>\n<meta name=\"description\" content=\"Ob individuelle Spezialhalle oder kostengu\u0308nstige Systemhalle, Wir produzieren Stahlhallen an Ihre W\u00fcnsche angepasst.\" \/>\n<meta name=\"robots\" content=\"index, follow, max-snippet:-1, max-image-preview:large, max-video-preview:-1\" \/>\n<link rel=\"canonical\" href=\"https:\/\/www.rangsteel.com\/de\/stahlhallen\/\" \/>\n<meta property=\"og:locale\" content=\"ro_RO\" \/>\n<meta property=\"og:type\" content=\"article\" \/>\n<meta property=\"og:title\" content=\"(Deutsch) Stahlhallen - Stahlhallenbauer | Rang Steel\" \/>\n<meta property=\"og:description\" content=\"Ob individuelle Spezialhalle oder kostengu\u0308nstige Systemhalle, Wir produzieren Stahlhallen an Ihre W\u00fcnsche angepasst.\" \/>\n<meta property=\"og:url\" content=\"https:\/\/www.rangsteel.com\/de\/stahlhallen\/\" \/>\n<meta property=\"og:site_name\" content=\"Rang Steel\" \/>\n<meta property=\"article:modified_time\" content=\"2021-03-10T16:24:48+00:00\" \/>\n<meta name=\"twitter:card\" content=\"summary_large_image\" \/>\n<meta name=\"twitter:label1\" content=\"Timp estimat pentru citire\" \/>\n\t<meta name=\"twitter:data1\" content=\"2 minute\" \/>\n<script type=\"application\/ld+json\" class=\"yoast-schema-graph\">{\"@context\":\"https:\/\/schema.org\",\"@graph\":[{\"@type\":\"WebPage\",\"@id\":\"https:\/\/www.rangsteel.com\/de\/stahlhallen\/\",\"url\":\"https:\/\/www.rangsteel.com\/de\/stahlhallen\/\",\"name\":\"(Deutsch) Stahlhallen - Stahlhallenbauer | Rang Steel\",\"isPartOf\":{\"@id\":\"https:\/\/www.rangsteel.com\/tr\/#website\"},\"datePublished\":\"2021-03-10T16:23:38+00:00\",\"dateModified\":\"2021-03-10T16:24:48+00:00\",\"description\":\"Ob individuelle Spezialhalle oder kostengu\u0308nstige Systemhalle, Wir produzieren Stahlhallen an Ihre W\u00fcnsche angepasst.\",\"breadcrumb\":{\"@id\":\"https:\/\/www.rangsteel.com\/de\/stahlhallen\/#breadcrumb\"},\"inLanguage\":\"ro-RO\",\"potentialAction\":[{\"@type\":\"ReadAction\",\"target\":[\"https:\/\/www.rangsteel.com\/de\/stahlhallen\/\"]}]},{\"@type\":\"BreadcrumbList\",\"@id\":\"https:\/\/www.rangsteel.com\/de\/stahlhallen\/#breadcrumb\",\"itemListElement\":[{\"@type\":\"ListItem\",\"position\":1,\"name\":\"Ana sayfa\",\"item\":\"https:\/\/www.rangsteel.com\/tr\/\"},{\"@type\":\"ListItem\",\"position\":2,\"name\":\"Stahlhallen\"}]},{\"@type\":\"WebSite\",\"@id\":\"https:\/\/www.rangsteel.com\/tr\/#website\",\"url\":\"https:\/\/www.rangsteel.com\/tr\/\",\"name\":\"Rang Steel\",\"description\":\"(Turkish) \u00c7elik Yap\u0131lar \u0130n\u015fa Eder\",\"publisher\":{\"@id\":\"https:\/\/www.rangsteel.com\/tr\/#organization\"},\"potentialAction\":[{\"@type\":\"SearchAction\",\"target\":{\"@type\":\"EntryPoint\",\"urlTemplate\":\"https:\/\/www.rangsteel.com\/tr\/?s={search_term_string}\"},\"query-input\":{\"@type\":\"PropertyValueSpecification\",\"valueRequired\":true,\"valueName\":\"search_term_string\"}}],\"inLanguage\":\"ro-RO\"},{\"@type\":\"Organization\",\"@id\":\"https:\/\/www.rangsteel.com\/tr\/#organization\",\"name\":\"Rang Steel\",\"url\":\"https:\/\/www.rangsteel.com\/tr\/\",\"logo\":{\"@type\":\"ImageObject\",\"inLanguage\":\"ro-RO\",\"@id\":\"https:\/\/www.rangsteel.com\/tr\/#\/schema\/logo\/image\/\",\"url\":\"\",\"contentUrl\":\"\",\"caption\":\"Rang Steel\"},\"image\":{\"@id\":\"https:\/\/www.rangsteel.com\/tr\/#\/schema\/logo\/image\/\"}}]}<\/script>\n<!-- \/ Yoast SEO plugin. -->","yoast_head_json":{"title":"(Deutsch) Stahlhallen - Stahlhallenbauer | Rang Steel","description":"Ob individuelle Spezialhalle oder kostengu\u0308nstige Systemhalle, Wir produzieren Stahlhallen an Ihre W\u00fcnsche angepasst.","robots":{"index":"index","follow":"follow","max-snippet":"max-snippet:-1","max-image-preview":"max-image-preview:large","max-video-preview":"max-video-preview:-1"},"canonical":"https:\/\/www.rangsteel.com\/de\/stahlhallen\/","og_locale":"ro_RO","og_type":"article","og_title":"(Deutsch) Stahlhallen - Stahlhallenbauer | Rang Steel","og_description":"Ob individuelle Spezialhalle oder kostengu\u0308nstige Systemhalle, Wir produzieren Stahlhallen an Ihre W\u00fcnsche angepasst.","og_url":"https:\/\/www.rangsteel.com\/de\/stahlhallen\/","og_site_name":"Rang Steel","article_modified_time":"2021-03-10T16:24:48+00:00","twitter_card":"summary_large_image","twitter_misc":{"Timp estimat pentru citire":"2 minute"},"schema":{"@context":"https:\/\/schema.org","@graph":[{"@type":"WebPage","@id":"https:\/\/www.rangsteel.com\/de\/stahlhallen\/","url":"https:\/\/www.rangsteel.com\/de\/stahlhallen\/","name":"(Deutsch) Stahlhallen - Stahlhallenbauer | Rang Steel","isPartOf":{"@id":"https:\/\/www.rangsteel.com\/tr\/#website"},"datePublished":"2021-03-10T16:23:38+00:00","dateModified":"2021-03-10T16:24:48+00:00","description":"Ob individuelle Spezialhalle oder kostengu\u0308nstige Systemhalle, Wir produzieren Stahlhallen an Ihre W\u00fcnsche angepasst.","breadcrumb":{"@id":"https:\/\/www.rangsteel.com\/de\/stahlhallen\/#breadcrumb"},"inLanguage":"ro-RO","potentialAction":[{"@type":"ReadAction","target":["https:\/\/www.rangsteel.com\/de\/stahlhallen\/"]}]},{"@type":"BreadcrumbList","@id":"https:\/\/www.rangsteel.com\/de\/stahlhallen\/#breadcrumb","itemListElement":[{"@type":"ListItem","position":1,"name":"Ana sayfa","item":"https:\/\/www.rangsteel.com\/tr\/"},{"@type":"ListItem","position":2,"name":"Stahlhallen"}]},{"@type":"WebSite","@id":"https:\/\/www.rangsteel.com\/tr\/#website","url":"https:\/\/www.rangsteel.com\/tr\/","name":"Rang Steel","description":"(Turkish) \u00c7elik Yap\u0131lar \u0130n\u015fa Eder","publisher":{"@id":"https:\/\/www.rangsteel.com\/tr\/#organization"},"potentialAction":[{"@type":"SearchAction","target":{"@type":"EntryPoint","urlTemplate":"https:\/\/www.rangsteel.com\/tr\/?s={search_term_string}"},"query-input":{"@type":"PropertyValueSpecification","valueRequired":true,"valueName":"search_term_string"}}],"inLanguage":"ro-RO"},{"@type":"Organization","@id":"https:\/\/www.rangsteel.com\/tr\/#organization","name":"Rang Steel","url":"https:\/\/www.rangsteel.com\/tr\/","logo":{"@type":"ImageObject","inLanguage":"ro-RO","@id":"https:\/\/www.rangsteel.com\/tr\/#\/schema\/logo\/image\/","url":"","contentUrl":"","caption":"Rang Steel"},"image":{"@id":"https:\/\/www.rangsteel.com\/tr\/#\/schema\/logo\/image\/"}}]}},"_links":{"self":[{"href":"https:\/\/www.rangsteel.com\/ro\/wp-json\/wp\/v2\/pages\/75682","targetHints":{"allow":["GET"]}}],"collection":[{"href":"https:\/\/www.rangsteel.com\/ro\/wp-json\/wp\/v2\/pages"}],"about":[{"href":"https:\/\/www.rangsteel.com\/ro\/wp-json\/wp\/v2\/types\/page"}],"author":[{"embeddable":true,"href":"https:\/\/www.rangsteel.com\/ro\/wp-json\/wp\/v2\/users\/3"}],"replies":[{"embeddable":true,"href":"https:\/\/www.rangsteel.com\/ro\/wp-json\/wp\/v2\/comments?post=75682"}],"version-history":[{"count":2,"href":"https:\/\/www.rangsteel.com\/ro\/wp-json\/wp\/v2\/pages\/75682\/revisions"}],"predecessor-version":[{"id":75685,"href":"https:\/\/www.rangsteel.com\/ro\/wp-json\/wp\/v2\/pages\/75682\/revisions\/75685"}],"wp:attachment":[{"href":"https:\/\/www.rangsteel.com\/ro\/wp-json\/wp\/v2\/media?parent=75682"}],"curies":[{"name":"wp","href":"https:\/\/api.w.org\/{rel}","templated":true}]}}