{"id":336,"date":"2019-04-26T02:44:54","date_gmt":"2019-04-25T23:44:54","guid":{"rendered":"http:\/\/structure.thememove.com\/?page_id=336"},"modified":"2023-05-20T01:46:59","modified_gmt":"2023-05-19T22:46:59","slug":"celik-konstruksiyon-imalat","status":"publish","type":"page","link":"https:\/\/www.rangsteel.com\/tr\/celik-konstruksiyon-imalat\/","title":{"rendered":"\u00c7elik Konstr\u00fcksiyon \u0130malat"},"content":{"rendered":"<p>[vc_row css=&#8221;.vc_custom_1433557672994{margin-top: 0px !important;margin-bottom: 40px !important;}&#8221;][vc_column][vc_custom_heading text=&#8221;\u00c7elik Konstr\u00fcksiyon \u0130malat\u0131&#8221; font_container=&#8221;tag:h1|font_size:20|text_align:left&#8221; use_theme_fonts=&#8221;yes&#8221; el_class=&#8221;heading-title-3&#8243;][vc_column_text]\u00c7elik, alternatiflerine g\u00f6re hafifli\u011fi, y\u00fcksek mukavemet ve dayan\u0131kl\u0131l\u0131k g\u00fcc\u00fc, daha elastik yap\u0131s\u0131 ve s\u00fcneklik \u00f6zellikleriyle her zemin ve deprem b\u00f6lgeleri i\u00e7in en do\u011fru konstr\u00fcksiyon yap\u0131 malzemesidir.<\/p>\n<p>\u00c7elik yap\u0131 elemanlar\u0131n\u0131n imalat ve montaj s\u00fcreleri \u00e7ok daha k\u0131sa oldu\u011fundan in\u015faat, proje ve maliyetlendirme masraflar\u0131n\u0131n minimize edilmesini sa\u011flar. \u00c7elik konstr\u00fcksiyon yap\u0131lar, end\u00fcstriyel yap\u0131larda geni\u015f a\u00e7\u0131kl\u0131klar\u0131 kolonsuz ve yer yer ta\u015f\u0131y\u0131c\u0131s\u0131z ge\u00e7me imkan\u0131na sahiptir. Bu da b\u00fcy\u00fck oranda ekonomik kazan\u00e7 ve zamandan tasarruf sa\u011flar.<\/p>\n<p>\u00c7elik yap\u0131 proje a\u015famas\u0131nda yap\u0131lan do\u011fru haz\u0131rl\u0131klar ve \u00e7elik konstr\u00fcksiyon imalat\u0131nda \u015fartname ve standartlara uygun kullan\u0131lan hammaddeler ile avantajlar sa\u011flan\u0131r. \u0130malat\u0131n her a\u015famas\u0131nda kalite kontrol yap\u0131l\u0131r.<\/p>\n<p>\u00c7elik yap\u0131y\u0131 olu\u015fturan b\u00fct\u00fcn elemanlar ve ta\u015f\u0131y\u0131c\u0131 sistem civatal\u0131 olarak \u00fcretilebilir. Bu demonte \u00f6zelli\u011fi sayesinde \u00e7elik konstr\u00fcksiyon yap\u0131y\u0131 s\u00f6kme, ta\u015f\u0131ma, de\u011fi\u015ftirme, b\u00fcy\u00fctme veya k\u00fc\u00e7\u00fcltme i\u015flemlerinde minimum zayiatla malzeme kayb\u0131n\u0131n \u00f6n\u00fcne ge\u00e7ilir.<\/p>\n<p><strong>Yap\u0131lar i\u00e7in \u00fc\u00e7 t\u00fcrl\u00fc \u00e7elik kullan\u0131l\u0131r:<\/strong><\/p>\n<p>1. Yap\u0131sal \u00e7elik konstr\u00fcksiyon (a\u011f\u0131r \u00e7elik)<br \/>\n2. Hafif \u00e7elik konstr\u00fcksiyon<br \/>\n3. Kutu profil \u00e7elikler[\/vc_column_text][\/vc_column][\/vc_row][vc_row css=&#8221;.vc_custom_1433128678982{margin-bottom: 50px !important;}&#8221;][vc_column width=&#8221;1\/2&#8243;][vc_custom_heading text=&#8221;\u00c7elik Konstr\u00fcksiyon \u0130malat A\u015famalar\u0131&#8221; font_container=&#8221;tag:h2|font_size:20|text_align:left&#8221; use_theme_fonts=&#8221;yes&#8221; el_class=&#8221;heading-title-3&#8243;][vc_column_text]<strong>\u0130\u015f Haz\u0131rlama;<\/strong> proje i\u00e7in yap\u0131lacak \u00fcretimler, hangi \u00e7elik konstr\u00fcksiyon imalat makinelerinde hangi pozlar\u0131n \u00fcretilece\u011fi belirlenir.<\/p>\n<p><strong>Sac Kesim;<\/strong> haz\u0131rlanan kesim planlar\u0131na g\u00f6re, imalatta kullan\u0131lacak plakalar CNC Plazma tezgah\u0131nda kesilerek hassas ve firesiz \u00fcretim sa\u011flan\u0131r.<\/p>\n<p><strong>Profil \u0130\u015fleme;<\/strong> imalatta kullan\u0131lacak \u00e7elik profiller geni\u015f makine parkurumuzdaki farkl\u0131 makinelerde kesim, delme gibi i\u015flemlerden ge\u00e7erek i\u015flenir.<\/p>\n<p><strong>Markalama ve \u00c7at\u0131m;<\/strong> \u00e7elik yap\u0131 proje detay g\u00f6rsellerinde belirtilen \u00f6l\u00e7\u00fclerde kesilen ve i\u015flenen par\u00e7alara poz numaras\u0131 (marka) verilerek izlenebilirli\u011fi sa\u011flan\u0131r. Kalite kontrol taraf\u0131ndan onaylanan par\u00e7alar, kaynak i\u015flemine tabi tutularak teknik resme uygun \u015fekilde birle\u015ftirilir.<\/p>\n<p>Kaynak i\u015flemi \u00f6ncesi, kaynak yap\u0131lacak t\u00fcm y\u00fczeyler pas ve di\u011fer yabanc\u0131 maddelerden tel f\u0131r\u00e7a, raspa veya kumlama y\u00f6ntemleriyle temizlenir. \u015eartnamedeki standartlar dahilinde belirtilen \u015fekil ve \u00f6l\u00e7\u00fclere uygun olarak d\u00fczg\u00fcn bir formla kaynak a\u011fz\u0131 a\u00e7\u0131l\u0131r.<\/p>\n<p><strong>Kumlama ve Boya;<\/strong> y\u00fczeyler, ya\u011f, kir ve pastan ar\u0131nd\u0131r\u0131lmak \u00fczere kumlanarak yada mekanik temizlik yap\u0131larak boyaya haz\u0131rlan\u0131r. Malzemeler \u015fartnamede belirtilen \u00f6zellik ve renkte boya ile istenilen kal\u0131nl\u0131k de\u011ferleri esas al\u0131narak boyan\u0131r.<\/p>\n<p><strong>Korozyon Koruma;<\/strong> yap\u0131 \u00e7elikleri oksitlenmeye m\u00fcsait oldu\u011fu i\u00e7in \u00f6zel malzemelerle korunmas\u0131 gerekir. Bu nedenle talep ve standartlara uygun \u015fekilde \u00e7elik y\u00fczeyinin temizlenmesi ard\u0131ndan kumlama, kimyasal temizlik, boyama ve galvanizleme y\u00f6ntemleri ile koruyucu uygulan\u0131r.[\/vc_column_text][\/vc_column][vc_column width=&#8221;1\/2&#8243;][vc_custom_heading text=&#8221;\u00c7elik Konstr\u00fcksiyon \u0130malat Alanlar\u0131m\u0131z&#8221; font_container=&#8221;tag:h2|font_size:20|text_align:left&#8221; use_theme_fonts=&#8221;yes&#8221; el_class=&#8221;heading-title-3&#8243;][vc_column_text]<\/p>\n<ul>\n<li>\u00c7elik konstr\u00fcksiyon \u00e7at\u0131 imalat\u0131<\/li>\n<li>\u00c7elik konstr\u00fcksiyon depo imalat\u0131<\/li>\n<li>\u00c7elik konstr\u00fcksiyon ev imalat\u0131<\/li>\n<li>\u00c7elik konstr\u00fcksiyon villa imalat\u0131<\/li>\n<li>\u00c7elik konstr\u00fcksiyon fabrika imalat\u0131<\/li>\n<li>Civatal\u0131 \u00e7elik imalatlar\u0131<\/li>\n<li>\u00c7elik konstr\u00fcksiyon hangar imalat\u0131<\/li>\n<li>Geni\u015f a\u00e7\u0131kl\u0131kl\u0131 \u00e7elik bina imalat\u0131<\/li>\n<li>Tonoz sistem \u00e7elik \u00e7at\u0131 imalat\u0131<\/li>\n<li>Maden tesisleri \u00e7elik imalat\u0131 ve kaplama<\/li>\n<li>End\u00fcstriyel tesisler<\/li>\n<li>Konvey\u00f6r ta\u015f\u0131y\u0131c\u0131 k\u00f6pr\u00fcler<\/li>\n<li>Elevat\u00f6r kuleleri, bunker, siklon<\/li>\n<li>Tah\u0131l depolama sistemleri, silolar<\/li>\n<li>K\u00f6pr\u00fcler, Platformlar, \u00e7elik arakatlar<\/li>\n<li>Tank, kazan e\u015fanj\u00f6r, toz toplama filtreleri<\/li>\n<li>CNC plazma lazer kesim<\/li>\n<li>CNC sac kesim b\u00fck\u00fcm<\/li>\n<\/ul>\n<p>[\/vc_column_text][vc_empty_space height=&#8221;20px&#8221;][vc_images_carousel images=&#8221;75353,75354,75355,75356,75357&#8243; img_size=&#8221;415&#215;277&#8243; onclick=&#8221;link_no&#8221; speed=&#8221;3000&#8243; autoplay=&#8221;yes&#8221; hide_prev_next_buttons=&#8221;yes&#8221; el_class=&#8221;images-carousel-2&#8243;][\/vc_column][\/vc_row][vc_row el_class=&#8221;big-quote-2&#8243; css=&#8221;.vc_custom_1433557680188{margin-bottom: 30px !important;}&#8221;][vc_column][vc_column_text]\u0130stanbul Be\u015fikta\u015f il\u00e7esinde bulunan proje ofisimizden \u00e7elik yap\u0131n\u0131z\u0131n projelendirilmesi konusunda detayl\u0131 bilgi alabilir ya da teklif isteyebilirsiniz.[\/vc_column_text][\/vc_column][\/vc_row][vc_row background_color=&#8221;#fdc502&#8243; el_class=&#8221;intro5&#8243; css=&#8221;.vc_custom_1460184014227{background-color: #f7b200 !important;}&#8221;][vc_column width=&#8221;3\/4&#8243; css=&#8221;.vc_custom_1460184027524{padding-top: 0px !important;padding-bottom: 0px !important;background-color: #fdc502 !important;}&#8221;][vc_custom_heading text=&#8221;Daha fazla bilgi almak i\u00e7in l\u00fctfen bizimle ileti\u015fime ge\u00e7in.&#8221; font_container=&#8221;tag:h2|font_size:20|text_align:left|color:%23ffffff&#8221; use_theme_fonts=&#8221;yes&#8221;][\/vc_column][vc_column width=&#8221;1\/4&#8243;][vc_btn title=&#8221;Bilgi Al&#8221; style=&#8221;custom&#8221; custom_text=&#8221;#ffffff&#8221; link=&#8221;url:https%3A%2F%2Fwww.rangsteel.com%2Ftr%2Filetisim%2F|||&#8221;][\/vc_column][\/vc_row]<\/p>","protected":false},"excerpt":{"rendered":"<p>[vc_row css=&#8221;.vc_custom_1433557672994{margin-top: 0px !important;margin-bottom: 40px !important;}&#8221;][vc_column][vc_custom_heading text=&#8221;\u00c7elik Konstr\u00fcksiyon \u0130malat\u0131&#8221; font_container=&#8221;tag:h1|font_size:20|text_align:left&#8221; use_theme_fonts=&#8221;yes&#8221; el_class=&#8221;heading-title-3&#8243;][vc_column_text]\u00c7elik, alternatiflerine g\u00f6re hafifli\u011fi, y\u00fcksek mukavemet ve dayan\u0131kl\u0131l\u0131k g\u00fcc\u00fc, daha elastik yap\u0131s\u0131 ve s\u00fcneklik \u00f6zellikleriyle her zemin ve deprem b\u00f6lgeleri i\u00e7in en do\u011fru konstr\u00fcksiyon yap\u0131 malzemesidir. \u00c7elik yap\u0131 elemanlar\u0131n\u0131n imalat ve montaj s\u00fcreleri \u00e7ok daha k\u0131sa oldu\u011fundan in\u015faat, proje ve maliyetlendirme masraflar\u0131n\u0131n minimize edilmesini [&hellip;]<\/p>\n","protected":false},"author":3,"featured_media":0,"parent":0,"menu_order":0,"comment_status":"closed","ping_status":"closed","template":"","meta":{"footnotes":""},"class_list":["post-336","page","type-page","status-publish","hentry"],"yoast_head":"<!-- This site is optimized with the Yoast SEO plugin v26.5 - https:\/\/yoast.com\/wordpress\/plugins\/seo\/ -->\n<title>\u00c7elik Konstr\u00fcksiyon \u0130malat - Rang Steel<\/title>\n<meta name=\"robots\" content=\"index, follow, max-snippet:-1, max-image-preview:large, max-video-preview:-1\" \/>\n<link rel=\"canonical\" href=\"https:\/\/www.rangsteel.com\/tr\/celik-konstruksiyon-imalat\/\" \/>\n<meta property=\"og:locale\" content=\"tr_TR\" \/>\n<meta property=\"og:type\" content=\"article\" \/>\n<meta property=\"og:title\" content=\"\u00c7elik Konstr\u00fcksiyon \u0130malat - Rang Steel\" \/>\n<meta property=\"og:description\" content=\"[vc_row css=&#8221;.vc_custom_1433557672994{margin-top: 0px !important;margin-bottom: 40px !important;}&#8221;][vc_column][vc_custom_heading text=&#8221;\u00c7elik Konstr\u00fcksiyon \u0130malat\u0131&#8221; font_container=&#8221;tag:h1|font_size:20|text_align:left&#8221; use_theme_fonts=&#8221;yes&#8221; el_class=&#8221;heading-title-3&#8243;][vc_column_text]\u00c7elik, alternatiflerine g\u00f6re hafifli\u011fi, y\u00fcksek mukavemet ve dayan\u0131kl\u0131l\u0131k g\u00fcc\u00fc, daha elastik yap\u0131s\u0131 ve s\u00fcneklik \u00f6zellikleriyle her zemin ve deprem b\u00f6lgeleri i\u00e7in en do\u011fru konstr\u00fcksiyon yap\u0131 malzemesidir. \u00c7elik yap\u0131 elemanlar\u0131n\u0131n imalat ve montaj s\u00fcreleri \u00e7ok daha k\u0131sa oldu\u011fundan in\u015faat, proje ve maliyetlendirme masraflar\u0131n\u0131n minimize edilmesini [&hellip;]\" \/>\n<meta property=\"og:url\" content=\"https:\/\/www.rangsteel.com\/tr\/celik-konstruksiyon-imalat\/\" \/>\n<meta property=\"og:site_name\" content=\"Rang Steel\" \/>\n<meta property=\"article:modified_time\" content=\"2023-05-19T22:46:59+00:00\" \/>\n<meta name=\"twitter:card\" content=\"summary_large_image\" \/>\n<meta name=\"twitter:label1\" content=\"Tahmini okuma s\u00fcresi\" \/>\n\t<meta name=\"twitter:data1\" content=\"4 dakika\" \/>\n<script type=\"application\/ld+json\" class=\"yoast-schema-graph\">{\"@context\":\"https:\/\/schema.org\",\"@graph\":[{\"@type\":\"WebPage\",\"@id\":\"https:\/\/www.rangsteel.com\/tr\/celik-konstruksiyon-imalat\/\",\"url\":\"https:\/\/www.rangsteel.com\/tr\/celik-konstruksiyon-imalat\/\",\"name\":\"\u00c7elik Konstr\u00fcksiyon \u0130malat - Rang Steel\",\"isPartOf\":{\"@id\":\"https:\/\/www.rangsteel.com\/tr\/#website\"},\"datePublished\":\"2019-04-25T23:44:54+00:00\",\"dateModified\":\"2023-05-19T22:46:59+00:00\",\"breadcrumb\":{\"@id\":\"https:\/\/www.rangsteel.com\/tr\/celik-konstruksiyon-imalat\/#breadcrumb\"},\"inLanguage\":\"tr\",\"potentialAction\":[{\"@type\":\"ReadAction\",\"target\":[\"https:\/\/www.rangsteel.com\/tr\/celik-konstruksiyon-imalat\/\"]}]},{\"@type\":\"BreadcrumbList\",\"@id\":\"https:\/\/www.rangsteel.com\/tr\/celik-konstruksiyon-imalat\/#breadcrumb\",\"itemListElement\":[{\"@type\":\"ListItem\",\"position\":1,\"name\":\"Ana sayfa\",\"item\":\"https:\/\/www.rangsteel.com\/tr\/\"},{\"@type\":\"ListItem\",\"position\":2,\"name\":\"\u00c7elik Konstr\u00fcksiyon \u0130malat\"}]},{\"@type\":\"WebSite\",\"@id\":\"https:\/\/www.rangsteel.com\/tr\/#website\",\"url\":\"https:\/\/www.rangsteel.com\/tr\/\",\"name\":\"Rang Steel\",\"description\":\"\u00c7elik Yap\u0131lar \u0130n\u015fa Eder\",\"publisher\":{\"@id\":\"https:\/\/www.rangsteel.com\/tr\/#organization\"},\"potentialAction\":[{\"@type\":\"SearchAction\",\"target\":{\"@type\":\"EntryPoint\",\"urlTemplate\":\"https:\/\/www.rangsteel.com\/tr\/?s={search_term_string}\"},\"query-input\":{\"@type\":\"PropertyValueSpecification\",\"valueRequired\":true,\"valueName\":\"search_term_string\"}}],\"inLanguage\":\"tr\"},{\"@type\":\"Organization\",\"@id\":\"https:\/\/www.rangsteel.com\/tr\/#organization\",\"name\":\"Rang Steel\",\"url\":\"https:\/\/www.rangsteel.com\/tr\/\",\"logo\":{\"@type\":\"ImageObject\",\"inLanguage\":\"tr\",\"@id\":\"https:\/\/www.rangsteel.com\/tr\/#\/schema\/logo\/image\/\",\"url\":\"\",\"contentUrl\":\"\",\"caption\":\"Rang Steel\"},\"image\":{\"@id\":\"https:\/\/www.rangsteel.com\/tr\/#\/schema\/logo\/image\/\"}}]}<\/script>\n<!-- \/ Yoast SEO plugin. -->","yoast_head_json":{"title":"\u00c7elik Konstr\u00fcksiyon \u0130malat - Rang Steel","robots":{"index":"index","follow":"follow","max-snippet":"max-snippet:-1","max-image-preview":"max-image-preview:large","max-video-preview":"max-video-preview:-1"},"canonical":"https:\/\/www.rangsteel.com\/tr\/celik-konstruksiyon-imalat\/","og_locale":"tr_TR","og_type":"article","og_title":"\u00c7elik Konstr\u00fcksiyon \u0130malat - Rang Steel","og_description":"[vc_row css=&#8221;.vc_custom_1433557672994{margin-top: 0px !important;margin-bottom: 40px !important;}&#8221;][vc_column][vc_custom_heading text=&#8221;\u00c7elik Konstr\u00fcksiyon \u0130malat\u0131&#8221; font_container=&#8221;tag:h1|font_size:20|text_align:left&#8221; use_theme_fonts=&#8221;yes&#8221; el_class=&#8221;heading-title-3&#8243;][vc_column_text]\u00c7elik, alternatiflerine g\u00f6re hafifli\u011fi, y\u00fcksek mukavemet ve dayan\u0131kl\u0131l\u0131k g\u00fcc\u00fc, daha elastik yap\u0131s\u0131 ve s\u00fcneklik \u00f6zellikleriyle her zemin ve deprem b\u00f6lgeleri i\u00e7in en do\u011fru konstr\u00fcksiyon yap\u0131 malzemesidir. \u00c7elik yap\u0131 elemanlar\u0131n\u0131n imalat ve montaj s\u00fcreleri \u00e7ok daha k\u0131sa oldu\u011fundan in\u015faat, proje ve maliyetlendirme masraflar\u0131n\u0131n minimize edilmesini [&hellip;]","og_url":"https:\/\/www.rangsteel.com\/tr\/celik-konstruksiyon-imalat\/","og_site_name":"Rang Steel","article_modified_time":"2023-05-19T22:46:59+00:00","twitter_card":"summary_large_image","twitter_misc":{"Tahmini okuma s\u00fcresi":"4 dakika"},"schema":{"@context":"https:\/\/schema.org","@graph":[{"@type":"WebPage","@id":"https:\/\/www.rangsteel.com\/tr\/celik-konstruksiyon-imalat\/","url":"https:\/\/www.rangsteel.com\/tr\/celik-konstruksiyon-imalat\/","name":"\u00c7elik Konstr\u00fcksiyon \u0130malat - Rang Steel","isPartOf":{"@id":"https:\/\/www.rangsteel.com\/tr\/#website"},"datePublished":"2019-04-25T23:44:54+00:00","dateModified":"2023-05-19T22:46:59+00:00","breadcrumb":{"@id":"https:\/\/www.rangsteel.com\/tr\/celik-konstruksiyon-imalat\/#breadcrumb"},"inLanguage":"tr","potentialAction":[{"@type":"ReadAction","target":["https:\/\/www.rangsteel.com\/tr\/celik-konstruksiyon-imalat\/"]}]},{"@type":"BreadcrumbList","@id":"https:\/\/www.rangsteel.com\/tr\/celik-konstruksiyon-imalat\/#breadcrumb","itemListElement":[{"@type":"ListItem","position":1,"name":"Ana sayfa","item":"https:\/\/www.rangsteel.com\/tr\/"},{"@type":"ListItem","position":2,"name":"\u00c7elik Konstr\u00fcksiyon \u0130malat"}]},{"@type":"WebSite","@id":"https:\/\/www.rangsteel.com\/tr\/#website","url":"https:\/\/www.rangsteel.com\/tr\/","name":"Rang Steel","description":"\u00c7elik Yap\u0131lar \u0130n\u015fa Eder","publisher":{"@id":"https:\/\/www.rangsteel.com\/tr\/#organization"},"potentialAction":[{"@type":"SearchAction","target":{"@type":"EntryPoint","urlTemplate":"https:\/\/www.rangsteel.com\/tr\/?s={search_term_string}"},"query-input":{"@type":"PropertyValueSpecification","valueRequired":true,"valueName":"search_term_string"}}],"inLanguage":"tr"},{"@type":"Organization","@id":"https:\/\/www.rangsteel.com\/tr\/#organization","name":"Rang Steel","url":"https:\/\/www.rangsteel.com\/tr\/","logo":{"@type":"ImageObject","inLanguage":"tr","@id":"https:\/\/www.rangsteel.com\/tr\/#\/schema\/logo\/image\/","url":"","contentUrl":"","caption":"Rang Steel"},"image":{"@id":"https:\/\/www.rangsteel.com\/tr\/#\/schema\/logo\/image\/"}}]}},"_links":{"self":[{"href":"https:\/\/www.rangsteel.com\/tr\/wp-json\/wp\/v2\/pages\/336","targetHints":{"allow":["GET"]}}],"collection":[{"href":"https:\/\/www.rangsteel.com\/tr\/wp-json\/wp\/v2\/pages"}],"about":[{"href":"https:\/\/www.rangsteel.com\/tr\/wp-json\/wp\/v2\/types\/page"}],"author":[{"embeddable":true,"href":"https:\/\/www.rangsteel.com\/tr\/wp-json\/wp\/v2\/users\/3"}],"replies":[{"embeddable":true,"href":"https:\/\/www.rangsteel.com\/tr\/wp-json\/wp\/v2\/comments?post=336"}],"version-history":[{"count":2,"href":"https:\/\/www.rangsteel.com\/tr\/wp-json\/wp\/v2\/pages\/336\/revisions"}],"predecessor-version":[{"id":75722,"href":"https:\/\/www.rangsteel.com\/tr\/wp-json\/wp\/v2\/pages\/336\/revisions\/75722"}],"wp:attachment":[{"href":"https:\/\/www.rangsteel.com\/tr\/wp-json\/wp\/v2\/media?parent=336"}],"curies":[{"name":"wp","href":"https:\/\/api.w.org\/{rel}","templated":true}]}}