{"id":338,"date":"2019-04-25T02:45:13","date_gmt":"2019-04-24T23:45:13","guid":{"rendered":"http:\/\/structure.thememove.com\/?page_id=338"},"modified":"2023-05-20T02:06:29","modified_gmt":"2023-05-19T23:06:29","slug":"celik-konstruksiyon-proje","status":"publish","type":"page","link":"https:\/\/www.rangsteel.com\/tr\/celik-konstruksiyon-proje\/","title":{"rendered":"\u00c7elik Konstr\u00fcksiyon Proje"},"content":{"rendered":"<p>[vc_row css=&#8221;.vc_custom_1433128525365{margin-top: 0px !important;margin-bottom: 40px !important;}&#8221;][vc_column][vc_custom_heading text=&#8221;\u00c7elik Konstr\u00fcksiyon Proje&#8221; font_container=&#8221;tag:h1|font_size:20|text_align:left&#8221; use_theme_fonts=&#8221;yes&#8221; el_class=&#8221;heading-title-3&#8243;][vc_column_text]\u00c7elik Konstr\u00fcksiyon Projeleri \u00fcreten \u015firketimiz her tip yap\u0131 i\u015fleri i\u00e7in statik hesap, mimari ve statik proje, \u00e7izim ve dan\u0131\u015fmanl\u0131k hizmetleri vermektedir.<\/p>\n<p>A\u015fa\u011f\u0131da belirtilen alanlardaki in\u015faat yat\u0131r\u0131mlar\u0131n\u0131z i\u00e7in anahtar teslim \u00e7elik yap\u0131m hizmeti vermekteyiz.<\/p>\n<ul>\n<li>End\u00fcstriyel tesisler<\/li>\n<li>Lojistik tesisler<\/li>\n<li>Y\u00f6netim binalar\u0131<\/li>\n<li>Ar-Ge ve Labaratuvar binalar\u0131<\/li>\n<li>E\u011fitim tesisleri<\/li>\n<li>Al\u0131\u015fveri\u015f merkezleri<\/li>\n<li>Sa\u011fl\u0131k tesisleri<\/li>\n<li>Katl\u0131 otoparklar<\/li>\n<li>U\u00e7ak hangarlar\u0131<\/li>\n<li>Terminal binalar\u0131<\/li>\n<li>\u00c7ok katl\u0131 konutlar ve binalar<\/li>\n<li>Cami, Havaalan\u0131, Stadyumlar<\/li>\n<li>K\u00f6pr\u00fc ve di\u011fer yap\u0131lar<\/li>\n<\/ul>\n<p><strong>Statik proje<\/strong>, yap\u0131 \u00fczerinde bulunan t\u00fcm yap\u0131 elemanlar\u0131n hesaplanmas\u0131 olarak tan\u0131mlanabilir. Mimari projeye uygun olarak, \u00f6l\u00e7ekleri yap\u0131 b\u00fcy\u00fckl\u00fc\u011f\u00fcne g\u00f6re haz\u0131rlanan statik proje, yap\u0131n\u0131n projelendirilmesinde en \u00f6nemli a\u015famad\u0131r.<\/p>\n<p>Yap\u0131n\u0131n mimari projesine uygun bir ta\u015f\u0131y\u0131c\u0131 sistem belirlenir, statik hesaplamalar sonucunda alternatiflerin incelenmesi ile en uygun olan sisteme karar verilir.<\/p>\n<p>Ta\u015f\u0131y\u0131c\u0131 sistem belirlendikten sonra yap\u0131 analizi yap\u0131l\u0131r. Yap\u0131ya etki eden \u00f6zel y\u00fckler ve \u015fartnamece belirlenmi\u015f olan servis y\u00fckleri de dikkate al\u0131n\u0131r. Ayr\u0131ca deprem, kar y\u00fckleri, r\u00fczgar gibi ekstra y\u00fckler hesaba kat\u0131larak statik hesaplar yap\u0131l\u0131r. Statik hesaplama ile kullan\u0131lacak \u00e7elik profiller belirlenir. Yap\u0131 elemanlar\u0131n\u0131n nas\u0131l birle\u015fece\u011fi, kaynak, bulon vida ve per\u00e7in hesaplar\u0131 da yap\u0131l\u0131r. Bu hesaplamalar\u0131 g\u00f6steren statik \u00e7izimler paftalara i\u015flenir. Yap\u0131n\u0131n genel g\u00f6r\u00fcn\u00fcm\u00fc, plan ve kesitleri, birle\u015fim noktalar\u0131n\u0131n tipik ve detay paftalar\u0131 \u00e7izilir. \u00c7elik yap\u0131 proje \u00e7izimleri tamamland\u0131ktan sonra iste\u011fe g\u00f6re \u00e7elik konstr\u00fcksiyon imalat projeleri haz\u0131rlanabilir.[\/vc_column_text][\/vc_column][\/vc_row][vc_row css=&#8221;.vc_custom_1433128537128{margin-bottom: 50px !important;}&#8221;][vc_column width=&#8221;1\/2&#8243;][vc_custom_heading text=&#8221;\u00c7elik Proje&#8221; font_container=&#8221;tag:h2|font_size:20|text_align:left&#8221; use_theme_fonts=&#8221;yes&#8221; el_class=&#8221;heading-title-3&#8243;][vc_column_text]\u00c7elik projelerin statik hesaplar\u0131, statik hesap raporlar\u0131, deprem raporlar\u0131 \u015fartnameler taraf\u0131ndan tarif edilmi\u015f hesap metodlar\u0131 ile yap\u0131lmakla birlikte Eurocode Design b\u00f6lgesi, Rus \u015fartnameleri ve Amerikan \u015fartnamelerine de uygun olarak \u00fcretilir.<\/p>\n<p>Y\u00fczbinlerce metrekare statik hesap tecr\u00fcbesi bulunan m\u00fchendis ve mimarlar\u0131m\u0131z, \u00e7elik konstr\u00fcksiyon yap\u0131lar\u0131n statik ve dinamik analizlerini yaparak estetik projeler haz\u0131rlar.[\/vc_column_text][vc_empty_space height=&#8221;20&#8243;][vc_images_carousel images=&#8221;75258,75263,75261&#8243; img_size=&#8221;415&#215;277&#8243; onclick=&#8221;link_no&#8221; speed=&#8221;3000&#8243; autoplay=&#8221;yes&#8221; hide_prev_next_buttons=&#8221;yes&#8221; el_class=&#8221;images-carousel-2&#8243;][\/vc_column][vc_column width=&#8221;1\/2&#8243;][vc_custom_heading text=&#8221;\u00c7elik Yap\u0131 Proje&#8221; font_container=&#8221;tag:h2|font_size:20|text_align:left&#8221; use_theme_fonts=&#8221;yes&#8221; el_class=&#8221;heading-title-3&#8243;][vc_column_text]\u00c7elik yap\u0131 proje alan\u0131nda \u00e7elik statik hesap, \u00e7elik proje \u00e7izimi hizmetleri veren firmam\u0131z her t\u00fcrl\u00fc yap\u0131n\u0131n;[\/vc_column_text][vc_empty_space height=&#8221;20&#8243;][vc_column_text]<\/p>\n<ul>\n<li>\u00e7elik konstr\u00fcksiyon proje \u00e7izimi<\/li>\n<li>\u00e7elik konstr\u00fcksiyon ah\u0131r projeleri<\/li>\n<li>\u00e7elik yap\u0131 proje \u00e7izimi<\/li>\n<li>\u00e7elik konstr\u00fcksiyon \u00e7at\u0131 projeleri<\/li>\n<li>\u00e7elik konstr\u00fcksiyon ev projeleri<\/li>\n<li>\u00e7elik konstr\u00fcksiyon fabrika projeleri<\/li>\n<li>\u00e7elik yap\u0131 proje hesaplar\u0131<\/li>\n<li>\u00e7elik konstr\u00fcksiyon imalat projeleri<\/li>\n<li>\u00e7elik konstr\u00fcksiyon mimari \u00e7izimleri<\/li>\n<li>\u00e7elik konstr\u00fcksiyon okul projeleri<\/li>\n<li>\u00e7elik konstr\u00fcksiyon statik proje<\/li>\n<li>\u00e7elik yap\u0131 statik projesi<\/li>\n<li>\u00e7elik konstr\u00fcksiyon villa projeleri<\/li>\n<li>\u00e7elik konstr\u00fcksiyon hal\u0131 saha projesi<\/li>\n<li>\u00e7elik konstr\u00fcksiyon depo projeleri<\/li>\n<li>\u00e7elik konstr\u00fcksiyon hangar projelerini haz\u0131rlayabilmektedir.<\/li>\n<\/ul>\n<p>[\/vc_column_text][\/vc_column][\/vc_row][vc_row el_class=&#8221;big-quote-2&#8243;][vc_column][vc_column_text]\u0130stanbul Be\u015fikta\u015f il\u00e7esinde bulunan proje ofisimizden \u00e7elik yap\u0131n\u0131z\u0131n projelendirilmesi konusunda detayl\u0131 bilgi alabilir ya da teklif isteyebilirsiniz.[\/vc_column_text][vc_empty_space height=&#8221;20&#8243;][\/vc_column][\/vc_row][vc_row background_color=&#8221;#fdc502&#8243; el_class=&#8221;intro5&#8243; css=&#8221;.vc_custom_1460184082268{background-color: #f7b200 !important;}&#8221;][vc_column width=&#8221;3\/4&#8243; css=&#8221;.vc_custom_1460184097377{padding-top: 0px !important;padding-bottom: 0px !important;background-color: #fdc502 !important;}&#8221;][vc_custom_heading text=&#8221;Daha fazla bilgi almak i\u00e7in l\u00fctfen bizimle ileti\u015fime ge\u00e7in.&#8221; font_container=&#8221;tag:h2|font_size:20|text_align:left|color:%23ffffff&#8221;][\/vc_column][vc_column width=&#8221;1\/4&#8243;][vc_btn title=&#8221;Bilgi Al&#8221; style=&#8221;custom&#8221; custom_text=&#8221;#ffffff&#8221; link=&#8221;url:https%3A%2F%2Fwww.rangsteel.com%2Ftr%2Filetisim%2F|||&#8221;][\/vc_column][\/vc_row]<\/p>","protected":false},"excerpt":{"rendered":"<p>[vc_row css=&#8221;.vc_custom_1433128525365{margin-top: 0px !important;margin-bottom: 40px !important;}&#8221;][vc_column][vc_custom_heading text=&#8221;\u00c7elik Konstr\u00fcksiyon Proje&#8221; font_container=&#8221;tag:h1|font_size:20|text_align:left&#8221; use_theme_fonts=&#8221;yes&#8221; el_class=&#8221;heading-title-3&#8243;][vc_column_text]\u00c7elik Konstr\u00fcksiyon Projeleri \u00fcreten \u015firketimiz her tip yap\u0131 i\u015fleri i\u00e7in statik hesap, mimari ve statik proje, \u00e7izim ve dan\u0131\u015fmanl\u0131k hizmetleri vermektedir. A\u015fa\u011f\u0131da belirtilen alanlardaki in\u015faat yat\u0131r\u0131mlar\u0131n\u0131z i\u00e7in anahtar teslim \u00e7elik yap\u0131m hizmeti vermekteyiz. End\u00fcstriyel tesisler Lojistik tesisler Y\u00f6netim binalar\u0131 Ar-Ge ve Labaratuvar binalar\u0131 E\u011fitim [&hellip;]<\/p>\n","protected":false},"author":3,"featured_media":0,"parent":0,"menu_order":0,"comment_status":"closed","ping_status":"closed","template":"","meta":{"footnotes":""},"class_list":["post-338","page","type-page","status-publish","hentry"],"yoast_head":"<!-- This site is optimized with the Yoast SEO plugin v26.5 - https:\/\/yoast.com\/wordpress\/plugins\/seo\/ -->\n<title>\u00c7elik Konstr\u00fcksiyon Proje - Rang Steel<\/title>\n<meta name=\"robots\" content=\"index, follow, max-snippet:-1, max-image-preview:large, max-video-preview:-1\" \/>\n<link rel=\"canonical\" href=\"https:\/\/www.rangsteel.com\/tr\/celik-konstruksiyon-proje\/\" \/>\n<meta property=\"og:locale\" content=\"tr_TR\" \/>\n<meta property=\"og:type\" content=\"article\" \/>\n<meta property=\"og:title\" content=\"\u00c7elik Konstr\u00fcksiyon Proje - Rang Steel\" \/>\n<meta property=\"og:description\" content=\"[vc_row css=&#8221;.vc_custom_1433128525365{margin-top: 0px !important;margin-bottom: 40px !important;}&#8221;][vc_column][vc_custom_heading text=&#8221;\u00c7elik Konstr\u00fcksiyon Proje&#8221; font_container=&#8221;tag:h1|font_size:20|text_align:left&#8221; use_theme_fonts=&#8221;yes&#8221; el_class=&#8221;heading-title-3&#8243;][vc_column_text]\u00c7elik Konstr\u00fcksiyon Projeleri \u00fcreten \u015firketimiz her tip yap\u0131 i\u015fleri i\u00e7in statik hesap, mimari ve statik proje, \u00e7izim ve dan\u0131\u015fmanl\u0131k hizmetleri vermektedir. A\u015fa\u011f\u0131da belirtilen alanlardaki in\u015faat yat\u0131r\u0131mlar\u0131n\u0131z i\u00e7in anahtar teslim \u00e7elik yap\u0131m hizmeti vermekteyiz. End\u00fcstriyel tesisler Lojistik tesisler Y\u00f6netim binalar\u0131 Ar-Ge ve Labaratuvar binalar\u0131 E\u011fitim [&hellip;]\" \/>\n<meta property=\"og:url\" content=\"https:\/\/www.rangsteel.com\/tr\/celik-konstruksiyon-proje\/\" \/>\n<meta property=\"og:site_name\" content=\"Rang Steel\" \/>\n<meta property=\"article:modified_time\" content=\"2023-05-19T23:06:29+00:00\" \/>\n<meta name=\"twitter:card\" content=\"summary_large_image\" \/>\n<meta name=\"twitter:label1\" content=\"Tahmini okuma s\u00fcresi\" \/>\n\t<meta name=\"twitter:data1\" content=\"4 dakika\" \/>\n<script type=\"application\/ld+json\" class=\"yoast-schema-graph\">{\"@context\":\"https:\/\/schema.org\",\"@graph\":[{\"@type\":\"WebPage\",\"@id\":\"https:\/\/www.rangsteel.com\/tr\/celik-konstruksiyon-proje\/\",\"url\":\"https:\/\/www.rangsteel.com\/tr\/celik-konstruksiyon-proje\/\",\"name\":\"\u00c7elik Konstr\u00fcksiyon Proje - Rang Steel\",\"isPartOf\":{\"@id\":\"https:\/\/www.rangsteel.com\/tr\/#website\"},\"datePublished\":\"2019-04-24T23:45:13+00:00\",\"dateModified\":\"2023-05-19T23:06:29+00:00\",\"breadcrumb\":{\"@id\":\"https:\/\/www.rangsteel.com\/tr\/celik-konstruksiyon-proje\/#breadcrumb\"},\"inLanguage\":\"tr\",\"potentialAction\":[{\"@type\":\"ReadAction\",\"target\":[\"https:\/\/www.rangsteel.com\/tr\/celik-konstruksiyon-proje\/\"]}]},{\"@type\":\"BreadcrumbList\",\"@id\":\"https:\/\/www.rangsteel.com\/tr\/celik-konstruksiyon-proje\/#breadcrumb\",\"itemListElement\":[{\"@type\":\"ListItem\",\"position\":1,\"name\":\"Ana sayfa\",\"item\":\"https:\/\/www.rangsteel.com\/tr\/\"},{\"@type\":\"ListItem\",\"position\":2,\"name\":\"\u00c7elik Konstr\u00fcksiyon Proje\"}]},{\"@type\":\"WebSite\",\"@id\":\"https:\/\/www.rangsteel.com\/tr\/#website\",\"url\":\"https:\/\/www.rangsteel.com\/tr\/\",\"name\":\"Rang Steel\",\"description\":\"\u00c7elik Yap\u0131lar \u0130n\u015fa Eder\",\"publisher\":{\"@id\":\"https:\/\/www.rangsteel.com\/tr\/#organization\"},\"potentialAction\":[{\"@type\":\"SearchAction\",\"target\":{\"@type\":\"EntryPoint\",\"urlTemplate\":\"https:\/\/www.rangsteel.com\/tr\/?s={search_term_string}\"},\"query-input\":{\"@type\":\"PropertyValueSpecification\",\"valueRequired\":true,\"valueName\":\"search_term_string\"}}],\"inLanguage\":\"tr\"},{\"@type\":\"Organization\",\"@id\":\"https:\/\/www.rangsteel.com\/tr\/#organization\",\"name\":\"Rang Steel\",\"url\":\"https:\/\/www.rangsteel.com\/tr\/\",\"logo\":{\"@type\":\"ImageObject\",\"inLanguage\":\"tr\",\"@id\":\"https:\/\/www.rangsteel.com\/tr\/#\/schema\/logo\/image\/\",\"url\":\"\",\"contentUrl\":\"\",\"caption\":\"Rang Steel\"},\"image\":{\"@id\":\"https:\/\/www.rangsteel.com\/tr\/#\/schema\/logo\/image\/\"}}]}<\/script>\n<!-- \/ Yoast SEO plugin. -->","yoast_head_json":{"title":"\u00c7elik Konstr\u00fcksiyon Proje - Rang Steel","robots":{"index":"index","follow":"follow","max-snippet":"max-snippet:-1","max-image-preview":"max-image-preview:large","max-video-preview":"max-video-preview:-1"},"canonical":"https:\/\/www.rangsteel.com\/tr\/celik-konstruksiyon-proje\/","og_locale":"tr_TR","og_type":"article","og_title":"\u00c7elik Konstr\u00fcksiyon Proje - Rang Steel","og_description":"[vc_row css=&#8221;.vc_custom_1433128525365{margin-top: 0px !important;margin-bottom: 40px !important;}&#8221;][vc_column][vc_custom_heading text=&#8221;\u00c7elik Konstr\u00fcksiyon Proje&#8221; font_container=&#8221;tag:h1|font_size:20|text_align:left&#8221; use_theme_fonts=&#8221;yes&#8221; el_class=&#8221;heading-title-3&#8243;][vc_column_text]\u00c7elik Konstr\u00fcksiyon Projeleri \u00fcreten \u015firketimiz her tip yap\u0131 i\u015fleri i\u00e7in statik hesap, mimari ve statik proje, \u00e7izim ve dan\u0131\u015fmanl\u0131k hizmetleri vermektedir. A\u015fa\u011f\u0131da belirtilen alanlardaki in\u015faat yat\u0131r\u0131mlar\u0131n\u0131z i\u00e7in anahtar teslim \u00e7elik yap\u0131m hizmeti vermekteyiz. End\u00fcstriyel tesisler Lojistik tesisler Y\u00f6netim binalar\u0131 Ar-Ge ve Labaratuvar binalar\u0131 E\u011fitim [&hellip;]","og_url":"https:\/\/www.rangsteel.com\/tr\/celik-konstruksiyon-proje\/","og_site_name":"Rang Steel","article_modified_time":"2023-05-19T23:06:29+00:00","twitter_card":"summary_large_image","twitter_misc":{"Tahmini okuma s\u00fcresi":"4 dakika"},"schema":{"@context":"https:\/\/schema.org","@graph":[{"@type":"WebPage","@id":"https:\/\/www.rangsteel.com\/tr\/celik-konstruksiyon-proje\/","url":"https:\/\/www.rangsteel.com\/tr\/celik-konstruksiyon-proje\/","name":"\u00c7elik Konstr\u00fcksiyon Proje - Rang Steel","isPartOf":{"@id":"https:\/\/www.rangsteel.com\/tr\/#website"},"datePublished":"2019-04-24T23:45:13+00:00","dateModified":"2023-05-19T23:06:29+00:00","breadcrumb":{"@id":"https:\/\/www.rangsteel.com\/tr\/celik-konstruksiyon-proje\/#breadcrumb"},"inLanguage":"tr","potentialAction":[{"@type":"ReadAction","target":["https:\/\/www.rangsteel.com\/tr\/celik-konstruksiyon-proje\/"]}]},{"@type":"BreadcrumbList","@id":"https:\/\/www.rangsteel.com\/tr\/celik-konstruksiyon-proje\/#breadcrumb","itemListElement":[{"@type":"ListItem","position":1,"name":"Ana sayfa","item":"https:\/\/www.rangsteel.com\/tr\/"},{"@type":"ListItem","position":2,"name":"\u00c7elik Konstr\u00fcksiyon Proje"}]},{"@type":"WebSite","@id":"https:\/\/www.rangsteel.com\/tr\/#website","url":"https:\/\/www.rangsteel.com\/tr\/","name":"Rang Steel","description":"\u00c7elik Yap\u0131lar \u0130n\u015fa Eder","publisher":{"@id":"https:\/\/www.rangsteel.com\/tr\/#organization"},"potentialAction":[{"@type":"SearchAction","target":{"@type":"EntryPoint","urlTemplate":"https:\/\/www.rangsteel.com\/tr\/?s={search_term_string}"},"query-input":{"@type":"PropertyValueSpecification","valueRequired":true,"valueName":"search_term_string"}}],"inLanguage":"tr"},{"@type":"Organization","@id":"https:\/\/www.rangsteel.com\/tr\/#organization","name":"Rang Steel","url":"https:\/\/www.rangsteel.com\/tr\/","logo":{"@type":"ImageObject","inLanguage":"tr","@id":"https:\/\/www.rangsteel.com\/tr\/#\/schema\/logo\/image\/","url":"","contentUrl":"","caption":"Rang Steel"},"image":{"@id":"https:\/\/www.rangsteel.com\/tr\/#\/schema\/logo\/image\/"}}]}},"_links":{"self":[{"href":"https:\/\/www.rangsteel.com\/tr\/wp-json\/wp\/v2\/pages\/338","targetHints":{"allow":["GET"]}}],"collection":[{"href":"https:\/\/www.rangsteel.com\/tr\/wp-json\/wp\/v2\/pages"}],"about":[{"href":"https:\/\/www.rangsteel.com\/tr\/wp-json\/wp\/v2\/types\/page"}],"author":[{"embeddable":true,"href":"https:\/\/www.rangsteel.com\/tr\/wp-json\/wp\/v2\/users\/3"}],"replies":[{"embeddable":true,"href":"https:\/\/www.rangsteel.com\/tr\/wp-json\/wp\/v2\/comments?post=338"}],"version-history":[{"count":3,"href":"https:\/\/www.rangsteel.com\/tr\/wp-json\/wp\/v2\/pages\/338\/revisions"}],"predecessor-version":[{"id":75725,"href":"https:\/\/www.rangsteel.com\/tr\/wp-json\/wp\/v2\/pages\/338\/revisions\/75725"}],"wp:attachment":[{"href":"https:\/\/www.rangsteel.com\/tr\/wp-json\/wp\/v2\/media?parent=338"}],"curies":[{"name":"wp","href":"https:\/\/api.w.org\/{rel}","templated":true}]}}