{"id":342,"date":"2019-04-26T02:45:48","date_gmt":"2019-04-25T23:45:48","guid":{"rendered":"http:\/\/structure.thememove.com\/?page_id=342"},"modified":"2023-05-20T02:02:42","modified_gmt":"2023-05-19T23:02:42","slug":"celik-konstruksiyon-montaj","status":"publish","type":"page","link":"https:\/\/www.rangsteel.com\/tr\/celik-konstruksiyon-montaj\/","title":{"rendered":"\u00c7elik Konstr\u00fcksiyon Montaj"},"content":{"rendered":"<p>[vc_row css=&#8221;.vc_custom_1433128547929{margin-bottom: 50px !important;}&#8221;][vc_column width=&#8221;1\/2&#8243;][vc_custom_heading text=&#8221;\u00c7elik Konstr\u00fcksiyon Montaj&#8221; font_container=&#8221;tag:h1|font_size:20|text_align:left&#8221; use_theme_fonts=&#8221;yes&#8221; el_class=&#8221;heading-title-3&#8243;][vc_column_text]Rang Steel, \u00e7elik konstr\u00fcksiyon projelendirmesi, tasar\u0131m, imalat ve montaj s\u00fcre\u00e7lerinin t\u00fcm\u00fcnde ana y\u00fcklenici olarak anahtar teslim yap\u0131m i\u015fleri hizmeti vermektedir. Yap\u0131 projelerinde fizibilite a\u015famas\u0131ndan tesisin i\u015fletmeye a\u00e7\u0131lmas\u0131na kadar olan t\u00fcm s\u00fcre\u00e7te hizmet vererek, yat\u0131r\u0131m ve i\u015fletme maliyeti i\u00e7in optimum \u00e7\u00f6z\u00fcmler \u00fcretir.<\/p>\n<p>Fabrika binalar\u0131, hangarlar, spor tesisleri, end\u00fcstriyel tesisler, depo ve at\u00f6lye gibi alanlarda tercih edilen \u00e7elik konstr\u00fcksiyon sistemler dayan\u0131kl\u0131 ve zengin mekanik \u00f6zelliklere sahiptir. Bu sistemde t\u00fcm ta\u015f\u0131y\u0131c\u0131lar \u00e7elikten imal edilmektedir.<\/p>\n<p>\u00c7elik konstr\u00fcksiyon imalat\u0131nda oldu\u011fu kadar montaj konusunda da deneyimli ve profesyonel olan firmam\u0131z yurt i\u00e7i ve yurt d\u0131\u015f\u0131 bir \u00e7ok projeyi ba\u015far\u0131 ile tamamlanm\u0131\u015ft\u0131r.<\/p>\n<p>Fabrikam\u0131zda imalat\u0131 bitmi\u015f olan \u00e7elik malzemeler \u015fantiye haz\u0131rl\u0131klar\u0131n\u0131n yap\u0131lmas\u0131 ard\u0131ndan \u015fantiyeye transferi ger\u00e7ekle\u015ftirilir. \u015eantiye montaj sahas\u0131nda gerekli g\u00fcvenlik tedbirleri al\u0131narak montaja ge\u00e7ilir. \u00c7elik konstr\u00fcksiyon yap\u0131n\u0131n montaj\u0131 ve takibi \u015fantiyede yap\u0131ld\u0131\u011f\u0131ndan dolay\u0131 y\u00fcksek markajdaki hatalar\u0131n \u00f6n\u00fcne ge\u00e7ilmesi sa\u011flan\u0131r.[\/vc_column_text][\/vc_column][vc_column width=&#8221;1\/2&#8243;][vc_images_carousel images=&#8221;75262,75356,75260&#8243; img_size=&#8221;415&#215;277&#8243; onclick=&#8221;link_no&#8221; autoplay=&#8221;yes&#8221; hide_prev_next_buttons=&#8221;yes&#8221; el_class=&#8221;images-carousel-2&#8243;][\/vc_column][\/vc_row][vc_row el_class=&#8221;big-quote-2&#8243;][vc_column][vc_column_text]\u0130stanbul Be\u015fikta\u015f il\u00e7esinde bulunan proje ofisimizden \u00e7elik yap\u0131n\u0131z\u0131n projelendirilmesi konusunda detayl\u0131 bilgi alabilir ya da teklif isteyebilirsiniz.[\/vc_column_text][\/vc_column][\/vc_row][vc_row background_color=&#8221;#fdc502&#8243; el_class=&#8221;intro5&#8243; css=&#8221;.vc_custom_1460184147214{background-color: #f7b200 !important;}&#8221;][vc_column width=&#8221;3\/4&#8243; css=&#8221;.vc_custom_1460184159016{padding-top: 0px !important;padding-bottom: 0px !important;background-color: #fdc502 !important;}&#8221;][vc_custom_heading text=&#8221;Daha fazla bilgi almak i\u00e7in l\u00fctfen bizimle ileti\u015fime ge\u00e7in.&#8221; font_container=&#8221;tag:h2|font_size:20|text_align:left|color:%23ffffff&#8221; use_theme_fonts=&#8221;yes&#8221;][\/vc_column][vc_column width=&#8221;1\/4&#8243;][vc_btn title=&#8221;Bilgi Al&#8221; style=&#8221;custom&#8221; custom_text=&#8221;#ffffff&#8221; link=&#8221;url:https%3A%2F%2Fwww.rangsteel.com%2Ftr%2Filetisim%2F|||&#8221;][\/vc_column][\/vc_row]<\/p>","protected":false},"excerpt":{"rendered":"<p>[vc_row css=&#8221;.vc_custom_1433128547929{margin-bottom: 50px !important;}&#8221;][vc_column width=&#8221;1\/2&#8243;][vc_custom_heading text=&#8221;\u00c7elik Konstr\u00fcksiyon Montaj&#8221; font_container=&#8221;tag:h1|font_size:20|text_align:left&#8221; use_theme_fonts=&#8221;yes&#8221; el_class=&#8221;heading-title-3&#8243;][vc_column_text]Rang Steel, \u00e7elik konstr\u00fcksiyon projelendirmesi, tasar\u0131m, imalat ve montaj s\u00fcre\u00e7lerinin t\u00fcm\u00fcnde ana y\u00fcklenici olarak anahtar teslim yap\u0131m i\u015fleri hizmeti vermektedir. Yap\u0131 projelerinde fizibilite a\u015famas\u0131ndan tesisin i\u015fletmeye a\u00e7\u0131lmas\u0131na kadar olan t\u00fcm s\u00fcre\u00e7te hizmet vererek, yat\u0131r\u0131m ve i\u015fletme maliyeti i\u00e7in optimum \u00e7\u00f6z\u00fcmler \u00fcretir. Fabrika binalar\u0131, hangarlar, spor [&hellip;]<\/p>\n","protected":false},"author":3,"featured_media":0,"parent":0,"menu_order":0,"comment_status":"closed","ping_status":"closed","template":"","meta":{"footnotes":""},"class_list":["post-342","page","type-page","status-publish","hentry"],"yoast_head":"<!-- This site is optimized with the Yoast SEO plugin v26.5 - https:\/\/yoast.com\/wordpress\/plugins\/seo\/ -->\n<title>\u00c7elik Konstr\u00fcksiyon Montaj - Rang Steel<\/title>\n<meta name=\"robots\" content=\"index, follow, max-snippet:-1, max-image-preview:large, max-video-preview:-1\" \/>\n<link rel=\"canonical\" href=\"https:\/\/www.rangsteel.com\/tr\/celik-konstruksiyon-montaj\/\" \/>\n<meta property=\"og:locale\" content=\"tr_TR\" \/>\n<meta property=\"og:type\" content=\"article\" \/>\n<meta property=\"og:title\" content=\"\u00c7elik Konstr\u00fcksiyon Montaj - Rang Steel\" \/>\n<meta property=\"og:description\" content=\"[vc_row css=&#8221;.vc_custom_1433128547929{margin-bottom: 50px !important;}&#8221;][vc_column width=&#8221;1\/2&#8243;][vc_custom_heading text=&#8221;\u00c7elik Konstr\u00fcksiyon Montaj&#8221; font_container=&#8221;tag:h1|font_size:20|text_align:left&#8221; use_theme_fonts=&#8221;yes&#8221; el_class=&#8221;heading-title-3&#8243;][vc_column_text]Rang Steel, \u00e7elik konstr\u00fcksiyon projelendirmesi, tasar\u0131m, imalat ve montaj s\u00fcre\u00e7lerinin t\u00fcm\u00fcnde ana y\u00fcklenici olarak anahtar teslim yap\u0131m i\u015fleri hizmeti vermektedir. Yap\u0131 projelerinde fizibilite a\u015famas\u0131ndan tesisin i\u015fletmeye a\u00e7\u0131lmas\u0131na kadar olan t\u00fcm s\u00fcre\u00e7te hizmet vererek, yat\u0131r\u0131m ve i\u015fletme maliyeti i\u00e7in optimum \u00e7\u00f6z\u00fcmler \u00fcretir. Fabrika binalar\u0131, hangarlar, spor [&hellip;]\" \/>\n<meta property=\"og:url\" content=\"https:\/\/www.rangsteel.com\/tr\/celik-konstruksiyon-montaj\/\" \/>\n<meta property=\"og:site_name\" content=\"Rang Steel\" \/>\n<meta property=\"article:modified_time\" content=\"2023-05-19T23:02:42+00:00\" \/>\n<meta name=\"twitter:card\" content=\"summary_large_image\" \/>\n<meta name=\"twitter:label1\" content=\"Tahmini okuma s\u00fcresi\" \/>\n\t<meta name=\"twitter:data1\" content=\"2 dakika\" \/>\n<script type=\"application\/ld+json\" class=\"yoast-schema-graph\">{\"@context\":\"https:\/\/schema.org\",\"@graph\":[{\"@type\":\"WebPage\",\"@id\":\"https:\/\/www.rangsteel.com\/tr\/celik-konstruksiyon-montaj\/\",\"url\":\"https:\/\/www.rangsteel.com\/tr\/celik-konstruksiyon-montaj\/\",\"name\":\"\u00c7elik Konstr\u00fcksiyon Montaj - Rang Steel\",\"isPartOf\":{\"@id\":\"https:\/\/www.rangsteel.com\/tr\/#website\"},\"datePublished\":\"2019-04-25T23:45:48+00:00\",\"dateModified\":\"2023-05-19T23:02:42+00:00\",\"breadcrumb\":{\"@id\":\"https:\/\/www.rangsteel.com\/tr\/celik-konstruksiyon-montaj\/#breadcrumb\"},\"inLanguage\":\"tr\",\"potentialAction\":[{\"@type\":\"ReadAction\",\"target\":[\"https:\/\/www.rangsteel.com\/tr\/celik-konstruksiyon-montaj\/\"]}]},{\"@type\":\"BreadcrumbList\",\"@id\":\"https:\/\/www.rangsteel.com\/tr\/celik-konstruksiyon-montaj\/#breadcrumb\",\"itemListElement\":[{\"@type\":\"ListItem\",\"position\":1,\"name\":\"Ana sayfa\",\"item\":\"https:\/\/www.rangsteel.com\/tr\/\"},{\"@type\":\"ListItem\",\"position\":2,\"name\":\"\u00c7elik Konstr\u00fcksiyon Montaj\"}]},{\"@type\":\"WebSite\",\"@id\":\"https:\/\/www.rangsteel.com\/tr\/#website\",\"url\":\"https:\/\/www.rangsteel.com\/tr\/\",\"name\":\"Rang Steel\",\"description\":\"\u00c7elik Yap\u0131lar \u0130n\u015fa Eder\",\"publisher\":{\"@id\":\"https:\/\/www.rangsteel.com\/tr\/#organization\"},\"potentialAction\":[{\"@type\":\"SearchAction\",\"target\":{\"@type\":\"EntryPoint\",\"urlTemplate\":\"https:\/\/www.rangsteel.com\/tr\/?s={search_term_string}\"},\"query-input\":{\"@type\":\"PropertyValueSpecification\",\"valueRequired\":true,\"valueName\":\"search_term_string\"}}],\"inLanguage\":\"tr\"},{\"@type\":\"Organization\",\"@id\":\"https:\/\/www.rangsteel.com\/tr\/#organization\",\"name\":\"Rang Steel\",\"url\":\"https:\/\/www.rangsteel.com\/tr\/\",\"logo\":{\"@type\":\"ImageObject\",\"inLanguage\":\"tr\",\"@id\":\"https:\/\/www.rangsteel.com\/tr\/#\/schema\/logo\/image\/\",\"url\":\"\",\"contentUrl\":\"\",\"caption\":\"Rang Steel\"},\"image\":{\"@id\":\"https:\/\/www.rangsteel.com\/tr\/#\/schema\/logo\/image\/\"}}]}<\/script>\n<!-- \/ Yoast SEO plugin. -->","yoast_head_json":{"title":"\u00c7elik Konstr\u00fcksiyon Montaj - Rang Steel","robots":{"index":"index","follow":"follow","max-snippet":"max-snippet:-1","max-image-preview":"max-image-preview:large","max-video-preview":"max-video-preview:-1"},"canonical":"https:\/\/www.rangsteel.com\/tr\/celik-konstruksiyon-montaj\/","og_locale":"tr_TR","og_type":"article","og_title":"\u00c7elik Konstr\u00fcksiyon Montaj - Rang Steel","og_description":"[vc_row css=&#8221;.vc_custom_1433128547929{margin-bottom: 50px !important;}&#8221;][vc_column width=&#8221;1\/2&#8243;][vc_custom_heading text=&#8221;\u00c7elik Konstr\u00fcksiyon Montaj&#8221; font_container=&#8221;tag:h1|font_size:20|text_align:left&#8221; use_theme_fonts=&#8221;yes&#8221; el_class=&#8221;heading-title-3&#8243;][vc_column_text]Rang Steel, \u00e7elik konstr\u00fcksiyon projelendirmesi, tasar\u0131m, imalat ve montaj s\u00fcre\u00e7lerinin t\u00fcm\u00fcnde ana y\u00fcklenici olarak anahtar teslim yap\u0131m i\u015fleri hizmeti vermektedir. Yap\u0131 projelerinde fizibilite a\u015famas\u0131ndan tesisin i\u015fletmeye a\u00e7\u0131lmas\u0131na kadar olan t\u00fcm s\u00fcre\u00e7te hizmet vererek, yat\u0131r\u0131m ve i\u015fletme maliyeti i\u00e7in optimum \u00e7\u00f6z\u00fcmler \u00fcretir. Fabrika binalar\u0131, hangarlar, spor [&hellip;]","og_url":"https:\/\/www.rangsteel.com\/tr\/celik-konstruksiyon-montaj\/","og_site_name":"Rang Steel","article_modified_time":"2023-05-19T23:02:42+00:00","twitter_card":"summary_large_image","twitter_misc":{"Tahmini okuma s\u00fcresi":"2 dakika"},"schema":{"@context":"https:\/\/schema.org","@graph":[{"@type":"WebPage","@id":"https:\/\/www.rangsteel.com\/tr\/celik-konstruksiyon-montaj\/","url":"https:\/\/www.rangsteel.com\/tr\/celik-konstruksiyon-montaj\/","name":"\u00c7elik Konstr\u00fcksiyon Montaj - Rang Steel","isPartOf":{"@id":"https:\/\/www.rangsteel.com\/tr\/#website"},"datePublished":"2019-04-25T23:45:48+00:00","dateModified":"2023-05-19T23:02:42+00:00","breadcrumb":{"@id":"https:\/\/www.rangsteel.com\/tr\/celik-konstruksiyon-montaj\/#breadcrumb"},"inLanguage":"tr","potentialAction":[{"@type":"ReadAction","target":["https:\/\/www.rangsteel.com\/tr\/celik-konstruksiyon-montaj\/"]}]},{"@type":"BreadcrumbList","@id":"https:\/\/www.rangsteel.com\/tr\/celik-konstruksiyon-montaj\/#breadcrumb","itemListElement":[{"@type":"ListItem","position":1,"name":"Ana sayfa","item":"https:\/\/www.rangsteel.com\/tr\/"},{"@type":"ListItem","position":2,"name":"\u00c7elik Konstr\u00fcksiyon Montaj"}]},{"@type":"WebSite","@id":"https:\/\/www.rangsteel.com\/tr\/#website","url":"https:\/\/www.rangsteel.com\/tr\/","name":"Rang Steel","description":"\u00c7elik Yap\u0131lar \u0130n\u015fa Eder","publisher":{"@id":"https:\/\/www.rangsteel.com\/tr\/#organization"},"potentialAction":[{"@type":"SearchAction","target":{"@type":"EntryPoint","urlTemplate":"https:\/\/www.rangsteel.com\/tr\/?s={search_term_string}"},"query-input":{"@type":"PropertyValueSpecification","valueRequired":true,"valueName":"search_term_string"}}],"inLanguage":"tr"},{"@type":"Organization","@id":"https:\/\/www.rangsteel.com\/tr\/#organization","name":"Rang Steel","url":"https:\/\/www.rangsteel.com\/tr\/","logo":{"@type":"ImageObject","inLanguage":"tr","@id":"https:\/\/www.rangsteel.com\/tr\/#\/schema\/logo\/image\/","url":"","contentUrl":"","caption":"Rang Steel"},"image":{"@id":"https:\/\/www.rangsteel.com\/tr\/#\/schema\/logo\/image\/"}}]}},"_links":{"self":[{"href":"https:\/\/www.rangsteel.com\/tr\/wp-json\/wp\/v2\/pages\/342","targetHints":{"allow":["GET"]}}],"collection":[{"href":"https:\/\/www.rangsteel.com\/tr\/wp-json\/wp\/v2\/pages"}],"about":[{"href":"https:\/\/www.rangsteel.com\/tr\/wp-json\/wp\/v2\/types\/page"}],"author":[{"embeddable":true,"href":"https:\/\/www.rangsteel.com\/tr\/wp-json\/wp\/v2\/users\/3"}],"replies":[{"embeddable":true,"href":"https:\/\/www.rangsteel.com\/tr\/wp-json\/wp\/v2\/comments?post=342"}],"version-history":[{"count":3,"href":"https:\/\/www.rangsteel.com\/tr\/wp-json\/wp\/v2\/pages\/342\/revisions"}],"predecessor-version":[{"id":75724,"href":"https:\/\/www.rangsteel.com\/tr\/wp-json\/wp\/v2\/pages\/342\/revisions\/75724"}],"wp:attachment":[{"href":"https:\/\/www.rangsteel.com\/tr\/wp-json\/wp\/v2\/media?parent=342"}],"curies":[{"name":"wp","href":"https:\/\/api.w.org\/{rel}","templated":true}]}}