{"id":61,"date":"2019-04-25T04:38:49","date_gmt":"2019-04-25T01:38:49","guid":{"rendered":"http:\/\/structure.thememove.com\/?page_id=61"},"modified":"2023-06-12T12:03:35","modified_gmt":"2023-06-12T09:03:35","slug":"kurumsal","status":"publish","type":"page","link":"https:\/\/www.rangsteel.com\/tr\/kurumsal\/","title":{"rendered":"Kurumsal"},"content":{"rendered":"<p>[vc_row css=&#8221;.vc_custom_1433564201242{margin-top: 20px !important;margin-bottom: 70px !important;}&#8221;][vc_column][vc_row_inner css=&#8221;.vc_custom_1433561568541{margin-bottom: 50px !important;}&#8221;][vc_column_inner][vc_single_image image=&#8221;75216&#8243; img_size=&#8221;full&#8221;][\/vc_column_inner][\/vc_row_inner][vc_custom_heading text=&#8221;RANG STEEL \u015e\u0130RKET\u0130 HAKKINDA&#8221; font_container=&#8221;tag:h2|font_size:20|text_align:left|color:%23111111&#8243; use_theme_fonts=&#8221;yes&#8221; el_class=&#8221;heading-title-3&#8243;][vc_column_text]<strong>RANG STEEL<\/strong> \u00e7elik konstr\u00fcksiyon sekt\u00f6r\u00fcnde \u00e7elik yap\u0131 proje, imalat ve montaj i\u015fleri yapmaktad\u0131r. Bu alanda \u00e7al\u0131\u015fmalar\u0131m\u0131za 2005 y\u0131l\u0131nda ba\u015flad\u0131k. \u0130lerleyen y\u0131llarda; makina parkurumuzu, teknik personelimizi ve i\u015f g\u00fcc\u00fcm\u00fcz\u00fc artt\u0131rd\u0131k. Yeni fabrikam\u0131z\u0131 da 2015 y\u0131l\u0131nda kurduk.<\/p>\n<p>\u00c7elik sekt\u00f6r\u00fcnde orta boyutta, butik ve zor projeler yapan bir firmay\u0131z. M\u00fc\u015fterilerimizin projelerini statik analizlerden ge\u00e7irdikten sonra imalat ve montaja ba\u015flamaktay\u0131z. Bizim i\u00e7in m\u00fchendislik \u00f6n planda gelmektedir. &#8220;\u0130\u015f proje masas\u0131nda biter&#8221; ilkemiz ile hareket etmekteyiz. \u00c7al\u0131\u015fma Y\u0131l\u0131 i\u00e7erisinde 150 ton\/ay kaliteli ve vas\u0131fl\u0131 yap\u0131sal \u00e7elik i\u015flemekteyiz.<\/p>\n<p>Rang Steel Company Be\u015fikta\u015f merkez ofisi ve \u00c7atalca 1000 m2 fabrikas\u0131nda faaliyetlerini s\u00fcrd\u00fcrmektedir.\u00a0Fabrika ve \u015fantiyelerde deneyimli m\u00fchendis ve mimarlar idaresinde performansl\u0131 bir \u015fekilde \u00e7al\u0131\u015f\u0131lmaktad\u0131r.[\/vc_column_text][vc_custom_heading text=&#8221;V\u0130ZYONUMUZ&#8221; font_container=&#8221;tag:h2|font_size:20|text_align:left|color:%23111111&#8243; use_theme_fonts=&#8221;yes&#8221; el_class=&#8221;heading-title-3&#8243; css=&#8221;.vc_custom_1506091753738{margin-top: 30px !important;}&#8221;][vc_row_inner el_class=&#8221;align-center .certifications-block&#8221;][vc_column_inner width=&#8221;1\/3&#8243;][vc_column_text]<img loading=\"lazy\" decoding=\"async\" class=\"alignnone size-full wp-image-75245\" src=\"https:\/\/www.rangsteel.com\/wp-content\/uploads\/2017\/09\/about03.jpg\" alt=\"kalite\" width=\"270\" height=\"180\" \/><\/p>\n<h4>KAL\u0130TE<\/h4>\n<p>Kaliteli bir \u00fcr\u00fcn, zaman\u0131nda teslimat ve \u00fcst\u00fcn m\u00fc\u015fteri hizmeti sunmak[\/vc_column_text][\/vc_column_inner][vc_column_inner width=&#8221;1\/3&#8243;][vc_column_text]<img loading=\"lazy\" decoding=\"async\" class=\"alignnone size-full wp-image-75246\" src=\"https:\/\/www.rangsteel.com\/wp-content\/uploads\/2017\/09\/about04.jpg\" alt=\"teknoloji\" width=\"270\" height=\"180\" \/><\/p>\n<h4>TEKNOLOJ\u0130<\/h4>\n<p>Geli\u015fen d\u00fcnyan\u0131n teknolojik , ekonomik, \u00e7evre dostu yap\u0131 talebine cevap verebilmek[\/vc_column_text][\/vc_column_inner][vc_column_inner width=&#8221;1\/3&#8243;][vc_column_text]<img loading=\"lazy\" decoding=\"async\" class=\"alignnone size-full wp-image-75244\" src=\"https:\/\/www.rangsteel.com\/wp-content\/uploads\/2017\/09\/about05.jpg\" alt=\"memnuniyet\" width=\"270\" height=\"180\" \/><\/p>\n<h4>MEMNUN\u0130YET<\/h4>\n<p>\u00c7al\u0131\u015fanlar\u0131m\u0131z\u0131n ve \u015firket m\u00fc\u015fterilerinin memnuniyetini sa\u011flamakt\u0131r.[\/vc_column_text][\/vc_column_inner][\/vc_row_inner][\/vc_column][\/vc_row][vc_row el_class=&#8221;intro4 align-center min-box&#8221; full_width=&#8221;stretch_row_content&#8221; css=&#8221;.vc_custom_1433564144185{margin-bottom: 0px !important;background-color: #fdc502 !important;}&#8221;][vc_column width=&#8221;2\/3&#8243;][vc_custom_heading text=&#8221;Daha fazla bilgi almak i\u00e7in l\u00fctfen bizimle ileti\u015fime ge\u00e7in.&#8221; font_container=&#8221;tag:h3|font_size:22|text_align:center|color:%23ffffff&#8221; use_theme_fonts=&#8221;yes&#8221;][\/vc_column][vc_column width=&#8221;1\/3&#8243;][vc_btn title=&#8221;TEKL\u0130F AL&#8221; style=&#8221;outline&#8221; shape=&#8221;square&#8221; color=&#8221;white&#8221; link=&#8221;url:https%3A%2F%2Fwww.rangsteel.com%2Ftr%2Filetisim%2F|title:teklif%20al||&#8221;][\/vc_column][\/vc_row]<\/p>","protected":false},"excerpt":{"rendered":"<p>[vc_row css=&#8221;.vc_custom_1433564201242{margin-top: 20px !important;margin-bottom: 70px !important;}&#8221;][vc_column][vc_row_inner css=&#8221;.vc_custom_1433561568541{margin-bottom: 50px !important;}&#8221;][vc_column_inner][vc_single_image image=&#8221;75216&#8243; img_size=&#8221;full&#8221;][\/vc_column_inner][\/vc_row_inner][vc_custom_heading text=&#8221;RANG STEEL \u015e\u0130RKET\u0130 HAKKINDA&#8221; font_container=&#8221;tag:h2|font_size:20|text_align:left|color:%23111111&#8243; use_theme_fonts=&#8221;yes&#8221; el_class=&#8221;heading-title-3&#8243;][vc_column_text]RANG STEEL \u00e7elik konstr\u00fcksiyon sekt\u00f6r\u00fcnde \u00e7elik yap\u0131 proje, imalat ve montaj i\u015fleri yapmaktad\u0131r. Bu alanda \u00e7al\u0131\u015fmalar\u0131m\u0131za 2005 y\u0131l\u0131nda ba\u015flad\u0131k. \u0130lerleyen y\u0131llarda; makina parkurumuzu, teknik personelimizi ve i\u015f g\u00fcc\u00fcm\u00fcz\u00fc artt\u0131rd\u0131k. Yeni fabrikam\u0131z\u0131 da 2015 y\u0131l\u0131nda kurduk. \u00c7elik sekt\u00f6r\u00fcnde orta [&hellip;]<\/p>\n","protected":false},"author":3,"featured_media":0,"parent":0,"menu_order":2,"comment_status":"closed","ping_status":"closed","template":"","meta":{"footnotes":""},"class_list":["post-61","page","type-page","status-publish","hentry"],"yoast_head":"<!-- This site is optimized with the Yoast SEO plugin v26.5 - https:\/\/yoast.com\/wordpress\/plugins\/seo\/ -->\n<title>Kurumsal - Rang Steel<\/title>\n<meta name=\"robots\" content=\"index, follow, max-snippet:-1, max-image-preview:large, max-video-preview:-1\" \/>\n<link rel=\"canonical\" href=\"https:\/\/www.rangsteel.com\/tr\/kurumsal\/\" \/>\n<meta property=\"og:locale\" content=\"tr_TR\" \/>\n<meta property=\"og:type\" content=\"article\" \/>\n<meta property=\"og:title\" content=\"Kurumsal - Rang Steel\" \/>\n<meta property=\"og:description\" content=\"[vc_row css=&#8221;.vc_custom_1433564201242{margin-top: 20px !important;margin-bottom: 70px !important;}&#8221;][vc_column][vc_row_inner css=&#8221;.vc_custom_1433561568541{margin-bottom: 50px !important;}&#8221;][vc_column_inner][vc_single_image image=&#8221;75216&#8243; img_size=&#8221;full&#8221;][\/vc_column_inner][\/vc_row_inner][vc_custom_heading text=&#8221;RANG STEEL \u015e\u0130RKET\u0130 HAKKINDA&#8221; font_container=&#8221;tag:h2|font_size:20|text_align:left|color:%23111111&#8243; use_theme_fonts=&#8221;yes&#8221; el_class=&#8221;heading-title-3&#8243;][vc_column_text]RANG STEEL \u00e7elik konstr\u00fcksiyon sekt\u00f6r\u00fcnde \u00e7elik yap\u0131 proje, imalat ve montaj i\u015fleri yapmaktad\u0131r. Bu alanda \u00e7al\u0131\u015fmalar\u0131m\u0131za 2005 y\u0131l\u0131nda ba\u015flad\u0131k. \u0130lerleyen y\u0131llarda; makina parkurumuzu, teknik personelimizi ve i\u015f g\u00fcc\u00fcm\u00fcz\u00fc artt\u0131rd\u0131k. Yeni fabrikam\u0131z\u0131 da 2015 y\u0131l\u0131nda kurduk. \u00c7elik sekt\u00f6r\u00fcnde orta [&hellip;]\" \/>\n<meta property=\"og:url\" content=\"https:\/\/www.rangsteel.com\/tr\/kurumsal\/\" \/>\n<meta property=\"og:site_name\" content=\"Rang Steel\" \/>\n<meta property=\"article:modified_time\" content=\"2023-06-12T09:03:35+00:00\" \/>\n<meta property=\"og:image\" content=\"https:\/\/www.rangsteel.com\/wp-content\/uploads\/2017\/09\/about03.jpg\" \/>\n<meta name=\"twitter:card\" content=\"summary_large_image\" \/>\n<meta name=\"twitter:label1\" content=\"Tahmini okuma s\u00fcresi\" \/>\n\t<meta name=\"twitter:data1\" content=\"2 dakika\" \/>\n<script type=\"application\/ld+json\" class=\"yoast-schema-graph\">{\"@context\":\"https:\/\/schema.org\",\"@graph\":[{\"@type\":\"WebPage\",\"@id\":\"https:\/\/www.rangsteel.com\/tr\/kurumsal\/\",\"url\":\"https:\/\/www.rangsteel.com\/tr\/kurumsal\/\",\"name\":\"Kurumsal - Rang Steel\",\"isPartOf\":{\"@id\":\"https:\/\/www.rangsteel.com\/tr\/#website\"},\"primaryImageOfPage\":{\"@id\":\"https:\/\/www.rangsteel.com\/tr\/kurumsal\/#primaryimage\"},\"image\":{\"@id\":\"https:\/\/www.rangsteel.com\/tr\/kurumsal\/#primaryimage\"},\"thumbnailUrl\":\"https:\/\/www.rangsteel.com\/wp-content\/uploads\/2017\/09\/about03.jpg\",\"datePublished\":\"2019-04-25T01:38:49+00:00\",\"dateModified\":\"2023-06-12T09:03:35+00:00\",\"breadcrumb\":{\"@id\":\"https:\/\/www.rangsteel.com\/tr\/kurumsal\/#breadcrumb\"},\"inLanguage\":\"tr\",\"potentialAction\":[{\"@type\":\"ReadAction\",\"target\":[\"https:\/\/www.rangsteel.com\/tr\/kurumsal\/\"]}]},{\"@type\":\"ImageObject\",\"inLanguage\":\"tr\",\"@id\":\"https:\/\/www.rangsteel.com\/tr\/kurumsal\/#primaryimage\",\"url\":\"https:\/\/www.rangsteel.com\/wp-content\/uploads\/2017\/09\/about03.jpg\",\"contentUrl\":\"https:\/\/www.rangsteel.com\/wp-content\/uploads\/2017\/09\/about03.jpg\"},{\"@type\":\"BreadcrumbList\",\"@id\":\"https:\/\/www.rangsteel.com\/tr\/kurumsal\/#breadcrumb\",\"itemListElement\":[{\"@type\":\"ListItem\",\"position\":1,\"name\":\"Ana sayfa\",\"item\":\"https:\/\/www.rangsteel.com\/tr\/\"},{\"@type\":\"ListItem\",\"position\":2,\"name\":\"Kurumsal\"}]},{\"@type\":\"WebSite\",\"@id\":\"https:\/\/www.rangsteel.com\/tr\/#website\",\"url\":\"https:\/\/www.rangsteel.com\/tr\/\",\"name\":\"Rang Steel\",\"description\":\"\u00c7elik Yap\u0131lar \u0130n\u015fa Eder\",\"publisher\":{\"@id\":\"https:\/\/www.rangsteel.com\/tr\/#organization\"},\"potentialAction\":[{\"@type\":\"SearchAction\",\"target\":{\"@type\":\"EntryPoint\",\"urlTemplate\":\"https:\/\/www.rangsteel.com\/tr\/?s={search_term_string}\"},\"query-input\":{\"@type\":\"PropertyValueSpecification\",\"valueRequired\":true,\"valueName\":\"search_term_string\"}}],\"inLanguage\":\"tr\"},{\"@type\":\"Organization\",\"@id\":\"https:\/\/www.rangsteel.com\/tr\/#organization\",\"name\":\"Rang Steel\",\"url\":\"https:\/\/www.rangsteel.com\/tr\/\",\"logo\":{\"@type\":\"ImageObject\",\"inLanguage\":\"tr\",\"@id\":\"https:\/\/www.rangsteel.com\/tr\/#\/schema\/logo\/image\/\",\"url\":\"\",\"contentUrl\":\"\",\"caption\":\"Rang Steel\"},\"image\":{\"@id\":\"https:\/\/www.rangsteel.com\/tr\/#\/schema\/logo\/image\/\"}}]}<\/script>\n<!-- \/ Yoast SEO plugin. -->","yoast_head_json":{"title":"Kurumsal - Rang Steel","robots":{"index":"index","follow":"follow","max-snippet":"max-snippet:-1","max-image-preview":"max-image-preview:large","max-video-preview":"max-video-preview:-1"},"canonical":"https:\/\/www.rangsteel.com\/tr\/kurumsal\/","og_locale":"tr_TR","og_type":"article","og_title":"Kurumsal - Rang Steel","og_description":"[vc_row css=&#8221;.vc_custom_1433564201242{margin-top: 20px !important;margin-bottom: 70px !important;}&#8221;][vc_column][vc_row_inner css=&#8221;.vc_custom_1433561568541{margin-bottom: 50px !important;}&#8221;][vc_column_inner][vc_single_image image=&#8221;75216&#8243; img_size=&#8221;full&#8221;][\/vc_column_inner][\/vc_row_inner][vc_custom_heading text=&#8221;RANG STEEL \u015e\u0130RKET\u0130 HAKKINDA&#8221; font_container=&#8221;tag:h2|font_size:20|text_align:left|color:%23111111&#8243; use_theme_fonts=&#8221;yes&#8221; el_class=&#8221;heading-title-3&#8243;][vc_column_text]RANG STEEL \u00e7elik konstr\u00fcksiyon sekt\u00f6r\u00fcnde \u00e7elik yap\u0131 proje, imalat ve montaj i\u015fleri yapmaktad\u0131r. Bu alanda \u00e7al\u0131\u015fmalar\u0131m\u0131za 2005 y\u0131l\u0131nda ba\u015flad\u0131k. \u0130lerleyen y\u0131llarda; makina parkurumuzu, teknik personelimizi ve i\u015f g\u00fcc\u00fcm\u00fcz\u00fc artt\u0131rd\u0131k. Yeni fabrikam\u0131z\u0131 da 2015 y\u0131l\u0131nda kurduk. \u00c7elik sekt\u00f6r\u00fcnde orta [&hellip;]","og_url":"https:\/\/www.rangsteel.com\/tr\/kurumsal\/","og_site_name":"Rang Steel","article_modified_time":"2023-06-12T09:03:35+00:00","og_image":[{"url":"https:\/\/www.rangsteel.com\/wp-content\/uploads\/2017\/09\/about03.jpg","type":"","width":"","height":""}],"twitter_card":"summary_large_image","twitter_misc":{"Tahmini okuma s\u00fcresi":"2 dakika"},"schema":{"@context":"https:\/\/schema.org","@graph":[{"@type":"WebPage","@id":"https:\/\/www.rangsteel.com\/tr\/kurumsal\/","url":"https:\/\/www.rangsteel.com\/tr\/kurumsal\/","name":"Kurumsal - Rang Steel","isPartOf":{"@id":"https:\/\/www.rangsteel.com\/tr\/#website"},"primaryImageOfPage":{"@id":"https:\/\/www.rangsteel.com\/tr\/kurumsal\/#primaryimage"},"image":{"@id":"https:\/\/www.rangsteel.com\/tr\/kurumsal\/#primaryimage"},"thumbnailUrl":"https:\/\/www.rangsteel.com\/wp-content\/uploads\/2017\/09\/about03.jpg","datePublished":"2019-04-25T01:38:49+00:00","dateModified":"2023-06-12T09:03:35+00:00","breadcrumb":{"@id":"https:\/\/www.rangsteel.com\/tr\/kurumsal\/#breadcrumb"},"inLanguage":"tr","potentialAction":[{"@type":"ReadAction","target":["https:\/\/www.rangsteel.com\/tr\/kurumsal\/"]}]},{"@type":"ImageObject","inLanguage":"tr","@id":"https:\/\/www.rangsteel.com\/tr\/kurumsal\/#primaryimage","url":"https:\/\/www.rangsteel.com\/wp-content\/uploads\/2017\/09\/about03.jpg","contentUrl":"https:\/\/www.rangsteel.com\/wp-content\/uploads\/2017\/09\/about03.jpg"},{"@type":"BreadcrumbList","@id":"https:\/\/www.rangsteel.com\/tr\/kurumsal\/#breadcrumb","itemListElement":[{"@type":"ListItem","position":1,"name":"Ana sayfa","item":"https:\/\/www.rangsteel.com\/tr\/"},{"@type":"ListItem","position":2,"name":"Kurumsal"}]},{"@type":"WebSite","@id":"https:\/\/www.rangsteel.com\/tr\/#website","url":"https:\/\/www.rangsteel.com\/tr\/","name":"Rang Steel","description":"\u00c7elik Yap\u0131lar \u0130n\u015fa Eder","publisher":{"@id":"https:\/\/www.rangsteel.com\/tr\/#organization"},"potentialAction":[{"@type":"SearchAction","target":{"@type":"EntryPoint","urlTemplate":"https:\/\/www.rangsteel.com\/tr\/?s={search_term_string}"},"query-input":{"@type":"PropertyValueSpecification","valueRequired":true,"valueName":"search_term_string"}}],"inLanguage":"tr"},{"@type":"Organization","@id":"https:\/\/www.rangsteel.com\/tr\/#organization","name":"Rang Steel","url":"https:\/\/www.rangsteel.com\/tr\/","logo":{"@type":"ImageObject","inLanguage":"tr","@id":"https:\/\/www.rangsteel.com\/tr\/#\/schema\/logo\/image\/","url":"","contentUrl":"","caption":"Rang Steel"},"image":{"@id":"https:\/\/www.rangsteel.com\/tr\/#\/schema\/logo\/image\/"}}]}},"_links":{"self":[{"href":"https:\/\/www.rangsteel.com\/tr\/wp-json\/wp\/v2\/pages\/61","targetHints":{"allow":["GET"]}}],"collection":[{"href":"https:\/\/www.rangsteel.com\/tr\/wp-json\/wp\/v2\/pages"}],"about":[{"href":"https:\/\/www.rangsteel.com\/tr\/wp-json\/wp\/v2\/types\/page"}],"author":[{"embeddable":true,"href":"https:\/\/www.rangsteel.com\/tr\/wp-json\/wp\/v2\/users\/3"}],"replies":[{"embeddable":true,"href":"https:\/\/www.rangsteel.com\/tr\/wp-json\/wp\/v2\/comments?post=61"}],"version-history":[{"count":5,"href":"https:\/\/www.rangsteel.com\/tr\/wp-json\/wp\/v2\/pages\/61\/revisions"}],"predecessor-version":[{"id":75728,"href":"https:\/\/www.rangsteel.com\/tr\/wp-json\/wp\/v2\/pages\/61\/revisions\/75728"}],"wp:attachment":[{"href":"https:\/\/www.rangsteel.com\/tr\/wp-json\/wp\/v2\/media?parent=61"}],"curies":[{"name":"wp","href":"https:\/\/api.w.org\/{rel}","templated":true}]}}