{"id":67,"date":"2019-04-26T04:39:13","date_gmt":"2019-04-26T01:39:13","guid":{"rendered":"http:\/\/structure.thememove.com\/?page_id=67"},"modified":"2023-06-12T12:01:05","modified_gmt":"2023-06-12T09:01:05","slug":"iletisim","status":"publish","type":"page","link":"https:\/\/www.rangsteel.com\/tr\/iletisim\/","title":{"rendered":"\u0130leti\u015fim"},"content":{"rendered":"<p>[vc_row css=&#8221;.vc_custom_1659785147431{margin-top: 50px !important;}&#8221;][vc_column width=&#8221;3\/4&#8243;][vc_row_inner css=&#8221;.vc_custom_1433413594838{margin-bottom: 40px !important;}&#8221;][vc_column_inner][vc_custom_heading text=&#8221;\u0130LET\u0130\u015e\u0130M FORMU&#8221; font_container=&#8221;tag:h2|font_size:20|text_align:left&#8221; use_theme_fonts=&#8221;yes&#8221; el_class=&#8221;heading-title-3&#8243;][vc_column_text]T\u00fcm talep ve sorular\u0131n\u0131z i\u00e7in l\u00fctfen a\u015fa\u011f\u0131daki formu eksiksiz doldurun. En k\u0131sa s\u00fcrede size geri d\u00f6n\u00fc\u015f sa\u011flanacakt\u0131r.[\/vc_column_text][vc_empty_space height=&#8221;30&#8243;]\n<div class=\"wpcf7 no-js\" id=\"wpcf7-f75460-o1\" lang=\"tr-TR\" dir=\"ltr\" data-wpcf7-id=\"75460\">\n<div class=\"screen-reader-response\"><p role=\"status\" aria-live=\"polite\" aria-atomic=\"true\"><\/p> <ul><\/ul><\/div>\n<form action=\"\/tr\/wp-json\/wp\/v2\/pages\/67#wpcf7-f75460-o1\" method=\"post\" class=\"wpcf7-form init\" aria-label=\"\u0130leti\u015fim Formu\" novalidate=\"novalidate\" data-status=\"init\">\n<fieldset class=\"hidden-fields-container\"><input type=\"hidden\" name=\"_wpcf7\" value=\"75460\" \/><input type=\"hidden\" name=\"_wpcf7_version\" value=\"6.1.4\" \/><input type=\"hidden\" name=\"_wpcf7_locale\" value=\"tr_TR\" \/><input type=\"hidden\" name=\"_wpcf7_unit_tag\" value=\"wpcf7-f75460-o1\" \/><input type=\"hidden\" name=\"_wpcf7_container_post\" value=\"0\" \/><input type=\"hidden\" name=\"_wpcf7_posted_data_hash\" value=\"\" \/>\n<\/fieldset>\n<p><label> \u0130sim*<br \/>\n<span class=\"wpcf7-form-control-wrap\" data-name=\"your-name\"><input size=\"40\" maxlength=\"400\" class=\"wpcf7-form-control wpcf7-text wpcf7-validates-as-required\" aria-required=\"true\" aria-invalid=\"false\" value=\"\" type=\"text\" name=\"your-name\" \/><\/span> <\/label>\n<\/p>\n<p><label> E-posta*<br \/>\n<span class=\"wpcf7-form-control-wrap\" data-name=\"your-email\"><input size=\"40\" maxlength=\"400\" class=\"wpcf7-form-control wpcf7-email wpcf7-validates-as-required wpcf7-text wpcf7-validates-as-email\" aria-required=\"true\" aria-invalid=\"false\" value=\"\" type=\"email\" name=\"your-email\" \/><\/span> <\/label>\n<\/p>\n<p><label> Konu*<br \/>\n<span class=\"wpcf7-form-control-wrap\" data-name=\"your-subject\"><input size=\"40\" maxlength=\"400\" class=\"wpcf7-form-control wpcf7-text\" aria-invalid=\"false\" value=\"\" type=\"text\" name=\"your-subject\" \/><\/span> <\/label>\n<\/p>\n<p><label> Mesaj*<br \/>\n<span class=\"wpcf7-form-control-wrap\" data-name=\"your-message\"><textarea cols=\"40\" rows=\"10\" maxlength=\"2000\" class=\"wpcf7-form-control wpcf7-textarea\" aria-invalid=\"false\" name=\"your-message\"><\/textarea><\/span> <\/label>\n<\/p>\n<p><input class=\"wpcf7-form-control wpcf7-submit has-spinner\" type=\"submit\" value=\"G\u00f6nder\" \/>\n<\/p><div class=\"wpcf7-response-output\" aria-hidden=\"true\"><\/div>\n<\/form>\n<\/div>\n[\/vc_column_inner][\/vc_row_inner][\/vc_column][vc_column width=&#8221;1\/4&#8243;][vc_custom_heading text=&#8221;RANG STEEL OF\u0130S&#8221; font_container=&#8221;tag:h2|font_size:20|text_align:left&#8221; use_theme_fonts=&#8221;yes&#8221; el_class=&#8221;heading-title-3&#8243;][vc_column_text]<\/p>\n<div class=\"contact-info\">\n<p><i class=\"fa fa-map-marker\"><\/i>Akat Mah. Zeytino\u011flu Cd. No:52 D:6 Be\u015fikta\u015f, \u0130stanbul<\/p>\n<p><i class=\"fa fa-phone\"><\/i> <a href=\"tel:02129671001\">0212 967 10 01<\/a><\/p>\n<p><i class=\"fa fa-envelope\"><\/i> <a href=\"mailto:info@rangsteel.com\">info@rangsteel.com<\/a><\/p>\n<p><i class=\"fa fa-mobile\"><\/i> <a href=\"tel:05325823735\">0532 582 37 35<\/a><\/p>\n<p><i class=\"fa fa-clock-o\"><\/i> Ptesi- Cuma: 09:00 &#8211; 18:00<\/p>\n<\/div>\n<p>[\/vc_column_text][vc_empty_space][vc_custom_heading text=&#8221;RANG STEEL FABR\u0130KA&#8221; font_container=&#8221;tag:h2|font_size:20|text_align:left&#8221; use_theme_fonts=&#8221;yes&#8221; el_class=&#8221;heading-title-3&#8243;][vc_column_text]<\/p>\n<div class=\"contact-info\">\n<p><i class=\"fa fa-map-marker\"><\/i>Kestanelik Mahallesi \u0130layda Sok No:14 34540 \u00c7atalca \/ \u0130stanbul<\/p>\n<p><i class=\"fa fa-phone\"><\/i> <a href=\"tel:08504711001\">0850 471 10 01<\/a><\/p>\n<p><i class=\"fa fa-envelope\"><\/i> <a href=\"mailto:info@rangsteel.com\">info@rangsteel.com<\/a><\/p>\n<p><i class=\"fa fa-mobile\"><\/i> <a href=\"tel:05325823735\">0532 582 37 35<\/a><\/p>\n<p><i class=\"fa fa-clock-o\"><\/i> Ptesi- Cuma: 09:00 &#8211; 18:00<\/p>\n<\/div>\n<p>[\/vc_column_text][\/vc_column][\/vc_row]<\/p>","protected":false},"excerpt":{"rendered":"<p>[vc_row css=&#8221;.vc_custom_1659785147431{margin-top: 50px !important;}&#8221;][vc_column width=&#8221;3\/4&#8243;][vc_row_inner css=&#8221;.vc_custom_1433413594838{margin-bottom: 40px !important;}&#8221;][vc_column_inner][vc_custom_heading text=&#8221;\u0130LET\u0130\u015e\u0130M FORMU&#8221; font_container=&#8221;tag:h2|font_size:20|text_align:left&#8221; use_theme_fonts=&#8221;yes&#8221; el_class=&#8221;heading-title-3&#8243;][vc_column_text]T\u00fcm talep ve sorular\u0131n\u0131z i\u00e7in l\u00fctfen a\u015fa\u011f\u0131daki formu eksiksiz doldurun. En k\u0131sa s\u00fcrede size geri d\u00f6n\u00fc\u015f sa\u011flanacakt\u0131r.[\/vc_column_text][vc_empty_space height=&#8221;30&#8243;][\/vc_column_inner][\/vc_row_inner][\/vc_column][vc_column width=&#8221;1\/4&#8243;][vc_custom_heading text=&#8221;RANG STEEL OF\u0130S&#8221; font_container=&#8221;tag:h2|font_size:20|text_align:left&#8221; use_theme_fonts=&#8221;yes&#8221; el_class=&#8221;heading-title-3&#8243;][vc_column_text] Akat Mah. Zeytino\u011flu Cd. No:52 D:6 Be\u015fikta\u015f, \u0130stanbul 0212 967 10 01 info@rangsteel.com 0532 582 37 35 Ptesi- [&hellip;]<\/p>\n","protected":false},"author":3,"featured_media":0,"parent":0,"menu_order":0,"comment_status":"closed","ping_status":"closed","template":"","meta":{"footnotes":""},"class_list":["post-67","page","type-page","status-publish","hentry"],"yoast_head":"<!-- This site is optimized with the Yoast SEO plugin v26.5 - https:\/\/yoast.com\/wordpress\/plugins\/seo\/ -->\n<title>\u0130leti\u015fim - Rang Steel<\/title>\n<meta name=\"robots\" content=\"index, follow, max-snippet:-1, max-image-preview:large, max-video-preview:-1\" \/>\n<link rel=\"canonical\" href=\"https:\/\/www.rangsteel.com\/tr\/iletisim\/\" \/>\n<meta property=\"og:locale\" content=\"tr_TR\" \/>\n<meta property=\"og:type\" content=\"article\" \/>\n<meta property=\"og:title\" content=\"\u0130leti\u015fim - Rang Steel\" \/>\n<meta property=\"og:description\" content=\"[vc_row css=&#8221;.vc_custom_1659785147431{margin-top: 50px !important;}&#8221;][vc_column width=&#8221;3\/4&#8243;][vc_row_inner css=&#8221;.vc_custom_1433413594838{margin-bottom: 40px !important;}&#8221;][vc_column_inner][vc_custom_heading text=&#8221;\u0130LET\u0130\u015e\u0130M FORMU&#8221; font_container=&#8221;tag:h2|font_size:20|text_align:left&#8221; use_theme_fonts=&#8221;yes&#8221; el_class=&#8221;heading-title-3&#8243;][vc_column_text]T\u00fcm talep ve sorular\u0131n\u0131z i\u00e7in l\u00fctfen a\u015fa\u011f\u0131daki formu eksiksiz doldurun. En k\u0131sa s\u00fcrede size geri d\u00f6n\u00fc\u015f sa\u011flanacakt\u0131r.[\/vc_column_text][vc_empty_space height=&#8221;30&#8243;][\/vc_column_inner][\/vc_row_inner][\/vc_column][vc_column width=&#8221;1\/4&#8243;][vc_custom_heading text=&#8221;RANG STEEL OF\u0130S&#8221; font_container=&#8221;tag:h2|font_size:20|text_align:left&#8221; use_theme_fonts=&#8221;yes&#8221; el_class=&#8221;heading-title-3&#8243;][vc_column_text] Akat Mah. Zeytino\u011flu Cd. No:52 D:6 Be\u015fikta\u015f, \u0130stanbul 0212 967 10 01 info@rangsteel.com 0532 582 37 35 Ptesi- [&hellip;]\" \/>\n<meta property=\"og:url\" content=\"https:\/\/www.rangsteel.com\/tr\/iletisim\/\" \/>\n<meta property=\"og:site_name\" content=\"Rang Steel\" \/>\n<meta property=\"article:modified_time\" content=\"2023-06-12T09:01:05+00:00\" \/>\n<meta name=\"twitter:card\" content=\"summary_large_image\" \/>\n<meta name=\"twitter:label1\" content=\"Tahmini okuma s\u00fcresi\" \/>\n\t<meta name=\"twitter:data1\" content=\"1 dakika\" \/>\n<script type=\"application\/ld+json\" class=\"yoast-schema-graph\">{\"@context\":\"https:\/\/schema.org\",\"@graph\":[{\"@type\":\"WebPage\",\"@id\":\"https:\/\/www.rangsteel.com\/tr\/iletisim\/\",\"url\":\"https:\/\/www.rangsteel.com\/tr\/iletisim\/\",\"name\":\"\u0130leti\u015fim - Rang Steel\",\"isPartOf\":{\"@id\":\"https:\/\/www.rangsteel.com\/tr\/#website\"},\"datePublished\":\"2019-04-26T01:39:13+00:00\",\"dateModified\":\"2023-06-12T09:01:05+00:00\",\"breadcrumb\":{\"@id\":\"https:\/\/www.rangsteel.com\/tr\/iletisim\/#breadcrumb\"},\"inLanguage\":\"tr\",\"potentialAction\":[{\"@type\":\"ReadAction\",\"target\":[\"https:\/\/www.rangsteel.com\/tr\/iletisim\/\"]}]},{\"@type\":\"BreadcrumbList\",\"@id\":\"https:\/\/www.rangsteel.com\/tr\/iletisim\/#breadcrumb\",\"itemListElement\":[{\"@type\":\"ListItem\",\"position\":1,\"name\":\"Ana sayfa\",\"item\":\"https:\/\/www.rangsteel.com\/tr\/\"},{\"@type\":\"ListItem\",\"position\":2,\"name\":\"\u0130leti\u015fim\"}]},{\"@type\":\"WebSite\",\"@id\":\"https:\/\/www.rangsteel.com\/tr\/#website\",\"url\":\"https:\/\/www.rangsteel.com\/tr\/\",\"name\":\"Rang Steel\",\"description\":\"\u00c7elik Yap\u0131lar \u0130n\u015fa Eder\",\"publisher\":{\"@id\":\"https:\/\/www.rangsteel.com\/tr\/#organization\"},\"potentialAction\":[{\"@type\":\"SearchAction\",\"target\":{\"@type\":\"EntryPoint\",\"urlTemplate\":\"https:\/\/www.rangsteel.com\/tr\/?s={search_term_string}\"},\"query-input\":{\"@type\":\"PropertyValueSpecification\",\"valueRequired\":true,\"valueName\":\"search_term_string\"}}],\"inLanguage\":\"tr\"},{\"@type\":\"Organization\",\"@id\":\"https:\/\/www.rangsteel.com\/tr\/#organization\",\"name\":\"Rang Steel\",\"url\":\"https:\/\/www.rangsteel.com\/tr\/\",\"logo\":{\"@type\":\"ImageObject\",\"inLanguage\":\"tr\",\"@id\":\"https:\/\/www.rangsteel.com\/tr\/#\/schema\/logo\/image\/\",\"url\":\"\",\"contentUrl\":\"\",\"caption\":\"Rang Steel\"},\"image\":{\"@id\":\"https:\/\/www.rangsteel.com\/tr\/#\/schema\/logo\/image\/\"}}]}<\/script>\n<!-- \/ Yoast SEO plugin. -->","yoast_head_json":{"title":"\u0130leti\u015fim - Rang Steel","robots":{"index":"index","follow":"follow","max-snippet":"max-snippet:-1","max-image-preview":"max-image-preview:large","max-video-preview":"max-video-preview:-1"},"canonical":"https:\/\/www.rangsteel.com\/tr\/iletisim\/","og_locale":"tr_TR","og_type":"article","og_title":"\u0130leti\u015fim - Rang Steel","og_description":"[vc_row css=&#8221;.vc_custom_1659785147431{margin-top: 50px !important;}&#8221;][vc_column width=&#8221;3\/4&#8243;][vc_row_inner css=&#8221;.vc_custom_1433413594838{margin-bottom: 40px !important;}&#8221;][vc_column_inner][vc_custom_heading text=&#8221;\u0130LET\u0130\u015e\u0130M FORMU&#8221; font_container=&#8221;tag:h2|font_size:20|text_align:left&#8221; use_theme_fonts=&#8221;yes&#8221; el_class=&#8221;heading-title-3&#8243;][vc_column_text]T\u00fcm talep ve sorular\u0131n\u0131z i\u00e7in l\u00fctfen a\u015fa\u011f\u0131daki formu eksiksiz doldurun. En k\u0131sa s\u00fcrede size geri d\u00f6n\u00fc\u015f sa\u011flanacakt\u0131r.[\/vc_column_text][vc_empty_space height=&#8221;30&#8243;][\/vc_column_inner][\/vc_row_inner][\/vc_column][vc_column width=&#8221;1\/4&#8243;][vc_custom_heading text=&#8221;RANG STEEL OF\u0130S&#8221; font_container=&#8221;tag:h2|font_size:20|text_align:left&#8221; use_theme_fonts=&#8221;yes&#8221; el_class=&#8221;heading-title-3&#8243;][vc_column_text] Akat Mah. Zeytino\u011flu Cd. No:52 D:6 Be\u015fikta\u015f, \u0130stanbul 0212 967 10 01 info@rangsteel.com 0532 582 37 35 Ptesi- [&hellip;]","og_url":"https:\/\/www.rangsteel.com\/tr\/iletisim\/","og_site_name":"Rang Steel","article_modified_time":"2023-06-12T09:01:05+00:00","twitter_card":"summary_large_image","twitter_misc":{"Tahmini okuma s\u00fcresi":"1 dakika"},"schema":{"@context":"https:\/\/schema.org","@graph":[{"@type":"WebPage","@id":"https:\/\/www.rangsteel.com\/tr\/iletisim\/","url":"https:\/\/www.rangsteel.com\/tr\/iletisim\/","name":"\u0130leti\u015fim - Rang Steel","isPartOf":{"@id":"https:\/\/www.rangsteel.com\/tr\/#website"},"datePublished":"2019-04-26T01:39:13+00:00","dateModified":"2023-06-12T09:01:05+00:00","breadcrumb":{"@id":"https:\/\/www.rangsteel.com\/tr\/iletisim\/#breadcrumb"},"inLanguage":"tr","potentialAction":[{"@type":"ReadAction","target":["https:\/\/www.rangsteel.com\/tr\/iletisim\/"]}]},{"@type":"BreadcrumbList","@id":"https:\/\/www.rangsteel.com\/tr\/iletisim\/#breadcrumb","itemListElement":[{"@type":"ListItem","position":1,"name":"Ana sayfa","item":"https:\/\/www.rangsteel.com\/tr\/"},{"@type":"ListItem","position":2,"name":"\u0130leti\u015fim"}]},{"@type":"WebSite","@id":"https:\/\/www.rangsteel.com\/tr\/#website","url":"https:\/\/www.rangsteel.com\/tr\/","name":"Rang Steel","description":"\u00c7elik Yap\u0131lar \u0130n\u015fa Eder","publisher":{"@id":"https:\/\/www.rangsteel.com\/tr\/#organization"},"potentialAction":[{"@type":"SearchAction","target":{"@type":"EntryPoint","urlTemplate":"https:\/\/www.rangsteel.com\/tr\/?s={search_term_string}"},"query-input":{"@type":"PropertyValueSpecification","valueRequired":true,"valueName":"search_term_string"}}],"inLanguage":"tr"},{"@type":"Organization","@id":"https:\/\/www.rangsteel.com\/tr\/#organization","name":"Rang Steel","url":"https:\/\/www.rangsteel.com\/tr\/","logo":{"@type":"ImageObject","inLanguage":"tr","@id":"https:\/\/www.rangsteel.com\/tr\/#\/schema\/logo\/image\/","url":"","contentUrl":"","caption":"Rang Steel"},"image":{"@id":"https:\/\/www.rangsteel.com\/tr\/#\/schema\/logo\/image\/"}}]}},"_links":{"self":[{"href":"https:\/\/www.rangsteel.com\/tr\/wp-json\/wp\/v2\/pages\/67","targetHints":{"allow":["GET"]}}],"collection":[{"href":"https:\/\/www.rangsteel.com\/tr\/wp-json\/wp\/v2\/pages"}],"about":[{"href":"https:\/\/www.rangsteel.com\/tr\/wp-json\/wp\/v2\/types\/page"}],"author":[{"embeddable":true,"href":"https:\/\/www.rangsteel.com\/tr\/wp-json\/wp\/v2\/users\/3"}],"replies":[{"embeddable":true,"href":"https:\/\/www.rangsteel.com\/tr\/wp-json\/wp\/v2\/comments?post=67"}],"version-history":[{"count":10,"href":"https:\/\/www.rangsteel.com\/tr\/wp-json\/wp\/v2\/pages\/67\/revisions"}],"predecessor-version":[{"id":75727,"href":"https:\/\/www.rangsteel.com\/tr\/wp-json\/wp\/v2\/pages\/67\/revisions\/75727"}],"wp:attachment":[{"href":"https:\/\/www.rangsteel.com\/tr\/wp-json\/wp\/v2\/media?parent=67"}],"curies":[{"name":"wp","href":"https:\/\/api.w.org\/{rel}","templated":true}]}}