{"id":74007,"date":"2019-04-26T16:19:20","date_gmt":"2019-04-26T13:19:20","guid":{"rendered":"http:\/\/structure.thememove.com\/?page_id=74007"},"modified":"2023-05-20T01:37:52","modified_gmt":"2023-05-19T22:37:52","slug":"referanslarimiz","status":"publish","type":"page","link":"https:\/\/www.rangsteel.com\/tr\/referanslarimiz\/","title":{"rendered":"Referanslar\u0131m\u0131z"},"content":{"rendered":"<p>[vc_row css=&#8221;.vc_custom_1433565178214{margin-top: 20px !important;margin-bottom: 70px !important;}&#8221;][vc_column][vc_custom_heading text=&#8221;Bizi Tercih Eden M\u00fc\u015fterilerimiz&#8221; font_container=&#8221;tag:h2|text_align:left|color:%23111111&#8243; use_theme_fonts=&#8221;yes&#8221; el_class=&#8221;heading-title-3&#8243;][vc_column_text css=&#8221;.vc_custom_1556344473264{margin-bottom: 30px !important;}&#8221;]M\u00fc\u015fterilerimizin beklentilerini kar\u015f\u0131layan en kaliteli i\u015fleri sunmak i\u00e7in di\u011fer lider \u015firketlerle ortakl\u0131k yap\u0131yoruz.[\/vc_column_text][vc_row_inner el_class=&#8221;our-partners&#8221; css=&#8221;.vc_custom_1432804885057{margin-bottom: 30px !important;}&#8221;][vc_column_inner width=&#8221;1\/4&#8243;][vc_column_text]<img loading=\"lazy\" decoding=\"async\" class=\"alignnone wp-image-75224 size-medium\" src=\"https:\/\/www.rangsteel.com\/wp-content\/uploads\/2017\/09\/ibb-kultur-300x224.jpg\" alt=\"\" width=\"300\" height=\"224\" srcset=\"https:\/\/www.rangsteel.com\/wp-content\/uploads\/2017\/09\/ibb-kultur-300x224.jpg 300w, https:\/\/www.rangsteel.com\/wp-content\/uploads\/2017\/09\/ibb-kultur.jpg 317w\" sizes=\"auto, (max-width: 300px) 100vw, 300px\" \/>[\/vc_column_text][\/vc_column_inner][vc_column_inner width=&#8221;3\/4&#8243;][vc_column_text]<\/p>\n<h4>\u0130BB K\u00fclt\u00fcr A.\u015e.<\/h4>\n<p>2005 y\u0131l\u0131nda Formula 1 A\u00e7\u0131k hava reklam pano imalat\u0131 ve montaj\u0131<br \/>\n[\/vc_column_text][\/vc_column_inner][\/vc_row_inner][vc_row_inner el_class=&#8221;our-partners&#8221; css=&#8221;.vc_custom_1432804885057{margin-bottom: 30px !important;}&#8221;][vc_column_inner width=&#8221;1\/4&#8243;][vc_column_text]<img loading=\"lazy\" decoding=\"async\" class=\"alignnone wp-image-75230 size-full\" src=\"https:\/\/www.rangsteel.com\/wp-content\/uploads\/2017\/09\/brock-usa.png\" alt=\"\" width=\"200\" height=\"200\" srcset=\"https:\/\/www.rangsteel.com\/wp-content\/uploads\/2017\/09\/brock-usa.png 200w, https:\/\/www.rangsteel.com\/wp-content\/uploads\/2017\/09\/brock-usa-100x100.png 100w, https:\/\/www.rangsteel.com\/wp-content\/uploads\/2017\/09\/brock-usa-150x150.png 150w\" sizes=\"auto, (max-width: 200px) 100vw, 200px\" \/>[\/vc_column_text][\/vc_column_inner][vc_column_inner width=&#8221;3\/4&#8243;][vc_column_text]<\/p>\n<h4>Brock USA<\/h4>\n<p>2008 y\u0131l\u0131 hububat, silo, konveyor ta\u015f\u0131y\u0131c\u0131lar\u0131 ve kuleleri s\u00fcrekli imalat\u0131 [\/vc_column_text][\/vc_column_inner][\/vc_row_inner][vc_row_inner el_class=&#8221;our-partners&#8221; css=&#8221;.vc_custom_1432804885057{margin-bottom: 30px !important;}&#8221;][vc_column_inner width=&#8221;1\/4&#8243;][vc_column_text]<img loading=\"lazy\" decoding=\"async\" class=\"alignnone size-medium wp-image-75232\" src=\"https:\/\/www.rangsteel.com\/wp-content\/uploads\/2017\/09\/alapala-300x229.jpg\" alt=\"\" width=\"300\" height=\"229\" srcset=\"https:\/\/www.rangsteel.com\/wp-content\/uploads\/2017\/09\/alapala-300x229.jpg 300w, https:\/\/www.rangsteel.com\/wp-content\/uploads\/2017\/09\/alapala.jpg 380w\" sizes=\"auto, (max-width: 300px) 100vw, 300px\" \/>[\/vc_column_text][\/vc_column_inner][vc_column_inner width=&#8221;3\/4&#8243;][vc_column_text]<\/p>\n<h4>Alapala A.\u015e.<\/h4>\n<p>2009 y\u0131l\u0131nda BAE, Gana, \u00d6zbekistan \u00fclkelerinde konveyor ve kule s\u00fcrekli imalatlar\u0131<br \/>\n[\/vc_column_text][\/vc_column_inner][\/vc_row_inner][vc_row_inner el_class=&#8221;our-partners&#8221; css=&#8221;.vc_custom_1432804885057{margin-bottom: 30px !important;}&#8221;][vc_column_inner width=&#8221;1\/4&#8243;][vc_column_text]<img loading=\"lazy\" decoding=\"async\" class=\"alignnone size-full wp-image-75234\" src=\"https:\/\/www.rangsteel.com\/wp-content\/uploads\/2017\/09\/btpack.jpg\" alt=\"\" width=\"200\" height=\"200\" srcset=\"https:\/\/www.rangsteel.com\/wp-content\/uploads\/2017\/09\/btpack.jpg 200w, https:\/\/www.rangsteel.com\/wp-content\/uploads\/2017\/09\/btpack-100x100.jpg 100w, https:\/\/www.rangsteel.com\/wp-content\/uploads\/2017\/09\/btpack-150x150.jpg 150w\" sizes=\"auto, (max-width: 200px) 100vw, 200px\" \/>[\/vc_column_text][\/vc_column_inner][vc_column_inner width=&#8221;3\/4&#8243;][vc_column_text]<\/p>\n<h4>BT Pack Fransa<\/h4>\n<p>2009 y\u0131l\u0131nda konteyner kapaklar\u0131 s\u00fcrekli imalat\u0131 [\/vc_column_text][\/vc_column_inner][\/vc_row_inner][vc_row_inner el_class=&#8221;our-partners&#8221; css=&#8221;.vc_custom_1432804885057{margin-bottom: 30px !important;}&#8221;][vc_column_inner width=&#8221;1\/4&#8243;][vc_column_text]<img loading=\"lazy\" decoding=\"async\" class=\"alignnone size-full wp-image-75235\" src=\"https:\/\/www.rangsteel.com\/wp-content\/uploads\/2017\/09\/trump-tower.gif\" alt=\"\" width=\"250\" height=\"250\" \/>[\/vc_column_text][\/vc_column_inner][vc_column_inner width=&#8221;3\/4&#8243;][vc_column_text]<\/p>\n<h4>Trump Towers<\/h4>\n<p>2011 y\u0131l\u0131nda Trump Towers kule in\u015faat\u0131 \u00e7elik merdiven, sinema katlar\u0131 \u00e7elikleri yap\u0131m\u0131[\/vc_column_text][\/vc_column_inner][\/vc_row_inner][vc_row_inner el_class=&#8221;our-partners&#8221; css=&#8221;.vc_custom_1432804885057{margin-bottom: 30px !important;}&#8221;][vc_column_inner width=&#8221;1\/4&#8243;][vc_column_text]<img loading=\"lazy\" decoding=\"async\" class=\"alignnone size-medium wp-image-75236\" src=\"https:\/\/www.rangsteel.com\/wp-content\/uploads\/2017\/09\/cnr-yesilkoy-300x81.jpg\" alt=\"\" width=\"300\" height=\"81\" srcset=\"https:\/\/www.rangsteel.com\/wp-content\/uploads\/2017\/09\/cnr-yesilkoy-300x81.jpg 300w, https:\/\/www.rangsteel.com\/wp-content\/uploads\/2017\/09\/cnr-yesilkoy-600x162.jpg 600w, https:\/\/www.rangsteel.com\/wp-content\/uploads\/2017\/09\/cnr-yesilkoy.jpg 750w\" sizes=\"auto, (max-width: 300px) 100vw, 300px\" \/>[\/vc_column_text][\/vc_column_inner][vc_column_inner width=&#8221;3\/4&#8243;][vc_column_text]<\/p>\n<h4>CNR Fuarc\u0131l\u0131k<\/h4>\n<p>CNR Fuarc\u0131l\u0131k Ye\u015filk\u00f6y fuar alan\u0131 ge\u00e7i\u015f k\u00f6pr\u00fcs\u00fc proje ve uygulama[\/vc_column_text][\/vc_column_inner][\/vc_row_inner][vc_row_inner el_class=&#8221;our-partners&#8221; css=&#8221;.vc_custom_1432804885057{margin-bottom: 30px !important;}&#8221;][vc_column_inner width=&#8221;1\/4&#8243;][vc_column_text]<img loading=\"lazy\" decoding=\"async\" class=\"alignnone size-medium wp-image-75237\" src=\"https:\/\/www.rangsteel.com\/wp-content\/uploads\/2017\/09\/boyner-300x300.jpg\" alt=\"\" width=\"300\" height=\"300\" srcset=\"https:\/\/www.rangsteel.com\/wp-content\/uploads\/2017\/09\/boyner-300x300.jpg 300w, https:\/\/www.rangsteel.com\/wp-content\/uploads\/2017\/09\/boyner-100x100.jpg 100w, https:\/\/www.rangsteel.com\/wp-content\/uploads\/2017\/09\/boyner.jpg 600w, https:\/\/www.rangsteel.com\/wp-content\/uploads\/2017\/09\/boyner-150x150.jpg 150w\" sizes=\"auto, (max-width: 300px) 100vw, 300px\" \/>[\/vc_column_text][\/vc_column_inner][vc_column_inner width=&#8221;3\/4&#8243;][vc_column_text]<\/p>\n<h4>Boyner Ma\u011fazac\u0131l\u0131k A.\u015e.<\/h4>\n<p>\u015ea\u015fk\u0131nbakkal \u00e7elik i\u015fleri proje ve uygulama[\/vc_column_text][\/vc_column_inner][\/vc_row_inner][vc_row_inner el_class=&#8221;our-partners&#8221; css=&#8221;.vc_custom_1432804885057{margin-bottom: 30px !important;}&#8221;][vc_column_inner width=&#8221;1\/4&#8243;][vc_column_text]<img loading=\"lazy\" decoding=\"async\" class=\"alignnone size-medium wp-image-75238\" src=\"https:\/\/www.rangsteel.com\/wp-content\/uploads\/2017\/09\/hurriyet-300x130.jpg\" alt=\"\" width=\"300\" height=\"130\" srcset=\"https:\/\/www.rangsteel.com\/wp-content\/uploads\/2017\/09\/hurriyet-300x130.jpg 300w, https:\/\/www.rangsteel.com\/wp-content\/uploads\/2017\/09\/hurriyet-600x260.jpg 600w, https:\/\/www.rangsteel.com\/wp-content\/uploads\/2017\/09\/hurriyet.jpg 692w\" sizes=\"auto, (max-width: 300px) 100vw, 300px\" \/>[\/vc_column_text][\/vc_column_inner][vc_column_inner width=&#8221;3\/4&#8243;][vc_column_text]<\/p>\n<h4>H\u00fcrriyet Gazetecilik A.\u015e.<\/h4>\n<p>\u0130stanbul bina in\u015faat\u0131, \u00e7elik ve cephe uygulamas\u0131[\/vc_column_text][\/vc_column_inner][\/vc_row_inner][vc_row_inner el_class=&#8221;our-partners&#8221; css=&#8221;.vc_custom_1432804885057{margin-bottom: 30px !important;}&#8221;][vc_column_inner width=&#8221;1\/4&#8243;][vc_column_text]<img loading=\"lazy\" decoding=\"async\" class=\"alignnone size-medium wp-image-75239\" src=\"https:\/\/www.rangsteel.com\/wp-content\/uploads\/2017\/09\/bahar-country-300x149.png\" alt=\"\" width=\"300\" height=\"149\" srcset=\"https:\/\/www.rangsteel.com\/wp-content\/uploads\/2017\/09\/bahar-country-300x149.png 300w, https:\/\/www.rangsteel.com\/wp-content\/uploads\/2017\/09\/bahar-country.png 322w\" sizes=\"auto, (max-width: 300px) 100vw, 300px\" \/>[\/vc_column_text][\/vc_column_inner][vc_column_inner width=&#8221;3\/4&#8243;][vc_column_text]<\/p>\n<h4>Bahar Country Restauran<\/h4>\n<p>Bahar Country Restaurant proje in\u015faat komple uygulamas\u0131. [\/vc_column_text][\/vc_column_inner][\/vc_row_inner][vc_row_inner el_class=&#8221;our-partners&#8221; css=&#8221;.vc_custom_1432804885057{margin-bottom: 30px !important;}&#8221;][vc_column_inner width=&#8221;1\/4&#8243;][vc_column_text]<img loading=\"lazy\" decoding=\"async\" class=\"alignnone size-medium wp-image-75240\" src=\"https:\/\/www.rangsteel.com\/wp-content\/uploads\/2017\/09\/lider-iplik-300x85.jpg\" alt=\"\" width=\"300\" height=\"85\" srcset=\"https:\/\/www.rangsteel.com\/wp-content\/uploads\/2017\/09\/lider-iplik-300x85.jpg 300w, https:\/\/www.rangsteel.com\/wp-content\/uploads\/2017\/09\/lider-iplik.jpg 459w\" sizes=\"auto, (max-width: 300px) 100vw, 300px\" \/>[\/vc_column_text][\/vc_column_inner][vc_column_inner width=&#8221;3\/4&#8243;][vc_column_text]<\/p>\n<h4>Lider \u0130plik A.\u015e.<\/h4>\n<p>Lider \u0130plik Tekirda\u011f Poy Tesisi in\u015faat\u0131 komple \u00e7elik imalat montaj [\/vc_column_text][\/vc_column_inner][\/vc_row_inner][vc_row_inner el_class=&#8221;our-partners&#8221; css=&#8221;.vc_custom_1432804885057{margin-bottom: 30px !important;}&#8221;][vc_column_inner width=&#8221;1\/4&#8243;][vc_column_text]<img loading=\"lazy\" decoding=\"async\" class=\"alignnone size-medium wp-image-75241\" src=\"https:\/\/www.rangsteel.com\/wp-content\/uploads\/2017\/09\/pulver-kimya-300x225.jpg\" alt=\"\" width=\"300\" height=\"225\" \/>[\/vc_column_text][\/vc_column_inner][vc_column_inner width=&#8221;3\/4&#8243;][vc_column_text]<\/p>\n<h4>Pulver Kimya Boya A.\u015e.<\/h4>\n<p>Gebze fabrika depo \u00e7elik imalat montaj i\u015fleri[\/vc_column_text][\/vc_column_inner][\/vc_row_inner][vc_column_text]<\/p>\n<ul>\n<li>\u00c7engelk\u00f6y su sporlar\u0131 merkezi \u00e7elik ve \u00e7at\u0131 proje uygulamas\u0131<\/li>\n<li>Gebze C\u0130B Nuri \u00c7olako\u011flu End\u00fcstri Meslek Lisesi \u00e7elik proje ve uygulama<\/li>\n<li>Grup Madencilik \u00c7erkezk\u00f6y Fabrika in\u015faat proje imalat ve montaj\u0131<\/li>\n<li>Grup Madencilik \u00c7erkezk\u00f6y Kum Kurutma End\u00fcstriyel tesis proje ve in\u015faat\u0131<\/li>\n<li>2000 y\u0131l\u0131nda Silivri Mehmet G\u00f6khan Evi \u00e7elik projelendirme imalat ve montaj\u0131<\/li>\n<\/ul>\n<p>[\/vc_column_text][\/vc_column][\/vc_row][vc_row el_class=&#8221;intro4 align-center min-box&#8221; full_width=&#8221;stretch_row_content&#8221; css=&#8221;.vc_custom_1506165412509{background-color: #fdc502 !important;}&#8221;][vc_column width=&#8221;2\/3&#8243;][vc_custom_heading text=&#8221;Daha fazla bilgi almak i\u00e7in l\u00fctfen bizimle ileti\u015fime ge\u00e7in.&#8221; font_container=&#8221;tag:h3|font_size:22|text_align:center|color:%23ffffff&#8221;][\/vc_column][vc_column width=&#8221;1\/3&#8243;][vc_btn title=&#8221;Teklif Al&#8221; style=&#8221;outline&#8221; shape=&#8221;square&#8221; color=&#8221;white&#8221; link=&#8221;url:https%3A%2F%2Fwww.rangsteel.com%2Ftr%2Filetisim%2F|||&#8221;][\/vc_column][\/vc_row]<\/p>","protected":false},"excerpt":{"rendered":"<p>[vc_row css=&#8221;.vc_custom_1433565178214{margin-top: 20px !important;margin-bottom: 70px !important;}&#8221;][vc_column][vc_custom_heading text=&#8221;Bizi Tercih Eden M\u00fc\u015fterilerimiz&#8221; font_container=&#8221;tag:h2|text_align:left|color:%23111111&#8243; use_theme_fonts=&#8221;yes&#8221; el_class=&#8221;heading-title-3&#8243;][vc_column_text css=&#8221;.vc_custom_1556344473264{margin-bottom: 30px !important;}&#8221;]M\u00fc\u015fterilerimizin beklentilerini kar\u015f\u0131layan en kaliteli i\u015fleri sunmak i\u00e7in di\u011fer lider \u015firketlerle ortakl\u0131k yap\u0131yoruz.[\/vc_column_text][vc_row_inner el_class=&#8221;our-partners&#8221; css=&#8221;.vc_custom_1432804885057{margin-bottom: 30px !important;}&#8221;][vc_column_inner width=&#8221;1\/4&#8243;][vc_column_text][\/vc_column_text][\/vc_column_inner][vc_column_inner width=&#8221;3\/4&#8243;][vc_column_text] \u0130BB K\u00fclt\u00fcr A.\u015e. 2005 y\u0131l\u0131nda Formula 1 A\u00e7\u0131k hava reklam pano imalat\u0131 ve montaj\u0131 [\/vc_column_text][\/vc_column_inner][\/vc_row_inner][vc_row_inner el_class=&#8221;our-partners&#8221; css=&#8221;.vc_custom_1432804885057{margin-bottom: 30px !important;}&#8221;][vc_column_inner width=&#8221;1\/4&#8243;][vc_column_text][\/vc_column_text][\/vc_column_inner][vc_column_inner width=&#8221;3\/4&#8243;][vc_column_text] [&hellip;]<\/p>\n","protected":false},"author":3,"featured_media":0,"parent":0,"menu_order":0,"comment_status":"closed","ping_status":"closed","template":"","meta":{"footnotes":""},"class_list":["post-74007","page","type-page","status-publish","hentry"],"yoast_head":"<!-- This site is optimized with the Yoast SEO plugin v26.5 - https:\/\/yoast.com\/wordpress\/plugins\/seo\/ -->\n<title>Referanslar\u0131m\u0131z - Rang Steel<\/title>\n<meta name=\"robots\" content=\"index, follow, max-snippet:-1, max-image-preview:large, max-video-preview:-1\" \/>\n<link rel=\"canonical\" href=\"https:\/\/www.rangsteel.com\/tr\/referanslarimiz\/\" \/>\n<meta property=\"og:locale\" content=\"tr_TR\" \/>\n<meta property=\"og:type\" content=\"article\" \/>\n<meta property=\"og:title\" content=\"Referanslar\u0131m\u0131z - Rang Steel\" \/>\n<meta property=\"og:description\" content=\"[vc_row css=&#8221;.vc_custom_1433565178214{margin-top: 20px !important;margin-bottom: 70px !important;}&#8221;][vc_column][vc_custom_heading text=&#8221;Bizi Tercih Eden M\u00fc\u015fterilerimiz&#8221; font_container=&#8221;tag:h2|text_align:left|color:%23111111&#8243; use_theme_fonts=&#8221;yes&#8221; el_class=&#8221;heading-title-3&#8243;][vc_column_text css=&#8221;.vc_custom_1556344473264{margin-bottom: 30px !important;}&#8221;]M\u00fc\u015fterilerimizin beklentilerini kar\u015f\u0131layan en kaliteli i\u015fleri sunmak i\u00e7in di\u011fer lider \u015firketlerle ortakl\u0131k yap\u0131yoruz.[\/vc_column_text][vc_row_inner el_class=&#8221;our-partners&#8221; css=&#8221;.vc_custom_1432804885057{margin-bottom: 30px !important;}&#8221;][vc_column_inner width=&#8221;1\/4&#8243;][vc_column_text][\/vc_column_text][\/vc_column_inner][vc_column_inner width=&#8221;3\/4&#8243;][vc_column_text] \u0130BB K\u00fclt\u00fcr A.\u015e. 2005 y\u0131l\u0131nda Formula 1 A\u00e7\u0131k hava reklam pano imalat\u0131 ve montaj\u0131 [\/vc_column_text][\/vc_column_inner][\/vc_row_inner][vc_row_inner el_class=&#8221;our-partners&#8221; css=&#8221;.vc_custom_1432804885057{margin-bottom: 30px !important;}&#8221;][vc_column_inner width=&#8221;1\/4&#8243;][vc_column_text][\/vc_column_text][\/vc_column_inner][vc_column_inner width=&#8221;3\/4&#8243;][vc_column_text] [&hellip;]\" \/>\n<meta property=\"og:url\" content=\"https:\/\/www.rangsteel.com\/tr\/referanslarimiz\/\" \/>\n<meta property=\"og:site_name\" content=\"Rang Steel\" \/>\n<meta property=\"article:modified_time\" content=\"2023-05-19T22:37:52+00:00\" \/>\n<meta property=\"og:image\" content=\"https:\/\/www.rangsteel.com\/wp-content\/uploads\/2017\/09\/ibb-kultur-300x224.jpg\" \/>\n<meta name=\"twitter:card\" content=\"summary_large_image\" \/>\n<meta name=\"twitter:label1\" content=\"Tahmini okuma s\u00fcresi\" \/>\n\t<meta name=\"twitter:data1\" content=\"5 dakika\" \/>\n<script type=\"application\/ld+json\" class=\"yoast-schema-graph\">{\"@context\":\"https:\/\/schema.org\",\"@graph\":[{\"@type\":\"WebPage\",\"@id\":\"https:\/\/www.rangsteel.com\/tr\/referanslarimiz\/\",\"url\":\"https:\/\/www.rangsteel.com\/tr\/referanslarimiz\/\",\"name\":\"Referanslar\u0131m\u0131z - Rang Steel\",\"isPartOf\":{\"@id\":\"https:\/\/www.rangsteel.com\/tr\/#website\"},\"primaryImageOfPage\":{\"@id\":\"https:\/\/www.rangsteel.com\/tr\/referanslarimiz\/#primaryimage\"},\"image\":{\"@id\":\"https:\/\/www.rangsteel.com\/tr\/referanslarimiz\/#primaryimage\"},\"thumbnailUrl\":\"https:\/\/www.rangsteel.com\/wp-content\/uploads\/2017\/09\/ibb-kultur-300x224.jpg\",\"datePublished\":\"2019-04-26T13:19:20+00:00\",\"dateModified\":\"2023-05-19T22:37:52+00:00\",\"breadcrumb\":{\"@id\":\"https:\/\/www.rangsteel.com\/tr\/referanslarimiz\/#breadcrumb\"},\"inLanguage\":\"tr\",\"potentialAction\":[{\"@type\":\"ReadAction\",\"target\":[\"https:\/\/www.rangsteel.com\/tr\/referanslarimiz\/\"]}]},{\"@type\":\"ImageObject\",\"inLanguage\":\"tr\",\"@id\":\"https:\/\/www.rangsteel.com\/tr\/referanslarimiz\/#primaryimage\",\"url\":\"https:\/\/www.rangsteel.com\/wp-content\/uploads\/2017\/09\/ibb-kultur-300x224.jpg\",\"contentUrl\":\"https:\/\/www.rangsteel.com\/wp-content\/uploads\/2017\/09\/ibb-kultur-300x224.jpg\"},{\"@type\":\"BreadcrumbList\",\"@id\":\"https:\/\/www.rangsteel.com\/tr\/referanslarimiz\/#breadcrumb\",\"itemListElement\":[{\"@type\":\"ListItem\",\"position\":1,\"name\":\"Ana sayfa\",\"item\":\"https:\/\/www.rangsteel.com\/tr\/\"},{\"@type\":\"ListItem\",\"position\":2,\"name\":\"Referanslar\u0131m\u0131z\"}]},{\"@type\":\"WebSite\",\"@id\":\"https:\/\/www.rangsteel.com\/tr\/#website\",\"url\":\"https:\/\/www.rangsteel.com\/tr\/\",\"name\":\"Rang Steel\",\"description\":\"\u00c7elik Yap\u0131lar \u0130n\u015fa Eder\",\"publisher\":{\"@id\":\"https:\/\/www.rangsteel.com\/tr\/#organization\"},\"potentialAction\":[{\"@type\":\"SearchAction\",\"target\":{\"@type\":\"EntryPoint\",\"urlTemplate\":\"https:\/\/www.rangsteel.com\/tr\/?s={search_term_string}\"},\"query-input\":{\"@type\":\"PropertyValueSpecification\",\"valueRequired\":true,\"valueName\":\"search_term_string\"}}],\"inLanguage\":\"tr\"},{\"@type\":\"Organization\",\"@id\":\"https:\/\/www.rangsteel.com\/tr\/#organization\",\"name\":\"Rang Steel\",\"url\":\"https:\/\/www.rangsteel.com\/tr\/\",\"logo\":{\"@type\":\"ImageObject\",\"inLanguage\":\"tr\",\"@id\":\"https:\/\/www.rangsteel.com\/tr\/#\/schema\/logo\/image\/\",\"url\":\"\",\"contentUrl\":\"\",\"caption\":\"Rang Steel\"},\"image\":{\"@id\":\"https:\/\/www.rangsteel.com\/tr\/#\/schema\/logo\/image\/\"}}]}<\/script>\n<!-- \/ Yoast SEO plugin. -->","yoast_head_json":{"title":"Referanslar\u0131m\u0131z - Rang Steel","robots":{"index":"index","follow":"follow","max-snippet":"max-snippet:-1","max-image-preview":"max-image-preview:large","max-video-preview":"max-video-preview:-1"},"canonical":"https:\/\/www.rangsteel.com\/tr\/referanslarimiz\/","og_locale":"tr_TR","og_type":"article","og_title":"Referanslar\u0131m\u0131z - Rang Steel","og_description":"[vc_row css=&#8221;.vc_custom_1433565178214{margin-top: 20px !important;margin-bottom: 70px !important;}&#8221;][vc_column][vc_custom_heading text=&#8221;Bizi Tercih Eden M\u00fc\u015fterilerimiz&#8221; font_container=&#8221;tag:h2|text_align:left|color:%23111111&#8243; use_theme_fonts=&#8221;yes&#8221; el_class=&#8221;heading-title-3&#8243;][vc_column_text css=&#8221;.vc_custom_1556344473264{margin-bottom: 30px !important;}&#8221;]M\u00fc\u015fterilerimizin beklentilerini kar\u015f\u0131layan en kaliteli i\u015fleri sunmak i\u00e7in di\u011fer lider \u015firketlerle ortakl\u0131k yap\u0131yoruz.[\/vc_column_text][vc_row_inner el_class=&#8221;our-partners&#8221; css=&#8221;.vc_custom_1432804885057{margin-bottom: 30px !important;}&#8221;][vc_column_inner width=&#8221;1\/4&#8243;][vc_column_text][\/vc_column_text][\/vc_column_inner][vc_column_inner width=&#8221;3\/4&#8243;][vc_column_text] \u0130BB K\u00fclt\u00fcr A.\u015e. 2005 y\u0131l\u0131nda Formula 1 A\u00e7\u0131k hava reklam pano imalat\u0131 ve montaj\u0131 [\/vc_column_text][\/vc_column_inner][\/vc_row_inner][vc_row_inner el_class=&#8221;our-partners&#8221; css=&#8221;.vc_custom_1432804885057{margin-bottom: 30px !important;}&#8221;][vc_column_inner width=&#8221;1\/4&#8243;][vc_column_text][\/vc_column_text][\/vc_column_inner][vc_column_inner width=&#8221;3\/4&#8243;][vc_column_text] [&hellip;]","og_url":"https:\/\/www.rangsteel.com\/tr\/referanslarimiz\/","og_site_name":"Rang Steel","article_modified_time":"2023-05-19T22:37:52+00:00","og_image":[{"url":"https:\/\/www.rangsteel.com\/wp-content\/uploads\/2017\/09\/ibb-kultur-300x224.jpg","type":"","width":"","height":""}],"twitter_card":"summary_large_image","twitter_misc":{"Tahmini okuma s\u00fcresi":"5 dakika"},"schema":{"@context":"https:\/\/schema.org","@graph":[{"@type":"WebPage","@id":"https:\/\/www.rangsteel.com\/tr\/referanslarimiz\/","url":"https:\/\/www.rangsteel.com\/tr\/referanslarimiz\/","name":"Referanslar\u0131m\u0131z - Rang Steel","isPartOf":{"@id":"https:\/\/www.rangsteel.com\/tr\/#website"},"primaryImageOfPage":{"@id":"https:\/\/www.rangsteel.com\/tr\/referanslarimiz\/#primaryimage"},"image":{"@id":"https:\/\/www.rangsteel.com\/tr\/referanslarimiz\/#primaryimage"},"thumbnailUrl":"https:\/\/www.rangsteel.com\/wp-content\/uploads\/2017\/09\/ibb-kultur-300x224.jpg","datePublished":"2019-04-26T13:19:20+00:00","dateModified":"2023-05-19T22:37:52+00:00","breadcrumb":{"@id":"https:\/\/www.rangsteel.com\/tr\/referanslarimiz\/#breadcrumb"},"inLanguage":"tr","potentialAction":[{"@type":"ReadAction","target":["https:\/\/www.rangsteel.com\/tr\/referanslarimiz\/"]}]},{"@type":"ImageObject","inLanguage":"tr","@id":"https:\/\/www.rangsteel.com\/tr\/referanslarimiz\/#primaryimage","url":"https:\/\/www.rangsteel.com\/wp-content\/uploads\/2017\/09\/ibb-kultur-300x224.jpg","contentUrl":"https:\/\/www.rangsteel.com\/wp-content\/uploads\/2017\/09\/ibb-kultur-300x224.jpg"},{"@type":"BreadcrumbList","@id":"https:\/\/www.rangsteel.com\/tr\/referanslarimiz\/#breadcrumb","itemListElement":[{"@type":"ListItem","position":1,"name":"Ana sayfa","item":"https:\/\/www.rangsteel.com\/tr\/"},{"@type":"ListItem","position":2,"name":"Referanslar\u0131m\u0131z"}]},{"@type":"WebSite","@id":"https:\/\/www.rangsteel.com\/tr\/#website","url":"https:\/\/www.rangsteel.com\/tr\/","name":"Rang Steel","description":"\u00c7elik Yap\u0131lar \u0130n\u015fa Eder","publisher":{"@id":"https:\/\/www.rangsteel.com\/tr\/#organization"},"potentialAction":[{"@type":"SearchAction","target":{"@type":"EntryPoint","urlTemplate":"https:\/\/www.rangsteel.com\/tr\/?s={search_term_string}"},"query-input":{"@type":"PropertyValueSpecification","valueRequired":true,"valueName":"search_term_string"}}],"inLanguage":"tr"},{"@type":"Organization","@id":"https:\/\/www.rangsteel.com\/tr\/#organization","name":"Rang Steel","url":"https:\/\/www.rangsteel.com\/tr\/","logo":{"@type":"ImageObject","inLanguage":"tr","@id":"https:\/\/www.rangsteel.com\/tr\/#\/schema\/logo\/image\/","url":"","contentUrl":"","caption":"Rang Steel"},"image":{"@id":"https:\/\/www.rangsteel.com\/tr\/#\/schema\/logo\/image\/"}}]}},"_links":{"self":[{"href":"https:\/\/www.rangsteel.com\/tr\/wp-json\/wp\/v2\/pages\/74007","targetHints":{"allow":["GET"]}}],"collection":[{"href":"https:\/\/www.rangsteel.com\/tr\/wp-json\/wp\/v2\/pages"}],"about":[{"href":"https:\/\/www.rangsteel.com\/tr\/wp-json\/wp\/v2\/types\/page"}],"author":[{"embeddable":true,"href":"https:\/\/www.rangsteel.com\/tr\/wp-json\/wp\/v2\/users\/3"}],"replies":[{"embeddable":true,"href":"https:\/\/www.rangsteel.com\/tr\/wp-json\/wp\/v2\/comments?post=74007"}],"version-history":[{"count":5,"href":"https:\/\/www.rangsteel.com\/tr\/wp-json\/wp\/v2\/pages\/74007\/revisions"}],"predecessor-version":[{"id":75721,"href":"https:\/\/www.rangsteel.com\/tr\/wp-json\/wp\/v2\/pages\/74007\/revisions\/75721"}],"wp:attachment":[{"href":"https:\/\/www.rangsteel.com\/tr\/wp-json\/wp\/v2\/media?parent=74007"}],"curies":[{"name":"wp","href":"https:\/\/api.w.org\/{rel}","templated":true}]}}